{"id":267663,"date":"2025-01-30T10:48:14","date_gmt":"2025-01-30T10:48:14","guid":{"rendered":"https:\/\/new.healthyhead.dk\/vare\/zao-oekologisk-lip-ink-443-strawberry-38-ml\/"},"modified":"2025-08-06T08:53:23","modified_gmt":"2025-08-06T08:53:23","slug":"zao-ekologiskt-lip-ink-443-strawberry-38-ml","status":"publish","type":"product","link":"https:\/\/healthyhead.dk\/sv\/produkt\/zao-ekologiskt-lip-ink-443-strawberry-38-ml\/","title":{"rendered":"ZAO, Ekologiskt Lip Ink, 443 Strawberry , 3,8 ml"},"content":{"rendered":"","protected":false},"excerpt":{"rendered":"<p><img decoding=\"async\" class=\"\" src=\"\/wp-content\/uploads\/2024\/08\/Ingen-kemi.svg\" alt=\"\" width=\"45\" height=\"45\">Inga hormonst\u00f6rande \u00e4mnen<\/p>\n<p><img decoding=\"async\" class=\"\" src=\"\/wp-content\/uploads\/2024\/08\/Ingen-allergifremkaldende.svg\" alt=\"\" width=\"46\" height=\"46\">Inga allergiframkallande \u00e4mnen<\/p>\n<p><img decoding=\"async\" class=\"\" src=\"\/wp-content\/uploads\/2024\/08\/Ingen-miljoebelastende.svg\" width=\"46\" height=\"46\">Inga milj\u00f6farliga \u00e4mnen<\/p>\n<p><img loading=\"lazy\" decoding=\"async\" class=\"\" src=\"\/wp-content\/uploads\/2024\/08\/indeholder-parfume.svg\" width=\"46\" height=\"46\">Inneh\u00e5ller en mycket liten m\u00e4ngd allergiv\u00e4nlig och 100 % naturlig doft<\/p>\n<p>&nbsp;<\/p>\n[cg_accordion title=\"Produktbeskrivning\" open=\"open\"]Ekologiskt och veganskt Lip Ink fr\u00e5n franska ZAO med intensiv f\u00e4rg och l\u00e5ngvarig h\u00e5llbarhet. Berikade med ekologisk ricinolja, k\u00e4nd f\u00f6r sina \u00e5terfuktande och mjukg\u00f6rande egenskaper. De inneh\u00e5ller ocks\u00e5 ekologiskt karnaubavax som skyddar l\u00e4pparna och ger en l\u00e5ngvarig f\u00e4rg. Perfekt f\u00f6r b\u00e5de vardag och fest.   <\/p>\n<ul>\n<li data-iconic-wlv-term-label=\"ZAO Ansigtscreme\"><strong>Ekologiskt och veganskt certifierad<\/strong><\/li>\n<li data-iconic-wlv-term-label=\"ZAO Ansigtscreme\">Intensiv f\u00e4rg med <strong>l\u00e5ngvarig h\u00e5llbarhet<\/strong><\/li>\n<li data-iconic-wlv-term-label=\"ZAO Ansigtscreme\">Berikad med <strong>ekologisk ricinolja<\/strong>, k\u00e4nd f\u00f6r sina <strong>\u00e5terfuktande och mjukg\u00f6rande egenskaper<\/strong><\/li>\n<li data-iconic-wlv-term-label=\"ZAO Ansigtscreme\">Inneh\u00e5ller \u00e4ven <strong>ekologiskt karnaubavax<\/strong> f\u00f6r att <strong>skydda l\u00e4pparna<\/strong> och s\u00e4kerst\u00e4lla l\u00e5ngvarig h\u00e5llbarhet<\/li>\n<\/ul>\n<p>[\/cg_accordion]\n[cg_accordion title=\"Tips f\u00f6r anv\u00e4ndning\"]\n<p>Applicera Lip&#8217;ink genom att f\u00f6rdela f\u00e4rgen j\u00e4mnt med skumapplikatorn.<\/p>\n<p>TIPS: F\u00f6r en snygg matt finish, ta bort \u00f6verfl\u00f6dig produkt genom att borsta applikatorn mot flaskans kant innan du applicerar den p\u00e5 l\u00e4pparna.<br \/>\n[\/cg_accordion][cg_accordion title=\"Ingredienser\"]<\/p>\n<p><strong><b>Ekologisk ricinolja:<\/b><\/strong><\/p>\n<p>Denna olja inneh\u00e5ller den specifika fettsyran ricinolsyra, vilket g\u00f6r den till en sk\u00f6nhetsbehandling med anm\u00e4rkningsv\u00e4rda egenskaper som redan var k\u00e4nda under antiken. Den lindrar hudirritationer genom sin reng\u00f6rande, mjukg\u00f6rande och l\u00e4kande verkan. <\/p>\n<p><strong><b>Ekologiskt karnaubavax<\/b><\/strong><\/p>\n<p>Detta vax, som utvinns ur bladen p\u00e5 en palm som h\u00e4rstammar fr\u00e5n Brasilien, \u00e4r ett filmbildande medel som skyddar l\u00e4pparna genom att bilda en kontinuerlig film och f\u00f6rb\u00e4ttrar produktens h\u00e5llbarhet.<\/p>\n<p><b>INCI-lista:<\/b>Ricinus Communis (Castor) Seed Oil*, Silica, Zea Mays (Corn) Starch*, Undecane, Oleic \/ Linoleic \/ Linolenic Polyglycerides, Tridecane, Polyglyceryl-3 Diisostearate, Glyceryl Rosinate, Copernicia Cerifera (Carnauba) Wax*, Hydrerad jojobaolja, Parfum (doft), Lecitin, Bambusa Arundinacea Stem Powder, Bambusa Arundinacea Stem Extract*, Helianthus Annuus (solros) Seed Oil*, Tocopherol, Ascorbyl Palmitate, Citronsyra. Kan inneh\u00e5lla +\/-: Ci 77019 (glimmer), Ci 77891 (titandioxid), Ci 77491 (j\u00e4rnoxider), Ci 77492 (j\u00e4rnoxider), Ci 77499 (j\u00e4rnoxider), Ci 77007 (ultramariner), Ci 77742 (manganviolett), Ci 77510 (j\u00e4rnferrocyanid). *Ingredienser fr\u00e5n ekologiskt jordbruk.  <\/p>\n<p>&nbsp;<\/p>\n<p>[\/cg_accordion]<\/p>\n","protected":false},"featured_media":260323,"template":"","meta":{"_acf_changed":false},"product_brand":[565],"product_cat":[852],"product_tag":[],"class_list":{"0":"post-267663","1":"product","2":"type-product","3":"status-publish","4":"has-post-thumbnail","6":"product_brand-zao","7":"product_cat-laeppar","9":"first","10":"instock","11":"taxable","12":"shipping-taxable","13":"purchasable","14":"product-type-simple"},"acf":[],"_links":{"self":[{"href":"https:\/\/healthyhead.dk\/sv\/wp-json\/wp\/v2\/product\/267663","targetHints":{"allow":["GET"]}}],"collection":[{"href":"https:\/\/healthyhead.dk\/sv\/wp-json\/wp\/v2\/product"}],"about":[{"href":"https:\/\/healthyhead.dk\/sv\/wp-json\/wp\/v2\/types\/product"}],"version-history":[{"count":0,"href":"https:\/\/healthyhead.dk\/sv\/wp-json\/wp\/v2\/product\/267663\/revisions"}],"wp:featuredmedia":[{"embeddable":true,"href":"https:\/\/healthyhead.dk\/sv\/wp-json\/wp\/v2\/media\/260323"}],"wp:attachment":[{"href":"https:\/\/healthyhead.dk\/sv\/wp-json\/wp\/v2\/media?parent=267663"}],"wp:term":[{"taxonomy":"product_brand","embeddable":true,"href":"https:\/\/healthyhead.dk\/sv\/wp-json\/wp\/v2\/product_brand?post=267663"},{"taxonomy":"product_cat","embeddable":true,"href":"https:\/\/healthyhead.dk\/sv\/wp-json\/wp\/v2\/product_cat?post=267663"},{"taxonomy":"product_tag","embeddable":true,"href":"https:\/\/healthyhead.dk\/sv\/wp-json\/wp\/v2\/product_tag?post=267663"}],"curies":[{"name":"wp","href":"https:\/\/api.w.org\/{rel}","templated":true}]}}