{"id":267717,"date":"2024-08-30T07:23:16","date_gmt":"2024-08-30T07:23:16","guid":{"rendered":"https:\/\/new.healthyhead.dk\/vare\/zao-okologisk-lipgloss-3-8-ml\/"},"modified":"2025-08-06T18:45:42","modified_gmt":"2025-08-06T18:45:42","slug":"zao-ekologisk-lipgloss-38-mlzao-okologisk-lipgloss-3-8-ml","status":"publish","type":"product","link":"https:\/\/healthyhead.dk\/sv\/produkt\/zao-ekologisk-lipgloss-38-mlzao-okologisk-lipgloss-3-8-ml\/","title":{"rendered":"ZAO, Ekologisk Lipgloss, 3,8 ml"},"content":{"rendered":"","protected":false},"excerpt":{"rendered":"<p><img decoding=\"async\" class=\"\" src=\"\/wp-content\/uploads\/2024\/08\/Ingen-kemi.svg\" alt=\"\" width=\"45\" height=\"45\">Inga hormonst\u00f6rande \u00e4mnen<\/p>\n<p><img decoding=\"async\" class=\"\" src=\"\/wp-content\/uploads\/2024\/08\/Ingen-allergifremkaldende.svg\" alt=\"\" width=\"46\" height=\"46\">Inga allergiframkallande \u00e4mnen<\/p>\n<p><img decoding=\"async\" class=\"\" src=\"\/wp-content\/uploads\/2024\/08\/Ingen-miljoebelastende.svg\" width=\"46\" height=\"46\">Inga milj\u00f6farliga \u00e4mnen<\/p>\n<p><img loading=\"lazy\" decoding=\"async\" class=\"\" src=\"\/wp-content\/uploads\/2024\/08\/indeholder-parfume.svg\" width=\"46\" height=\"46\">Inneh\u00e5ller en mycket liten m\u00e4ngd allergiv\u00e4nlig och 100 % naturlig doft<\/p>\n<p>&nbsp;<\/p>\n[cg_accordion title=\"Produktbeskrivning\" open=\"open\"]<\/p>\n<p>Ekologiskt och veganskt certifierat l\u00e4ppglans fr\u00e5n franska ZAO, finns i 5 naturliga f\u00e4rger. Kan anv\u00e4ndas ensamt f\u00f6r en subtil effekt eller ovanp\u00e5 l\u00e4ppstift f\u00f6r en skimrande effekt. Berikad med en rad v\u00e5rdande ingredienser som ekologiskt kakaosm\u00f6r, ricinolja och carnaubavax f\u00f6r att ge n\u00e4ring och \u00e5terfuktning till l\u00e4pparna.   <\/p>\n<ul>\n<li><b>Ekologiskt och veganskt<\/b> certifierat l\u00e4ppglans<\/li>\n<li>Kan anv\u00e4ndas ensam eller ovanp\u00e5 ett l\u00e4ppstift<\/li>\n<li>Berikad med v\u00e5rdande ingredienser som <b>ekologiskt kakaosm\u00f6r, ricinolja och karnaubavax<\/b><\/li>\n<li>Fri fr\u00e5n farliga kemikalier<\/li>\n<li>M\u00f6jlighet att <b>fylla p\u00e5 med en refill<\/b><\/li>\n<\/ul>\n<p><img loading=\"lazy\" decoding=\"async\" class=\"alignnone size-full wp-image-8916\" src=\"\/wp-content\/uploads\/2024\/08\/zao-certificeringer.jpg\" alt=\"\" width=\"479\" height=\"93\" srcset=\"https:\/\/i0.wp.com\/healthyhead.dk\/wp-content\/uploads\/2024\/08\/zao-certificeringer.jpg?w=479&amp;ssl=1 479w, https:\/\/i0.wp.com\/healthyhead.dk\/wp-content\/uploads\/2024\/08\/zao-certificeringer.jpg?resize=300%2C58&amp;ssl=1 300w, https:\/\/i0.wp.com\/healthyhead.dk\/wp-content\/uploads\/2024\/08\/zao-certificeringer.jpg?resize=441%2C86&amp;ssl=1 441w, https:\/\/i0.wp.com\/healthyhead.dk\/wp-content\/uploads\/2024\/08\/zao-certificeringer.jpg?resize=150%2C29&amp;ssl=1 150w\" sizes=\"(max-width: 479px) 100vw, 479px\" \/><br \/>\n[\/cg_accordion]\n[cg_accordion title=\"Tips f\u00f6r anv\u00e4ndning\"]<\/p>\n<ul>\n<li>Applicera ditt l\u00e4ppglans p\u00e5 mitten av l\u00e4pparna med skumapplikatorn och sprid ut produkten mot mungiporna och l\u00e4ppkanterna<\/li>\n<li>Glosset kan anv\u00e4ndas ensamt eller ovanp\u00e5 ett l\u00e4ppstift<\/li>\n<li>Tips: F\u00f6r b\u00e4ttre h\u00e5llbarhet eller mer intensitet, applicera en Multi-Purpose Pencil under glansen<\/li>\n<\/ul>\n<p>[\/cg_accordion]\n[cg_accordion title=\"Ingredienser\"] <b>Ekologiskt kakaosm\u00f6r<\/b><\/p>\n<p>Kakaosm\u00f6r skyddar l\u00e4pparna fr\u00e5n yttre p\u00e5verkan. Det hj\u00e4lper till att h\u00e5lla kvar fukten eftersom det minskar vattenf\u00f6rlusten genom att bilda en barri\u00e4r p\u00e5 \u00f6verhudens yta. I \u00e5rhundraden har det anv\u00e4nts i Afrika som en f\u00f6rebyggande v\u00e5rd f\u00f6r att h\u00e5lla huden smidig och som en behandling mot torrhet.  <\/p>\n<p><b>Ekologisk ricinolja<\/b><\/p>\n<p>Denna olja \u00e4r intressant eftersom den \u00e4r en mjukg\u00f6rare som g\u00f6r huden mjuk. Den \u00e4r ocks\u00e5 \u00e5terfuktande, vilket \u00f6kar vattenhalten i l\u00e4pparna och h\u00e5ller dem mjuka och lena. <\/p>\n<p><b>Ekologiskt karnaubavax<\/b><\/p>\n<p>Detta vax uts\u00f6ndras fr\u00e5n bladen p\u00e5 ett palmtr\u00e4d som h\u00e4rstammar fr\u00e5n Brasilien. Det fungerar som en filmbildande ingrediens som skyddar l\u00e4pparna genom att bilda en kontinuerlig film och f\u00f6rb\u00e4ttrar h\u00e5llbarheten hos makeup. <\/p>\n<p><b>INCI lista:<\/b> L\u00e4ppglans 011 till 016 (F2) : Ricinus Communis (Castor) Seed Oil*, Oleic \/ Linoleic \/ Linolenic Polyglycerides, Theobroma Cacao (Cocoa) Seed Butter*, Hydrogenated Vegetable Oil, Polyglyceryl-4 Caprate, Crambe Abyssinica Seed Oil Phytosterol Esters, Copernicia Cerifera (Carnauba) Cera*, Sesamum Indicum (Sesam) Seed Oil*, Prunus Armeniaca (Apricot) Kernel Oil, Silica, Bambusa Arundinacea Stem Powder, Tocopherol, Parfum (Doft), Ci 77820 (Silver). Kan inneh\u00e5lla +\/-: Ci 77891 (titandioxid), Ci 77491 (j\u00e4rnoxider), Ci 77499 (j\u00e4rnoxider), Ci 77007 (ultramariner), Ci 77742 (manganviolett), Ci 77019 (glimmer). * Ingredienser fr\u00e5n ekologiskt jordbruk.  <\/p>\n<p>Ingredienser L\u00e4ppglans 017 (F1) : Ricinus Communis (Castor) Seed Oil*, Oleic \/ Linoleic \/ Linolenic Polyglycerides, Mica, Tribehenin, Glyceryl Behenate, Hydrated Silica, Parfum (Doft), Euphorbia Cerifera (Candelilla) Cera, Lecithin, Bambusa Arundinacea Stem Powder, Bambusa Arundinacea (Bamboo) Stem Extract*, Heliantus Annuus (Sunflower) Seed Oil*, Tocopherol, Ascorbyl Palmitate, Citric Acid, Kan inneh\u00e5lla +\/-: Ci 77891 (titandioxid), Ci 77742 (manganviolett), Cl 77492 (j\u00e4rnoxider), Ci 77491 (j\u00e4rnoxider), Cl 77820 (silver) * Ingredienser fr\u00e5n ekologiskt jordbruk<\/p>\n<p>[\/cg_accordion]\n<p>&nbsp;<\/p>\n","protected":false},"featured_media":254619,"template":"","meta":{"_acf_changed":false},"product_brand":[565],"product_cat":[852],"product_tag":[],"class_list":{"0":"post-267717","1":"product","2":"type-product","3":"status-publish","4":"has-post-thumbnail","6":"product_brand-zao","7":"product_cat-laeppar","9":"first","10":"instock","11":"taxable","12":"shipping-taxable","13":"purchasable","14":"product-type-variable","15":"has-default-attributes"},"acf":[],"_links":{"self":[{"href":"https:\/\/healthyhead.dk\/sv\/wp-json\/wp\/v2\/product\/267717","targetHints":{"allow":["GET"]}}],"collection":[{"href":"https:\/\/healthyhead.dk\/sv\/wp-json\/wp\/v2\/product"}],"about":[{"href":"https:\/\/healthyhead.dk\/sv\/wp-json\/wp\/v2\/types\/product"}],"version-history":[{"count":0,"href":"https:\/\/healthyhead.dk\/sv\/wp-json\/wp\/v2\/product\/267717\/revisions"}],"wp:featuredmedia":[{"embeddable":true,"href":"https:\/\/healthyhead.dk\/sv\/wp-json\/wp\/v2\/media\/254619"}],"wp:attachment":[{"href":"https:\/\/healthyhead.dk\/sv\/wp-json\/wp\/v2\/media?parent=267717"}],"wp:term":[{"taxonomy":"product_brand","embeddable":true,"href":"https:\/\/healthyhead.dk\/sv\/wp-json\/wp\/v2\/product_brand?post=267717"},{"taxonomy":"product_cat","embeddable":true,"href":"https:\/\/healthyhead.dk\/sv\/wp-json\/wp\/v2\/product_cat?post=267717"},{"taxonomy":"product_tag","embeddable":true,"href":"https:\/\/healthyhead.dk\/sv\/wp-json\/wp\/v2\/product_tag?post=267717"}],"curies":[{"name":"wp","href":"https:\/\/api.w.org\/{rel}","templated":true}]}}