{"id":267763,"date":"2024-10-17T09:30:42","date_gmt":"2024-10-17T09:30:42","guid":{"rendered":"https:\/\/new.healthyhead.dk\/vare\/zao-okologisk-eyeliner-amp-multi-purpose-pencil-1-14-g\/"},"modified":"2025-08-07T08:00:01","modified_gmt":"2025-08-07T08:00:01","slug":"zao-ekologisk-eyeliner-multi-purpose-pencil-114-g","status":"publish","type":"product","link":"https:\/\/healthyhead.dk\/sv\/produkt\/zao-ekologisk-eyeliner-multi-purpose-pencil-114-g\/","title":{"rendered":"ZAO, Ekologisk Eyeliner &amp; Multi-Purpose Pencil, 1,14 g"},"content":{"rendered":"","protected":false},"excerpt":{"rendered":"<p><img decoding=\"async\" class=\"\" src=\"\/wp-content\/uploads\/2024\/08\/Ingen-kemi.svg\" alt=\"\" width=\"45\" height=\"45\">Inga hormonst\u00f6rande \u00e4mnen<\/p>\n<p><img decoding=\"async\" class=\"\" src=\"\/wp-content\/uploads\/2024\/08\/Ingen-allergifremkaldende.svg\" alt=\"\" width=\"46\" height=\"46\">Inga allergiframkallande \u00e4mnen<\/p>\n<p><img decoding=\"async\" class=\"\" src=\"\/wp-content\/uploads\/2024\/08\/Ingen-miljoebelastende.svg\" width=\"46\" height=\"46\">Inga milj\u00f6farliga \u00e4mnen<\/p>\n<p><img loading=\"lazy\" decoding=\"async\" class=\"\" src=\"\/wp-content\/uploads\/2024\/08\/Ingen-parfume.svg\" width=\"46\" height=\"46\">Ingen parfym<\/p>\n<p>&nbsp;<\/p>\n[cg_accordion title=\"Produktbeskrivning\" open=\"open\"]<\/p>\n<p><span style=\"font-weight: 400;\">De ekologiska och veganska multi-purpose-pennorna fr\u00e5n franska ZAO har ett brett anv\u00e4ndningsomr\u00e5de f\u00f6r allt fr\u00e5n \u00f6gonbryn till \u00f6gon och l\u00e4ppar. Pennorna har en mild formula som \u00e4r l\u00e4mplig f\u00f6r k\u00e4nslig hud och \u00f6gon, vilket inneb\u00e4r att de \u00e4ven kan b\u00e4ras av kontaktlinsb\u00e4rare utan irritation. Pennan \u00e4r berikad med kokosolja, k\u00e4nd f\u00f6r sina v\u00e5rdande och mjukg\u00f6rande egenskaper, jojobaolja, som skyddar hudens barri\u00e4r, och avokadoolja, som fungerar som en antioxidant som fr\u00e4mjar kollagenproduktionen.  <\/span><\/p>\n<ul>\n<li style=\"font-weight: 400;\" aria-level=\"1\"><b>Ekologisk och vegansk<\/b><span style=\"font-weight: 400;\"> eyelinerpenna<\/span><\/li>\n<li style=\"font-weight: 400;\" aria-level=\"1\"><span style=\"font-weight: 400;\"><strong>Mild formula<\/strong> <strong>l\u00e4mplig f\u00f6r k\u00e4nsliga \u00f6gon och hud<\/strong><\/span><\/li>\n<li style=\"font-weight: 400;\" aria-level=\"1\"><span style=\"font-weight: 400;\">Kan b\u00e4ras <strong>av kontaktlinsb\u00e4rare<\/strong><\/span><\/li>\n<li style=\"font-weight: 400;\" aria-level=\"1\"><span style=\"font-weight: 400;\">Berikad med <strong>ekologisk kokosn\u00f6tsolja<\/strong>, k\u00e4nd f\u00f6r sina <strong>v\u00e5rdande och mjukg\u00f6rande egenskaper<\/strong><\/span><\/li>\n<li style=\"font-weight: 400;\" aria-level=\"1\"><span style=\"font-weight: 400;\"><strong>Jojobaolja<\/strong> som<strong> skyddar hudbarri\u00e4ren<\/strong><\/span><\/li>\n<li style=\"font-weight: 400;\" aria-level=\"1\"><span style=\"font-weight: 400;\"><strong>Avokadoolja<\/strong> som<strong> fr\u00e4mjar kollagenproduktionen<\/strong><\/span><\/li>\n<li aria-level=\"1\">F\u00e4rgerna<strong> 551 &#8211; 558<\/strong> \u00e4r s\u00e4rskilt l\u00e4mpliga som <strong>eyeliner<\/strong><\/li>\n<li aria-level=\"1\">F\u00e4rgerna <strong>560 &#8211; 564<\/strong> \u00e4r l\u00e4mpliga som<strong> eyeliner<\/strong> men ocks\u00e5 f\u00f6r att <strong>markera dina l\u00e4ppar<\/strong><\/li>\n<li aria-level=\"1\">F\u00e4rgerna <strong>565 &#8211; 567<\/strong> \u00e4r perfekta f\u00f6r <strong>\u00f6gonbrynen<\/strong><\/li>\n<\/ul>\n<p><img loading=\"lazy\" decoding=\"async\" class=\"alignnone size-full wp-image-8916\" src=\"\/wp-content\/uploads\/2024\/08\/zao-certificeringer.jpg\" alt=\"\" width=\"479\" height=\"93\" srcset=\"https:\/\/i0.wp.com\/healthyhead.dk\/wp-content\/uploads\/2024\/08\/zao-certificeringer.jpg?w=479&amp;ssl=1 479w, https:\/\/i0.wp.com\/healthyhead.dk\/wp-content\/uploads\/2024\/08\/zao-certificeringer.jpg?resize=300%2C58&amp;ssl=1 300w, https:\/\/i0.wp.com\/healthyhead.dk\/wp-content\/uploads\/2024\/08\/zao-certificeringer.jpg?resize=441%2C86&amp;ssl=1 441w, https:\/\/i0.wp.com\/healthyhead.dk\/wp-content\/uploads\/2024\/08\/zao-certificeringer.jpg?resize=150%2C29&amp;ssl=1 150w\" sizes=\"(max-width: 479px) 100vw, 479px\" \/><\/p>\n<p>[\/cg_accordion]\n[cg_accordion title=\"Tips f\u00f6r anv\u00e4ndning\"]<\/p>\n<p><b>F\u00d6R \u00d6GONEN:<\/b><\/p>\n<p>Zao pencil hj\u00e4lper till att framh\u00e4va och intensifiera looken utan att irritera \u00f6gonen. Applicera l\u00e4ngs \u00f6gonfransarnas kant f\u00f6r en intensiv makeup. Dra en tjock linje fr\u00e5n yttre \u00f6gonvr\u00e5n. F\u00f6r b\u00e4ttre stadga, blanda l\u00e4tt och pudra sedan med Zao Make-Up Eyeshadow med hj\u00e4lp av den vinklade borsten 706, antingen i samma nyans som pennan eller i en annan nyans f\u00f6r att skapa kontrast. F\u00f6r att \u00f6ppna \u00f6gonen, applicera Nude Beige Pencil 564 i den inre \u00f6gonvr\u00e5n och i eyelinern.    <\/p>\n<p>Specialf\u00e4rger: 551, 552 till 558 och 564.<\/p>\n<p><b>F\u00d6R \u00d6GONB\u00c5GAR:<\/b><\/p>\n<p>\u00d6gonbrynen spelar en mycket viktig roll f\u00f6r ansiktets form och ger \u00f6gonen intensitet. Deras f\u00e4rg och form kan enkelt definieras och disciplineras med Zao Multi-Purpose Pencil. V\u00e4lj den nyans som matchar f\u00e4rgen p\u00e5 dina \u00f6gonbryn. Borsta dem med Duo Eyebrow Brush 712 och applicera sedan Eyebrow Pencil p\u00e5 de omr\u00e5den som ska korrigeras eller intensifieras. Borsta igen f\u00f6r att tona ut produkten n\u00e5got.    <\/p>\n<p>Specialf\u00e4rger: 551, 552, 553, 554, 565 till 567.<\/p>\n<p><b>F\u00d6R L\u00c4PPARNA:<\/b><\/p>\n<p>Zao pencil \u00e4r perfekt f\u00f6r att markera l\u00e4ppkonturen och ge l\u00e4pparna volym. Den kan anv\u00e4ndas ensam eller tillsammans med ett l\u00e4ppstift, l\u00e4ppstift eller l\u00e4ppglans. Den f\u00f6rl\u00e4nger l\u00e4ppmakeupens livsl\u00e4ngd och f\u00f6rhindrar att den bleknar. Rita l\u00e4pparnas kontur fr\u00e5n mitten och anslut sedan till mungiporna. F\u00f6r mer stadga, blanda ut pennan mot l\u00e4ppens insida genom att blanda ut den med 708 Lip Brush.    <\/p>\n<p>Specialf\u00e4rger: 559 till 563.<\/p>\n<p>[\/cg_accordion]\n[cg_accordion title=\"Ingredienser\"]<\/p>\n<p><b>Ekologisk kokosn\u00f6tsolja:<\/b><\/p>\n<p>Det h\u00e4r \u00e4r en olja som \u00e4r k\u00e4nd f\u00f6r sina n\u00e4ringsrika och mjukg\u00f6rande egenskaper. Den best\u00e5r av essentiella fettsyror, bl.a. laurinsyra och linolsyra, som ger den dess n\u00e4rande och reparerande egenskaper. Den inneh\u00e5ller ocks\u00e5 vitamin A och E, som \u00e4r antioxidanter som motverkar hudens \u00e5ldrande. Slutligen \u00e4r den ocks\u00e5 k\u00e4nd f\u00f6r sina antibakteriella och antiinfekti\u00f6sa egenskaper.   <\/p>\n<p><b>Ekologisk jojobaolja:<\/b><\/p>\n<p>Lugnande och mjukg\u00f6rande f\u00f6r k\u00e4nslig hud. Skyddar huden genom att st\u00e4rka den hydrolipida filmen som skapar en barri\u00e4r mot patogener. Den \u00e4r l\u00e4mplig f\u00f6r alla hudtyper tack vare sina mjukg\u00f6rande och talgreglerande egenskaper.  <\/p>\n<p><b>Ekologisk avokadoolja:<\/b><\/p>\n<p>En olja rik p\u00e5 antioxidanter som fr\u00e4mjar kollagenproduktionen. Den \u00e4r v\u00e5rdande och mjuk och \u00e4r en utm\u00e4rkt \u00f6gonv\u00e5rdsprodukt. <\/p>\n<p><b>INCI-lista:<\/b> Heptyl Undecylenate, Simmondsia Chinensis (Jojoba) Seed Oil*, Hydrogenated Rapeseed Oil, Copernicia Cerifera (Carnauba) Wax*, Tribehenin, Silica, Hydrogenated Jojoba Oil, Oryzanol, Glyceryl Undecylenate. Kan inneh\u00e5lla +\/-: Ci 77891 (titandioxid), Ci 77491 (j\u00e4rnoxider), Ci 77492 (j\u00e4rnoxider), Ci 77499 (j\u00e4rnoxider), Ci77742 (manganviolett), Ci77007 (ultramariner). *Ingredienser fr\u00e5n ekologiskt jordbruk<br \/>\n[\/cg_accordion]\n<p>&nbsp;<\/p>\n","protected":false},"featured_media":257383,"template":"","meta":{"_acf_changed":false},"product_brand":[565],"product_cat":[852,844,517],"product_tag":[],"class_list":{"0":"post-267763","1":"product","2":"type-product","3":"status-publish","4":"has-post-thumbnail","6":"product_brand-zao","7":"product_cat-laeppar","8":"product_cat-oegonbryn","9":"product_cat-eyeliner","11":"first","12":"instock","13":"taxable","14":"shipping-taxable","15":"purchasable","16":"product-type-variable"},"acf":[],"_links":{"self":[{"href":"https:\/\/healthyhead.dk\/sv\/wp-json\/wp\/v2\/product\/267763","targetHints":{"allow":["GET"]}}],"collection":[{"href":"https:\/\/healthyhead.dk\/sv\/wp-json\/wp\/v2\/product"}],"about":[{"href":"https:\/\/healthyhead.dk\/sv\/wp-json\/wp\/v2\/types\/product"}],"version-history":[{"count":0,"href":"https:\/\/healthyhead.dk\/sv\/wp-json\/wp\/v2\/product\/267763\/revisions"}],"wp:featuredmedia":[{"embeddable":true,"href":"https:\/\/healthyhead.dk\/sv\/wp-json\/wp\/v2\/media\/257383"}],"wp:attachment":[{"href":"https:\/\/healthyhead.dk\/sv\/wp-json\/wp\/v2\/media?parent=267763"}],"wp:term":[{"taxonomy":"product_brand","embeddable":true,"href":"https:\/\/healthyhead.dk\/sv\/wp-json\/wp\/v2\/product_brand?post=267763"},{"taxonomy":"product_cat","embeddable":true,"href":"https:\/\/healthyhead.dk\/sv\/wp-json\/wp\/v2\/product_cat?post=267763"},{"taxonomy":"product_tag","embeddable":true,"href":"https:\/\/healthyhead.dk\/sv\/wp-json\/wp\/v2\/product_tag?post=267763"}],"curies":[{"name":"wp","href":"https:\/\/api.w.org\/{rel}","templated":true}]}}