{"id":267787,"date":"2024-12-04T09:28:58","date_gmt":"2024-12-04T09:28:58","guid":{"rendered":"https:\/\/new.healthyhead.dk\/vare\/zao-okologisk-laebepomade-3-5-g\/"},"modified":"2025-07-31T11:25:15","modified_gmt":"2025-07-31T11:25:15","slug":"zao-ekologiskt-laeppbalsam-35-g","status":"publish","type":"product","link":"https:\/\/healthyhead.dk\/sv\/produkt\/zao-ekologiskt-laeppbalsam-35-g\/","title":{"rendered":"ZAO, Ekologiskt L\u00e4ppbalsam, 3,5 g"},"content":{"rendered":"","protected":false},"excerpt":{"rendered":"<p><img decoding=\"async\" class=\"\" src=\"\/wp-content\/uploads\/2024\/08\/Ingen-kemi.svg\" alt=\"\" width=\"45\" height=\"45\">Inga hormonst\u00f6rande \u00e4mnen<\/p>\n<p><img decoding=\"async\" class=\"\" src=\"\/wp-content\/uploads\/2024\/08\/Ingen-allergifremkaldende.svg\" alt=\"\" width=\"46\" height=\"46\">Inga allergiframkallande \u00e4mnen<\/p>\n<p><img decoding=\"async\" class=\"\" src=\"\/wp-content\/uploads\/2024\/08\/Ingen-miljoebelastende.svg\" width=\"46\" height=\"46\">Inga milj\u00f6farliga \u00e4mnen<\/p>\n<p><img loading=\"lazy\" decoding=\"async\" class=\"\" src=\"\/wp-content\/uploads\/2024\/08\/indeholder-parfume.svg\" width=\"46\" height=\"46\">Inneh\u00e5ller en mycket liten m\u00e4ngd allergiv\u00e4nlig och 100 % naturlig doft<\/p>\n<p>&nbsp;<\/p>\n[cg_accordion title=\"Produktbeskrivning\" open=\"open\"]<\/p>\n<p>Ekologiskt och veganskt l\u00e4ppbalsam fr\u00e5n ZAO rikt p\u00e5 squalene, ett effektivt \u00e5terfuktande fett som utvinns ur ekologisk olivolja, ekologisk kokosolja och ekologiskt sheasm\u00f6r. Det inneh\u00e5ller ocks\u00e5 vax fr\u00e5n akaciablommor som bildar en skyddande hinna som hj\u00e4lper till att skydda l\u00e4pparna mot yttre p\u00e5verkan. Akaciablommans vax har ocks\u00e5 mjukg\u00f6rande egenskaper som ger mjuka och smidiga l\u00e4ppar. L\u00e4ppbalsamet har en kr\u00e4mig konsistens som g\u00f6r det l\u00e4tt att applicera. Och det skyddar och reparerar spruckna eller skadade l\u00e4ppar om skadan \u00e4r skedd.    <\/p>\n<ul>\n<li><strong>Ekologiskt och veganskt<\/strong> l\u00e4ppstift<\/li>\n<li><strong>Rik p\u00e5 v\u00e4xtbaserad squalen <\/strong>, ett effektivt \u00e5terfuktande fett<\/li>\n<li>Berikad med <strong>ekologisk honung fr\u00e5n akaciablommor <\/strong>f\u00f6r mjuka och lena l\u00e4ppar<\/li>\n<li>M\u00f6jlighet att <b>fylla p\u00e5 med en refill<\/b><\/li>\n<\/ul>\n<p><img loading=\"lazy\" decoding=\"async\" class=\"alignnone size-full wp-image-8916\" src=\"\/wp-content\/uploads\/2024\/08\/zao-certificeringer.jpg\" alt=\"\" width=\"479\" height=\"93\" srcset=\"https:\/\/i0.wp.com\/healthyhead.dk\/wp-content\/uploads\/2024\/08\/zao-certificeringer.jpg?w=479&amp;ssl=1 479w, https:\/\/i0.wp.com\/healthyhead.dk\/wp-content\/uploads\/2024\/08\/zao-certificeringer.jpg?resize=300%2C58&amp;ssl=1 300w, https:\/\/i0.wp.com\/healthyhead.dk\/wp-content\/uploads\/2024\/08\/zao-certificeringer.jpg?resize=441%2C86&amp;ssl=1 441w, https:\/\/i0.wp.com\/healthyhead.dk\/wp-content\/uploads\/2024\/08\/zao-certificeringer.jpg?resize=150%2C29&amp;ssl=1 150w\" sizes=\"(max-width: 479px) 100vw, 479px\" \/><br \/>\n[\/cg_accordion]\n[cg_accordion title=\"Tips f\u00f6r anv\u00e4ndning\"]<\/p>\n<ul>\n<li>L\u00e4ppbalsamet appliceras direkt p\u00e5 l\u00e4pparna.<\/li>\n<li>Den kan anv\u00e4ndas ensam eller som bas under l\u00e4ppglans, l\u00e4ppstift eller l\u00e4pplack.<\/li>\n<\/ul>\n<p>[\/cg_accordion]\n[cg_accordion title=\"Ingredienser\"]<\/p>\n<p><strong>Vaxextrakt fr\u00e5n akaciablomman<\/strong><br \/>\nVaxet fr\u00e5n akaciablomman bildar en skyddsfilm som hj\u00e4lper till att skydda l\u00e4pparna fr\u00e5n yttre p\u00e5verkan. Dess mjukg\u00f6rande egenskaper ger mjuka och smidiga l\u00e4ppar. <\/p>\n<p><strong>Ekologisk ricinolja<\/strong><br \/>\nDenna olja inneh\u00e5ller ricinolsyra, en speciell fettsyra som g\u00f6r den till en sk\u00f6nhetsbehandling med imponerande egenskaper k\u00e4nda sedan urminnes tider. Den reng\u00f6r, mjukg\u00f6r och l\u00e4ker huden. <\/p>\n<p><strong>Ekologisk bambu macerate<\/strong><br \/>\nSom ekologiskt bambuhydrolat och bambupulver \u00e4r denna ingrediens extremt rik p\u00e5 organisk kiseldioxid. Ett externt tillskott \u00e4r n\u00f6dv\u00e4ndigt f\u00f6r att bibeh\u00e5lla elasticiteten i de \u00f6vre hudlagren. Organisk kiseldioxid stimulerar processen f\u00f6r kollagenproduktion.  <\/p>\n<p><b>INCI-lista:<\/b> Ricinus Communis (Castor) Seed Oil*, Octyldodecanol, Copernicia Cerifera (Carnauba) Cera*, C10-18 Triglycerides, Jojoba Esters, Hydrogenated Vegetable Oil, Helianthus Annuus (Sunflower) Seed Cera, Parfum (Fragrance), Euphorbia Cerifera (Candelilla) Cera, Prunus Armeniaca (Apricot) Kernel Extract, Bambusa Arundinacea Stem Extract*, Helianthus Annuus (Sunflower) Seed Oil*, Acacia Decurrens Flower Cera, Tocopherol, Polyglycerin-3, Ci 77891 (Titanium Dioxide). * Ingredienser fr\u00e5n ekologisk odling. <\/p>\n<p>[\/cg_accordion]\n<p>&nbsp;<\/p>\n<p>&nbsp;<\/p>\n","protected":false},"featured_media":258699,"template":"","meta":{"_acf_changed":false},"product_brand":[565],"product_cat":[852],"product_tag":[],"class_list":{"0":"post-267787","1":"product","2":"type-product","3":"status-publish","4":"has-post-thumbnail","6":"product_brand-zao","7":"product_cat-laeppar","9":"first","10":"outofstock","11":"taxable","12":"shipping-taxable","13":"purchasable","14":"product-type-simple"},"acf":[],"_links":{"self":[{"href":"https:\/\/healthyhead.dk\/sv\/wp-json\/wp\/v2\/product\/267787","targetHints":{"allow":["GET"]}}],"collection":[{"href":"https:\/\/healthyhead.dk\/sv\/wp-json\/wp\/v2\/product"}],"about":[{"href":"https:\/\/healthyhead.dk\/sv\/wp-json\/wp\/v2\/types\/product"}],"version-history":[{"count":0,"href":"https:\/\/healthyhead.dk\/sv\/wp-json\/wp\/v2\/product\/267787\/revisions"}],"wp:featuredmedia":[{"embeddable":true,"href":"https:\/\/healthyhead.dk\/sv\/wp-json\/wp\/v2\/media\/258699"}],"wp:attachment":[{"href":"https:\/\/healthyhead.dk\/sv\/wp-json\/wp\/v2\/media?parent=267787"}],"wp:term":[{"taxonomy":"product_brand","embeddable":true,"href":"https:\/\/healthyhead.dk\/sv\/wp-json\/wp\/v2\/product_brand?post=267787"},{"taxonomy":"product_cat","embeddable":true,"href":"https:\/\/healthyhead.dk\/sv\/wp-json\/wp\/v2\/product_cat?post=267787"},{"taxonomy":"product_tag","embeddable":true,"href":"https:\/\/healthyhead.dk\/sv\/wp-json\/wp\/v2\/product_tag?post=267787"}],"curies":[{"name":"wp","href":"https:\/\/api.w.org\/{rel}","templated":true}]}}