{"id":267831,"date":"2024-12-11T14:20:42","date_gmt":"2024-12-11T14:20:42","guid":{"rendered":"https:\/\/new.healthyhead.dk\/vare\/zao-sponge-brush-m-4-refills\/"},"modified":"2025-08-01T08:22:37","modified_gmt":"2025-08-01T08:22:37","slug":"zao-sponge-brush-w-4-refills","status":"publish","type":"product","link":"https:\/\/healthyhead.dk\/sv\/produkt\/zao-sponge-brush-w-4-refills\/","title":{"rendered":"ZAO, Sponge Brush, med 4 refiller"},"content":{"rendered":"","protected":false},"excerpt":{"rendered":"<p><img decoding=\"async\" class=\"\" src=\"\/wp-content\/uploads\/2024\/09\/Miljoevenligt-bambus-ikon.svg\" alt=\"Milj\u00f6v\u00e4nlig bambu\" width=\"45\" height=\"45\">Milj\u00f6v\u00e4nlig bambu<\/p>\n<p>&nbsp;<\/p>\n[cg_accordion title=\"Beskrivning\" open=\"open\"]<\/p>\n<p>\u00d6gonskuggsborste fr\u00e5n ZAO med ett milj\u00f6v\u00e4nligt bambuhandtag som matchar resten av ZAO-sortimentet. Perfekt f\u00f6r att blanda ut och applicera dina favorit\u00f6gonskuggor. Precis som alla andra produkter fr\u00e5n ZAO \u00e4r borsten veganskt certifierad.  <\/p>\n<p>Borsten levereras med 4 tv\u00e4ttbara borsthuvuden.<\/p>\n<ul>\n<li>Perfekt f\u00f6r att <strong>blanda ut \u00f6gonskuggor<\/strong><\/li>\n<li>Inneh\u00e5ller <strong>4 tv\u00e4ttbara borsthuvuden<\/strong><\/li>\n<li>Veganskt certifierad<\/li>\n<\/ul>\n<p>&nbsp;<\/p>\n<p>[\/cg_accordion]\n<p>&nbsp;<\/p>\n","protected":false},"featured_media":258995,"template":"","meta":{"_acf_changed":false},"product_brand":[565],"product_cat":[866],"product_tag":[],"class_list":{"0":"post-267831","1":"product","2":"type-product","3":"status-publish","4":"has-post-thumbnail","6":"product_brand-zao","7":"product_cat-makeupborstar","9":"first","10":"instock","11":"taxable","12":"shipping-taxable","13":"purchasable","14":"product-type-simple"},"acf":[],"_links":{"self":[{"href":"https:\/\/healthyhead.dk\/sv\/wp-json\/wp\/v2\/product\/267831","targetHints":{"allow":["GET"]}}],"collection":[{"href":"https:\/\/healthyhead.dk\/sv\/wp-json\/wp\/v2\/product"}],"about":[{"href":"https:\/\/healthyhead.dk\/sv\/wp-json\/wp\/v2\/types\/product"}],"version-history":[{"count":0,"href":"https:\/\/healthyhead.dk\/sv\/wp-json\/wp\/v2\/product\/267831\/revisions"}],"wp:featuredmedia":[{"embeddable":true,"href":"https:\/\/healthyhead.dk\/sv\/wp-json\/wp\/v2\/media\/258995"}],"wp:attachment":[{"href":"https:\/\/healthyhead.dk\/sv\/wp-json\/wp\/v2\/media?parent=267831"}],"wp:term":[{"taxonomy":"product_brand","embeddable":true,"href":"https:\/\/healthyhead.dk\/sv\/wp-json\/wp\/v2\/product_brand?post=267831"},{"taxonomy":"product_cat","embeddable":true,"href":"https:\/\/healthyhead.dk\/sv\/wp-json\/wp\/v2\/product_cat?post=267831"},{"taxonomy":"product_tag","embeddable":true,"href":"https:\/\/healthyhead.dk\/sv\/wp-json\/wp\/v2\/product_tag?post=267831"}],"curies":[{"name":"wp","href":"https:\/\/api.w.org\/{rel}","templated":true}]}}