{"id":267851,"date":"2024-12-11T13:16:10","date_gmt":"2024-12-11T13:16:10","guid":{"rendered":"https:\/\/new.healthyhead.dk\/vare\/zao-bamboo-eyebrow-duo-brush-makeupborste-712\/"},"modified":"2025-08-01T09:01:31","modified_gmt":"2025-08-01T09:01:31","slug":"zao-bamboo-eyebrow-duo-brush-sminkborste-712","status":"publish","type":"product","link":"https:\/\/healthyhead.dk\/sv\/produkt\/zao-bamboo-eyebrow-duo-brush-sminkborste-712\/","title":{"rendered":"ZAO, Bamboo Eyebrow Duo Brush, Sminkborste, 712"},"content":{"rendered":"","protected":false},"excerpt":{"rendered":"<p><img decoding=\"async\" class=\"\" src=\"\/wp-content\/uploads\/2024\/09\/Miljoevenligt-bambus-ikon.svg\" alt=\"Milj\u00f6v\u00e4nlig bambu\" width=\"45\" height=\"45\">Milj\u00f6v\u00e4nlig bambu<\/p>\n<p>&nbsp;<\/p>\n[cg_accordion title=\"Beskrivning\" open=\"open\"]<\/p>\n<p>Tv\u00e5sidig vegansk sminkborste fr\u00e5n ZAO med ett skaft i ekologisk bambu som matchar resten av ZAO-sortimentet. Perfekt f\u00f6r applicering av \u00f6gonbrynspuder. Den vinklade sidan av borsten g\u00f6r det enkelt att applicera \u00f6gonbrynspuder. Den l\u00e5ngstr\u00e4ckta borsten kammar \u00f6gonbrynen och ser till att \u00f6verfl\u00f6digt puder avl\u00e4gsnas. Precis som alla ZAO-produkter \u00e4r borsten veganskt certifierad.    <\/p>\n<ul>\n<li>Perfekt f\u00f6r applicering av <strong>\u00f6gonbrynspuder<\/strong><\/li>\n<li>Veganskt certifierad<\/li>\n<\/ul>\n<p>&nbsp;<\/p>\n<p>[\/cg_accordion]\n<p>&nbsp;<\/p>\n","protected":false},"featured_media":259027,"template":"","meta":{"_acf_changed":false},"product_brand":[565],"product_cat":[866],"product_tag":[],"class_list":{"0":"post-267851","1":"product","2":"type-product","3":"status-publish","4":"has-post-thumbnail","6":"product_brand-zao","7":"product_cat-makeupborstar","9":"first","10":"instock","11":"taxable","12":"shipping-taxable","13":"purchasable","14":"product-type-simple"},"acf":[],"_links":{"self":[{"href":"https:\/\/healthyhead.dk\/sv\/wp-json\/wp\/v2\/product\/267851","targetHints":{"allow":["GET"]}}],"collection":[{"href":"https:\/\/healthyhead.dk\/sv\/wp-json\/wp\/v2\/product"}],"about":[{"href":"https:\/\/healthyhead.dk\/sv\/wp-json\/wp\/v2\/types\/product"}],"version-history":[{"count":0,"href":"https:\/\/healthyhead.dk\/sv\/wp-json\/wp\/v2\/product\/267851\/revisions"}],"wp:featuredmedia":[{"embeddable":true,"href":"https:\/\/healthyhead.dk\/sv\/wp-json\/wp\/v2\/media\/259027"}],"wp:attachment":[{"href":"https:\/\/healthyhead.dk\/sv\/wp-json\/wp\/v2\/media?parent=267851"}],"wp:term":[{"taxonomy":"product_brand","embeddable":true,"href":"https:\/\/healthyhead.dk\/sv\/wp-json\/wp\/v2\/product_brand?post=267851"},{"taxonomy":"product_cat","embeddable":true,"href":"https:\/\/healthyhead.dk\/sv\/wp-json\/wp\/v2\/product_cat?post=267851"},{"taxonomy":"product_tag","embeddable":true,"href":"https:\/\/healthyhead.dk\/sv\/wp-json\/wp\/v2\/product_tag?post=267851"}],"curies":[{"name":"wp","href":"https:\/\/api.w.org\/{rel}","templated":true}]}}