{"id":267855,"date":"2024-12-11T12:47:42","date_gmt":"2024-12-11T12:47:42","guid":{"rendered":"https:\/\/new.healthyhead.dk\/vare\/zao-bamboo-blending-brush-makeupborste-710\/"},"modified":"2025-08-01T08:55:37","modified_gmt":"2025-08-01T08:55:37","slug":"zao-bambu-blending-brush-sminkborste-710","status":"publish","type":"product","link":"https:\/\/healthyhead.dk\/sv\/produkt\/zao-bambu-blending-brush-sminkborste-710\/","title":{"rendered":"ZAO, Bambu Blending Brush, Sminkborste, 710"},"content":{"rendered":"","protected":false},"excerpt":{"rendered":"<p><img decoding=\"async\" class=\"\" src=\"\/wp-content\/uploads\/2024\/09\/Miljoevenligt-bambus-ikon.svg\" alt=\"Milj\u00f6v\u00e4nlig bambu\" width=\"45\" height=\"45\">Milj\u00f6v\u00e4nlig bambu<\/p>\n<p>&nbsp;<\/p>\n[cg_accordion title=\"Beskrivning\" open=\"open\"]<\/p>\n<p>Vegansk sminkborste fr\u00e5n ZAO med ett h\u00e5llbart bambuhandtag som matchar resten av ZAO-sortimentet. Perfekt f\u00f6r applicering av mineralpuder och andra mineralbaserade sminkprodukter. <\/p>\n<ul>\n<li>Perfekt f\u00f6r applicering av <strong>mineralpuder och andra mineralbaserade sminkprodukter<\/strong><\/li>\n<li>Veganskt certifierad<\/li>\n<\/ul>\n<p>&nbsp;<\/p>\n<p>[\/cg_accordion]\n","protected":false},"featured_media":259171,"template":"","meta":{"_acf_changed":false},"product_brand":[565],"product_cat":[866],"product_tag":[],"class_list":{"0":"post-267855","1":"product","2":"type-product","3":"status-publish","4":"has-post-thumbnail","6":"product_brand-zao","7":"product_cat-makeupborstar","9":"first","10":"instock","11":"taxable","12":"shipping-taxable","13":"purchasable","14":"product-type-simple"},"acf":[],"_links":{"self":[{"href":"https:\/\/healthyhead.dk\/sv\/wp-json\/wp\/v2\/product\/267855","targetHints":{"allow":["GET"]}}],"collection":[{"href":"https:\/\/healthyhead.dk\/sv\/wp-json\/wp\/v2\/product"}],"about":[{"href":"https:\/\/healthyhead.dk\/sv\/wp-json\/wp\/v2\/types\/product"}],"version-history":[{"count":0,"href":"https:\/\/healthyhead.dk\/sv\/wp-json\/wp\/v2\/product\/267855\/revisions"}],"wp:featuredmedia":[{"embeddable":true,"href":"https:\/\/healthyhead.dk\/sv\/wp-json\/wp\/v2\/media\/259171"}],"wp:attachment":[{"href":"https:\/\/healthyhead.dk\/sv\/wp-json\/wp\/v2\/media?parent=267855"}],"wp:term":[{"taxonomy":"product_brand","embeddable":true,"href":"https:\/\/healthyhead.dk\/sv\/wp-json\/wp\/v2\/product_brand?post=267855"},{"taxonomy":"product_cat","embeddable":true,"href":"https:\/\/healthyhead.dk\/sv\/wp-json\/wp\/v2\/product_cat?post=267855"},{"taxonomy":"product_tag","embeddable":true,"href":"https:\/\/healthyhead.dk\/sv\/wp-json\/wp\/v2\/product_tag?post=267855"}],"curies":[{"name":"wp","href":"https:\/\/api.w.org\/{rel}","templated":true}]}}