{"id":267863,"date":"2024-12-11T12:33:53","date_gmt":"2024-12-11T12:33:53","guid":{"rendered":"https:\/\/new.healthyhead.dk\/vare\/zao-bamboo-angled-brush-makeupborste-706\/"},"modified":"2025-08-01T08:31:31","modified_gmt":"2025-08-01T08:31:31","slug":"zao-bamboo-angled-brush-makeup-brush-706","status":"publish","type":"product","link":"https:\/\/healthyhead.dk\/sv\/produkt\/zao-bamboo-angled-brush-makeup-brush-706\/","title":{"rendered":"ZAO, Bamboo Angled Brush, Sminkborste, 706"},"content":{"rendered":"","protected":false},"excerpt":{"rendered":"<p><img decoding=\"async\" class=\"\" src=\"\/wp-content\/uploads\/2024\/09\/Miljoevenligt-bambus-ikon.svg\" alt=\"Milj\u00f6v\u00e4nlig bambu\" width=\"45\" height=\"45\">Milj\u00f6v\u00e4nlig bambu<\/p>\n<p>&nbsp;<\/p>\n[cg_accordion title=\"Beskrivning\" open=\"open\"]<\/p>\n<p>Sminkborste fr\u00e5n ZAO med ett milj\u00f6v\u00e4nligt bambuhandtag som matchar resten av ZAO-sortimentet. Perfekt f\u00f6r att markera \u00f6gonlocket eller under \u00f6gat med din favorit\u00f6gonskugga. Borsten kan ocks\u00e5 anv\u00e4ndas f\u00f6r att framh\u00e4va dina \u00f6gonbryn mer med \u00f6gonbrynspuder. Precis som alla ZAO-produkter \u00e4r sminkborsten veganskt certifierad.   <\/p>\n<ul>\n<li>Perfekt f\u00f6r att <strong>framh\u00e4va \u00f6gat med din favorit\u00f6gonskugga<\/strong><\/li>\n<li>Milj\u00f6v\u00e4nlig bambu<\/li>\n<li>Veganskt certifierad<\/li>\n<\/ul>\n<p>&nbsp;<\/p>\n<p>[\/cg_accordion]\n","protected":false},"featured_media":259167,"template":"","meta":{"_acf_changed":false},"product_brand":[565],"product_cat":[866],"product_tag":[],"class_list":{"0":"post-267863","1":"product","2":"type-product","3":"status-publish","4":"has-post-thumbnail","6":"product_brand-zao","7":"product_cat-makeupborstar","9":"first","10":"instock","11":"taxable","12":"shipping-taxable","13":"purchasable","14":"product-type-simple"},"acf":[],"_links":{"self":[{"href":"https:\/\/healthyhead.dk\/sv\/wp-json\/wp\/v2\/product\/267863","targetHints":{"allow":["GET"]}}],"collection":[{"href":"https:\/\/healthyhead.dk\/sv\/wp-json\/wp\/v2\/product"}],"about":[{"href":"https:\/\/healthyhead.dk\/sv\/wp-json\/wp\/v2\/types\/product"}],"version-history":[{"count":0,"href":"https:\/\/healthyhead.dk\/sv\/wp-json\/wp\/v2\/product\/267863\/revisions"}],"wp:featuredmedia":[{"embeddable":true,"href":"https:\/\/healthyhead.dk\/sv\/wp-json\/wp\/v2\/media\/259167"}],"wp:attachment":[{"href":"https:\/\/healthyhead.dk\/sv\/wp-json\/wp\/v2\/media?parent=267863"}],"wp:term":[{"taxonomy":"product_brand","embeddable":true,"href":"https:\/\/healthyhead.dk\/sv\/wp-json\/wp\/v2\/product_brand?post=267863"},{"taxonomy":"product_cat","embeddable":true,"href":"https:\/\/healthyhead.dk\/sv\/wp-json\/wp\/v2\/product_cat?post=267863"},{"taxonomy":"product_tag","embeddable":true,"href":"https:\/\/healthyhead.dk\/sv\/wp-json\/wp\/v2\/product_tag?post=267863"}],"curies":[{"name":"wp","href":"https:\/\/api.w.org\/{rel}","templated":true}]}}