{"id":268026,"date":"2024-12-11T12:12:04","date_gmt":"2024-12-11T12:12:04","guid":{"rendered":"https:\/\/new.healthyhead.dk\/vare\/zao-okologisk-eyeshadow-palette-10-x-1-3-g\/"},"modified":"2025-08-05T09:08:11","modified_gmt":"2025-08-05T09:08:11","slug":"zao-ekologisk-eyeshadow-palett-10-x-13-g","status":"publish","type":"product","link":"https:\/\/healthyhead.dk\/sv\/produkt\/zao-ekologisk-eyeshadow-palett-10-x-13-g\/","title":{"rendered":"ZAO, Ekologisk Eyeshadow palett, 10 x 1,3 g"},"content":{"rendered":"","protected":false},"excerpt":{"rendered":"<p><img decoding=\"async\" class=\"\" src=\"\/wp-content\/uploads\/2024\/08\/Ingen-kemi.svg\" alt=\"\" width=\"45\" height=\"45\">Inga hormonst\u00f6rande \u00e4mnen<\/p>\n<p><img decoding=\"async\" class=\"\" src=\"\/wp-content\/uploads\/2024\/08\/Ingen-allergifremkaldende.svg\" alt=\"\" width=\"46\" height=\"46\">Inga allergiframkallande \u00e4mnen<\/p>\n<p><img decoding=\"async\" class=\"\" src=\"\/wp-content\/uploads\/2024\/08\/Ingen-miljoebelastende.svg\" width=\"46\" height=\"46\">Inga milj\u00f6farliga \u00e4mnen<\/p>\n<p><img loading=\"lazy\" decoding=\"async\" class=\"\" src=\"\/wp-content\/uploads\/2024\/08\/Ingen-parfume.svg\" width=\"46\" height=\"46\">Ingen parfym<\/p>\n<p>&nbsp;<\/p>\n[cg_accordion title=\"Beskrivning\" open=\"open\"]<\/p>\n<p>Ekologisk \u00f6gonskuggspalett fr\u00e5n franska ZAO. Paletten inneh\u00e5ller ett urval av b\u00e5de matta och l\u00e4tt skimrande f\u00e4rger. De \u00e4r berikade med kiseldioxid och olivbladsextrakt f\u00f6r att ge n\u00e4ring och f\u00f6rnya huden. Den p\u00e5fyllningsbara bambupaletten \u00e4r perfekt f\u00f6r sj\u00e4lvf\u00f6rgl\u00f6mmelse eller som present till en n\u00e4ra och k\u00e4ra. Alla \u00f6gonskuggor \u00e4r helt fria fr\u00e5n hormonst\u00f6rande \u00e4mnen, milj\u00f6f\u00f6roreningar eller allergiframkallande \u00e4mnen.    <\/p>\n<p>Paletten inneh\u00e5ller f\u00f6ljande f\u00e4rger:<br \/>\n<strong>201 Matt Ivory:<\/strong> Markskugga.<br \/>\n<strong>121 Pink Champagne:<\/strong> Iriserande \u00f6gonskugga som framh\u00e4ver \u00f6gonf\u00e4rgen.<br \/>\n<strong>210 Matt Peachy Pink:<\/strong> En nude-look med en touch av v\u00e4rme.<br \/>\n<strong>106 Pearly Bronze:<\/strong> Metalliska nyanser.<br \/>\n<strong>122 Pearly Desert Rose:<\/strong> M\u00e5ngsidig nyans som kan kombineras med andra nyanser fr\u00e5n denna palett.<br \/>\n<strong>128 Pearly Tiramisu: <\/strong>Perfekt f\u00f6r smokey eye-look och f\u00f6r att definiera \u00f6gonkonturerna.<br \/>\n<strong>129 Pearly Taupe:<\/strong> Framh\u00e4ver gr\u00f6na och bl\u00e5 \u00f6gon.<br \/>\n<strong>123 Pearly Khaki Grey<\/strong>: Iriserande gr\u00e5 med en antydan till gr\u00f6nt.<br \/>\n<strong>213 Matt Army Green:<\/strong> Matt gr\u00f6n f\u00f6r att framh\u00e4va bruna \u00f6gon.<br \/>\n<strong>206 Matt Black:<\/strong> Perfekt f\u00f6r smokey eyes-look, kan ocks\u00e5 anv\u00e4ndas som eyeliner.<\/p>\n<p><img loading=\"lazy\" decoding=\"async\" class=\"alignnone size-full wp-image-8916\" src=\"\/wp-content\/uploads\/2024\/08\/zao-certificeringer.jpg\" alt=\"\" width=\"479\" height=\"93\" srcset=\"https:\/\/i0.wp.com\/healthyhead.dk\/wp-content\/uploads\/2024\/08\/zao-certificeringer.jpg?w=479&amp;ssl=1 479w, https:\/\/i0.wp.com\/healthyhead.dk\/wp-content\/uploads\/2024\/08\/zao-certificeringer.jpg?resize=300%2C58&amp;ssl=1 300w, https:\/\/i0.wp.com\/healthyhead.dk\/wp-content\/uploads\/2024\/08\/zao-certificeringer.jpg?resize=441%2C86&amp;ssl=1 441w, https:\/\/i0.wp.com\/healthyhead.dk\/wp-content\/uploads\/2024\/08\/zao-certificeringer.jpg?resize=150%2C29&amp;ssl=1 150w\" sizes=\"(max-width: 479px) 100vw, 479px\" \/><\/p>\n<p>[\/cg_accordion]\n[cg_accordion title=\"Tips f\u00f6r anv\u00e4ndning\"]<\/p>\n<ul>\n<li>Applicera en ljus eller medium \u00f6gonskugga \u00f6ver hela \u00f6gonlocket med <strong>Shading brush 704<\/strong>.<\/li>\n<li>V\u00e4lj en m\u00f6rkare nyans f\u00f6r att framh\u00e4va fransraden med <strong>Angled brush 706<\/strong>.<\/li>\n<li>Ljusa upp den inre \u00f6gonvr\u00e5n med en ljus skugga.<\/li>\n<li>Anv\u00e4nd den <strong>mattsvarta \u00f6gonskuggan 206<\/strong> som eyeliner f\u00f6r att dra en fin linje vid basen av de \u00f6vre fransarna.<\/li>\n<li>Applicera n\u00e5gon av ZAO:s mascaror f\u00f6r att full\u00e4nda looken.<\/li>\n<\/ul>\n<p><strong>TIPS:<\/strong> F\u00f6r en mer l\u00e5ngvarig effekt, f\u00f6rbered huden med <strong>Fluid eye primer 258<\/strong> innan du applicerar \u00f6gonskuggor.<\/p>\n<p>[\/cg_accordion]\n[cg_accordion title=\"Ingredienser\"]<\/p>\n<p><strong>Vegetabilisk squalene<\/strong><\/p>\n<p>Vegetabilisk squalen utvinns ur olivolja och \u00e4r ett derivat av squalen, som \u00e4r en naturlig komponent i m\u00e4nskligt hudfett (sebum). Dess utm\u00e4rkta affinitet med huden, p\u00e5 grund av dess likhet med naturliga hudlipider, samt dess mjukg\u00f6rande egenskaper, g\u00f6r den till en idealisk aktiv ingrediens. Den st\u00e4rker hudens hydrolipidiska barri\u00e4r, mjukg\u00f6r huden och skyddar den mot uttorkning.  <\/p>\n<p><strong>Bambupulver<\/strong><\/p>\n<p>Det \u00e4r en vit substans som utvinns ur bambufogar. Tack vare sitt h\u00f6ga inneh\u00e5ll av kiseldioxid remineraliserar det huden, \u00e5terfuktar och bidrar till hudens f\u00f6rnyelse samtidigt som det minskar glans hos kombinerad och fet hud. <\/p>\n<p><b>INCI-lista:<\/b> Mica, Zea Mays (majs)st\u00e4rkelse*, zinkstearat, squalane, silica, bisabolol, lauroyllysin, Theobroma Cacao (kakao)fr\u00f6m\u00f6r*, Ci 77820 (silver), Butyrospermum Parkii (sheasm\u00f6r)*, Macadamia Ternifolia fr\u00f6olja*, Bambusa Arundinacea Stem Powder, Alpha-glucan Oligosaccharide, Olea Europaea (Olive) Leaf Extract, Aqua (Water), Alcohol, Olea Europaea (Olive) Fruit Extract, Zingiber Officinale (Ginger) Root Extract. Kan inneh\u00e5lla +\/-: Ci 77007 (Ultramarines), Ci 77891 (Titanium Dioxide), Ci 77499 (Iron Oxides), Ci 77742 (Manganese Violet), Ci 77492 (Iron Oxides), Ci 77491 (Iron Oxides), Ci 77510 (Ferric Ferrocyanide), Ci 77288 (Chromium Oxide Green). *Ingredienser fr\u00e5n ekologisk odling  <\/p>\n<p>[\/cg_accordion]\n<p>&nbsp;<\/p>\n","protected":false},"featured_media":259215,"template":"","meta":{"_acf_changed":false},"product_brand":[565],"product_cat":[848],"product_tag":[],"class_list":{"0":"post-268026","1":"product","2":"type-product","3":"status-publish","4":"has-post-thumbnail","6":"product_brand-zao","7":"product_cat-oegonskugga","9":"first","10":"instock","11":"taxable","12":"shipping-taxable","13":"purchasable","14":"product-type-simple"},"acf":[],"_links":{"self":[{"href":"https:\/\/healthyhead.dk\/sv\/wp-json\/wp\/v2\/product\/268026","targetHints":{"allow":["GET"]}}],"collection":[{"href":"https:\/\/healthyhead.dk\/sv\/wp-json\/wp\/v2\/product"}],"about":[{"href":"https:\/\/healthyhead.dk\/sv\/wp-json\/wp\/v2\/types\/product"}],"version-history":[{"count":0,"href":"https:\/\/healthyhead.dk\/sv\/wp-json\/wp\/v2\/product\/268026\/revisions"}],"wp:featuredmedia":[{"embeddable":true,"href":"https:\/\/healthyhead.dk\/sv\/wp-json\/wp\/v2\/media\/259215"}],"wp:attachment":[{"href":"https:\/\/healthyhead.dk\/sv\/wp-json\/wp\/v2\/media?parent=268026"}],"wp:term":[{"taxonomy":"product_brand","embeddable":true,"href":"https:\/\/healthyhead.dk\/sv\/wp-json\/wp\/v2\/product_brand?post=268026"},{"taxonomy":"product_cat","embeddable":true,"href":"https:\/\/healthyhead.dk\/sv\/wp-json\/wp\/v2\/product_cat?post=268026"},{"taxonomy":"product_tag","embeddable":true,"href":"https:\/\/healthyhead.dk\/sv\/wp-json\/wp\/v2\/product_tag?post=268026"}],"curies":[{"name":"wp","href":"https:\/\/api.w.org\/{rel}","templated":true}]}}