{"id":268030,"date":"2024-12-11T12:09:18","date_gmt":"2024-12-11T12:09:18","guid":{"rendered":"https:\/\/new.healthyhead.dk\/vare\/zao-okologisk-ultra-shiny-eyeshadow-palette-10-x-1-3-g\/"},"modified":"2025-08-07T07:44:24","modified_gmt":"2025-08-07T07:44:24","slug":"zao-ekologisk-ultra-shiny-eyeshadow-palette","status":"publish","type":"product","link":"https:\/\/healthyhead.dk\/sv\/produkt\/zao-ekologisk-ultra-shiny-eyeshadow-palette\/","title":{"rendered":"ZAO, Ekologisk Ultra Shiny Eyeshadow Palette, 10 x 1,3 g"},"content":{"rendered":"","protected":false},"excerpt":{"rendered":"<p><img decoding=\"async\" class=\"\" src=\"\/wp-content\/uploads\/2024\/08\/Ingen-kemi.svg\" alt=\"\" width=\"45\" height=\"45\">Inga hormonst\u00f6rande \u00e4mnen<\/p>\n<p><img decoding=\"async\" class=\"\" src=\"\/wp-content\/uploads\/2024\/08\/Ingen-allergifremkaldende.svg\" alt=\"\" width=\"46\" height=\"46\">Inga allergiframkallande \u00e4mnen<\/p>\n<p><img decoding=\"async\" class=\"\" src=\"\/wp-content\/uploads\/2024\/08\/Ingen-miljoebelastende.svg\" width=\"46\" height=\"46\">Inga milj\u00f6farliga \u00e4mnen<\/p>\n<p><img loading=\"lazy\" decoding=\"async\" class=\"\" src=\"\/wp-content\/uploads\/2024\/08\/Ingen-parfume.svg\" width=\"46\" height=\"46\">Ingen parfym<\/p>\n<p>&nbsp;<\/p>\n[cg_accordion title=\"Beskrivning\" open=\"open\"]<\/p>\n<p>Ekologisk \u00f6gonskuggspalett fr\u00e5n franska ZAO. Paletten inneh\u00e5ller ett urval av skimrande f\u00e4rger. De \u00e4r berikade med kiseldioxid och olivbladsextrakt f\u00f6r att ge n\u00e4ring och f\u00f6rnya huden. Den p\u00e5fyllningsbara bambupaletten \u00e4r perfekt f\u00f6r sj\u00e4lvf\u00f6rgl\u00f6mmelse eller som en present till en n\u00e4ra och k\u00e4ra.   <\/p>\n<p>Paletten inneh\u00e5ller f\u00f6ljande f\u00e4rger:<br \/>\n<strong>270 Ultra Pearly Light Champagne:<\/strong> \u00f6ppnar och f\u00f6rstorar \u00f6gonen n\u00e4r den anv\u00e4nds i \u00f6gonvr\u00e5n.<br \/>\n<strong>271 Ultra Pearly Coppery Pink:<\/strong> \u00e4r en m\u00e5ngsidig kopparrosa nyans som passar bra att applicera i \u00f6gonvr\u00e5n, men ocks\u00e5 \u00f6ver hela \u00f6gonlocket. Med gyllene inslag som lyser upp ger skuggan en varm gl\u00f6d.<br \/>\n<strong>272 Ultra Pearly Fairy Pink:<\/strong> \u00e4r subtil och s\u00f6t, en fr\u00e4sch nyans som framh\u00e4ver dina \u00f6gon.<br \/>\n<strong>273 Ultra Pearly Purple Rain:<\/strong> perfekt f\u00f6r sotade \u00f6gon.<br \/>\n<strong>274 Ultra Pearly Bronzed Brown:<\/strong> en ljus, varm och f\u00f6rf\u00f6risk f\u00e4rg som ger djup \u00e5t din \u00f6gonmakeup f\u00f6r alla tillf\u00e4llen.<br \/>\n<strong>275 Ultra Pearly Golden Orange:<\/strong> v\u00e4rmer upp ljus hy.<br \/>\n<strong>279 Ultra Pearly Diamond Grey:<\/strong> reflekterar ljuset intensivt f\u00f6r att lysa upp din look. Den h\u00e4r metallicnyansen \u00e4r perfekt f\u00f6r fests\u00e4songen och kommer garanterat att bli en hit p\u00e5 festen.<br \/>\n<strong>280 Satin Cocoa:<\/strong> \u00e4r en oumb\u00e4rlig nyans f\u00f6r sotade \u00f6gon och kan ocks\u00e5 anv\u00e4ndas som eyeliner.<br \/>\n<strong>281 Burgundy Sequin:<\/strong> \u00e4r en extremt p\u00e4rlemorskimrande vinr\u00f6d f\u00e4rg f\u00f6r den ultimata festlooken.<br \/>\n<strong>282 Silver Lilac:<\/strong> en ultraperlemorskimrande silverf\u00e4rg med lila undertoner, perfekt f\u00f6r att \u00f6ppna \u00f6gonen och reflektera ljus, den h\u00e4r nyansen \u00e4r perfekt f\u00f6r alla stora tillf\u00e4llen.<\/p>\n<p><img loading=\"lazy\" decoding=\"async\" class=\"alignnone size-full wp-image-8916\" src=\"\/wp-content\/uploads\/2024\/08\/zao-certificeringer.jpg\" alt=\"\" width=\"479\" height=\"93\" srcset=\"https:\/\/i0.wp.com\/healthyhead.dk\/wp-content\/uploads\/2024\/08\/zao-certificeringer.jpg?w=479&amp;ssl=1 479w, https:\/\/i0.wp.com\/healthyhead.dk\/wp-content\/uploads\/2024\/08\/zao-certificeringer.jpg?resize=300%2C58&amp;ssl=1 300w, https:\/\/i0.wp.com\/healthyhead.dk\/wp-content\/uploads\/2024\/08\/zao-certificeringer.jpg?resize=441%2C86&amp;ssl=1 441w, https:\/\/i0.wp.com\/healthyhead.dk\/wp-content\/uploads\/2024\/08\/zao-certificeringer.jpg?resize=150%2C29&amp;ssl=1 150w\" sizes=\"(max-width: 479px) 100vw, 479px\" \/><\/p>\n<p>[\/cg_accordion]\n[cg_accordion title=\"Tips f\u00f6r anv\u00e4ndning\"]<\/p>\n<ul>\n<li>Applicera en ljus eller medium \u00f6gonskugga \u00f6ver hela \u00f6gonlocket med <strong>Shading brush 704<\/strong>.<\/li>\n<li>V\u00e4lj en m\u00f6rkare nyans f\u00f6r att framh\u00e4va fransraden med <strong>Angled brush 706<\/strong>.<\/li>\n<li>Ljusa upp den inre \u00f6gonvr\u00e5n med en ljus skugga.<\/li>\n<li>Anv\u00e4nd den <strong>mattsvarta \u00f6gonskuggan 206<\/strong> som eyeliner f\u00f6r att dra en fin linje vid basen av de \u00f6vre fransarna.<\/li>\n<li>Applicera n\u00e5gon av ZAO:s mascaror f\u00f6r att full\u00e4nda looken.<\/li>\n<\/ul>\n<p><strong>TIPS:<\/strong> F\u00f6r en mer l\u00e5ngvarig effekt, f\u00f6rbered huden med <strong>Fluid eye primer 258<\/strong> innan du applicerar \u00f6gonskuggor.<\/p>\n<p>[\/cg_accordion]\n[cg_accordion title=\"Ingredienser\"]<\/p>\n<p><strong>Vegetabilisk squalene<\/strong><\/p>\n<p>Vegetabilisk squalen utvinns ur olivolja och \u00e4r ett derivat av squalen, som \u00e4r en naturlig komponent i m\u00e4nskligt hudfett (sebum). Dess utm\u00e4rkta affinitet med huden, p\u00e5 grund av dess likhet med naturliga hudlipider, samt dess mjukg\u00f6rande egenskaper, g\u00f6r den till en idealisk aktiv ingrediens. Den st\u00e4rker hudens hydrolipidiska barri\u00e4r, mjukg\u00f6r huden och skyddar den mot uttorkning.  <\/p>\n<p><strong>Bambupulver<\/strong><\/p>\n<p>Det \u00e4r en vit substans som utvinns ur bambufogar. Tack vare sitt h\u00f6ga inneh\u00e5ll av kiseldioxid remineraliserar det huden, \u00e5terfuktar och bidrar till hudens f\u00f6rnyelse samtidigt som det minskar glans hos kombinerad och fet hud. <\/p>\n<p><b>INCI-lista:<\/b> Mica, Zea Mays (majs)st\u00e4rkelse*, zinkstearat, squalane, silica, bisabolol, lauroyllysin, Theobroma Cacao (kakao)fr\u00f6m\u00f6r*, Ci 77820 (silver), Butyrospermum Parkii (sheasm\u00f6r)*, Macadamia Ternifolia fr\u00f6olja*, Bambusa Arundinacea Stem Powder, Alpha-glucan Oligosaccharide, Olea Europaea (Olive) Leaf Extract, Aqua (Water), Alcohol, Olea Europaea (Olive) Fruit Extract, Zingiber Officinale (Ginger) Root Extract. Kan inneh\u00e5lla +\/-: Ci 77007 (Ultramarines), Ci 77891 (Titanium Dioxide), Ci 77499 (Iron Oxides), Ci 77742 (Manganese Violet), Ci 77492 (Iron Oxides), Ci 77491 (Iron Oxides), Ci 77510 (Ferric Ferrocyanide), Ci 77288 (Chromium Oxide Green). *Ingredienser fr\u00e5n ekologisk odling  <\/p>\n<p>[\/cg_accordion]\n<p>&nbsp;<\/p>\n","protected":false},"featured_media":259235,"template":"","meta":{"_acf_changed":false},"product_brand":[565],"product_cat":[848],"product_tag":[],"class_list":{"0":"post-268030","1":"product","2":"type-product","3":"status-publish","4":"has-post-thumbnail","6":"product_brand-zao","7":"product_cat-oegonskugga","9":"first","10":"instock","11":"taxable","12":"shipping-taxable","13":"purchasable","14":"product-type-simple"},"acf":[],"_links":{"self":[{"href":"https:\/\/healthyhead.dk\/sv\/wp-json\/wp\/v2\/product\/268030","targetHints":{"allow":["GET"]}}],"collection":[{"href":"https:\/\/healthyhead.dk\/sv\/wp-json\/wp\/v2\/product"}],"about":[{"href":"https:\/\/healthyhead.dk\/sv\/wp-json\/wp\/v2\/types\/product"}],"version-history":[{"count":0,"href":"https:\/\/healthyhead.dk\/sv\/wp-json\/wp\/v2\/product\/268030\/revisions"}],"wp:featuredmedia":[{"embeddable":true,"href":"https:\/\/healthyhead.dk\/sv\/wp-json\/wp\/v2\/media\/259235"}],"wp:attachment":[{"href":"https:\/\/healthyhead.dk\/sv\/wp-json\/wp\/v2\/media?parent=268030"}],"wp:term":[{"taxonomy":"product_brand","embeddable":true,"href":"https:\/\/healthyhead.dk\/sv\/wp-json\/wp\/v2\/product_brand?post=268030"},{"taxonomy":"product_cat","embeddable":true,"href":"https:\/\/healthyhead.dk\/sv\/wp-json\/wp\/v2\/product_cat?post=268030"},{"taxonomy":"product_tag","embeddable":true,"href":"https:\/\/healthyhead.dk\/sv\/wp-json\/wp\/v2\/product_tag?post=268030"}],"curies":[{"name":"wp","href":"https:\/\/api.w.org\/{rel}","templated":true}]}}