{"id":268073,"date":"2024-10-11T17:53:20","date_gmt":"2024-10-11T17:53:20","guid":{"rendered":"https:\/\/new.healthyhead.dk\/vare\/zao-okologisk-concealer-3-5-g\/"},"modified":"2025-08-06T18:38:07","modified_gmt":"2025-08-06T18:38:07","slug":"zao-ekologisk-concealer-3-5-g","status":"publish","type":"product","link":"https:\/\/healthyhead.dk\/sv\/produkt\/zao-ekologisk-concealer-3-5-g\/","title":{"rendered":"ZAO, Ekologisk Concealer, 3,5 g"},"content":{"rendered":"","protected":false},"excerpt":{"rendered":"<p><img decoding=\"async\" class=\"\" src=\"\/wp-content\/uploads\/2024\/08\/Ingen-kemi.svg\" alt=\"\" width=\"45\" height=\"45\">Inga hormonst\u00f6rande \u00e4mnen<\/p>\n<p><img decoding=\"async\" class=\"\" src=\"\/wp-content\/uploads\/2024\/08\/Ingen-allergifremkaldende.svg\" alt=\"\" width=\"46\" height=\"46\">Inga allergiframkallande \u00e4mnen<\/p>\n<p><img decoding=\"async\" class=\"\" src=\"\/wp-content\/uploads\/2024\/08\/Ingen-miljoebelastende.svg\" width=\"46\" height=\"46\">Inga milj\u00f6farliga \u00e4mnen<\/p>\n<p><img loading=\"lazy\" decoding=\"async\" class=\"\" src=\"\/wp-content\/uploads\/2024\/08\/indeholder-parfume.svg\" width=\"46\" height=\"46\">Inneh\u00e5ller en mycket liten m\u00e4ngd allergiv\u00e4nlig och 100 % naturlig doft<\/p>\n<p>&nbsp;<\/p>\n[cg_accordion title=\"Produktbeskrivning\" open=\"open\"]<\/p>\n<p>Ekologisk concealer fr\u00e5n franska ZAO. Concealern \u00e4r ett korrigerande stift som hj\u00e4lper dig att t\u00e4cka stora och sm\u00e5 blemmor, m\u00f6rka ringar under \u00f6gonen och f\u00e4rgskillnader i huden. Tack vare inneh\u00e5llet av ekologisk ricinolja och karnaubavax som utvinns ur palmernas blad har concealern en v\u00e5rdande och \u00e5terfuktande effekt p\u00e5 huden.   <\/p>\n<ul>\n<li>Effektivt f\u00f6r att t\u00e4cka stora och sm\u00e5 blemmor<\/li>\n<li>Berikad med <b>ekologisk ricinolja och karnaubavax<\/b> som ger n\u00e4ring och \u00e5terfuktar huden<\/li>\n<li>Fri fr\u00e5n farliga kemikalier<\/li>\n<li>M\u00f6jlighet att <b>fylla p\u00e5 med en refill<\/b><\/li>\n<\/ul>\n<p><img loading=\"lazy\" decoding=\"async\" class=\"alignnone size-full wp-image-8916\" src=\"\/wp-content\/uploads\/2024\/08\/zao-certificeringer.jpg\" alt=\"\" width=\"479\" height=\"93\" srcset=\"https:\/\/i0.wp.com\/healthyhead.dk\/wp-content\/uploads\/2024\/08\/zao-certificeringer.jpg?w=479&amp;ssl=1 479w, https:\/\/i0.wp.com\/healthyhead.dk\/wp-content\/uploads\/2024\/08\/zao-certificeringer.jpg?resize=300%2C58&amp;ssl=1 300w, https:\/\/i0.wp.com\/healthyhead.dk\/wp-content\/uploads\/2024\/08\/zao-certificeringer.jpg?resize=441%2C86&amp;ssl=1 441w, https:\/\/i0.wp.com\/healthyhead.dk\/wp-content\/uploads\/2024\/08\/zao-certificeringer.jpg?resize=150%2C29&amp;ssl=1 150w\" sizes=\"(max-width: 479px) 100vw, 479px\" \/><br \/>\n[\/cg_accordion]\n[cg_accordion title=\"Tips f\u00f6r anv\u00e4ndning\"]<\/p>\n<p>F\u00f6r att minska dina m\u00f6rka ringar, b\u00f6rja fr\u00e5n den inre \u00f6gonvr\u00e5n och r\u00f6r dig mot mitten av \u00f6gat. Str\u00e4ck sedan f\u00f6rsiktigt och gradvis ut materialet med fingret eller Concealer Brush mot utsidan av \u00f6gat. F\u00f6r att korrigera oj\u00e4mnheter, applicera med fingret eller Shading Brush och blanda ut materialet f\u00f6r att j\u00e4mna ut hudtonen. F\u00f6r 494 corrector \u00e4r det b\u00e4st att applicera den f\u00f6re din foundation. F\u00f6r de hudf\u00e4rgade concealers, applicera f\u00f6re en puderfoundation och efter en kr\u00e4mfoundation.    <\/p>\n<ul>\n<li><b>Concealers 491<\/b>: Gul underton (idealisk f\u00f6r lila ringar och\/eller ljus hy)<\/li>\n<li><b>Concealers 492<\/b>: Rosa underton (perfekt f\u00f6r att ge lyster \u00e5t porslinshud)<\/li>\n<li><b>Concealers 493<\/b>: Gul underton (idealisk f\u00f6r lila ringar och\/eller medelh\u00e5rd hy)<\/li>\n<li><b>Concealers 494<\/b>: Orange underton (idealisk f\u00f6r bl\u00e5aktiga ringar och\/eller medium hudtoner)<\/li>\n<li><b>Concealer 499<\/b> anv\u00e4nds f\u00f6r att d\u00f6lja lokala hudrodnader och rosacea.<\/li>\n<\/ul>\n<p>[\/cg_accordion]\n[cg_accordion title=\"Ingredienser\"]<\/p>\n<p><b>Ekologisk ricinolja<\/b><\/p>\n<p>Denna olja \u00e4r intressant eftersom den \u00e4r mjukg\u00f6rande och mjukg\u00f6r huden. Den \u00e4r ocks\u00e5 \u00e5terfuktande, \u00f6kar hudens vatteninneh\u00e5ll och h\u00e5ller den mjuk och smidig. <\/p>\n<p><b>Ekologiskt karnaubavax<\/b><\/p>\n<p>Detta vax, som utvinns ur bladen p\u00e5 en palm som h\u00e4rstammar fr\u00e5n Brasilien, \u00e4r ett filmbildande medel som skyddar huden genom att bilda en kontinuerlig film och f\u00f6rb\u00e4ttrar makeupens livsl\u00e4ngd.<\/p>\n<p><b>Ekologisk bambu-macerat<\/b><\/p>\n<p>Bambumacerat \u00e4r extremt rikt p\u00e5 organisk kiseldioxid, vars externa tillf\u00f6rsel \u00e4r n\u00f6dv\u00e4ndig f\u00f6r att bibeh\u00e5lla elasticiteten i de \u00f6vre lagren av epidermis. Organisk kiseldioxid stimulerar faktiskt processen f\u00f6r kollagenproduktion. <\/p>\n<p><b>INCI-lista:<\/b> Ricinus Communis (Castor) Seed Oil*, C10-18 Triglycerides, Copernicia Cerifera (Carnauba) Cera*, Jojoba Esters, Undecane, Helianthus Annuus (Sunflower) Seed Cera, Silica, Hydroxystearic\/linolenic\/oleic Polyglycerides, Tridecane, Parfum (Doft), Euphorbia Cerifera (Candelilla) Cera, Polyglycerin-3, Acacia Decurrens Flower Cera, Lecithin, Bambusa Arundinacea Stem Powder, Bambusa Arundinacea Stem Extract*, Helianthus Annuus (Sunflower) Seed Oil*, Tocopherol, Ascorbyl Palmitate, Citric Acid. Kan inneh\u00e5lla +\/-: Ci 77891 (titandioxid), Ci 77491 (j\u00e4rnoxider), Ci 77492 (j\u00e4rnoxider), Ci 77499 (j\u00e4rnoxider), Ci 77288 (kromoxidgr\u00f6n). * Ingredienser fr\u00e5n ekologiskt jordbruk.  <\/p>\n<p>[\/cg_accordion]\n<p>&nbsp;<\/p>\n","protected":false},"featured_media":255751,"template":"","meta":{"_acf_changed":false},"product_brand":[565],"product_cat":[821],"product_tag":[],"class_list":{"0":"post-268073","1":"product","2":"type-product","3":"status-publish","4":"has-post-thumbnail","6":"product_brand-zao","7":"product_cat-concealer","9":"first","10":"instock","11":"taxable","12":"shipping-taxable","13":"purchasable","14":"product-type-variable"},"acf":[],"_links":{"self":[{"href":"https:\/\/healthyhead.dk\/sv\/wp-json\/wp\/v2\/product\/268073","targetHints":{"allow":["GET"]}}],"collection":[{"href":"https:\/\/healthyhead.dk\/sv\/wp-json\/wp\/v2\/product"}],"about":[{"href":"https:\/\/healthyhead.dk\/sv\/wp-json\/wp\/v2\/types\/product"}],"version-history":[{"count":0,"href":"https:\/\/healthyhead.dk\/sv\/wp-json\/wp\/v2\/product\/268073\/revisions"}],"wp:featuredmedia":[{"embeddable":true,"href":"https:\/\/healthyhead.dk\/sv\/wp-json\/wp\/v2\/media\/255751"}],"wp:attachment":[{"href":"https:\/\/healthyhead.dk\/sv\/wp-json\/wp\/v2\/media?parent=268073"}],"wp:term":[{"taxonomy":"product_brand","embeddable":true,"href":"https:\/\/healthyhead.dk\/sv\/wp-json\/wp\/v2\/product_brand?post=268073"},{"taxonomy":"product_cat","embeddable":true,"href":"https:\/\/healthyhead.dk\/sv\/wp-json\/wp\/v2\/product_cat?post=268073"},{"taxonomy":"product_tag","embeddable":true,"href":"https:\/\/healthyhead.dk\/sv\/wp-json\/wp\/v2\/product_tag?post=268073"}],"curies":[{"name":"wp","href":"https:\/\/api.w.org\/{rel}","templated":true}]}}