{"id":268091,"date":"2024-08-22T12:33:34","date_gmt":"2024-08-22T12:33:34","guid":{"rendered":"https:\/\/new.healthyhead.dk\/vare\/zao-okologisk-liquid-concealer-7-ml\/"},"modified":"2025-08-07T05:23:39","modified_gmt":"2025-08-07T05:23:39","slug":"zao-ekologisk-liquid-concealer-7-ml","status":"publish","type":"product","link":"https:\/\/healthyhead.dk\/sv\/produkt\/zao-ekologisk-liquid-concealer-7-ml\/","title":{"rendered":"ZAO, Ekologisk Liquid Concealer, 7 ml"},"content":{"rendered":"","protected":false},"excerpt":{"rendered":"<p><img decoding=\"async\" class=\"\" src=\"\/wp-content\/uploads\/2024\/08\/Ingen-kemi.svg\" alt=\"\" width=\"45\" height=\"45\">Inga hormonst\u00f6rande \u00e4mnen<\/p>\n<p><img decoding=\"async\" class=\"\" src=\"\/wp-content\/uploads\/2024\/08\/Ingen-allergifremkaldende.svg\" alt=\"\" width=\"46\" height=\"46\">Inga allergiframkallande \u00e4mnen<\/p>\n<p><img decoding=\"async\" class=\"\" src=\"\/wp-content\/uploads\/2024\/08\/Ingen-miljoebelastende.svg\" width=\"46\" height=\"46\">Inga milj\u00f6farliga \u00e4mnen<\/p>\n<p><img loading=\"lazy\" decoding=\"async\" class=\"\" src=\"\/wp-content\/uploads\/2024\/08\/indeholder-parfume.svg\" width=\"46\" height=\"46\">Inneh\u00e5ller en mycket liten m\u00e4ngd allergiv\u00e4nlig och 100 % naturlig doft<\/p>\n<p>&nbsp;<\/p>\n[cg_accordion title=\"Produktbeskrivning\" open=\"open\"]<\/p>\n<p>Ekologisk och veganskt certifierad flytande concealer fr\u00e5n franska ZAO. Concealern har en sammetslen konsistens och \u00e4r effektiv f\u00f6r att t\u00e4cka stora och sm\u00e5 blemmor, m\u00f6rka ringar under \u00f6gonen och f\u00e4rgskillnader i huden.   <\/p>\n<ul>\n<li>Effektivt f\u00f6r att t\u00e4cka stora och sm\u00e5 blemmor<\/li>\n<li>Berikad med <b>ekologiskt magnoliaextrakt<\/b>, k\u00e4nt f\u00f6r sina antibakteriella, antiinflammatoriska och antioxidativa egenskaper  <\/li>\n<li>Inneh\u00e5ller \u00e4ven <b>ekologisk aloe vera<\/b>, som har en lugnande effekt p\u00e5 huden<\/li>\n<li>Fri fr\u00e5n farliga kemikalier<\/li>\n<li>M\u00f6jlighet att <b>fylla p\u00e5 med en refill<\/b><\/li>\n<\/ul>\n<p><img loading=\"lazy\" decoding=\"async\" src=\"\/wp-content\/uploads\/2024\/08\/zao-certificeringer.jpg\" alt=\"\" width=\"479\" height=\"93\" class=\"alignnone size-full wp-image-8916\" srcset=\"https:\/\/i0.wp.com\/healthyhead.dk\/wp-content\/uploads\/2024\/08\/zao-certificeringer.jpg?w=479&amp;ssl=1 479w, https:\/\/i0.wp.com\/healthyhead.dk\/wp-content\/uploads\/2024\/08\/zao-certificeringer.jpg?resize=300%2C58&amp;ssl=1 300w, https:\/\/i0.wp.com\/healthyhead.dk\/wp-content\/uploads\/2024\/08\/zao-certificeringer.jpg?resize=441%2C86&amp;ssl=1 441w, https:\/\/i0.wp.com\/healthyhead.dk\/wp-content\/uploads\/2024\/08\/zao-certificeringer.jpg?resize=150%2C29&amp;ssl=1 150w\" sizes=\"(max-width: 479px) 100vw, 479px\" \/><br \/>\n[\/cg_accordion]\n[cg_accordion title=\"Tips f\u00f6r anv\u00e4ndning\"]<\/p>\n<ul>\n<li>P\u00e5 ren, torr och \u00e5terfuktad hud, applicera concealer med spetsen i sm\u00e5 prickar runt \u00f6gonkonturen och\/eller m\u00f6rka ringar<\/li>\n<li>  Arbeta in concealern i huden med en torr eller l\u00e4tt fuktad blender-svamp<\/li>\n<li>Det \u00e4r viktigt att v\u00e4lja en nyans som \u00e4r mellan \u00bd och 1 ton ljusare \u00e4n din hudton f\u00f6r att ljusa upp och fylla i m\u00f6rka ringar.<\/li>\n<\/ul>\n<p>[\/cg_accordion]\n[cg_accordion title=\"Ingredienser\"] <b>Magnoliaextrakt:<\/b> Magnoliaextrakt utvinns ur tr\u00e4dets bark. Det har anv\u00e4nts som ett botemedel i \u00e5rhundraden inom traditionell kinesisk medicin p\u00e5 grund av dess antibakteriella, antiinflammatoriska och antioxidativa egenskaper. Detta beror p\u00e5 magnolol och honokiol, aktiva ingredienser som finns i stora m\u00e4ngder i magnoliaextrakt. De bek\u00e4mpar de bakterier som orsakar orenheter i huden. Eftersom de ocks\u00e5 har antioxidativa egenskaper kan de neutralisera fria radikaler som skadar huden till f\u00f6ljd av UV-str\u00e5lar. P\u00e5 s\u00e5 s\u00e4tt f\u00f6rebygger magnoliaextrakt effektivt f\u00f6r tidigt hud\u00e5ldrande.<br \/>\n&nbsp;<br \/>\n<b>Ekologisk Aloe vera:<\/b> Aloe vera \u00e4r k\u00e4nd f\u00f6r sina mjukg\u00f6rande och lugnande egenskaper och reparerar och lugnar den mest k\u00e4nsliga huden. Den \u00e4r en utm\u00e4rkt fuktgivare och kompenserar f\u00f6r hudens vattenf\u00f6rlust.<br \/>\n&nbsp;<br \/>\n<b>INCI-lista:<\/b> Ingrediens flytande Concealer 791 till 796 (F1): Aqua (vatten), Aloe Barbadensis Leaf Juice*, Octyldodecanol, Glycerin**, Butylenglykol, Sucrose Palmitate, Cetearyl Alcohol, Glyceryl Stearate, Potassium Palmitoyl Hydrolysed Wheat Protein, Glyceryl Caprylate, Phyllostachys Nigra Extract*, Oleic \/ Linoleic \/ Linolenic Polyglycerides, Bambusa Arundinacea (bambu) stammextrakt*, Bambusa Arundinacea stampulver, Helianthus Annuus (solros) fr\u00f6olja*, pentylenglykol, natriumstearoylglutamat, xanthangummi, parfym (doft), p-anisinsyra, Magnolia Officinalis barkextrakt, lecitin, tokoferol, askorbylpalmitat, citronsyra, Ci 77820 (silver). Kan inneh\u00e5lla (+\/-): Ci 77891 (titandioxid), Ci 77492 (j\u00e4rnoxider), Ci 77491 (j\u00e4rnoxider), Ci 77499 (j\u00e4rnoxider). *Ingredienser fr\u00e5n ekologiskt jordbruk. ** Bearbetad fr\u00e5n ekologiska ingredienser.   <\/p>\n<p>[\/cg_accordion]\n<p>&nbsp;<\/p>\n","protected":false},"featured_media":253835,"template":"","meta":{"_acf_changed":false},"product_brand":[565],"product_cat":[821],"product_tag":[],"class_list":{"0":"post-268091","1":"product","2":"type-product","3":"status-publish","4":"has-post-thumbnail","6":"product_brand-zao","7":"product_cat-concealer","9":"first","10":"instock","11":"taxable","12":"shipping-taxable","13":"purchasable","14":"product-type-variable"},"acf":[],"_links":{"self":[{"href":"https:\/\/healthyhead.dk\/sv\/wp-json\/wp\/v2\/product\/268091","targetHints":{"allow":["GET"]}}],"collection":[{"href":"https:\/\/healthyhead.dk\/sv\/wp-json\/wp\/v2\/product"}],"about":[{"href":"https:\/\/healthyhead.dk\/sv\/wp-json\/wp\/v2\/types\/product"}],"version-history":[{"count":0,"href":"https:\/\/healthyhead.dk\/sv\/wp-json\/wp\/v2\/product\/268091\/revisions"}],"wp:featuredmedia":[{"embeddable":true,"href":"https:\/\/healthyhead.dk\/sv\/wp-json\/wp\/v2\/media\/253835"}],"wp:attachment":[{"href":"https:\/\/healthyhead.dk\/sv\/wp-json\/wp\/v2\/media?parent=268091"}],"wp:term":[{"taxonomy":"product_brand","embeddable":true,"href":"https:\/\/healthyhead.dk\/sv\/wp-json\/wp\/v2\/product_brand?post=268091"},{"taxonomy":"product_cat","embeddable":true,"href":"https:\/\/healthyhead.dk\/sv\/wp-json\/wp\/v2\/product_cat?post=268091"},{"taxonomy":"product_tag","embeddable":true,"href":"https:\/\/healthyhead.dk\/sv\/wp-json\/wp\/v2\/product_tag?post=268091"}],"curies":[{"name":"wp","href":"https:\/\/api.w.org\/{rel}","templated":true}]}}