{"id":268347,"date":"2025-01-30T11:44:01","date_gmt":"2025-01-30T11:44:01","guid":{"rendered":"https:\/\/new.healthyhead.dk\/vare\/zao-oekologisk-eyebrow-mascara-refill-38-ml\/"},"modified":"2025-08-06T18:02:36","modified_gmt":"2025-08-06T18:02:36","slug":"zao-ekologisk-eyebrow-mascara-refill-38-ml","status":"publish","type":"product","link":"https:\/\/healthyhead.dk\/sv\/produkt\/zao-ekologisk-eyebrow-mascara-refill-38-ml\/","title":{"rendered":"ZAO, Ekologisk Eyebrow Mascara, refill, 3,8 ml"},"content":{"rendered":"","protected":false},"excerpt":{"rendered":"<p><img decoding=\"async\" class=\"\" src=\"\/wp-content\/uploads\/2024\/08\/Ingen-kemi.svg\" alt=\"\" width=\"45\" height=\"45\">Inga hormonst\u00f6rande \u00e4mnen<\/p>\n<p><img decoding=\"async\" class=\"\" src=\"\/wp-content\/uploads\/2024\/08\/Ingen-allergifremkaldende.svg\" alt=\"\" width=\"46\" height=\"46\">Inga allergiframkallande \u00e4mnen<\/p>\n<p><img decoding=\"async\" class=\"\" src=\"\/wp-content\/uploads\/2024\/08\/Ingen-miljoebelastende.svg\" width=\"46\" height=\"46\">Inga milj\u00f6farliga \u00e4mnen<\/p>\n<p><img loading=\"lazy\" decoding=\"async\" class=\"\" src=\"\/wp-content\/uploads\/2024\/08\/Ingen-parfume.svg\" width=\"46\" height=\"46\">Ingen parfym<\/p>\n<p>&nbsp;<\/p>\n[cg_accordion title=\"Produktbeskrivning\" open=\"open\"]<\/p>\n<p>Refill f\u00f6r \u00f6gonbrynsmascara fr\u00e5n ZAO. Genom att anv\u00e4nda refiller sparar du pengar och milj\u00f6n fr\u00e5n on\u00f6diga f\u00f6rpackningar. <\/p>\n<p><img loading=\"lazy\" decoding=\"async\" class=\"alignnone size-full wp-image-8916\" src=\"\/wp-content\/uploads\/2024\/08\/zao-certificeringer.jpg\" alt=\"\" width=\"479\" height=\"93\" srcset=\"https:\/\/i0.wp.com\/healthyhead.dk\/wp-content\/uploads\/2024\/08\/zao-certificeringer.jpg?w=479&amp;ssl=1 479w, https:\/\/i0.wp.com\/healthyhead.dk\/wp-content\/uploads\/2024\/08\/zao-certificeringer.jpg?resize=300%2C58&amp;ssl=1 300w, https:\/\/i0.wp.com\/healthyhead.dk\/wp-content\/uploads\/2024\/08\/zao-certificeringer.jpg?resize=441%2C86&amp;ssl=1 441w, https:\/\/i0.wp.com\/healthyhead.dk\/wp-content\/uploads\/2024\/08\/zao-certificeringer.jpg?resize=150%2C29&amp;ssl=1 150w\" sizes=\"(max-width: 479px) 100vw, 479px\" \/><br \/>\n[\/cg_accordion]\n[cg_accordion title=\"Tips f\u00f6r anv\u00e4ndning\"]<\/p>\n<p>Anv\u00e4nd borsten \u00f6ver \u00f6gonbrynen med l\u00e4tta utj\u00e4mnande r\u00f6relser f\u00f6r att definiera deras form. F\u00f6r mer precision, anv\u00e4nd spetsen p\u00e5 borsten p\u00e5 tunnare omr\u00e5den som till exempel svansen p\u00e5 \u00f6gonbrynen. <\/p>\n<p>[\/cg_accordion]\n[cg_accordion title=\"Ingredienser\"]<\/p>\n<p><b>Ekologisk ricinolja<\/b><\/p>\n<p>Denna olja inneh\u00e5ller en h\u00f6g koncentration av ricinolsyra, en essentiell fettsyra, och omega-9, vilket ger den antibakteriella och svampd\u00f6dande egenskaper. Som ett resultat eliminerar den d\u00f6d hud som kan blockera h\u00e5rs\u00e4ckarna, som \u00e4r ansvariga f\u00f6r att kv\u00e4va h\u00e5ret och begr\u00e4nsa tillv\u00e4xten. Dessutom f\u00f6rb\u00e4ttrar ricinolja blodcirkulationen tack vare dess vitamin E-inneh\u00e5ll, vilket fr\u00e4mjar h\u00e5rv\u00e4xt i h\u00e5rs\u00e4cken. Denna vegetabiliska olja \u00e4r d\u00e4rf\u00f6r effektiv f\u00f6r att \u00e5terfukta, f\u00f6rtjocka och st\u00e4rka h\u00e5ret.   <\/p>\n<p><b>Ekologisk Aloe Vera Juice<\/b><\/p>\n<p>Aloe vera gel \u00e5terfuktar och skyddar h\u00e5rfibrerna, vilket g\u00f6r att \u00f6gonfransarna v\u00e4xer snabbare.<\/p>\n<p><b>INCI-lista:<\/b> Aqua, Aloe Barbadensis Leaf Juice*, Glyceryl Stearate, Caprylic\/capric Tryglyceride**, Oleic \/ Linoleic \/ Linoleic Polyglycerides, Cetearyl Alcohol, Sucrose Palmitate, Pullulan, Glyceryl Rosinate, Ricinus Communis (Castor) Seed Oil*, Potassium Palmitoyl Hydrolysed Wheat Protein, Glyceryl Caprylate, Acacia Senegal Gum, Xantangummi, Pentylenglykol, Natriumstearoyllaktylat, P-anisinsyra, Magnolia Officinalis Bark Extract, Bambusa Arundinacea Stem Powder, Lecitin, Phyllostachys Nigra Extract*, Helianthus Annuus (Sunflower) Seed Oil*, Tokoferol, Ascorbyl Palmitate, Bambusa Arundinacea (Bamboo) Stem Extract*, Citronsyra. Kan inneh\u00e5lla +\/-: Ci 77891 (titandioxid), Ci 77499 (j\u00e4rnoxider), Ci 77492 (j\u00e4rnoxider), Ci 77491 (j\u00e4rnoxider). *Ingredienser fr\u00e5n ekologiskt jordbruk. **Bearbetad av ekologiska ingredienser.<br \/>\n[\/cg_accordion]\n<p>&nbsp;<\/p>\n","protected":false},"featured_media":260351,"template":"","meta":{"_acf_changed":false},"product_brand":[565],"product_cat":[844],"product_tag":[],"class_list":{"0":"post-268347","1":"product","2":"type-product","3":"status-publish","4":"has-post-thumbnail","6":"product_brand-zao","7":"product_cat-oegonbryn","9":"first","10":"instock","11":"taxable","12":"shipping-taxable","13":"purchasable","14":"product-type-variable"},"acf":[],"_links":{"self":[{"href":"https:\/\/healthyhead.dk\/sv\/wp-json\/wp\/v2\/product\/268347","targetHints":{"allow":["GET"]}}],"collection":[{"href":"https:\/\/healthyhead.dk\/sv\/wp-json\/wp\/v2\/product"}],"about":[{"href":"https:\/\/healthyhead.dk\/sv\/wp-json\/wp\/v2\/types\/product"}],"version-history":[{"count":0,"href":"https:\/\/healthyhead.dk\/sv\/wp-json\/wp\/v2\/product\/268347\/revisions"}],"wp:featuredmedia":[{"embeddable":true,"href":"https:\/\/healthyhead.dk\/sv\/wp-json\/wp\/v2\/media\/260351"}],"wp:attachment":[{"href":"https:\/\/healthyhead.dk\/sv\/wp-json\/wp\/v2\/media?parent=268347"}],"wp:term":[{"taxonomy":"product_brand","embeddable":true,"href":"https:\/\/healthyhead.dk\/sv\/wp-json\/wp\/v2\/product_brand?post=268347"},{"taxonomy":"product_cat","embeddable":true,"href":"https:\/\/healthyhead.dk\/sv\/wp-json\/wp\/v2\/product_cat?post=268347"},{"taxonomy":"product_tag","embeddable":true,"href":"https:\/\/healthyhead.dk\/sv\/wp-json\/wp\/v2\/product_tag?post=268347"}],"curies":[{"name":"wp","href":"https:\/\/api.w.org\/{rel}","templated":true}]}}