{"id":268354,"date":"2025-01-30T11:53:45","date_gmt":"2025-01-30T11:53:45","guid":{"rendered":"https:\/\/new.healthyhead.dk\/vare\/zao-oekologisk-eyebrow-fixing-gel-050-refill-38-ml\/"},"modified":"2025-08-06T17:54:35","modified_gmt":"2025-08-06T17:54:35","slug":"zao-ekologiskt-eyebrow-fixing-gel-050-refill-38-ml","status":"publish","type":"product","link":"https:\/\/healthyhead.dk\/sv\/produkt\/zao-ekologiskt-eyebrow-fixing-gel-050-refill-38-ml\/","title":{"rendered":"ZAO, Ekologiskt Eyebrow Fixing Gel 050, Refill, 3,8 ml"},"content":{"rendered":"","protected":false},"excerpt":{"rendered":"<p><img decoding=\"async\" class=\"\" src=\"\/wp-content\/uploads\/2024\/08\/Ingen-kemi.svg\" alt=\"\" width=\"45\" height=\"45\">Inga hormonst\u00f6rande \u00e4mnen<\/p>\n<p><img decoding=\"async\" class=\"\" src=\"\/wp-content\/uploads\/2024\/08\/Ingen-allergifremkaldende.svg\" alt=\"\" width=\"46\" height=\"46\">Inga allergiframkallande \u00e4mnen<\/p>\n<p><img decoding=\"async\" class=\"\" src=\"\/wp-content\/uploads\/2024\/08\/Ingen-miljoebelastende.svg\" width=\"46\" height=\"46\">Inga milj\u00f6farliga \u00e4mnen<\/p>\n<p><img loading=\"lazy\" decoding=\"async\" class=\"\" src=\"\/wp-content\/uploads\/2024\/08\/Ingen-parfume.svg\" width=\"46\" height=\"46\">Ingen parfym<\/p>\n<p>&nbsp;<\/p>\n[cg_accordion title=\"Produktbeskrivning\" open=\"open\"]<\/p>\n<p>Refill f\u00f6r ZAO Organic Eyebrow Fixing Gel. Genom att anv\u00e4nda refiller sparar du pengar och milj\u00f6n fr\u00e5n on\u00f6diga f\u00f6rpackningar. <\/p>\n<p><img loading=\"lazy\" decoding=\"async\" class=\"alignnone size-full wp-image-8916\" src=\"\/wp-content\/uploads\/2024\/08\/zao-certificeringer.jpg\" alt=\"\" width=\"479\" height=\"93\" srcset=\"https:\/\/i0.wp.com\/healthyhead.dk\/wp-content\/uploads\/2024\/08\/zao-certificeringer.jpg?w=479&amp;ssl=1 479w, https:\/\/i0.wp.com\/healthyhead.dk\/wp-content\/uploads\/2024\/08\/zao-certificeringer.jpg?resize=300%2C58&amp;ssl=1 300w, https:\/\/i0.wp.com\/healthyhead.dk\/wp-content\/uploads\/2024\/08\/zao-certificeringer.jpg?resize=441%2C86&amp;ssl=1 441w, https:\/\/i0.wp.com\/healthyhead.dk\/wp-content\/uploads\/2024\/08\/zao-certificeringer.jpg?resize=150%2C29&amp;ssl=1 150w\" sizes=\"(max-width: 479px) 100vw, 479px\" \/><br \/>\n[\/cg_accordion]\n[cg_accordion title=\"Tips f\u00f6r anv\u00e4ndning\"]<\/p>\n<ul>\n<li>Svep borsten l\u00e4ngs \u00f6gonbrynen f\u00f6r att blanda Brow Fixing Gel och definiera deras form.<\/li>\n<li>F\u00f6r mer precision kan du anv\u00e4nda spetsen p\u00e5 borsten p\u00e5 tunna omr\u00e5den som till exempel svansen p\u00e5 \u00f6gonbrynet.<\/li>\n<\/ul>\n<p>[\/cg_accordion]\n[cg_accordion title=\"Ingredienser\"]<\/p>\n<p><b>Extrakt av \u00e4rtskott<\/b><\/p>\n<p>Denna aktiva ingrediens, som framst\u00e4lls av unga \u00e4rtskott, minskar h\u00e5ravfall och stimulerar naturlig h\u00e5rv\u00e4xt fr\u00e5n roten.<\/p>\n<p><b>Ekologisk Aloe Vera Juice<\/b><\/p>\n<p>Aloe vera gel \u00e5terfuktar och skyddar h\u00e5rfibrerna, vilket g\u00f6r att fransarna v\u00e4xer snabbare.<\/p>\n<p><b>INCI-lista:<\/b> Aloe Barbadensis Leaf Juice* ; Aqua (Water) ; Copernicia Cerifera (Carnauba) Wax* ; Caprylic\/capric Triglyceride ; Acacia Senegal Gum* ; Polyglyceryl-6 Distearate ; Glycerin, Glyceryl Behenate ; Sucrose Palmitate ; Argania Spinosa Kernel Oil* ; Behenyl Alcohol ; Simmondsia Chinensis (Jojoba) Seed Oil* ; Bambusa Vulgaris Leaf Extract* ; Helianthus Annuus (Sunflower) Seed Oil ; Sodium Levulinate, Citric Acid, Xanthan Gum, Sodium Anisate, Levulinic Acid, Glyceryl Caprylate, Tocopherol. Kan inneh\u00e5lla +\/-: Ci 77499 (j\u00e4rnoxider), Ci 77491 (j\u00e4rnoxider), Ci 77492 (j\u00e4rnoxider) * Ingredienser fr\u00e5n ekologiskt jordbruk. ** Bearbetad fr\u00e5n ekologiska ingredienser.<br \/>\n[\/cg_accordion]\n<p>&nbsp;<\/p>\n","protected":false},"featured_media":260343,"template":"","meta":{"_acf_changed":false},"product_brand":[565],"product_cat":[844],"product_tag":[],"class_list":{"0":"post-268354","1":"product","2":"type-product","3":"status-publish","4":"has-post-thumbnail","6":"product_brand-zao","7":"product_cat-oegonbryn","9":"first","10":"instock","11":"taxable","12":"shipping-taxable","13":"purchasable","14":"product-type-simple"},"acf":[],"_links":{"self":[{"href":"https:\/\/healthyhead.dk\/sv\/wp-json\/wp\/v2\/product\/268354","targetHints":{"allow":["GET"]}}],"collection":[{"href":"https:\/\/healthyhead.dk\/sv\/wp-json\/wp\/v2\/product"}],"about":[{"href":"https:\/\/healthyhead.dk\/sv\/wp-json\/wp\/v2\/types\/product"}],"version-history":[{"count":0,"href":"https:\/\/healthyhead.dk\/sv\/wp-json\/wp\/v2\/product\/268354\/revisions"}],"wp:featuredmedia":[{"embeddable":true,"href":"https:\/\/healthyhead.dk\/sv\/wp-json\/wp\/v2\/media\/260343"}],"wp:attachment":[{"href":"https:\/\/healthyhead.dk\/sv\/wp-json\/wp\/v2\/media?parent=268354"}],"wp:term":[{"taxonomy":"product_brand","embeddable":true,"href":"https:\/\/healthyhead.dk\/sv\/wp-json\/wp\/v2\/product_brand?post=268354"},{"taxonomy":"product_cat","embeddable":true,"href":"https:\/\/healthyhead.dk\/sv\/wp-json\/wp\/v2\/product_cat?post=268354"},{"taxonomy":"product_tag","embeddable":true,"href":"https:\/\/healthyhead.dk\/sv\/wp-json\/wp\/v2\/product_tag?post=268354"}],"curies":[{"name":"wp","href":"https:\/\/api.w.org\/{rel}","templated":true}]}}