{"id":268371,"date":"2024-12-11T10:06:18","date_gmt":"2024-12-11T10:06:18","guid":{"rendered":"https:\/\/new.healthyhead.dk\/vare\/zao-okologisk-ojenbrynspudder-refill-1-3-g\/"},"modified":"2026-03-17T15:53:17","modified_gmt":"2026-03-17T15:53:17","slug":"zao-ekologiskt-oegonbrynspuder-refill-13-gzao-okologisk-ojenbrynspudder-refill-1-3-g","status":"publish","type":"product","link":"https:\/\/healthyhead.dk\/sv\/produkt\/zao-ekologiskt-oegonbrynspuder-refill-13-gzao-okologisk-ojenbrynspudder-refill-1-3-g\/","title":{"rendered":"ZAO, Ekologiskt \u00d6gonbrynspuder, Refill, 1,3 g"},"content":{"rendered":"","protected":false},"excerpt":{"rendered":"<p><img decoding=\"async\" class=\"\" src=\"\/wp-content\/uploads\/2024\/08\/Ingen-kemi.svg\" alt=\"\" width=\"45\" height=\"45\">Inga hormonst\u00f6rande \u00e4mnen<\/p>\n<p><img decoding=\"async\" class=\"\" src=\"\/wp-content\/uploads\/2024\/08\/Ingen-allergifremkaldende.svg\" alt=\"\" width=\"46\" height=\"46\">Inga allergiframkallande \u00e4mnen<\/p>\n<p><img decoding=\"async\" class=\"\" src=\"\/wp-content\/uploads\/2024\/08\/Ingen-miljoebelastende.svg\" width=\"46\" height=\"46\">Inga milj\u00f6farliga \u00e4mnen<\/p>\n<p><img loading=\"lazy\" decoding=\"async\" class=\"\" src=\"\/wp-content\/uploads\/2024\/08\/Ingen-parfume.svg\" width=\"46\" height=\"46\">Ingen parfym<\/p>\n<p>&nbsp;<\/p>\n[cg_accordion title=\"Produktbeskrivning\" open=\"open\"]<\/p>\n<p>Ekologiskt \u00f6gonbrynspuder fr\u00e5n franska ZAO. \u00d6gonbrynspudret ger struktur och fyllighet till dina \u00f6gonbryn med en ljus och naturlig f\u00e4rg. F\u00f6r att hitta r\u00e4tt f\u00e4rg v\u00e4ljer du helt enkelt samma f\u00e4rg eller en nyans m\u00f6rkare \u00e4n din h\u00e5rf\u00e4rg. Produkten \u00e4r berikad med ekologiskt sheasm\u00f6r och aprikosk\u00e4rnolja, som har n\u00e4rande, \u00e5terfuktande och lugnande egenskaper. Principen f\u00f6r detta \u00f6gonbrynspuder handlar om att fylla p\u00e5 med refiller ist\u00e4llet f\u00f6r att anv\u00e4nda f\u00f6r mycket resurser p\u00e5 f\u00f6rpackningar. Se de smarta bambul\u00e5dorna som du kan anv\u00e4nda till b\u00e5de \u00f6gonbrynspuder och andra refillprodukter fr\u00e5n ZAO l\u00e4ngst ner p\u00e5 sidan.     <\/p>\n<ul>\n<li><b>Ekologiskt och veganskt certifierat<\/b> \u00f6gonbrynspuder<\/li>\n<li>Formel av <b>100% naturligt ursprung<\/b><\/li>\n<li>Berikad med <strong>ekologiskt sheasm\u00f6r och aprikosk\u00e4rnolja<\/strong> som har<strong> n\u00e4rande, \u00e5terfuktande och lugnande egenskaper<\/strong><\/li>\n<li>Anv\u00e4nd med <strong>bambul\u00e5dor<\/strong>, som du hittar l\u00e4ngst ner p\u00e5 sidan<\/li>\n<\/ul>\n<p><img loading=\"lazy\" decoding=\"async\" class=\"alignnone size-full wp-image-8916\" src=\"\/wp-content\/uploads\/2024\/08\/zao-certificeringer.jpg\" alt=\"\" width=\"479\" height=\"93\" srcset=\"https:\/\/i0.wp.com\/healthyhead.dk\/wp-content\/uploads\/2024\/08\/zao-certificeringer.jpg?w=479&amp;ssl=1 479w, https:\/\/i0.wp.com\/healthyhead.dk\/wp-content\/uploads\/2024\/08\/zao-certificeringer.jpg?resize=300%2C58&amp;ssl=1 300w, https:\/\/i0.wp.com\/healthyhead.dk\/wp-content\/uploads\/2024\/08\/zao-certificeringer.jpg?resize=441%2C86&amp;ssl=1 441w, https:\/\/i0.wp.com\/healthyhead.dk\/wp-content\/uploads\/2024\/08\/zao-certificeringer.jpg?resize=150%2C29&amp;ssl=1 150w\" sizes=\"(max-width: 479px) 100vw, 479px\" \/><br \/>\n[\/cg_accordion]\n[cg_accordion title=\"Tips f\u00f6r anv\u00e4ndning\"]<\/p>\n<div class=\"flex-shrink-0 flex flex-col relative items-end\">\n<div>\n<div class=\"pt-0\">\n<div class=\"gizmo-bot-avatar flex h-8 w-8 items-center justify-center overflow-hidden rounded-full\">\n<div class=\"relative p-1 rounded-sm flex items-center justify-center bg-token-main-surface-primary text-token-text-primary h-8 w-8\"><\/div>\n<\/div>\n<\/div>\n<\/div>\n<\/div>\n<div class=\"group\/conversation-turn relative flex w-full min-w-0 flex-col agent-turn\">\n<div class=\"flex-col gap-1 md:gap-3\">\n<div class=\"flex max-w-full flex-col flex-grow\">\n<div class=\"min-h-8 text-message flex w-full flex-col items-end gap-2 whitespace-normal break-words text-start [.text-message+&amp;]:mt-5\" dir=\"auto\" data-message-author-role=\"assistant\" data-message-id=\"5d4e6536-7e0f-4916-804d-06a02cc56ae9\" data-message-model-slug=\"gpt-4o\">\n<div class=\"flex w-full flex-col gap-1 empty:hidden first:pt-[3px]\">\n<div class=\"markdown prose w-full break-words dark:prose-invert light\">\n<p><strong>Colour 260:<\/strong> F\u00f6r blonda \u00f6gonbryn.<br \/>\n<strong>Colour 261:<\/strong> F\u00f6r ljusbruna och r\u00f6dbruna \u00f6gonbryn.<br \/>\n<strong>F\u00e4rg 262:<\/strong> F\u00f6r bruna \u00f6gonbryn.<\/p>\n<p>\u00d6gonbrynspulver anv\u00e4nds tillsammans med Duo Brush 712. Borsta \u00f6gonbrynen med borsten. Fyll i eventuella oj\u00e4mnheter i \u00f6gonbrynen med \u00f6gonbrynspuder med hj\u00e4lp av den fasade sidan av borsten. Anv\u00e4nd sedan flaskborsten igen f\u00f6r att ta bort \u00f6verfl\u00f6digt material och ge \u00f6gonbrynen en naturlig form.   <\/p>\n<\/div>\n<\/div>\n<\/div>\n<\/div>\n<\/div>\n<\/div>\n<p>[\/cg_accordion]\n[cg_accordion title=\"Ingredienser\"]<\/p>\n<div class=\"draggable no-draggable-children sticky top-0 p-3 mb-1.5 flex items-center justify-between z-10 h-header-height font-semibold bg-token-main-surface-primary max-md:hidden\">\n<div class=\"gap-2 flex items-center pr-1 leading-[0]\">\n<div class=\"flex w-full items-center justify-center gap-1.5\">Aktie<\/div>\n<div class=\"flex items-center justify-center overflow-hidden rounded-full\">\n<div class=\"relative flex\"><img loading=\"lazy\" decoding=\"async\" class=\"rounded-sm\" src=\"https:\/\/lh3.googleusercontent.com\/a\/AEdFTp6EoEBiUIO-wzSKet_RE6VUVvrKAhJipfkB2M-q=s96-c\" alt=\"Anv\u00e4ndare\" width=\"32\" height=\"32\"><\/div>\n<\/div>\n<\/div>\n<\/div>\n<article class=\"w-full scroll-mb-[var(--thread-trailing-height,150px)] text-token-text-primary focus-visible:outline-2 focus-visible:outline-offset-[-4px]\" dir=\"auto\" data-testid=\"conversation-turn-2\" data-scroll-anchor=\"false\">\n<h5 class=\"sr-only\">Du sa det:<\/h5>\n<div class=\"m-auto text-base py-[18px] px-3 md:px-4 w-full md:px-5 lg:px-4 xl:px-5\">\n<div class=\"mx-auto flex flex-1 gap-4 text-base md:gap-5 lg:gap-6 md:max-w-3xl lg:max-w-[40rem] xl:max-w-[48rem]\">\n<div class=\"group\/conversation-turn relative flex w-full min-w-0 flex-col\">\n<div class=\"flex-col gap-1 md:gap-3\">\n<div class=\"flex max-w-full flex-col flex-grow\">\n<div class=\"min-h-8 text-message flex w-full flex-col items-end gap-2 whitespace-normal break-words text-start [.text-message+&amp;]:mt-5\" dir=\"auto\" data-message-author-role=\"user\" data-message-id=\"aaa2affe-6c49-4938-b754-8fb273699248\">\n<div class=\"flex w-full flex-col gap-1 empty:hidden items-end rtl:items-start\">\n<div class=\"relative max-w-[var(--user-chat-width,70%)] rounded-3xl bg-token-message-surface px-5 py-2.5\">\n<div class=\"whitespace-pre-wrap\">\u00d6vers\u00e4tt n\u00e4sta sak jag infogar till danska<\/div>\n<div class=\"absolute bottom-0 right-full top-0 -mr-3.5 hidden pr-5 pt-1 [.group\/conversation-turn:hover_&amp;]:block\"><\/div>\n<\/div>\n<\/div>\n<\/div>\n<\/div>\n<\/div>\n<\/div>\n<\/div>\n<\/div>\n<\/article>\n<article class=\"w-full scroll-mb-[var(--thread-trailing-height,150px)] text-token-text-primary focus-visible:outline-2 focus-visible:outline-offset-[-4px]\" dir=\"auto\" data-testid=\"conversation-turn-3\" data-scroll-anchor=\"false\">\n<h6 class=\"sr-only\">ChatGPT sa:<\/h6>\n<div class=\"m-auto text-base py-[18px] px-3 md:px-4 w-full md:px-5 lg:px-4 xl:px-5\">\n<div class=\"mx-auto flex flex-1 gap-4 text-base md:gap-5 lg:gap-6 md:max-w-3xl lg:max-w-[40rem] xl:max-w-[48rem]\">\n<div class=\"flex-shrink-0 flex flex-col relative items-end\">\n<div>\n<div class=\"pt-0\">\n<div class=\"gizmo-bot-avatar flex h-8 w-8 items-center justify-center overflow-hidden rounded-full\">\n<div class=\"relative p-1 rounded-sm flex items-center justify-center bg-token-main-surface-primary text-token-text-primary h-8 w-8\">ChattGPT<\/div>\n<\/div>\n<\/div>\n<\/div>\n<\/div>\n<div class=\"group\/conversation-turn relative flex w-full min-w-0 flex-col agent-turn\">\n<div class=\"flex-col gap-1 md:gap-3\">\n<div class=\"flex max-w-full flex-col flex-grow\">\n<div class=\"min-h-8 text-message flex w-full flex-col items-end gap-2 whitespace-normal break-words text-start [.text-message+&amp;]:mt-5\" dir=\"auto\" data-message-author-role=\"assistant\" data-message-id=\"28b718d9-163c-44a7-98e3-fcb4bda06e27\" data-message-model-slug=\"gpt-4o\">\n<div class=\"flex w-full flex-col gap-1 empty:hidden first:pt-[3px]\">\n<div class=\"markdown prose w-full break-words dark:prose-invert light\">\n<p>Det \u00e4r klart att du kan! Skriv in texten s\u00e5 \u00f6vers\u00e4tter jag den till danska. <\/p>\n<\/div>\n<\/div>\n<\/div>\n<\/div>\n<div class=\"mb-2 flex gap-3 empty:hidden -ml-2\">\n<div class=\"items-center justify-start rounded-xl p-1 z-10 -mt-1 bg-token-main-surface-primary md:absolute md:sr-only\">\n<div class=\"flex items-center\">\n<p>&nbsp;<\/p>\n<div class=\"flex\"><\/div>\n<div class=\"flex items-center pb-0\"><span class=\"overflow-hidden text-clip whitespace-nowrap text-sm\">4o<\/span><\/div>\n<\/div>\n<\/div>\n<\/div>\n<div class=\"pr-2 lg:pr-0\"><\/div>\n<\/div>\n<\/div>\n<\/div>\n<\/div>\n<\/article>\n<article class=\"w-full scroll-mb-[var(--thread-trailing-height,150px)] text-token-text-primary focus-visible:outline-2 focus-visible:outline-offset-[-4px]\" dir=\"auto\" data-testid=\"conversation-turn-4\" data-scroll-anchor=\"false\">\n<h5 class=\"sr-only\">Du sa det:<\/h5>\n<div class=\"m-auto text-base py-[18px] px-3 md:px-4 w-full md:px-5 lg:px-4 xl:px-5\">\n<div class=\"mx-auto flex flex-1 gap-4 text-base md:gap-5 lg:gap-6 md:max-w-3xl lg:max-w-[40rem] xl:max-w-[48rem]\">\n<div class=\"group\/conversation-turn relative flex w-full min-w-0 flex-col\">\n<div class=\"flex-col gap-1 md:gap-3\">\n<div class=\"flex max-w-full flex-col flex-grow\">\n<div class=\"min-h-8 text-message flex w-full flex-col items-end gap-2 whitespace-normal break-words text-start [.text-message+&amp;]:mt-5\" dir=\"auto\" data-message-author-role=\"user\" data-message-id=\"aaa244c5-5015-4e22-8560-33e656f58e7f\">\n<div class=\"flex w-full flex-col gap-1 empty:hidden items-end rtl:items-start\">\n<div class=\"relative max-w-[var(--user-chat-width,70%)] rounded-3xl bg-token-message-surface px-5 py-2.5\">\n<div class=\"whitespace-pre-wrap\">Ekologisk majsst\u00e4rkelse Den ekologiska majsst\u00e4rkelsen \u00e4r ett vegetabiliskt st\u00f6d som ger b\u00e4ttre vidh\u00e4ftning av pudret p\u00e5 huden och d\u00e4rmed b\u00e4ttre h\u00e5llfasthet f\u00f6r sminket. Det underl\u00e4ttar dispersionen av pigment och hj\u00e4lper p\u00e5 s\u00e5 s\u00e4tt till att h\u00e5lla skuggan j\u00e4mn p\u00e5 huden. Bambupulver Det \u00e4r en vit substans som utvinns ur bambuns leder. Tack vare sin h\u00f6ga kiselinneh\u00e5ll remineraliserar, \u00e5terfuktar och bidrar till hudens f\u00f6rnyelse samtidigt som det minskar glansen hos blandhy och fet hy. Ekologiskt sheasm\u00f6r Sheasm\u00f6r utvinns ur shean\u00f6tter, ett tr\u00e4d som bara v\u00e4xer i naturen p\u00e5 savannerna i V\u00e4stafrika. Dess sammans\u00e4ttning rik p\u00e5 fettsyror ger den \u00e5terfuktande och n\u00e4rande egenskaper. Aprikosfr\u00f6olja Denna olja \u00e4r rik p\u00e5 oljesyra, vitamin A och E. F\u00f6rutom att den \u00e4r n\u00e4rande och lugnande ger den huden en boost. Den \u00e4r regenererande och \u00e5terfuktande och hj\u00e4lper till att f\u00f6rdr\u00f6ja effekterna av \u00e5ldrande.       <\/div>\n<div class=\"absolute bottom-0 right-full top-0 -mr-3.5 hidden pr-5 pt-1 [.group\/conversation-turn:hover_&amp;]:block\"><\/div>\n<\/div>\n<\/div>\n<\/div>\n<\/div>\n<\/div>\n<\/div>\n<\/div>\n<\/div>\n<\/article>\n<article class=\"w-full scroll-mb-[var(--thread-trailing-height,150px)] text-token-text-primary focus-visible:outline-2 focus-visible:outline-offset-[-4px]\" dir=\"auto\" data-testid=\"conversation-turn-5\" data-scroll-anchor=\"false\">\n<h6 class=\"sr-only\">ChatGPT sa:<\/h6>\n<div class=\"m-auto text-base py-[18px] px-3 md:px-4 w-full md:px-5 lg:px-4 xl:px-5\">\n<div class=\"mx-auto flex flex-1 gap-4 text-base md:gap-5 lg:gap-6 md:max-w-3xl lg:max-w-[40rem] xl:max-w-[48rem]\">\n<div class=\"flex-shrink-0 flex flex-col relative items-end\">\n<div>\n<div class=\"pt-0\">\n<div class=\"gizmo-bot-avatar flex h-8 w-8 items-center justify-center overflow-hidden rounded-full\">\n<div class=\"relative p-1 rounded-sm flex items-center justify-center bg-token-main-surface-primary text-token-text-primary h-8 w-8\">ChattGPT<\/div>\n<\/div>\n<\/div>\n<\/div>\n<\/div>\n<div class=\"group\/conversation-turn relative flex w-full min-w-0 flex-col agent-turn\">\n<div class=\"flex-col gap-1 md:gap-3\">\n<div class=\"flex max-w-full flex-col flex-grow\">\n<div class=\"min-h-8 text-message flex w-full flex-col items-end gap-2 whitespace-normal break-words text-start [.text-message+&amp;]:mt-5\" dir=\"auto\" data-message-author-role=\"assistant\" data-message-id=\"c8758bec-2acb-4243-b358-a56d68cfbc9a\" data-message-model-slug=\"gpt-4o\">\n<div class=\"flex w-full flex-col gap-1 empty:hidden first:pt-[3px]\">\n<div class=\"markdown prose w-full break-words dark:prose-invert light\">\n<p>Organisk <strong>majsst\u00e4rkelse<\/strong><br \/>\nOrganisk majsst\u00e4rkelse fungerar som ett vegetabiliskt st\u00f6delement som f\u00f6rb\u00e4ttrar pudrets vidh\u00e4ftning till huden och d\u00e4rmed s\u00e4kerst\u00e4ller en b\u00e4ttre h\u00e5llbarhet hos sminket. Den underl\u00e4ttar f\u00f6rdelningen av pigmenten och bidrar d\u00e4rmed till en j\u00e4mn f\u00e4rg p\u00e5 huden. <\/p>\n<p><strong>Bambupulver<\/strong><br \/>\nBambupulver \u00e4r en vit substans som utvinns ur bambuleder. Tack vare sin h\u00f6ga kiselinneh\u00e5ll remineraliserar, \u00e5terfuktar och hj\u00e4lper det till att regenerera huden samtidigt som det minskar glans p\u00e5 kombinerad och fet hud. <\/p>\n<p><strong>Ekologiskt sheasm\u00f6r<\/strong><br \/>\nSheasm\u00f6r utvinns ur shean\u00f6ten, som kommer fr\u00e5n ett tr\u00e4d som bara v\u00e4xer vilt p\u00e5 savannerna i V\u00e4stafrika. Det \u00e4r rikt p\u00e5 fettsyror, vilket ger det \u00e5terfuktande och n\u00e4rande egenskaper. <\/p>\n<p><strong>Apricot Kernel Oil<\/strong><br \/>\nDenna olja \u00e4r rik p\u00e5 oljesyra, vitamin A och E. F\u00f6rutom att den \u00e4r n\u00e4rande och lugnande ger den huden en energikick. Den \u00e4r regenererande och \u00e5terfuktande och hj\u00e4lper till att f\u00f6rdr\u00f6ja \u00e5lderstecken. <\/p>\n<\/div>\n<\/div>\n<\/div>\n<\/div>\n<\/div>\n<\/div>\n<\/div>\n<\/div>\n<\/article>\n<p><b>INCI-lista:<\/b> Glimmer, zea mays (majsst\u00e4rkelse)*, kiseldioxid, squalan, zinkstearat, glycerylkaprylat, tokoferol, bambusa arundinacea stampulver, helianthus annuus (solros)fr\u00f6olja*, butyrospermum parkii (sheasm\u00f6r)*, prunus armeniaca (aprikosk\u00e4rnolja)*, persea gratissima (avokadoolja)*, pongamia glabra fr\u00f6olja, macadamia ternifolia fr\u00f6olja*, bambusa arundinacea (bambu) stj\u00e4lkextrakt*, ci 77820 (silver). Kan inneh\u00e5lla +\/-: ci 77891 (titandioxid), ci 77491 (j\u00e4rnoxider), ci 77492 (j\u00e4rnoxider), ci 77499 (j\u00e4rnoxider). * ingredienser fr\u00e5n ekologiskt jordbruk.  <\/p>\n<p>[\/cg_accordion]\n","protected":false},"featured_media":258711,"template":"","meta":{"_acf_changed":false},"product_brand":[565],"product_cat":[844],"product_tag":[],"class_list":{"0":"post-268371","1":"product","2":"type-product","3":"status-publish","4":"has-post-thumbnail","6":"product_brand-zao","7":"product_cat-oegonbryn","9":"first","10":"instock","11":"taxable","12":"shipping-taxable","13":"purchasable","14":"product-type-variable"},"acf":[],"_links":{"self":[{"href":"https:\/\/healthyhead.dk\/sv\/wp-json\/wp\/v2\/product\/268371","targetHints":{"allow":["GET"]}}],"collection":[{"href":"https:\/\/healthyhead.dk\/sv\/wp-json\/wp\/v2\/product"}],"about":[{"href":"https:\/\/healthyhead.dk\/sv\/wp-json\/wp\/v2\/types\/product"}],"version-history":[{"count":0,"href":"https:\/\/healthyhead.dk\/sv\/wp-json\/wp\/v2\/product\/268371\/revisions"}],"wp:featuredmedia":[{"embeddable":true,"href":"https:\/\/healthyhead.dk\/sv\/wp-json\/wp\/v2\/media\/258711"}],"wp:attachment":[{"href":"https:\/\/healthyhead.dk\/sv\/wp-json\/wp\/v2\/media?parent=268371"}],"wp:term":[{"taxonomy":"product_brand","embeddable":true,"href":"https:\/\/healthyhead.dk\/sv\/wp-json\/wp\/v2\/product_brand?post=268371"},{"taxonomy":"product_cat","embeddable":true,"href":"https:\/\/healthyhead.dk\/sv\/wp-json\/wp\/v2\/product_cat?post=268371"},{"taxonomy":"product_tag","embeddable":true,"href":"https:\/\/healthyhead.dk\/sv\/wp-json\/wp\/v2\/product_tag?post=268371"}],"curies":[{"name":"wp","href":"https:\/\/api.w.org\/{rel}","templated":true}]}}