{"id":268433,"date":"2024-10-11T16:15:00","date_gmt":"2024-10-11T16:15:00","guid":{"rendered":"https:\/\/new.healthyhead.dk\/vare\/zao-okologisk-eyeliner-med-filtspids-38-ml\/"},"modified":"2025-08-13T10:46:39","modified_gmt":"2025-08-13T10:46:39","slug":"zao-ekologisk-eyeliner-med-filtspets","status":"publish","type":"product","link":"https:\/\/healthyhead.dk\/sv\/produkt\/zao-ekologisk-eyeliner-med-filtspets\/","title":{"rendered":"ZAO, Ekologisk Eyeliner, med filtspets, 3,8 ml"},"content":{"rendered":"","protected":false},"excerpt":{"rendered":"<p><img decoding=\"async\" class=\"\" src=\"\/wp-content\/uploads\/2024\/08\/Ingen-kemi.svg\" alt=\"\" width=\"45\" height=\"45\">Inga hormonst\u00f6rande \u00e4mnen<\/p>\n<p><img decoding=\"async\" class=\"\" src=\"\/wp-content\/uploads\/2024\/08\/Ingen-allergifremkaldende.svg\" alt=\"\" width=\"46\" height=\"46\">Inga allergiframkallande \u00e4mnen<\/p>\n<p><img decoding=\"async\" class=\"\" src=\"\/wp-content\/uploads\/2024\/08\/Ingen-miljoebelastende.svg\" width=\"46\" height=\"46\">Inga milj\u00f6farliga \u00e4mnen<\/p>\n<p><img loading=\"lazy\" decoding=\"async\" class=\"\" src=\"\/wp-content\/uploads\/2024\/08\/Ingen-parfume.svg\" width=\"46\" height=\"46\">Ingen parfym<\/p>\n<p>&nbsp;<\/p>\n[cg_accordion title=\"Produktbeskrivning\" open=\"open\"]<\/p>\n<p>Eyeliner fr\u00e5n ZAO ger en intensiv och l\u00e5ngvarig makeup. Formulan inneh\u00e5ller ekologisk aloe vera gel som skyddar och v\u00e5rdar k\u00e4nsliga \u00f6gon. Den n\u00e5got bredare filtspetsen p\u00e5 eyelinern \u00e4r perfekt f\u00f6r cateye. Formulan \u00e4r 100% naturlig, ekologisk och veganskt certifierad.   <\/p>\n<ul>\n<li><b>Ekologisk och veganskt<\/b> certifierad eyeliner<\/li>\n<li>Berikad med <b>aloe vera<\/b><\/li>\n<li>Skyddar och v\u00e5rdar <b>k\u00e4nsliga \u00f6gon<\/b><\/li>\n<li>Perfekt f\u00f6r <b>cateye-\u00f6gon<\/b><\/li>\n<li>Fri fr\u00e5n farliga kemikalier<\/li>\n<li>M\u00f6jlighet att <b>fylla p\u00e5 med en refill<\/b><\/li>\n<\/ul>\n<p><img loading=\"lazy\" decoding=\"async\" class=\"alignnone size-full wp-image-8916\" src=\"\/wp-content\/uploads\/2024\/08\/zao-certificeringer.jpg\" alt=\"\" width=\"479\" height=\"93\" srcset=\"https:\/\/i0.wp.com\/healthyhead.dk\/wp-content\/uploads\/2024\/08\/zao-certificeringer.jpg?w=479&amp;ssl=1 479w, https:\/\/i0.wp.com\/healthyhead.dk\/wp-content\/uploads\/2024\/08\/zao-certificeringer.jpg?resize=300%2C58&amp;ssl=1 300w, https:\/\/i0.wp.com\/healthyhead.dk\/wp-content\/uploads\/2024\/08\/zao-certificeringer.jpg?resize=441%2C86&amp;ssl=1 441w, https:\/\/i0.wp.com\/healthyhead.dk\/wp-content\/uploads\/2024\/08\/zao-certificeringer.jpg?resize=150%2C29&amp;ssl=1 150w\" sizes=\"(max-width: 479px) 100vw, 479px\" \/><br \/>\n[\/cg_accordion]\n[cg_accordion title=\"Tips f\u00f6r anv\u00e4ndning\"]<\/p>\n<ul>\n<li>Skaka f\u00f6re anv\u00e4ndning.<\/li>\n<li>F\u00f6r att l\u00e4ttare komma \u00e5t fransraden, st\u00e4ng \u00f6gat och dra f\u00f6rsiktigt huden upp\u00e5t vid \u00f6gonbrynet med ett finger.<\/li>\n<li>B\u00f6rja i mitten av \u00f6gat och dra linjen ut\u00e5t och sedan in\u00e5t f\u00f6r att f\u00e5 en perfekt linje.<\/li>\n<li>Tips: P\u00e5 ett litet \u00f6gonlock \u00e4r det b\u00e4ttre med en tunn linje. Ju h\u00f6gre det r\u00f6rliga \u00f6gonlocket \u00e4r, desto bredare kan linjen vara. <\/li>\n<\/ul>\n<p>[\/cg_accordion]\n[cg_accordion title=\"Ingredienser\"]<\/p>\n<p><b>Ekologisk aloe vera juice:<\/b><br \/>\nEkologisk aloe vera juice \u00e4r k\u00e4nd f\u00f6r sina lugnande egenskaper och reparerar och lindrar de mest k\u00e4nsliga \u00f6gonomr\u00e5dena.<\/p>\n<p>Organic <b>Bamboo Hydrosol:<\/b><br \/>\nOrganic Bamboo Hydrosol \u00e4r rik p\u00e5 organisk kiseldioxid och \u00e4r k\u00e4nd f\u00f6r sina \u00e5terfuktande och regenererande egenskaper.<br \/>\nDenna externa tillf\u00f6rsel \u00e4r n\u00f6dv\u00e4ndig f\u00f6r att bibeh\u00e5lla hudens elasticitet och v\u00e4vnadens h\u00e4lsa.<\/p>\n<p><b>Ekologiskt sheasm\u00f6r:<\/b><br \/>\nSheasm\u00f6r utvinns ur frukterna fr\u00e5n sheatr\u00e4det, som bara v\u00e4xer vilt i de skogskl\u00e4dda savannerna i V\u00e4stafrika. Dess fettsyrasammans\u00e4ttning ger det \u00e5terfuktande och n\u00e4rande egenskaper. Det rekommenderas som en l\u00e4kande, UV-skyddande och lugnande ingrediens.  <\/p>\n<p><b>INCI-lista:<\/b> Aloe Barbadensis Leaf Juice*, Glycerin, Sucrose Palmitate, Aqua (vatten), Phenethyl Alcohol, Bambusa Vulgaris Leaf Extract*, Sclerotium Gum, Xanthan Gum, Sodium Hydroxide, Glyceryl Caprylate. Kan inneh\u00e5lla +\/-: Ci 77491 (j\u00e4rnoxider), Ci 77492 (j\u00e4rnoxider), Ci 77499 (j\u00e4rnoxider). *Ingredienser fr\u00e5n ekologiskt jordbruk.<br \/>\n[\/cg_accordion]\n<p>&nbsp;<\/p>\n","protected":false},"featured_media":255699,"template":"","meta":{"_acf_changed":false},"product_brand":[565],"product_cat":[517],"product_tag":[],"class_list":{"0":"post-268433","1":"product","2":"type-product","3":"status-publish","4":"has-post-thumbnail","6":"product_brand-zao","7":"product_cat-eyeliner","9":"first","10":"instock","11":"taxable","12":"shipping-taxable","13":"purchasable","14":"product-type-variable","15":"has-default-attributes"},"acf":[],"_links":{"self":[{"href":"https:\/\/healthyhead.dk\/sv\/wp-json\/wp\/v2\/product\/268433","targetHints":{"allow":["GET"]}}],"collection":[{"href":"https:\/\/healthyhead.dk\/sv\/wp-json\/wp\/v2\/product"}],"about":[{"href":"https:\/\/healthyhead.dk\/sv\/wp-json\/wp\/v2\/types\/product"}],"version-history":[{"count":0,"href":"https:\/\/healthyhead.dk\/sv\/wp-json\/wp\/v2\/product\/268433\/revisions"}],"wp:featuredmedia":[{"embeddable":true,"href":"https:\/\/healthyhead.dk\/sv\/wp-json\/wp\/v2\/media\/255699"}],"wp:attachment":[{"href":"https:\/\/healthyhead.dk\/sv\/wp-json\/wp\/v2\/media?parent=268433"}],"wp:term":[{"taxonomy":"product_brand","embeddable":true,"href":"https:\/\/healthyhead.dk\/sv\/wp-json\/wp\/v2\/product_brand?post=268433"},{"taxonomy":"product_cat","embeddable":true,"href":"https:\/\/healthyhead.dk\/sv\/wp-json\/wp\/v2\/product_cat?post=268433"},{"taxonomy":"product_tag","embeddable":true,"href":"https:\/\/healthyhead.dk\/sv\/wp-json\/wp\/v2\/product_tag?post=268433"}],"curies":[{"name":"wp","href":"https:\/\/api.w.org\/{rel}","templated":true}]}}