{"id":268596,"date":"2025-06-07T09:50:45","date_gmt":"2025-06-07T09:50:45","guid":{"rendered":"https:\/\/new.healthyhead.dk\/vare\/zao-oekologisk-velvet-mascara-refill-7-ml\/"},"modified":"2025-08-13T12:14:23","modified_gmt":"2025-08-13T12:14:23","slug":"zao-organic-velvet-mascara-refill-7-ml","status":"publish","type":"product","link":"https:\/\/healthyhead.dk\/sv\/produkt\/zao-organic-velvet-mascara-refill-7-ml\/","title":{"rendered":"ZAO, Ekologisk Velvet Mascara, Refill, 7 ml"},"content":{"rendered":"","protected":false},"excerpt":{"rendered":"<p><img decoding=\"async\" class=\"\" src=\"\/wp-content\/uploads\/2024\/08\/Ingen-kemi.svg\" alt=\"\" width=\"45\" height=\"45\">Inga hormonst\u00f6rande \u00e4mnen<\/p>\n<p><img decoding=\"async\" class=\"\" src=\"\/wp-content\/uploads\/2024\/08\/Ingen-allergifremkaldende.svg\" alt=\"\" width=\"46\" height=\"46\">Inga allergiframkallande \u00e4mnen<\/p>\n<p><img decoding=\"async\" class=\"\" src=\"\/wp-content\/uploads\/2024\/08\/Ingen-miljoebelastende.svg\" width=\"46\" height=\"46\">Certifierad ekologisk<\/p>\n<p><img loading=\"lazy\" decoding=\"async\" class=\"\" src=\"\/wp-content\/uploads\/2024\/08\/Ingen-parfume.svg\" width=\"46\" height=\"46\">Ingen parfym<\/p>\n<p>&nbsp;<\/p>\n[cg_accordion title=\"Produktbeskrivning\" open=\"open\"]<\/p>\n<p>Refill till ekologisk Velvet mascara fr\u00e5n ZAO. Genom att anv\u00e4nda refiller sparar du pengar och milj\u00f6n fr\u00e5n on\u00f6diga f\u00f6rpackningar.<br \/>\n<img loading=\"lazy\" decoding=\"async\" class=\"alignnone size-full wp-image-8916\" src=\"\/wp-content\/uploads\/2024\/08\/zao-certificeringer.jpg\" alt=\"\" width=\"479\" height=\"93\" srcset=\"https:\/\/i0.wp.com\/healthyhead.dk\/wp-content\/uploads\/2024\/08\/zao-certificeringer.jpg?w=479&amp;ssl=1 479w, https:\/\/i0.wp.com\/healthyhead.dk\/wp-content\/uploads\/2024\/08\/zao-certificeringer.jpg?resize=300%2C58&amp;ssl=1 300w, https:\/\/i0.wp.com\/healthyhead.dk\/wp-content\/uploads\/2024\/08\/zao-certificeringer.jpg?resize=441%2C86&amp;ssl=1 441w, https:\/\/i0.wp.com\/healthyhead.dk\/wp-content\/uploads\/2024\/08\/zao-certificeringer.jpg?resize=150%2C29&amp;ssl=1 150w\" sizes=\"(max-width: 479px) 100vw, 479px\" \/><br \/>\n[\/cg_accordion]\n[cg_accordion title=\"Tips f\u00f6r anv\u00e4ndning\"]<\/p>\n<ul>\n<li>B\u00f6rja vid fransraden och f\u00f6r borsten i sm\u00e5 sicksackr\u00f6relser upp mot topparna f\u00f6r att f\u00e5nga och separera fransarna.<\/li>\n<li>F\u00f6r extra volym, applicera ett andra lager n\u00e4r det f\u00f6rsta \u00e4r torrt.<\/li>\n<li>Undvik att pumpa in borsten i beh\u00e5llaren &#8211; det tillf\u00f6r luft och kan torka ut produkten.<\/li>\n<\/ul>\n<p>[\/cg_accordion]\n[cg_accordion title=\"Ingredienser\"]<\/p>\n<p><b>Ekologisk aloe vera<\/b><br \/>\nLugnar och \u00e5terfuktar &#8211; perfekt f\u00f6r k\u00e4nsliga \u00f6gonpartier.<\/p>\n<p><b>Ekologisk arganolja<\/b><br \/>\nRik p\u00e5 vitamin E och essentiella fettsyror &#8211; st\u00e4rker och ger n\u00e4ring \u00e5t fransarna.<\/p>\n<p><b>Ekologiskt Linden Flower Extract<\/b><br \/>\n\u00c5terfuktar och bildar en skyddande film som ger mjuka, smidiga fransar och hj\u00e4lper till att \u00f6ka volymen.<\/p>\n<p><b>INCI-lista:<\/b><br \/>\nAloe Barbadensis Leaf Juice*, Aqua (vatten), Copernicia Cerifera (Carnauba) Cera*, Caprylic\/Capric Triglyceride, Glycerin, Acacia Senegal Gum*, Polyglyceryl-6 Distearate, Glyceryl Behenate, Sucrose Palmitate, Cellulose, Argania Spinosa Kernel Oil*, Behenyl Alcohol, Simmondsia Chinensis (Jojoba) Seed Oil*, Bambusa Vulgaris Leaf Extract*, Helianthus Annuus (Sunflower) Seed Oil, Tocopherol, Tilia Tomentosa Bud Extract*, Sodium Levulinate, Citric Acid, Xanthan Gum, Levulinic Acid, Sodium Anisate, Glyceryl Caprylate, Phenethyl Alcohol, CI 77820.<br \/>\nKan inneh\u00e5lla (+\/-): CI 77499, CI 77491, CI 77492 (j\u00e4rnoxider).<br \/>\n*Ingredienser fr\u00e5n ekologiskt jordbruk.<\/p>\n<p>[\/cg_accordion]\n<p>&nbsp;<\/p>\n","protected":false},"featured_media":261635,"template":"","meta":{"_acf_changed":false},"product_brand":[565],"product_cat":[584],"product_tag":[],"class_list":{"0":"post-268596","1":"product","2":"type-product","3":"status-publish","4":"has-post-thumbnail","6":"product_brand-zao","7":"product_cat-mascara","9":"first","10":"instock","11":"taxable","12":"shipping-taxable","13":"purchasable","14":"product-type-variable","15":"has-default-attributes"},"acf":[],"_links":{"self":[{"href":"https:\/\/healthyhead.dk\/sv\/wp-json\/wp\/v2\/product\/268596","targetHints":{"allow":["GET"]}}],"collection":[{"href":"https:\/\/healthyhead.dk\/sv\/wp-json\/wp\/v2\/product"}],"about":[{"href":"https:\/\/healthyhead.dk\/sv\/wp-json\/wp\/v2\/types\/product"}],"version-history":[{"count":0,"href":"https:\/\/healthyhead.dk\/sv\/wp-json\/wp\/v2\/product\/268596\/revisions"}],"wp:featuredmedia":[{"embeddable":true,"href":"https:\/\/healthyhead.dk\/sv\/wp-json\/wp\/v2\/media\/261635"}],"wp:attachment":[{"href":"https:\/\/healthyhead.dk\/sv\/wp-json\/wp\/v2\/media?parent=268596"}],"wp:term":[{"taxonomy":"product_brand","embeddable":true,"href":"https:\/\/healthyhead.dk\/sv\/wp-json\/wp\/v2\/product_brand?post=268596"},{"taxonomy":"product_cat","embeddable":true,"href":"https:\/\/healthyhead.dk\/sv\/wp-json\/wp\/v2\/product_cat?post=268596"},{"taxonomy":"product_tag","embeddable":true,"href":"https:\/\/healthyhead.dk\/sv\/wp-json\/wp\/v2\/product_tag?post=268596"}],"curies":[{"name":"wp","href":"https:\/\/api.w.org\/{rel}","templated":true}]}}