{"id":268624,"date":"2025-06-05T14:56:09","date_gmt":"2025-06-05T14:56:09","guid":{"rendered":"https:\/\/new.healthyhead.dk\/vare\/zao-oekologisk-velvet-mascara-7-ml\/"},"modified":"2025-08-07T11:27:33","modified_gmt":"2025-08-07T11:27:33","slug":"zao-ekologisk-velvet-mascara-7-ml","status":"publish","type":"product","link":"https:\/\/healthyhead.dk\/sv\/produkt\/zao-ekologisk-velvet-mascara-7-ml\/","title":{"rendered":"ZAO, Ekologisk Velvet Mascara, 7 ml"},"content":{"rendered":"","protected":false},"excerpt":{"rendered":"<p><img decoding=\"async\" class=\"\" src=\"\/wp-content\/uploads\/2024\/08\/Ingen-kemi.svg\" alt=\"\" width=\"45\" height=\"45\">Inga hormonst\u00f6rande \u00e4mnen<\/p>\n<p><img decoding=\"async\" class=\"\" src=\"\/wp-content\/uploads\/2024\/08\/Ingen-allergifremkaldende.svg\" alt=\"\" width=\"46\" height=\"46\">Inga allergiframkallande \u00e4mnen<\/p>\n<p><img decoding=\"async\" class=\"\" src=\"\/wp-content\/uploads\/2024\/08\/Ingen-miljoebelastende.svg\" width=\"46\" height=\"46\">Certifierad ekologisk<\/p>\n<p><img loading=\"lazy\" decoding=\"async\" class=\"\" src=\"\/wp-content\/uploads\/2024\/08\/Ingen-parfume.svg\" width=\"46\" height=\"46\">Ingen parfym<\/p>\n<p>&nbsp;<\/p>\n[cg_accordion title=\"Produktbeskrivning\" open=\"open\"]<\/p>\n<p>ZAO Velvet Mascara \u00e4r gjord f\u00f6r dig som vill ha vackra, fylliga fransar &#8211; utan att kompromissa med h\u00e4lsa och h\u00e5llbarhet. Mascaran har en kr\u00e4mig konsistens och en multil\u00e5ng silikonborste som f\u00e5ngar upp \u00e4ven de finaste fransarna f\u00f6r volym, l\u00e4ngd och definition. Den \u00e4r certifierad ekologisk, 100% naturlig och vegansk.  <\/p>\n<p>Formulan \u00e4r berikad med n\u00e4rande och skyddande ingredienser som aloe vera, arganolja och lindblomsextrakt &#8211; perfekt f\u00f6r \u00e4ven de mest k\u00e4nsliga \u00f6gonen.<\/p>\n<ul>\n<li><b>Ekologisk och veganskt<\/b> certifierad mascara<\/li>\n<li>L\u00e4mplig f\u00f6r <b>k\u00e4nsliga \u00f6gon och kontaktlinsb\u00e4rare<\/b><\/li>\n<li><b>Silikonborste<\/b> som separerar och ger textur \u00e5t fransarna<\/li>\n<li><b>Naturliga v\u00e4xtextrakt<\/b> ger n\u00e4ring och skydd<\/li>\n<li><b>\u00c5terfyllningsbar bambubeh\u00e5llare<\/b> minimerar avfall<\/li>\n<li><b>Fri fr\u00e5n parfym, syntetiska kemikalier och mikroplaster<\/b><\/li>\n<\/ul>\n<p><img loading=\"lazy\" decoding=\"async\" class=\"alignnone size-full wp-image-8916\" src=\"\/wp-content\/uploads\/2024\/08\/zao-certificeringer.jpg\" alt=\"\" width=\"479\" height=\"93\" srcset=\"https:\/\/i0.wp.com\/healthyhead.dk\/wp-content\/uploads\/2024\/08\/zao-certificeringer.jpg?w=479&amp;ssl=1 479w, https:\/\/i0.wp.com\/healthyhead.dk\/wp-content\/uploads\/2024\/08\/zao-certificeringer.jpg?resize=300%2C58&amp;ssl=1 300w, https:\/\/i0.wp.com\/healthyhead.dk\/wp-content\/uploads\/2024\/08\/zao-certificeringer.jpg?resize=441%2C86&amp;ssl=1 441w, https:\/\/i0.wp.com\/healthyhead.dk\/wp-content\/uploads\/2024\/08\/zao-certificeringer.jpg?resize=150%2C29&amp;ssl=1 150w\" sizes=\"(max-width: 479px) 100vw, 479px\" \/><br \/>\n[\/cg_accordion]\n[cg_accordion title=\"Tips f\u00f6r anv\u00e4ndning\"]<\/p>\n<ul>\n<li>B\u00f6rja vid fransraden och f\u00f6r borsten i sm\u00e5 sicksackr\u00f6relser upp mot topparna f\u00f6r att f\u00e5nga och separera fransarna.<\/li>\n<li>F\u00f6r extra volym, applicera ett andra lager n\u00e4r det f\u00f6rsta \u00e4r torrt.<\/li>\n<li>Undvik att pumpa in borsten i beh\u00e5llaren &#8211; det tillf\u00f6r luft och kan torka ut produkten.<\/li>\n<\/ul>\n<p>[\/cg_accordion]\n[cg_accordion title=\"Ingredienser\"]<\/p>\n<p><b>Ekologisk aloe vera<\/b><br \/>\nLugnar och \u00e5terfuktar &#8211; perfekt f\u00f6r k\u00e4nsliga \u00f6gonpartier.<\/p>\n<p><b>Ekologisk arganolja<\/b><br \/>\nRik p\u00e5 vitamin E och essentiella fettsyror &#8211; st\u00e4rker och ger n\u00e4ring \u00e5t fransarna.<\/p>\n<p><b>Ekologiskt Linden Flower Extract<\/b><br \/>\n\u00c5terfuktar och bildar en skyddande film som ger mjuka, smidiga fransar och hj\u00e4lper till att \u00f6ka volymen.<\/p>\n<p><b>INCI-lista:<\/b><br \/>\nAloe Barbadensis Leaf Juice*, Aqua (vatten), Copernicia Cerifera (Carnauba) Cera*, Caprylic\/Capric Triglyceride, Glycerin, Acacia Senegal Gum*, Polyglyceryl-6 Distearate, Glyceryl Behenate, Sucrose Palmitate, Cellulose, Argania Spinosa Kernel Oil*, Behenyl Alcohol, Simmondsia Chinensis (Jojoba) Seed Oil*, Bambusa Vulgaris Leaf Extract*, Helianthus Annuus (Sunflower) Seed Oil, Tocopherol, Tilia Tomentosa Bud Extract*, Sodium Levulinate, Citric Acid, Xanthan Gum, Levulinic Acid, Sodium Anisate, Glyceryl Caprylate, Phenethyl Alcohol, CI 77820.<br \/>\nKan inneh\u00e5lla (+\/-): CI 77499, CI 77491, CI 77492 (j\u00e4rnoxider).<br \/>\n*Ingredienser fr\u00e5n ekologiskt jordbruk.<\/p>\n<p>[\/cg_accordion]\n<p>&nbsp;<\/p>\n","protected":false},"featured_media":261583,"template":"","meta":{"_acf_changed":false},"product_brand":[565],"product_cat":[584],"product_tag":[],"class_list":{"0":"post-268624","1":"product","2":"type-product","3":"status-publish","4":"has-post-thumbnail","6":"product_brand-zao","7":"product_cat-mascara","9":"first","10":"instock","11":"taxable","12":"shipping-taxable","13":"purchasable","14":"product-type-variable","15":"has-default-attributes"},"acf":[],"_links":{"self":[{"href":"https:\/\/healthyhead.dk\/sv\/wp-json\/wp\/v2\/product\/268624","targetHints":{"allow":["GET"]}}],"collection":[{"href":"https:\/\/healthyhead.dk\/sv\/wp-json\/wp\/v2\/product"}],"about":[{"href":"https:\/\/healthyhead.dk\/sv\/wp-json\/wp\/v2\/types\/product"}],"version-history":[{"count":0,"href":"https:\/\/healthyhead.dk\/sv\/wp-json\/wp\/v2\/product\/268624\/revisions"}],"wp:featuredmedia":[{"embeddable":true,"href":"https:\/\/healthyhead.dk\/sv\/wp-json\/wp\/v2\/media\/261583"}],"wp:attachment":[{"href":"https:\/\/healthyhead.dk\/sv\/wp-json\/wp\/v2\/media?parent=268624"}],"wp:term":[{"taxonomy":"product_brand","embeddable":true,"href":"https:\/\/healthyhead.dk\/sv\/wp-json\/wp\/v2\/product_brand?post=268624"},{"taxonomy":"product_cat","embeddable":true,"href":"https:\/\/healthyhead.dk\/sv\/wp-json\/wp\/v2\/product_cat?post=268624"},{"taxonomy":"product_tag","embeddable":true,"href":"https:\/\/healthyhead.dk\/sv\/wp-json\/wp\/v2\/product_tag?post=268624"}],"curies":[{"name":"wp","href":"https:\/\/api.w.org\/{rel}","templated":true}]}}