{"id":268639,"date":"2025-06-04T17:58:29","date_gmt":"2025-06-04T17:58:29","guid":{"rendered":"https:\/\/new.healthyhead.dk\/vare\/zao-vegansk-daring-mascara-7-ml\/"},"modified":"2025-08-07T11:19:08","modified_gmt":"2025-08-07T11:19:08","slug":"zao-vegan-daring-mascara-7-ml","status":"publish","type":"product","link":"https:\/\/healthyhead.dk\/sv\/produkt\/zao-vegan-daring-mascara-7-ml\/","title":{"rendered":"ZAO, Vegan Daring Mascara, 7 ml"},"content":{"rendered":"","protected":false},"excerpt":{"rendered":"<p><img decoding=\"async\" class=\"\" src=\"\/wp-content\/uploads\/2024\/08\/Ingen-kemi.svg\" alt=\"\" width=\"45\" height=\"45\">Inga hormonst\u00f6rande \u00e4mnen<\/p>\n<p><img decoding=\"async\" class=\"\" src=\"\/wp-content\/uploads\/2024\/08\/Ingen-allergifremkaldende.svg\" alt=\"\" width=\"46\" height=\"46\">Inga allergiframkallande \u00e4mnen<\/p>\n<p><img decoding=\"async\" class=\"\" src=\"\/wp-content\/uploads\/2024\/08\/Ingen-miljoebelastende.svg\" width=\"46\" height=\"46\">Inga milj\u00f6farliga \u00e4mnen<\/p>\n<p><img loading=\"lazy\" decoding=\"async\" class=\"\" src=\"\/wp-content\/uploads\/2024\/08\/Ingen-parfume.svg\" width=\"46\" height=\"46\">Ingen parfym<\/p>\n<p>&nbsp;<\/p>\n[cg_accordion title=\"Produktbeskrivning\" open=\"open\"]<\/p>\n<p>F\u00e5 fransar med fyllighet och intensitet med ZAO Daring Volume Mascara &#8211; en vegansk mascara som best\u00e5r av 98,91% ingredienser av naturligt ursprung. Mascaran har en b\u00f6jd nylonborste som effektivt separerar och lyfter fransarna samtidigt som formulan med ekologisk bambuhydrosol och karnaubavax v\u00e5rdar och skyddar. L\u00e4mplig f\u00f6r daglig anv\u00e4ndning och bra f\u00f6r k\u00e4nsliga \u00f6gon. Levereras i en vacker, milj\u00f6v\u00e4nlig bambubeh\u00e5llare och kan fyllas p\u00e5 med en refill.   <\/p>\n<ul>\n<li><b>Vegansk mascara<\/b> med 98,91% naturliga ingredienser<\/li>\n<li>Inneh\u00e5ller <b>bambuhydrosol<\/b> och <b>karnaubavax<\/b> f\u00f6r att st\u00e4rka och f\u00f6rnya fransarna p\u00e5 ett naturligt s\u00e4tt<\/li>\n<li>L\u00e4mplig f\u00f6r <b>k\u00e4nsliga \u00f6gon<\/b><\/li>\n<li>B\u00f6jd borste f\u00f6r <b>volym och separation<\/b><\/li>\n<li><b>Fri fr\u00e5n parfym<\/b> och problematiska kemikalier<\/li>\n<li>Kan <b>fyllas p\u00e5 om och om igen med refill<\/b><\/li>\n<\/ul>\n<p><img loading=\"lazy\" decoding=\"async\" class=\"alignnone size-full wp-image-8916\" src=\"\/wp-content\/uploads\/2024\/08\/zao-certificeringer.jpg\" alt=\"\" width=\"479\" height=\"93\" srcset=\"https:\/\/i0.wp.com\/healthyhead.dk\/wp-content\/uploads\/2024\/08\/zao-certificeringer.jpg?w=479&amp;ssl=1 479w, https:\/\/i0.wp.com\/healthyhead.dk\/wp-content\/uploads\/2024\/08\/zao-certificeringer.jpg?resize=300%2C58&amp;ssl=1 300w, https:\/\/i0.wp.com\/healthyhead.dk\/wp-content\/uploads\/2024\/08\/zao-certificeringer.jpg?resize=441%2C86&amp;ssl=1 441w, https:\/\/i0.wp.com\/healthyhead.dk\/wp-content\/uploads\/2024\/08\/zao-certificeringer.jpg?resize=150%2C29&amp;ssl=1 150w\" sizes=\"(max-width: 479px) 100vw, 479px\" \/><br \/>\n[\/cg_accordion]\n[cg_accordion title=\"Tips f\u00f6r anv\u00e4ndning\"]<\/p>\n<ul>\n<li>Applicera mascara genom att h\u00e5lla borsten horisontellt n\u00e4ra fransraden och f\u00f6ra den i sm\u00e5 sicksackr\u00f6relser upp mot topparna.<\/li>\n<li>F\u00f6r extra intensitet, applicera ett andra lager n\u00e4r det f\u00f6rsta \u00e4r torrt.<\/li>\n<li>Om borsten \u00e4r f\u00f6r full, torka bort \u00f6verfl\u00f6dig produkt med en pappersbit &#8211; inte vid tubens kant.<\/li>\n<\/ul>\n<p>[\/cg_accordion]\n[cg_accordion title=\"Ingredienser\"]<\/p>\n<p><b>Bamboo Hydrosol<\/b><br \/>\nRik p\u00e5 kiseldioxid, som st\u00e4rker och f\u00f6rnyar fransarna naturligt.<\/p>\n<p><b>Carnaubavax<\/b><br \/>\nBildar en skyddande film och ger god h\u00e5llbarhet och struktur.<\/p>\n<p><b>Acacia gum<\/b><br \/>\nFungerar som ett naturligt bindemedel och f\u00f6rb\u00e4ttrar produktens h\u00e5llbarhet.<\/p>\n<p><b>INCI-lista:<\/b> Aqua (vatten), Bambusa Vulgaris Leaf Extract*, CI 77499 (j\u00e4rnoxider), Acacia Senegal Gum*, Copernicia Cerifera (Carnauba) Wax*, Glycerin**, Cera Alba (bivax)*, mikrokristallin cellulosa, cellulosagummi, bensylalkohol, dehydro\u00e4ttiksyra, natriumhydroxid, kaliumsorbat.<br \/>\n* Ingredienser fr\u00e5n ekologiskt jordbruk<br \/>\n** Tillverkad av ekologiska ingredienser  <\/p>\n<p>[\/cg_accordion]\n<p>&nbsp;<\/p>\n","protected":false},"featured_media":261531,"template":"","meta":{"_acf_changed":false},"product_brand":[565],"product_cat":[584],"product_tag":[],"class_list":{"0":"post-268639","1":"product","2":"type-product","3":"status-publish","4":"has-post-thumbnail","6":"product_brand-zao","7":"product_cat-mascara","9":"first","10":"instock","11":"taxable","12":"shipping-taxable","13":"purchasable","14":"product-type-variable","15":"has-default-attributes"},"acf":[],"_links":{"self":[{"href":"https:\/\/healthyhead.dk\/sv\/wp-json\/wp\/v2\/product\/268639","targetHints":{"allow":["GET"]}}],"collection":[{"href":"https:\/\/healthyhead.dk\/sv\/wp-json\/wp\/v2\/product"}],"about":[{"href":"https:\/\/healthyhead.dk\/sv\/wp-json\/wp\/v2\/types\/product"}],"version-history":[{"count":0,"href":"https:\/\/healthyhead.dk\/sv\/wp-json\/wp\/v2\/product\/268639\/revisions"}],"wp:featuredmedia":[{"embeddable":true,"href":"https:\/\/healthyhead.dk\/sv\/wp-json\/wp\/v2\/media\/261531"}],"wp:attachment":[{"href":"https:\/\/healthyhead.dk\/sv\/wp-json\/wp\/v2\/media?parent=268639"}],"wp:term":[{"taxonomy":"product_brand","embeddable":true,"href":"https:\/\/healthyhead.dk\/sv\/wp-json\/wp\/v2\/product_brand?post=268639"},{"taxonomy":"product_cat","embeddable":true,"href":"https:\/\/healthyhead.dk\/sv\/wp-json\/wp\/v2\/product_cat?post=268639"},{"taxonomy":"product_tag","embeddable":true,"href":"https:\/\/healthyhead.dk\/sv\/wp-json\/wp\/v2\/product_tag?post=268639"}],"curies":[{"name":"wp","href":"https:\/\/api.w.org\/{rel}","templated":true}]}}