{"id":268652,"date":"2024-12-14T16:56:33","date_gmt":"2024-12-14T16:56:33","guid":{"rendered":"https:\/\/new.healthyhead.dk\/vare\/zao-okologisk-volume-mascara-aloe-vera-refill-7ml\/"},"modified":"2025-09-06T13:57:15","modified_gmt":"2025-09-06T13:57:15","slug":"zao-okologisk-volume-mascara-aloe-vera-refill-7ml","status":"publish","type":"product","link":"https:\/\/healthyhead.dk\/sv\/produkt\/zao-okologisk-volume-mascara-aloe-vera-refill-7ml\/","title":{"rendered":"ZAO, Ekologisk Volume Mascara Aloe Vera, Refill, 7 ml"},"content":{"rendered":"","protected":false},"excerpt":{"rendered":"<p><img decoding=\"async\" class=\"\" src=\"\/wp-content\/uploads\/2024\/08\/Ingen-kemi.svg\" alt=\"\" width=\"45\" height=\"45\">Inga hormonst\u00f6rande \u00e4mnen<\/p>\n<p><img decoding=\"async\" class=\"\" src=\"\/wp-content\/uploads\/2024\/08\/Ingen-allergifremkaldende.svg\" alt=\"\" width=\"46\" height=\"46\">Inga allergiframkallande \u00e4mnen<\/p>\n<p><img decoding=\"async\" class=\"\" src=\"\/wp-content\/uploads\/2024\/08\/Ingen-miljoebelastende.svg\" width=\"46\" height=\"46\">Inga milj\u00f6farliga \u00e4mnen<\/p>\n<p><img loading=\"lazy\" decoding=\"async\" class=\"\" src=\"\/wp-content\/uploads\/2024\/08\/Ingen-parfume.svg\" width=\"46\" height=\"46\">Ingen parfym<\/p>\n<p>&nbsp;<\/p>\n[cg_accordion title=\"Produktbeskrivning\" open=\"open\"]<\/p>\n<p>Refill till ekologisk Aloe Vera mascara fr\u00e5n ZAO. Genom att anv\u00e4nda refiller sparar du pengar och milj\u00f6n fr\u00e5n on\u00f6diga f\u00f6rpackningar. <\/p>\n<p><img loading=\"lazy\" decoding=\"async\" class=\"alignnone size-full wp-image-8916\" src=\"\/wp-content\/uploads\/2024\/08\/zao-certificeringer.jpg\" alt=\"\" width=\"479\" height=\"93\" srcset=\"https:\/\/i0.wp.com\/healthyhead.dk\/wp-content\/uploads\/2024\/08\/zao-certificeringer.jpg?w=479&amp;ssl=1 479w, https:\/\/i0.wp.com\/healthyhead.dk\/wp-content\/uploads\/2024\/08\/zao-certificeringer.jpg?resize=300%2C58&amp;ssl=1 300w, https:\/\/i0.wp.com\/healthyhead.dk\/wp-content\/uploads\/2024\/08\/zao-certificeringer.jpg?resize=441%2C86&amp;ssl=1 441w, https:\/\/i0.wp.com\/healthyhead.dk\/wp-content\/uploads\/2024\/08\/zao-certificeringer.jpg?resize=150%2C29&amp;ssl=1 150w\" sizes=\"(max-width: 479px) 100vw, 479px\" \/><br \/>\n[\/cg_accordion]\n[cg_accordion title=\"Tips f\u00f6r anv\u00e4ndning\"]<\/p>\n<ul>\n<li>Arbeta f\u00f6rst med de \u00f6vre \u00f6gonfransarna genom att h\u00e5lla borsten horisontellt n\u00e4rmare roten och sedan g\u00e5 upp\u00e5t i en sicksackr\u00f6relse. Fokusera p\u00e5 den yttre delen f\u00f6r att f\u00f6rstora \u00f6gat eller p\u00e5 mitten f\u00f6r en mer \u00f6ppen look. <\/li>\n<li>Om borsten \u00e4r f\u00f6r full, ta bort \u00f6verfl\u00f6dig mascara med en bit papper, men inte vid kanten av tuben.<\/li>\n<\/ul>\n<p>[\/cg_accordion]\n[cg_accordion title=\"Ingredienser\"]<\/p>\n<p><b>Ekologisk aloe vera gel<\/b><\/p>\n<p>Den ekologiska aloe vera-gelen \u00e4r k\u00e4nd f\u00f6r sina lugnande egenskaper och reparerar och lindrar det mest k\u00e4nsliga \u00f6gonomr\u00e5det.<\/p>\n<p><b>Gummi av akacia<\/b><\/p>\n<p>Acacia gum, \u00e4ven kallat gummi arabicum, h\u00e4rr\u00f6r fr\u00e5n hartset som uts\u00f6ndras av Acacia Senegal-tr\u00e4det och anv\u00e4nds som ett lim f\u00f6r att f\u00f6rb\u00e4ttra h\u00e5llbarheten hos Zao Make-Up eyeliner.<\/p>\n<p><b>Ekologiskt sheasm\u00f6r<\/b><\/p>\n<p>Sheasm\u00f6r utvinns ur shean\u00f6tter, ett tr\u00e4d som bara v\u00e4xer vilt p\u00e5 savannerna i V\u00e4stafrika. Dess sammans\u00e4ttning, rik p\u00e5 fettsyror, ger det \u00e5terfuktande och n\u00e4rande egenskaper. <\/p>\n<p><b>INCI-lista:<\/b> Aloe Barbadensis Leaf Juice* ; Aqua (Water) ; Copernicia Cerifera (Carnauba) Wax* ; Caprylic\/capric Triglyceride ; Acacia Senegal Gum* ; Polyglyceryl-6 Distearate ; Glycerin, Glyceryl Behenate ; Sucrose Palmitate ; Argania Spinosa Kernel Oil* ; Behenyl Alcohol ; Simmondsia Chinensis (Jojoba) Seed Oil* ; Bambusa Vulgaris Leaf Extract* ; Helianthus Annuus (Sunflower) Seed Oil ; Sodium Levulinate, Citric Acid, Xanthan Gum, Sodium Anisate, Levulinic Acid, Glyceryl Caprylate, Tocopherol. Kan inneh\u00e5lla +\/-: Ci 77499 (j\u00e4rnoxider), Ci 77491 (j\u00e4rnoxider), Ci 77492 (j\u00e4rnoxider) * Ingredienser fr\u00e5n ekologiskt jordbruk. ** Bearbetad fr\u00e5n ekologiska ingredienser.<br \/>\n[\/cg_accordion]\n","protected":false},"featured_media":258807,"template":"","meta":{"_acf_changed":false},"product_brand":[565],"product_cat":[584],"product_tag":[],"class_list":{"0":"post-268652","1":"product","2":"type-product","3":"status-publish","4":"has-post-thumbnail","6":"product_brand-zao","7":"product_cat-mascara","9":"first","10":"instock","11":"taxable","12":"shipping-taxable","13":"purchasable","14":"product-type-variable"},"acf":[],"_links":{"self":[{"href":"https:\/\/healthyhead.dk\/sv\/wp-json\/wp\/v2\/product\/268652","targetHints":{"allow":["GET"]}}],"collection":[{"href":"https:\/\/healthyhead.dk\/sv\/wp-json\/wp\/v2\/product"}],"about":[{"href":"https:\/\/healthyhead.dk\/sv\/wp-json\/wp\/v2\/types\/product"}],"version-history":[{"count":0,"href":"https:\/\/healthyhead.dk\/sv\/wp-json\/wp\/v2\/product\/268652\/revisions"}],"wp:featuredmedia":[{"embeddable":true,"href":"https:\/\/healthyhead.dk\/sv\/wp-json\/wp\/v2\/media\/258807"}],"wp:attachment":[{"href":"https:\/\/healthyhead.dk\/sv\/wp-json\/wp\/v2\/media?parent=268652"}],"wp:term":[{"taxonomy":"product_brand","embeddable":true,"href":"https:\/\/healthyhead.dk\/sv\/wp-json\/wp\/v2\/product_brand?post=268652"},{"taxonomy":"product_cat","embeddable":true,"href":"https:\/\/healthyhead.dk\/sv\/wp-json\/wp\/v2\/product_cat?post=268652"},{"taxonomy":"product_tag","embeddable":true,"href":"https:\/\/healthyhead.dk\/sv\/wp-json\/wp\/v2\/product_tag?post=268652"}],"curies":[{"name":"wp","href":"https:\/\/api.w.org\/{rel}","templated":true}]}}