{"id":268664,"date":"2024-10-12T15:09:13","date_gmt":"2024-10-12T15:09:13","guid":{"rendered":"https:\/\/new.healthyhead.dk\/vare\/zao-okologisk-volume-mascara-aloe-vera-7ml\/"},"modified":"2025-08-07T11:14:45","modified_gmt":"2025-08-07T11:14:45","slug":"zao-ekologisk-volume-mascara-aloe-vera-7-ml","status":"publish","type":"product","link":"https:\/\/healthyhead.dk\/sv\/produkt\/zao-ekologisk-volume-mascara-aloe-vera-7-ml\/","title":{"rendered":"ZAO, Ekologisk Volume Mascara Aloe Vera, 7 ml"},"content":{"rendered":"","protected":false},"excerpt":{"rendered":"<p><img decoding=\"async\" class=\"\" src=\"\/wp-content\/uploads\/2024\/08\/Ingen-kemi.svg\" alt=\"\" width=\"45\" height=\"45\">Inga hormonst\u00f6rande \u00e4mnen<\/p>\n<p><img decoding=\"async\" class=\"\" src=\"\/wp-content\/uploads\/2024\/08\/Ingen-allergifremkaldende.svg\" alt=\"\" width=\"46\" height=\"46\">Inga allergiframkallande \u00e4mnen<\/p>\n<p><img decoding=\"async\" class=\"\" src=\"\/wp-content\/uploads\/2024\/08\/Ingen-miljoebelastende.svg\" width=\"46\" height=\"46\">Inga milj\u00f6farliga \u00e4mnen<\/p>\n<p><img loading=\"lazy\" decoding=\"async\" class=\"\" src=\"\/wp-content\/uploads\/2024\/08\/Ingen-parfume.svg\" width=\"46\" height=\"46\">Ingen parfym<\/p>\n<p>&nbsp;<\/p>\n[cg_accordion title=\"Produktbeskrivning\" open=\"open\"]<\/p>\n<p>Ekologisk volymmascara fr\u00e5n franska ZAO i en vacker och milj\u00f6v\u00e4nlig bambubeh\u00e5llare. Denna mascara inneh\u00e5ller aloe vera, vilket g\u00f6r den l\u00e4mplig f\u00f6r daglig anv\u00e4ndning, \u00e4ven om du har k\u00e4nsliga \u00f6gon. Den kan sitta p\u00e5 hela dagen utan att klia eller irritera \u00f6gat. Den medf\u00f6ljande borsten \u00e4r utformad f\u00f6r att ge extra volym, och mascaran inneh\u00e5ller veteprotein f\u00f6r att st\u00e4rka dina fransar.   <\/p>\n<ul>\n<li><b>Ekologisk och vegansk<\/b> mascara<\/li>\n<li>Berikad med <b>ekologisk aloe vera<\/b><\/li>\n<li>L\u00e4mplig f\u00f6r <b>daglig anv\u00e4ndning<\/b> &#8211; kan sitta hela dagen utan att klia eller irritera \u00f6gat<\/li>\n<li><b>Bra f\u00f6r begynnande och k\u00e4nsliga \u00f6gon<\/b><\/li>\n<li>Baserat p\u00e5 <b>100% naturliga ingredienser<\/b><\/li>\n<li><b>Fri fr\u00e5n parfym<\/b> och riskabla kemikalier<\/li>\n<li>Kan <b>fyllas p\u00e5 om och om igen med refill<\/b><\/li>\n<\/ul>\n<p><img loading=\"lazy\" decoding=\"async\" class=\"alignnone size-full wp-image-8916\" src=\"\/wp-content\/uploads\/2024\/08\/zao-certificeringer.jpg\" alt=\"\" width=\"479\" height=\"93\" srcset=\"https:\/\/i0.wp.com\/healthyhead.dk\/wp-content\/uploads\/2024\/08\/zao-certificeringer.jpg?w=479&amp;ssl=1 479w, https:\/\/i0.wp.com\/healthyhead.dk\/wp-content\/uploads\/2024\/08\/zao-certificeringer.jpg?resize=300%2C58&amp;ssl=1 300w, https:\/\/i0.wp.com\/healthyhead.dk\/wp-content\/uploads\/2024\/08\/zao-certificeringer.jpg?resize=441%2C86&amp;ssl=1 441w, https:\/\/i0.wp.com\/healthyhead.dk\/wp-content\/uploads\/2024\/08\/zao-certificeringer.jpg?resize=150%2C29&amp;ssl=1 150w\" sizes=\"(max-width: 479px) 100vw, 479px\" \/><br \/>\n[\/cg_accordion]\n[cg_accordion title=\"Tips f\u00f6r anv\u00e4ndning\"]<\/p>\n<ul>\n<li>Arbeta f\u00f6rst med de \u00f6vre \u00f6gonfransarna genom att h\u00e5lla borsten horisontellt n\u00e4rmare roten och sedan g\u00e5 upp\u00e5t i en sicksackr\u00f6relse. Fokusera p\u00e5 den yttre delen f\u00f6r att f\u00f6rstora \u00f6gat eller p\u00e5 mitten f\u00f6r en mer \u00f6ppen look. <\/li>\n<li>Om borsten \u00e4r f\u00f6r full, ta bort \u00f6verfl\u00f6dig mascara med en bit papper, men inte vid kanten av tuben.<\/li>\n<\/ul>\n<p>[\/cg_accordion]\n[cg_accordion title=\"Ingredienser\"]<\/p>\n<p><b>Ekologisk aloe vera gel<\/b><\/p>\n<p>Den ekologiska aloe vera-gelen \u00e4r k\u00e4nd f\u00f6r sina lugnande egenskaper och reparerar och lindrar det mest k\u00e4nsliga \u00f6gonomr\u00e5det.<\/p>\n<p><b>Gummi av akacia<\/b><\/p>\n<p>Acacia gum, \u00e4ven kallat gummi arabicum, h\u00e4rr\u00f6r fr\u00e5n hartset som uts\u00f6ndras av Acacia Senegal-tr\u00e4det och anv\u00e4nds som ett lim f\u00f6r att f\u00f6rb\u00e4ttra h\u00e5llbarheten hos Zao Make-Up eyeliner.<\/p>\n<p><b>Ekologiskt sheasm\u00f6r<\/b><\/p>\n<p>Sheasm\u00f6r utvinns ur shean\u00f6tter, ett tr\u00e4d som bara v\u00e4xer vilt p\u00e5 savannerna i V\u00e4stafrika. Dess sammans\u00e4ttning, rik p\u00e5 fettsyror, ger det \u00e5terfuktande och n\u00e4rande egenskaper. <\/p>\n<p><b>INCI-lista:<\/b> Aloe Barbadensis Leaf Juice* ; Aqua (Water) ; Copernicia Cerifera (Carnauba) Wax* ; Caprylic\/capric Triglyceride ; Acacia Senegal Gum* ; Polyglyceryl-6 Distearate ; Glycerin, Glyceryl Behenate ; Sucrose Palmitate ; Argania Spinosa Kernel Oil* ; Behenyl Alcohol ; Simmondsia Chinensis (Jojoba) Seed Oil* ; Bambusa Vulgaris Leaf Extract* ; Helianthus Annuus (Sunflower) Seed Oil ; Sodium Levulinate, Citric Acid, Xanthan Gum, Sodium Anisate, Levulinic Acid, Glyceryl Caprylate, Tocopherol. Kan inneh\u00e5lla +\/-: Ci 77499 (j\u00e4rnoxider), Ci 77491 (j\u00e4rnoxider), Ci 77492 (j\u00e4rnoxider) * Ingredienser fr\u00e5n ekologiskt jordbruk. ** Bearbetad fr\u00e5n ekologiska ingredienser.<br \/>\n[\/cg_accordion]\n<p>&nbsp;<\/p>\n","protected":false},"featured_media":256099,"template":"","meta":{"_acf_changed":false},"product_brand":[565],"product_cat":[584],"product_tag":[],"class_list":{"0":"post-268664","1":"product","2":"type-product","3":"status-publish","4":"has-post-thumbnail","6":"product_brand-zao","7":"product_cat-mascara","9":"first","10":"instock","11":"taxable","12":"shipping-taxable","13":"purchasable","14":"product-type-variable"},"acf":[],"_links":{"self":[{"href":"https:\/\/healthyhead.dk\/sv\/wp-json\/wp\/v2\/product\/268664","targetHints":{"allow":["GET"]}}],"collection":[{"href":"https:\/\/healthyhead.dk\/sv\/wp-json\/wp\/v2\/product"}],"about":[{"href":"https:\/\/healthyhead.dk\/sv\/wp-json\/wp\/v2\/types\/product"}],"version-history":[{"count":0,"href":"https:\/\/healthyhead.dk\/sv\/wp-json\/wp\/v2\/product\/268664\/revisions"}],"wp:featuredmedia":[{"embeddable":true,"href":"https:\/\/healthyhead.dk\/sv\/wp-json\/wp\/v2\/media\/256099"}],"wp:attachment":[{"href":"https:\/\/healthyhead.dk\/sv\/wp-json\/wp\/v2\/media?parent=268664"}],"wp:term":[{"taxonomy":"product_brand","embeddable":true,"href":"https:\/\/healthyhead.dk\/sv\/wp-json\/wp\/v2\/product_brand?post=268664"},{"taxonomy":"product_cat","embeddable":true,"href":"https:\/\/healthyhead.dk\/sv\/wp-json\/wp\/v2\/product_cat?post=268664"},{"taxonomy":"product_tag","embeddable":true,"href":"https:\/\/healthyhead.dk\/sv\/wp-json\/wp\/v2\/product_tag?post=268664"}],"curies":[{"name":"wp","href":"https:\/\/api.w.org\/{rel}","templated":true}]}}