{"id":269278,"date":"2024-12-14T16:37:33","date_gmt":"2024-12-14T16:37:33","guid":{"rendered":"https:\/\/new.healthyhead.dk\/vare\/zao-okologisk-los-mineral-silk-pudder-foundation-refill-13-5-g\/"},"modified":"2025-11-10T22:39:36","modified_gmt":"2025-11-10T22:39:36","slug":"zao-ekologiskt-loose-mineral-silk-powder-foundation-refill","status":"publish","type":"product","link":"https:\/\/healthyhead.dk\/sv\/produkt\/zao-ekologiskt-loose-mineral-silk-powder-foundation-refill\/","title":{"rendered":"ZAO, Ekologiskt Loose Mineral Silk Powder Foundation, Refill"},"content":{"rendered":"","protected":false},"excerpt":{"rendered":"<p><img decoding=\"async\" class=\"\" src=\"\/wp-content\/uploads\/2024\/08\/Ingen-kemi.svg\" alt=\"\" width=\"45\" height=\"45\">Inga hormonst\u00f6rande \u00e4mnen<\/p>\n<p><img decoding=\"async\" class=\"\" src=\"\/wp-content\/uploads\/2024\/08\/Ingen-allergifremkaldende.svg\" alt=\"\" width=\"46\" height=\"46\">Inga allergiframkallande \u00e4mnen<\/p>\n<p><img decoding=\"async\" class=\"\" src=\"\/wp-content\/uploads\/2024\/08\/Ingen-miljoebelastende.svg\" width=\"46\" height=\"46\">Inga milj\u00f6farliga \u00e4mnen<\/p>\n<p><img loading=\"lazy\" decoding=\"async\" class=\"\" src=\"\/wp-content\/uploads\/2024\/08\/indeholder-parfume.svg\" width=\"46\" height=\"46\">Inneh\u00e5ller en mycket liten m\u00e4ngd allergiv\u00e4nlig och 100 % naturlig doft<\/p>\n<p>&nbsp;<\/p>\n[cg_accordion title=\"Produktbeskrivning\" open=\"open\"]<\/p>\n<p>Refill f\u00f6r Mineral Silk Foundation fr\u00e5n ZAO. Genom att anv\u00e4nda refiller kan du spara pengar och milj\u00f6 fr\u00e5n on\u00f6diga f\u00f6rpackningar. <\/p>\n<p><img loading=\"lazy\" decoding=\"async\" class=\"alignnone size-full wp-image-8916\" src=\"\/wp-content\/uploads\/2024\/08\/zao-certificeringer.jpg\" alt=\"\" width=\"479\" height=\"93\" srcset=\"https:\/\/i0.wp.com\/healthyhead.dk\/wp-content\/uploads\/2024\/08\/zao-certificeringer.jpg?w=479&amp;ssl=1 479w, https:\/\/i0.wp.com\/healthyhead.dk\/wp-content\/uploads\/2024\/08\/zao-certificeringer.jpg?resize=300%2C58&amp;ssl=1 300w, https:\/\/i0.wp.com\/healthyhead.dk\/wp-content\/uploads\/2024\/08\/zao-certificeringer.jpg?resize=441%2C86&amp;ssl=1 441w, https:\/\/i0.wp.com\/healthyhead.dk\/wp-content\/uploads\/2024\/08\/zao-certificeringer.jpg?resize=150%2C29&amp;ssl=1 150w\" sizes=\"(max-width: 479px) 100vw, 479px\" \/><br \/>\n[\/cg_accordion]\n[cg_accordion title=\"Tips f\u00f6r anv\u00e4ndning\"]<\/p>\n<ul>\n<li>H\u00e4ll lite pulver i locket p\u00e5 bambubeh\u00e5llaren.<\/li>\n<li>Tryck l\u00e4tt med din Kabuki Brush 701 f\u00f6r att l\u00e5ta borsten absorbera pudret.<\/li>\n<li>Applicera din Mineral silk i ansiktet genom att g\u00f6ra cirkelr\u00f6relser fr\u00e5n mitten och ut\u00e5t mot ansiktets konturer f\u00f6r att blanda.<\/li>\n<\/ul>\n<p>[\/cg_accordion]\n[cg_accordion title=\"Ingredienser\"]<\/p>\n<p><b>Ekologiskt rismj\u00f6l<\/b><\/p>\n<p>Rismj\u00f6l \u00e4r en av de \u00e4ldsta kosmetiska ingredienserna. Det har f\u00f6rm\u00e5gan att matta huden utan att t\u00e4ppa till porerna genom att reglera talguts\u00f6ndringen. <\/p>\n<p><b>Ekologisk majsst\u00e4rkelse<\/b><\/p>\n<p>Ekologisk majsst\u00e4rkelse \u00e4r ett v\u00e4xtbaserat medel som f\u00f6rb\u00e4ttrar pudrets vidh\u00e4ftning till huden och d\u00e4rmed h\u00e5llbarheten hos sminket. Det underl\u00e4ttar dispersionen av pigment och hj\u00e4lper till att bibeh\u00e5lla en j\u00e4mn hudton. <\/p>\n<p><b>Extrakt av kakaob\u00f6nor<\/b><\/p>\n<p>Kakao har egenskapen att vara en antioxidant och motverkar tidens skadliga effekter. Det \u00e4r ocks\u00e5 ett vegetabiliskt f\u00e4rg\u00e4mne. <\/p>\n<p><b>Bambupulver<\/b><\/p>\n<p>En typ av mineralrik kiseldioxid som utvinns ur bambustammar. Tack vare sin h\u00f6ga kiselhalt remineraliserar, \u00e5terfuktar och bidrar till hudens f\u00f6rnyelse samtidigt som den minskar glans p\u00e5 kombinerad och fet hud. <\/p>\n<p><b>INCI-lista:<\/b> Glimmer, Oryza Sativa (ris)pulver*, Zea Mays (majsst\u00e4rkelse)*, kiseldioxid, zinkstearat, Theobroma Cacao (kakaofr\u00f6)extrakt, tokoferol, Simmondsia Chinensis (jojoba)fr\u00f6olja*, Adansonia Digitata fr\u00f6olja*, Sesamum Indicum (sesam)fr\u00f6olja*, Calcium Aluminium Borosilicate, Parfum (doft), Lauroyl Lysine, Alpha-glucan Oligosaccharide, Bambusa Arundinacea Stem Powder, Ci 77820 (silver), Caprylic\/capric Triglyceride, Theobroma Cacao (kakao) Extract. Kan inneh\u00e5lla +\/-: Ci 77891 (titandioxid), Ci 77491 (j\u00e4rnoxider), Ci 77492 (j\u00e4rnoxider), Ci 77499 (j\u00e4rnoxider) * Ingredienser fr\u00e5n ekologiskt jordbruk. <\/p>\n<p>[\/cg_accordion]\n<p>&nbsp;<\/p>\n","protected":false},"featured_media":258895,"template":"","meta":{"_acf_changed":false},"product_brand":[565],"product_cat":[824],"product_tag":[],"class_list":{"0":"post-269278","1":"product","2":"type-product","3":"status-publish","4":"has-post-thumbnail","6":"product_brand-zao","7":"product_cat-foundation-bb-cream","9":"first","10":"instock","11":"taxable","12":"shipping-taxable","13":"purchasable","14":"product-type-variable"},"acf":[],"_links":{"self":[{"href":"https:\/\/healthyhead.dk\/sv\/wp-json\/wp\/v2\/product\/269278","targetHints":{"allow":["GET"]}}],"collection":[{"href":"https:\/\/healthyhead.dk\/sv\/wp-json\/wp\/v2\/product"}],"about":[{"href":"https:\/\/healthyhead.dk\/sv\/wp-json\/wp\/v2\/types\/product"}],"version-history":[{"count":1,"href":"https:\/\/healthyhead.dk\/sv\/wp-json\/wp\/v2\/product\/269278\/revisions"}],"predecessor-version":[{"id":269490,"href":"https:\/\/healthyhead.dk\/sv\/wp-json\/wp\/v2\/product\/269278\/revisions\/269490"}],"wp:featuredmedia":[{"embeddable":true,"href":"https:\/\/healthyhead.dk\/sv\/wp-json\/wp\/v2\/media\/258895"}],"wp:attachment":[{"href":"https:\/\/healthyhead.dk\/sv\/wp-json\/wp\/v2\/media?parent=269278"}],"wp:term":[{"taxonomy":"product_brand","embeddable":true,"href":"https:\/\/healthyhead.dk\/sv\/wp-json\/wp\/v2\/product_brand?post=269278"},{"taxonomy":"product_cat","embeddable":true,"href":"https:\/\/healthyhead.dk\/sv\/wp-json\/wp\/v2\/product_cat?post=269278"},{"taxonomy":"product_tag","embeddable":true,"href":"https:\/\/healthyhead.dk\/sv\/wp-json\/wp\/v2\/product_tag?post=269278"}],"curies":[{"name":"wp","href":"https:\/\/api.w.org\/{rel}","templated":true}]}}