{"id":269326,"date":"2024-12-14T16:20:47","date_gmt":"2024-12-14T16:20:47","guid":{"rendered":"https:\/\/new.healthyhead.dk\/vare\/zao-okologisk-compact-powder-pudder-refill-9-g\/"},"modified":"2025-11-21T13:50:12","modified_gmt":"2025-11-21T13:50:12","slug":"zao-okologisk-compact-powder-pudder-refill-9-g","status":"publish","type":"product","link":"https:\/\/healthyhead.dk\/sv\/produkt\/zao-okologisk-compact-powder-pudder-refill-9-g\/","title":{"rendered":"ZAO, \u00d8kologisk Compact Powder, Pudder, Refill, 9 g"},"content":{"rendered":"","protected":false},"excerpt":{"rendered":"<p><img decoding=\"async\" class=\"\" src=\"\/wp-content\/uploads\/2024\/08\/Ingen-kemi.svg\" alt=\"\" width=\"45\" height=\"45\" \/>Ingen hormonforstyrrende stoffer<\/p>\n<p><img decoding=\"async\" class=\"\" src=\"\/wp-content\/uploads\/2024\/08\/Ingen-allergifremkaldende.svg\" alt=\"\" width=\"46\" height=\"46\" \/>Ingen allergifremkaldende stoffer<\/p>\n<p><img decoding=\"async\" class=\"\" src=\"\/wp-content\/uploads\/2024\/08\/Ingen-miljoebelastende.svg\" width=\"46\" height=\"46\" \/>Ingen milj\u00f8belastende stoffer<\/p>\n<p><img loading=\"lazy\" decoding=\"async\" class=\"\" src=\"\/wp-content\/uploads\/2024\/08\/indeholder-parfume.svg\" width=\"46\" height=\"46\" \/>Indeholder en meget lille m\u00e6ngde hypoallergen og 100% naturlig duft<\/p>\n<p>&nbsp;<\/p>\n[cg_accordion title=\"Produktbeskrivelse\" open=\"open\"]<\/p>\n<p class=\"p1\">Refill til ZAO compact powder. Ved at genopfylde din pudder, kan du spare penge og milj\u00f8et for un\u00f8digt emballage. Kan ogs\u00e5 bruges til vores smarte bambusbokse, der er beregnet til refills. Find dem nederst p\u00e5 siden.<\/p>\n<p><img loading=\"lazy\" decoding=\"async\" class=\"alignnone size-full wp-image-8916\" src=\"\/wp-content\/uploads\/2024\/08\/zao-certificeringer.jpg\" alt=\"\" width=\"479\" height=\"93\" srcset=\"https:\/\/i0.wp.com\/healthyhead.dk\/wp-content\/uploads\/2024\/08\/zao-certificeringer.jpg?w=479&amp;ssl=1 479w, https:\/\/i0.wp.com\/healthyhead.dk\/wp-content\/uploads\/2024\/08\/zao-certificeringer.jpg?resize=300%2C58&amp;ssl=1 300w, https:\/\/i0.wp.com\/healthyhead.dk\/wp-content\/uploads\/2024\/08\/zao-certificeringer.jpg?resize=441%2C86&amp;ssl=1 441w, https:\/\/i0.wp.com\/healthyhead.dk\/wp-content\/uploads\/2024\/08\/zao-certificeringer.jpg?resize=150%2C29&amp;ssl=1 150w\" sizes=\"(max-width: 479px) 100vw, 479px\" \/><br \/>\n[\/cg_accordion]\n[cg_accordion title=\"Brugstips\"]<\/p>\n<p>P\u00e5f\u00f8r blush-b\u00f8rsten, start under kindbenet n\u00e6r \u00f8ret og bev\u00e6g dig mod midten af ansigtet.<\/p>\n<p>[\/cg_accordion]\n[cg_accordion title=\"Ingredienser\"]<\/p>\n<p><b>Silica<\/b><\/p>\n<p>Kendt for sin enest\u00e5ende evne til at absorbere, deltager mineralet silica i regenereringen af talg og hudens hydrering. Silica giver en mat og fl\u00f8jlsbl\u00f8d f\u00f8lelse til huden og udglatter rynker og uj\u00e6vnheder.<\/p>\n<p><b>Bambuspulver<\/b><\/p>\n<p>Hvidt stof udvundet fra bambusled. Takket v\u00e6re sit h\u00f8je indhold af silica remineraliserer, fugter det og deltager i regenereringen af din hud, mens det reducerer glans p\u00e5 kombineret og fedtet hud.<\/p>\n<p><b>\u00d8kologisk sheasm\u00f8r<\/b><\/p>\n<p>Sheasm\u00f8r udvindes fra shean\u00f8dder, et tr\u00e6 der kun vokser vildt p\u00e5 savannerne i Vestafrika. Dets sammens\u00e6tning, rig p\u00e5 fedtsyrer, giver det fugtgivende og n\u00e6rende egenskaber.<\/p>\n<p><b>\u00d8kologisk kakaosm\u00f8r<\/b><\/p>\n<p>Kakaosm\u00f8r beskytter huden mod ydre p\u00e5virkninger. Det hj\u00e6lper med at opretholde fugtighed, fordi det bremser tabet af vand ved at danne en barriere p\u00e5 overfladen af epidermis. Det har v\u00e6ret brugt i \u00e5rhundreder i Afrika som forebyggende pleje for at give huden smidighed og som behandling mod t\u00f8rhed.<\/p>\n<p><b>INCI-liste:<\/b> Mica, zea mays (corn) starch*, silica, zinc stearate, squalane, parfum (fragrance), tocopherol, lauroyl lysine, butyrospermum parkii (shea) butter*, theobroma cacao (cocoa) seed butter*, aqua (water), glycerin, sodium anisate, sodium levulinate, ci 77820 (silver), theobroma cacao (cocoa) seed extract, bambusa arundinacea stem powder, ilex paraguariensis leaf extract*, maltodextrin, ginkgo biloba leaf extract, haematococcus pluvialis extract, alcohol, maris aqua (sea water). May contain +\/-: ci 77891 (titanium dioxide), ci 77491 (iron oxides), ci 77492 (iron oxides), ci 77499 (iron oxides), ci 77007 (ultramarines), ci 77742 (manganese violet). * ingredients from organic farming.<\/p>\n<p>[\/cg_accordion]\n<p>&nbsp;<\/p>\n","protected":false},"featured_media":258935,"template":"","meta":{"_acf_changed":false},"product_brand":[565],"product_cat":[840],"product_tag":[],"class_list":{"0":"post-269326","1":"product","2":"type-product","3":"status-publish","4":"has-post-thumbnail","6":"product_brand-zao","7":"product_cat-puder","9":"first","10":"instock","11":"taxable","12":"shipping-taxable","13":"purchasable","14":"product-type-variable"},"acf":[],"_links":{"self":[{"href":"https:\/\/healthyhead.dk\/sv\/wp-json\/wp\/v2\/product\/269326","targetHints":{"allow":["GET"]}}],"collection":[{"href":"https:\/\/healthyhead.dk\/sv\/wp-json\/wp\/v2\/product"}],"about":[{"href":"https:\/\/healthyhead.dk\/sv\/wp-json\/wp\/v2\/types\/product"}],"version-history":[{"count":0,"href":"https:\/\/healthyhead.dk\/sv\/wp-json\/wp\/v2\/product\/269326\/revisions"}],"wp:featuredmedia":[{"embeddable":true,"href":"https:\/\/healthyhead.dk\/sv\/wp-json\/wp\/v2\/media\/258935"}],"wp:attachment":[{"href":"https:\/\/healthyhead.dk\/sv\/wp-json\/wp\/v2\/media?parent=269326"}],"wp:term":[{"taxonomy":"product_brand","embeddable":true,"href":"https:\/\/healthyhead.dk\/sv\/wp-json\/wp\/v2\/product_brand?post=269326"},{"taxonomy":"product_cat","embeddable":true,"href":"https:\/\/healthyhead.dk\/sv\/wp-json\/wp\/v2\/product_cat?post=269326"},{"taxonomy":"product_tag","embeddable":true,"href":"https:\/\/healthyhead.dk\/sv\/wp-json\/wp\/v2\/product_tag?post=269326"}],"curies":[{"name":"wp","href":"https:\/\/api.w.org\/{rel}","templated":true}]}}