{"id":269349,"date":"2024-11-14T14:03:52","date_gmt":"2024-11-14T14:03:52","guid":{"rendered":"https:\/\/new.healthyhead.dk\/vare\/zao-okologisk-bb-cream-spf20\/"},"modified":"2025-09-06T11:28:09","modified_gmt":"2025-09-06T11:28:09","slug":"zao-ekologisk-bb-cream-spf20","status":"publish","type":"product","link":"https:\/\/healthyhead.dk\/sv\/produkt\/zao-ekologisk-bb-cream-spf20\/","title":{"rendered":"ZAO, Ekologisk BB Cream, SPF20"},"content":{"rendered":"","protected":false},"excerpt":{"rendered":"<p><img decoding=\"async\" class=\"\" src=\"\/wp-content\/uploads\/2024\/08\/Ingen-kemi.svg\" alt=\"\" width=\"45\" height=\"45\">Inga hormonst\u00f6rande \u00e4mnen<\/p>\n<p><img decoding=\"async\" class=\"\" src=\"\/wp-content\/uploads\/2024\/08\/Ingen-allergifremkaldende.svg\" alt=\"\" width=\"46\" height=\"46\">Inga allergiframkallande \u00e4mnen<\/p>\n<p><img decoding=\"async\" class=\"\" src=\"\/wp-content\/uploads\/2024\/08\/Ingen-miljoebelastende.svg\" width=\"46\" height=\"46\">Inga milj\u00f6farliga \u00e4mnen<\/p>\n<p><img loading=\"lazy\" decoding=\"async\" class=\"\" src=\"\/wp-content\/uploads\/2024\/08\/indeholder-parfume.svg\" width=\"46\" height=\"46\">Inneh\u00e5ller en mycket liten m\u00e4ngd allergiv\u00e4nlig och 100 % naturlig doft<\/p>\n<p>&nbsp;<\/p>\n[cg_accordion title=\"Produktbeskrivning\" open=\"open\"]<\/p>\n<p>Ekologisk och vegansk BB Cream fr\u00e5n ZAO. Det \u00e4r en 5 i 1 produkt som: <\/p>\n<ul>\n<li>\u00c5terfuktar huden tack vare 3 aktiva ingredienser (Fucocert, Pheohydrane och AQUAXYL\u2122)<\/li>\n<li>De hj\u00e4lper till att \u00e5terfukta huden genom att \u00f6ka de naturliga \u00e5terfuktningsfaktorerna (NMF: Natural Moisturising Factors) i hudens yttre lager.<\/li>\n<li>J\u00e4mnar ut hudtonen och suddar ut oj\u00e4mnheter och rodnader.<\/li>\n<li>Sl\u00e4tar ut huden.<\/li>\n<li>Ger en naturlig lyster.<\/li>\n<li>Skyddar huden mot solen tack vare sina mineralfilter av naturligt ursprung: SPF 20 &#8211; UVA UVB.<\/li>\n<\/ul>\n<p><img loading=\"lazy\" decoding=\"async\" class=\"alignnone size-full wp-image-8916\" src=\"\/wp-content\/uploads\/2024\/08\/zao-certificeringer.jpg\" alt=\"\" width=\"479\" height=\"93\" srcset=\"https:\/\/i0.wp.com\/healthyhead.dk\/wp-content\/uploads\/2024\/08\/zao-certificeringer.jpg?w=479&amp;ssl=1 479w, https:\/\/i0.wp.com\/healthyhead.dk\/wp-content\/uploads\/2024\/08\/zao-certificeringer.jpg?resize=300%2C58&amp;ssl=1 300w, https:\/\/i0.wp.com\/healthyhead.dk\/wp-content\/uploads\/2024\/08\/zao-certificeringer.jpg?resize=441%2C86&amp;ssl=1 441w, https:\/\/i0.wp.com\/healthyhead.dk\/wp-content\/uploads\/2024\/08\/zao-certificeringer.jpg?resize=150%2C29&amp;ssl=1 150w\" sizes=\"(max-width: 479px) 100vw, 479px\" \/><br \/>\n[\/cg_accordion]\n[cg_accordion title=\"Tips f\u00f6r anv\u00e4ndning\"]<\/p>\n<ul>\n<li>Ta en liten m\u00e4ngd BB-kr\u00e4m p\u00e5 baksidan av handen.<\/li>\n<li>V\u00e4rm upp den med fingertopparna eller med din Complexion Brush.<\/li>\n<li>Applicera sedan fr\u00e5n mitten av ansiktet och ut\u00e5t.<\/li>\n<\/ul>\n<p>[\/cg_accordion]\n[cg_accordion title=\"Ingredienser\"]<\/p>\n<p><b>3 \u00e5terfuktande komplex, Fucocert, Pheohydrane och AQUAXYL\u2122:<\/b><\/p>\n<p>Dessa aktiva ingredienser hj\u00e4lper till att \u00e5terfukta huden genom att \u00f6ka de naturliga fuktgivande faktorerna (NMF: Natural Moisturising Factors) och begr\u00e4nsar \u00e4ven den osynliga vattenf\u00f6rlusten tack vare den \u00f6kade syntesen av lipider och proteiner i hornlagret. Huden blir synligt vackrare, lugnare och mer strukturerad. <\/p>\n<p>&nbsp;<br \/>\n<b>Ekologisk karanjaolja:<\/b><\/p>\n<p>Oljan har mjukg\u00f6rande egenskaper och \u00e4r dessutom rik p\u00e5 reng\u00f6rande och skyddande aktiva ingredienser. Den \u00e4r idealisk f\u00f6r den mest k\u00e4nsliga huden. <\/p>\n<p>&nbsp;<br \/>\n<b>Ekologiskt bambuextrakt:<\/b><\/p>\n<p>Den \u00e4r mycket rik p\u00e5 organisk kiseldioxid som stimulerar bildandet av kollagen och elastinfibrer och hj\u00e4lper huden att \u00e5terf\u00e5 fasthet, elasticitet och bibeh\u00e5lla fuktniv\u00e5n.<\/p>\n<p>&nbsp;<br \/>\n<b>INCI-lista:<\/b> Bambusa Vulgaris Leaf Extract*, Aqua (vatten) , Pongamia Glabra Seed Oil*, Aloe Barbadensis Leaf Juice*, Glycerin, Zinkoxid, Polyglyceryl-6 Stearate, Caprylic\/capric Triglyceride, Oleyl Erucate, Xylitylglucoside, Glyceryl Behenate, Phenethyl Alcohol, Hydrolysed Algin, Maris Aqua (havsvatten) , Chlorella Vulgaris Extract, Tocopherol, Helianthus Annuus (solros)fr\u00f6olja, biosackaridgummi-1, anhydroxylitol, xylitol, glycine sojaolja, triheptanoin, citronsyra, natriumcitrat, parfym (doft), polyglyceryl-6-behenat, glycerylisostearat, xantangummi, polyhydroxystearinsyra, glycerylkaprylat, natriumfytat, natriumlevulinat, natriumanisat, alkohol, Ci 77820 (silver) . Kan inneh\u00e5lla (+\/-): Ci 77492 (j\u00e4rnoxider), Ci 77891 (titandioxid), Ci 77491 (j\u00e4rnoxider), Ci 77499 (j\u00e4rnoxider). *Ingredienser fr\u00e5n ekologiskt jordbruk.  <\/p>\n<p>[\/cg_accordion]\n","protected":false},"featured_media":257235,"template":"","meta":{"_acf_changed":false},"product_brand":[565],"product_cat":[824],"product_tag":[],"class_list":{"0":"post-269349","1":"product","2":"type-product","3":"status-publish","4":"has-post-thumbnail","6":"product_brand-zao","7":"product_cat-foundation-bb-cream","9":"first","10":"instock","11":"taxable","12":"shipping-taxable","13":"purchasable","14":"product-type-variable"},"acf":[],"_links":{"self":[{"href":"https:\/\/healthyhead.dk\/sv\/wp-json\/wp\/v2\/product\/269349","targetHints":{"allow":["GET"]}}],"collection":[{"href":"https:\/\/healthyhead.dk\/sv\/wp-json\/wp\/v2\/product"}],"about":[{"href":"https:\/\/healthyhead.dk\/sv\/wp-json\/wp\/v2\/types\/product"}],"version-history":[{"count":1,"href":"https:\/\/healthyhead.dk\/sv\/wp-json\/wp\/v2\/product\/269349\/revisions"}],"predecessor-version":[{"id":269511,"href":"https:\/\/healthyhead.dk\/sv\/wp-json\/wp\/v2\/product\/269349\/revisions\/269511"}],"wp:featuredmedia":[{"embeddable":true,"href":"https:\/\/healthyhead.dk\/sv\/wp-json\/wp\/v2\/media\/257235"}],"wp:attachment":[{"href":"https:\/\/healthyhead.dk\/sv\/wp-json\/wp\/v2\/media?parent=269349"}],"wp:term":[{"taxonomy":"product_brand","embeddable":true,"href":"https:\/\/healthyhead.dk\/sv\/wp-json\/wp\/v2\/product_brand?post=269349"},{"taxonomy":"product_cat","embeddable":true,"href":"https:\/\/healthyhead.dk\/sv\/wp-json\/wp\/v2\/product_cat?post=269349"},{"taxonomy":"product_tag","embeddable":true,"href":"https:\/\/healthyhead.dk\/sv\/wp-json\/wp\/v2\/product_tag?post=269349"}],"curies":[{"name":"wp","href":"https:\/\/api.w.org\/{rel}","templated":true}]}}