{"id":269396,"date":"2024-10-15T12:22:09","date_gmt":"2024-10-15T12:22:09","guid":{"rendered":"https:\/\/new.healthyhead.dk\/vare\/zao-okologisk-mineral-cooked-powder-bronzer-15-g\/"},"modified":"2025-09-06T11:39:44","modified_gmt":"2025-09-06T11:39:44","slug":"zao-ekologisk-mineral-cooked-powder-bronzer-15-g","status":"publish","type":"product","link":"https:\/\/healthyhead.dk\/sv\/produkt\/zao-ekologisk-mineral-cooked-powder-bronzer-15-g\/","title":{"rendered":"ZAO, Ekologisk Mineral Cooked Powder, Bronzer, 15 g"},"content":{"rendered":"","protected":false},"excerpt":{"rendered":"<p><img decoding=\"async\" class=\"\" src=\"\/wp-content\/uploads\/2024\/08\/Ingen-kemi.svg\" alt=\"\" width=\"45\" height=\"45\">Inga hormonst\u00f6rande \u00e4mnen<\/p>\n<p><img decoding=\"async\" class=\"\" src=\"\/wp-content\/uploads\/2024\/08\/Ingen-allergifremkaldende.svg\" alt=\"\" width=\"46\" height=\"46\">Inga allergiframkallande \u00e4mnen<\/p>\n<p><img decoding=\"async\" class=\"\" src=\"\/wp-content\/uploads\/2024\/08\/Ingen-miljoebelastende.svg\" width=\"46\" height=\"46\">Inga milj\u00f6farliga \u00e4mnen<\/p>\n<p><img loading=\"lazy\" decoding=\"async\" class=\"\" src=\"\/wp-content\/uploads\/2024\/08\/indeholder-parfume.svg\" width=\"46\" height=\"46\">Inneh\u00e5ller en mycket liten m\u00e4ngd allergiv\u00e4nlig och 100 % naturlig doft<\/p>\n<p>&nbsp;<\/p>\n[cg_accordion title=\"Produktbeskrivning\" open=\"open\"]<\/p>\n<p>Ekologiskt och veganskt certifierat Cooked mineralpuder fr\u00e5n franska ZAO. Pudret ger en vacker, naturlig lyster och ger textur \u00e5t ansiktet. G\u00f6r att du kan f\u00e5 en solbr\u00e4nna \u00e5ret runt. Inneh\u00e5ller ekologisk ricinolja, som har b\u00e5de n\u00e4rande och \u00e5terfuktande egenskaper. V\u00e4lj den nyans du beh\u00f6ver nedan.     <\/p>\n<ul>\n<li><strong>Ekologiskt och veganskt certifierat<\/strong> mineralpulver<\/li>\n<li>Ger dig m\u00f6jlighet att f\u00e5 en <strong>solbr\u00e4nna \u00e5ret runt<\/strong><\/li>\n<li>Berikad med <strong>ekologisk ricinolja<\/strong> som \u00e5terfuktar och skyddar huden<\/li>\n<li><strong>Fri fr\u00e5n farliga kemikalier<\/strong><\/li>\n<li>M\u00f6jlighet att <strong>fylla p\u00e5 med en refill<\/strong><\/li>\n<\/ul>\n<p><img loading=\"lazy\" decoding=\"async\" class=\"alignnone size-full wp-image-8916\" src=\"\/wp-content\/uploads\/2024\/08\/zao-certificeringer.jpg\" alt=\"\" width=\"479\" height=\"93\" srcset=\"https:\/\/i0.wp.com\/healthyhead.dk\/wp-content\/uploads\/2024\/08\/zao-certificeringer.jpg?w=479&amp;ssl=1 479w, https:\/\/i0.wp.com\/healthyhead.dk\/wp-content\/uploads\/2024\/08\/zao-certificeringer.jpg?resize=300%2C58&amp;ssl=1 300w, https:\/\/i0.wp.com\/healthyhead.dk\/wp-content\/uploads\/2024\/08\/zao-certificeringer.jpg?resize=441%2C86&amp;ssl=1 441w, https:\/\/i0.wp.com\/healthyhead.dk\/wp-content\/uploads\/2024\/08\/zao-certificeringer.jpg?resize=150%2C29&amp;ssl=1 150w\" sizes=\"(max-width: 479px) 100vw, 479px\" \/><br \/>\n[\/cg_accordion]\n[cg_accordion title=\"Tips f\u00f6r anv\u00e4ndning\"]<\/p>\n<p>Anv\u00e4nd 703 Blush Brush och applicera pudret l\u00e4ngs ansiktets konturer och rita siffran 3 p\u00e5 varje sida: b\u00f6rja h\u00f6gst upp i pannan, f\u00f6lj h\u00e5rlinjen och arbeta dig ned\u00e5t l\u00e4ngs kindbenens kurva och avsluta vid k\u00e4klinjen.<\/p>\n<p>[\/cg_accordion]\n[cg_accordion title=\"Ingredienser\"]<\/p>\n<p><b>Ekologisk majsst\u00e4rkelse<\/b><\/p>\n<p>Den ekologiska majsst\u00e4rkelsen \u00e4r en vegetabilisk b\u00e4rare som g\u00f6r att pulvret f\u00e4ster b\u00e4ttre p\u00e5 huden och d\u00e4rmed f\u00f6rb\u00e4ttrar sminkets h\u00e5llbarhet. Den underl\u00e4ttar dispersionen av pigment och hj\u00e4lper d\u00e4rmed till att h\u00e5lla hudf\u00e4rgens konsistens p\u00e5 huden. <\/p>\n<p><b>Vegetabilisk skvalen<\/b><\/p>\n<p>Vegetabilisk Squalene h\u00e4rr\u00f6r fr\u00e5n olivolja och \u00e4r ett derivat av squalene, som \u00e4r en naturlig komponent i m\u00e4nskligt talg. Dess utm\u00e4rkta affinitet med huden, p\u00e5 grund av dess likhet med naturliga kutana lipider, och dess mjukg\u00f6rande egenskaper g\u00f6r den till en idealisk aktiv ingrediens. Den st\u00e4rker hudens hydrolipidiska barri\u00e4r, mjukg\u00f6r huden och skyddar den mot uttorkning.  <\/p>\n<p><b>Ekologisk ricinolja<\/b><\/p>\n<p>Denna olja \u00e4r intressant eftersom den \u00e4r mjukg\u00f6rande, vilket g\u00f6r det m\u00f6jligt att mjuka upp huden. Den \u00e4r ocks\u00e5 \u00e5terfuktande, vilket \u00f6kar hudens vattenhalt och h\u00e5ller den mjuk och smidig. <\/p>\n<p><b>Bambupulver<\/b><\/p>\n<p>Det \u00e4r en vit substans som utvinns ur bambufogar. Tack vare sin h\u00f6ga kiselhalt remineraliserar, \u00e5terfuktar och bidrar den till hudens f\u00f6rnyelse samtidigt som den minskar glansen hos blandhy och fet hy. <\/p>\n<p><b>INCI-lista:<\/b> Glimmer, Zea Mays (majs)st\u00e4rkelse*, zinkstearat, polyglyceryl-3 diisostearat, oktyldodekanol, oktyldodekylstearoylstearat, magnesiumaluminiumsilikat, tokoferol, glycerin, Bambusa Arundinacea stamolja, Helianthus Annuus (solros) fr\u00f6olja*, Aqua (vatten), Sucrose Tristearate, Adansonia Digitata (baobab) fr\u00f6olja*, Parfum (doft), Ci 77820 (silver), Sodium Anisate, Sodium Levulinate, Bambusa Arundinacea (bambu) stj\u00e4lkextrakt*. Kan inneh\u00e5lla +\/-: Ci 77891 (titandioxid), Ci 77491 (j\u00e4rnoxider), Ci 77492 (j\u00e4rnoxider), Ci 77499 (j\u00e4rnoxider). *Ingredienser fr\u00e5n ekologiskt jordbruk.  <\/p>\n<p>[\/cg_accordion]\n<p>&nbsp;[:]<\/p>\n","protected":false},"featured_media":256587,"template":"","meta":{"_acf_changed":false},"product_brand":[565],"product_cat":[840],"product_tag":[],"class_list":{"0":"post-269396","1":"product","2":"type-product","3":"status-publish","4":"has-post-thumbnail","6":"product_brand-zao","7":"product_cat-puder","9":"first","10":"instock","11":"taxable","12":"shipping-taxable","13":"purchasable","14":"product-type-variable"},"acf":[],"_links":{"self":[{"href":"https:\/\/healthyhead.dk\/sv\/wp-json\/wp\/v2\/product\/269396","targetHints":{"allow":["GET"]}}],"collection":[{"href":"https:\/\/healthyhead.dk\/sv\/wp-json\/wp\/v2\/product"}],"about":[{"href":"https:\/\/healthyhead.dk\/sv\/wp-json\/wp\/v2\/types\/product"}],"version-history":[{"count":1,"href":"https:\/\/healthyhead.dk\/sv\/wp-json\/wp\/v2\/product\/269396\/revisions"}],"predecessor-version":[{"id":269525,"href":"https:\/\/healthyhead.dk\/sv\/wp-json\/wp\/v2\/product\/269396\/revisions\/269525"}],"wp:featuredmedia":[{"embeddable":true,"href":"https:\/\/healthyhead.dk\/sv\/wp-json\/wp\/v2\/media\/256587"}],"wp:attachment":[{"href":"https:\/\/healthyhead.dk\/sv\/wp-json\/wp\/v2\/media?parent=269396"}],"wp:term":[{"taxonomy":"product_brand","embeddable":true,"href":"https:\/\/healthyhead.dk\/sv\/wp-json\/wp\/v2\/product_brand?post=269396"},{"taxonomy":"product_cat","embeddable":true,"href":"https:\/\/healthyhead.dk\/sv\/wp-json\/wp\/v2\/product_cat?post=269396"},{"taxonomy":"product_tag","embeddable":true,"href":"https:\/\/healthyhead.dk\/sv\/wp-json\/wp\/v2\/product_tag?post=269396"}],"curies":[{"name":"wp","href":"https:\/\/api.w.org\/{rel}","templated":true}]}}