{"id":269741,"date":"2024-12-23T11:20:46","date_gmt":"2024-12-23T11:20:46","guid":{"rendered":"https:\/\/new.healthyhead.dk\/vare\/t-shirt-anti-putin-rusland-stop-krig-i-ukraine-oversized-box-fit\/"},"modified":"2025-09-07T13:05:30","modified_gmt":"2025-09-07T13:05:30","slug":"t-shirt-anti-putin-russia-stoppa-kriget-i-ukraine-oversized-box-fit","status":"publish","type":"product","link":"https:\/\/healthyhead.dk\/sv\/produkt\/t-shirt-anti-putin-russia-stoppa-kriget-i-ukraine-oversized-box-fit\/","title":{"rendered":"T-shirt, Anti Putin, Ryssland Stoppa kriget i Ukraina, Oversized Box Fit, Ryggtryck"},"content":{"rendered":"","protected":false},"excerpt":{"rendered":"<p><img decoding=\"async\" class=\"alignnone wp-image-7519\" src=\"\/wp-content\/uploads\/2024\/08\/Oeko-tex.svg\" alt=\"OEKO-tex\" width=\"46\" height=\"45\">OEKO-tex-certifierat tryck utan skadliga kemikalier<\/p>\n<p><img decoding=\"async\" class=\"alignnone wp-image-7520\" src=\"\/wp-content\/uploads\/2024\/08\/Forvasket.svg\" alt=\"F\u00f6rtv\u00e4ttad\" width=\"46\" height=\"45\">F\u00f6rtv\u00e4ttad f\u00f6r att minimera krympning<\/p>\n<p><img decoding=\"async\" class=\"alignnone wp-image-7533\" src=\"\/wp-content\/uploads\/2024\/08\/GOTS-.svg\" alt=\"GOTS\" width=\"46\" height=\"45\">Ekologisk GOTS-certifierad t-shirt<\/p>\n<p>&nbsp;<\/p>\n[cg_accordion title=\"Beskrivning\" open=\"open\"]<\/p>\n<p>Med den h\u00e4r t-shirten kan du hj\u00e4lpa till att uttrycka en protest mot Vladimir Putins auktorit\u00e4ra styre och \u00f6vergrepp mot Ukraina. Illustrationen \u00e4r skapad av den lettiske konstn\u00e4ren Kriss Salmanis och en liknande affisch h\u00e4nger framf\u00f6r den ryska ambassaden i Lettlands huvudstad Riga, i ett medicinhistoriskt museum. P\u00e5 t-shirten har texten &#8221;You Reap What You Sow&#8221; lagts till, vilket motsvarar uttrycket &#8221;Man f\u00e5r sk\u00f6rda vad man s\u00e5r&#8221;.  <\/p>\n<p>T-shirten har en oversized passform och \u00e4r ekologiskt certifierad. Den har ett danskt kvalitetstryck som \u00e4r OEKO-TEX-certifierat. <\/p>\n<ul>\n<li><b>Passform:<\/b> \u00d6verdimensionerad box fit med 2 cm extra l\u00e4ngd f\u00f6r l\u00e4ngre h\u00e5llbarhet<\/li>\n<li><b>Material:<\/b> 100% GOTS-certifierad ekologisk bomull, 190 g\/m\u00b2<\/li>\n<li><b>Krympning:<\/b> T-shirten \u00e4r &#8221;f\u00f6rtv\u00e4ttad&#8221; &#8211; krymper d\u00e4rf\u00f6r minimalt om tv\u00e4ttanvisningarna f\u00f6ljs<\/li>\n<li><b>Tryck:<\/b> Danskt OEKO-tex-certifierat kvalitetstryck utan riskabla kemikalier<\/li>\n<\/ul>\n<p>[\/cg_accordion]\n[cg_accordion title=\"Tv\u00e4ttr\u00e5d\"]<\/p>\n<p>Vi rekommenderar att du tv\u00e4ttar i 30 grader och undviker torktumling f\u00f6r att skydda milj\u00f6n och f\u00f6rl\u00e4nga livsl\u00e4ngden p\u00e5 T-shirten.<\/p>\n<p><img loading=\"lazy\" decoding=\"async\" class=\"wp-image-7353 alignleft\" src=\"\/wp-content\/uploads\/2024\/08\/Vaskeanvisning-305-t-shirt.svg\" alt=\"Tv\u00e4ttinstruktioner-305 t-shirt\" width=\"270\" height=\"54\" srcset=\"https:\/\/healthyhead.dk\/wp-content\/uploads\/Vaskeanvisning-305-t-shirt.svg 150w, https:\/\/healthyhead.dk\/wp-content\/uploads\/Vaskeanvisning-305-t-shirt.svg 300w, https:\/\/healthyhead.dk\/wp-content\/uploads\/Vaskeanvisning-305-t-shirt.svg 768w, https:\/\/healthyhead.dk\/wp-content\/uploads\/Vaskeanvisning-305-t-shirt.svg 1024w, https:\/\/healthyhead.dk\/wp-content\/uploads\/Vaskeanvisning-305-t-shirt.svg 1230w\" sizes=\"(max-width: 270px) 100vw, 270px\" \/><\/p>\n<p>&nbsp;<\/p>\n<p>&nbsp;<\/p>\n<p>[\/cg_accordion]\n","protected":false},"featured_media":291755,"template":"","meta":{"_acf_changed":false},"product_brand":[],"product_cat":[721,705],"product_tag":[],"class_list":{"0":"post-269741","1":"product","2":"type-product","3":"status-publish","4":"has-post-thumbnail","6":"product_cat-ukraina-t-shirts","7":"product_cat-visa-ditt-stoed-foer-ukraina","8":"pa_size-xx-small-sv","9":"pa_size-x-small-sv","10":"pa_size-small-sv","11":"pa_size-medium-sv","12":"pa_size-large-sv","13":"pa_size-x-large-sv","14":"pa_size-xx-large-sv","15":"pa_size-3x-large-sv","17":"first","18":"instock","19":"taxable","20":"shipping-taxable","21":"purchasable","22":"product-type-variable"},"acf":[],"_links":{"self":[{"href":"https:\/\/healthyhead.dk\/sv\/wp-json\/wp\/v2\/product\/269741","targetHints":{"allow":["GET"]}}],"collection":[{"href":"https:\/\/healthyhead.dk\/sv\/wp-json\/wp\/v2\/product"}],"about":[{"href":"https:\/\/healthyhead.dk\/sv\/wp-json\/wp\/v2\/types\/product"}],"version-history":[{"count":2,"href":"https:\/\/healthyhead.dk\/sv\/wp-json\/wp\/v2\/product\/269741\/revisions"}],"predecessor-version":[{"id":271404,"href":"https:\/\/healthyhead.dk\/sv\/wp-json\/wp\/v2\/product\/269741\/revisions\/271404"}],"wp:featuredmedia":[{"embeddable":true,"href":"https:\/\/healthyhead.dk\/sv\/wp-json\/wp\/v2\/media\/291755"}],"wp:attachment":[{"href":"https:\/\/healthyhead.dk\/sv\/wp-json\/wp\/v2\/media?parent=269741"}],"wp:term":[{"taxonomy":"product_brand","embeddable":true,"href":"https:\/\/healthyhead.dk\/sv\/wp-json\/wp\/v2\/product_brand?post=269741"},{"taxonomy":"product_cat","embeddable":true,"href":"https:\/\/healthyhead.dk\/sv\/wp-json\/wp\/v2\/product_cat?post=269741"},{"taxonomy":"product_tag","embeddable":true,"href":"https:\/\/healthyhead.dk\/sv\/wp-json\/wp\/v2\/product_tag?post=269741"}],"curies":[{"name":"wp","href":"https:\/\/api.w.org\/{rel}","templated":true}]}}