{"id":270230,"date":"2024-12-09T12:17:44","date_gmt":"2024-12-09T12:17:44","guid":{"rendered":"https:\/\/new.healthyhead.dk\/vare\/mulepose-ukrainsk-flag-jeg-stoetter-ukraine\/"},"modified":"2025-09-07T14:28:51","modified_gmt":"2025-09-07T14:28:51","slug":"tygkasse-shopper-ukrainska-flaggan-jag-stoettar-ukraina","status":"publish","type":"product","link":"https:\/\/healthyhead.dk\/sv\/produkt\/tygkasse-shopper-ukrainska-flaggan-jag-stoettar-ukraina\/","title":{"rendered":"Tygkasse, Shopper, Ukrainska flaggan, Jag st\u00f6ttar Ukraina"},"content":{"rendered":"","protected":false},"excerpt":{"rendered":"<p><img decoding=\"async\" class=\"alignnone wp-image-7519\" src=\"\/wp-content\/uploads\/2024\/08\/Oeko-tex.svg\" alt=\"OEKO-tex\" width=\"46\" height=\"45\">OEKO-tex-certifierat tryck utan skadliga kemikalier<\/p>\n<p><img decoding=\"async\" class=\"alignnone wp-image-7533\" src=\"\/wp-content\/uploads\/2024\/08\/GOTS-.svg\" alt=\"GOTS\" width=\"46\" height=\"45\">Ekologisk GOTS-certifierad tygv\u00e4ska<\/p>\n<p>&nbsp;<\/p>\n[cg_accordion title=\"Beskrivning\" open=\"open\"]  Visa din sympati f\u00f6r folket i Ukraina med den h\u00e4r ekologiska tygkassen. V\u00e4skan \u00e4r tillverkad av stark 100% GOTS-certifierad ekologisk bomull. B\u00e5de trycket och v\u00e4skan \u00e4r OEKO-tex-certifierade.  <\/p>\n<ul>\n<li><b>Material:<\/b> 100% GOTS-certifierad ekologisk bomull, 190 g\/m\u00b2<\/li>\n<li><b>Tryck:<\/b> Danskt OEKO-tex-certifierat kvalitetstryck utan riskabla kemikalier<\/li>\n<\/ul>\n<p>[\/cg_accordion]\n","protected":false},"featured_media":258423,"template":"","meta":{"_acf_changed":false},"product_brand":[],"product_cat":[713,705],"product_tag":[],"class_list":{"0":"post-270230","1":"product","2":"type-product","3":"status-publish","4":"has-post-thumbnail","6":"product_cat-ukraina-tygkassar","7":"product_cat-visa-ditt-stoed-foer-ukraina","9":"first","10":"instock","11":"taxable","12":"shipping-taxable","13":"purchasable","14":"product-type-variable"},"acf":[],"_links":{"self":[{"href":"https:\/\/healthyhead.dk\/sv\/wp-json\/wp\/v2\/product\/270230","targetHints":{"allow":["GET"]}}],"collection":[{"href":"https:\/\/healthyhead.dk\/sv\/wp-json\/wp\/v2\/product"}],"about":[{"href":"https:\/\/healthyhead.dk\/sv\/wp-json\/wp\/v2\/types\/product"}],"version-history":[{"count":1,"href":"https:\/\/healthyhead.dk\/sv\/wp-json\/wp\/v2\/product\/270230\/revisions"}],"predecessor-version":[{"id":271439,"href":"https:\/\/healthyhead.dk\/sv\/wp-json\/wp\/v2\/product\/270230\/revisions\/271439"}],"wp:featuredmedia":[{"embeddable":true,"href":"https:\/\/healthyhead.dk\/sv\/wp-json\/wp\/v2\/media\/258423"}],"wp:attachment":[{"href":"https:\/\/healthyhead.dk\/sv\/wp-json\/wp\/v2\/media?parent=270230"}],"wp:term":[{"taxonomy":"product_brand","embeddable":true,"href":"https:\/\/healthyhead.dk\/sv\/wp-json\/wp\/v2\/product_brand?post=270230"},{"taxonomy":"product_cat","embeddable":true,"href":"https:\/\/healthyhead.dk\/sv\/wp-json\/wp\/v2\/product_cat?post=270230"},{"taxonomy":"product_tag","embeddable":true,"href":"https:\/\/healthyhead.dk\/sv\/wp-json\/wp\/v2\/product_tag?post=270230"}],"curies":[{"name":"wp","href":"https:\/\/api.w.org\/{rel}","templated":true}]}}