{"id":272644,"date":"2024-08-13T10:07:50","date_gmt":"2024-08-13T10:07:50","guid":{"rendered":"https:\/\/new.healthyhead.dk\/vare\/oekologisk-t-shirt-classic-fit-herre\/"},"modified":"2025-10-02T11:24:24","modified_gmt":"2025-10-02T11:24:24","slug":"herr-ekologisk-classic-fit-t-shirt","status":"publish","type":"product","link":"https:\/\/healthyhead.dk\/sv\/produkt\/herr-ekologisk-classic-fit-t-shirt\/","title":{"rendered":"Ekologisk T-shirt, Classic Fit, Bomull, Herr"},"content":{"rendered":"","protected":false},"excerpt":{"rendered":"<p><img decoding=\"async\" class=\"alignnone wp-image-7519\" src=\"\/wp-content\/uploads\/2024\/08\/Klassisk-pasform.svg\" alt=\"Klassisk passform\" width=\"46\" height=\"45\">Klassisk passform<\/p>\n<p><img decoding=\"async\" class=\"alignnone wp-image-7520\" src=\"https:\/\/healthyhead.dk\/wp-content\/\/uploads\/2024\/08\/GOTS-.svg\" alt=\"Oeko-tex\" width=\"46\" height=\"45\">GOTS-certifierad ekologisk produktion<\/p>\n<p><img decoding=\"async\" class=\"alignnone wp-image-7533\" src=\"\/wp-content\/uploads\/2024\/08\/Forvasket.svg\" alt=\"F\u00f6rtv\u00e4ttad\" width=\"46\" height=\"45\">F\u00f6rtv\u00e4ttad f\u00f6r att minimera krympning<\/p>\n<p><img loading=\"lazy\" decoding=\"async\" class=\"alignnone wp-image-7533\" src=\"\/wp-content\/uploads\/2024\/08\/No-tags.svg\" alt=\"Inga taggar\" width=\"46\" height=\"45\">Utan m\u00e4rkeslappar<\/p>\n<p>&nbsp;<\/p>\n[cg_accordion title=\"Beskrivning\" open=\"open\"]<\/p>\n<p>Det h\u00e4r \u00e4r v\u00e5r tolkning av den perfekta vardags-T-shirten. T-shirten har en klassisk, lite l\u00f6s passform som passar de flesta och \u00e4r tillverkad av 100% GOTS-certifierad finkammad ekologisk bomull. Den \u00e4r f\u00f6rtv\u00e4ttad och krymper d\u00e4rf\u00f6r endast minimalt efter tv\u00e4tt. Den har ett par centimeters extra l\u00e4ngd s\u00e5 att den inte blir f\u00f6r kort i l\u00e4ngden, inte ens efter m\u00e5nga tv\u00e4ttar. Bomullen \u00e4r av h\u00f6gsta kvalitet, vilket inneb\u00e4r att T-shirten k\u00e4nns mjuk, \u00e4r slitstark och beh\u00e5ller sin f\u00e4rg tv\u00e4tt efter tv\u00e4tt. T-shirten har inga m\u00e4rkesetiketter utan endast en storleks- och tv\u00e4ttm\u00e4rkning.     <\/p>\n<ul>\n<li>Den <b>perfekta vardags-T-shirten<\/b><\/li>\n<li><b>Passform:<\/b> Klassisk och n\u00e5got l\u00f6s passform som sitter perfekt p\u00e5 de flesta<\/li>\n<li><b>Ett par centimeters extra l\u00e4ngd<\/b> s\u00e5 att den inte blir f\u00f6r kort \u00e4ven efter m\u00e5nga tv\u00e4ttar<\/li>\n<li><b>Material:<\/b> 100% GOTS-certifierad ekologisk bomull, 165 g\/m\u00b2<\/li>\n<li><b>Krympning:<\/b> T-shirten \u00e4r &#8221;f\u00f6rtv\u00e4ttad&#8221; &#8211; krymper d\u00e4rf\u00f6r minimalt om tv\u00e4ttanvisningarna f\u00f6ljs<\/li>\n<\/ul>\n<p>Modellen \u00e4r 169 cm l\u00e5ng och b\u00e4r storlek small.<\/p>\n<p>[\/cg_accordion]\n[cg_accordion title=\"Tv\u00e4ttr\u00e5d\"]<\/p>\n<p>Vi rekommenderar att du tv\u00e4ttar i 30 grader och undviker torktumling f\u00f6r att skydda milj\u00f6n och f\u00f6rl\u00e4nga livsl\u00e4ngden p\u00e5 t-shirten.<\/p>\n<p>Tv\u00e4ttr\u00e5d:<\/p>\n<p><img loading=\"lazy\" decoding=\"async\" class=\"wp-image-7353 alignleft\" src=\"\/wp-content\/uploads\/2024\/08\/Vaskeanvisning-305-t-shirt.svg\" alt=\"Tv\u00e4ttinstruktioner-305 t-shirt\" width=\"270\" height=\"54\" srcset=\"https:\/\/healthyhead.dk\/wp-content\/uploads\/Vaskeanvisning-305-t-shirt.svg 150w, https:\/\/healthyhead.dk\/wp-content\/uploads\/Vaskeanvisning-305-t-shirt.svg 300w, https:\/\/healthyhead.dk\/wp-content\/uploads\/Vaskeanvisning-305-t-shirt.svg 768w, https:\/\/healthyhead.dk\/wp-content\/uploads\/Vaskeanvisning-305-t-shirt.svg 1024w, https:\/\/healthyhead.dk\/wp-content\/uploads\/Vaskeanvisning-305-t-shirt.svg 1230w\" sizes=\"(max-width: 270px) 100vw, 270px\" \/><\/p>\n<p>&nbsp;<\/p>\n<p>&nbsp;<\/p>\n<p>[\/cg_accordion]\n","protected":false},"featured_media":253199,"template":"","meta":{"_acf_changed":false},"product_brand":[],"product_cat":[561],"product_tag":[],"class_list":{"0":"post-272644","1":"product","2":"type-product","3":"status-publish","4":"has-post-thumbnail","6":"product_cat-shirts-regular-fit-t-shirts","7":"pa_size-x-small-sv","8":"pa_size-small-sv","9":"pa_size-medium-sv","10":"pa_size-large-sv","11":"pa_size-x-large-sv","12":"pa_size-xx-large-sv","13":"pa_size-3x-large-sv","15":"first","16":"instock","17":"taxable","18":"shipping-taxable","19":"purchasable","20":"product-type-variable","21":"has-default-attributes"},"acf":[],"_links":{"self":[{"href":"https:\/\/healthyhead.dk\/sv\/wp-json\/wp\/v2\/product\/272644","targetHints":{"allow":["GET"]}}],"collection":[{"href":"https:\/\/healthyhead.dk\/sv\/wp-json\/wp\/v2\/product"}],"about":[{"href":"https:\/\/healthyhead.dk\/sv\/wp-json\/wp\/v2\/types\/product"}],"version-history":[{"count":1,"href":"https:\/\/healthyhead.dk\/sv\/wp-json\/wp\/v2\/product\/272644\/revisions"}],"predecessor-version":[{"id":272697,"href":"https:\/\/healthyhead.dk\/sv\/wp-json\/wp\/v2\/product\/272644\/revisions\/272697"}],"wp:featuredmedia":[{"embeddable":true,"href":"https:\/\/healthyhead.dk\/sv\/wp-json\/wp\/v2\/media\/253199"}],"wp:attachment":[{"href":"https:\/\/healthyhead.dk\/sv\/wp-json\/wp\/v2\/media?parent=272644"}],"wp:term":[{"taxonomy":"product_brand","embeddable":true,"href":"https:\/\/healthyhead.dk\/sv\/wp-json\/wp\/v2\/product_brand?post=272644"},{"taxonomy":"product_cat","embeddable":true,"href":"https:\/\/healthyhead.dk\/sv\/wp-json\/wp\/v2\/product_cat?post=272644"},{"taxonomy":"product_tag","embeddable":true,"href":"https:\/\/healthyhead.dk\/sv\/wp-json\/wp\/v2\/product_tag?post=272644"}],"curies":[{"name":"wp","href":"https:\/\/api.w.org\/{rel}","templated":true}]}}