{"id":273604,"date":"2024-10-29T08:36:52","date_gmt":"2024-10-29T08:36:52","guid":{"rendered":"https:\/\/new.healthyhead.dk\/vare\/hoodie-jeg-stoetter-ukraine-zelensky-emblem\/"},"modified":"2026-01-05T11:16:50","modified_gmt":"2026-01-05T11:16:50","slug":"hoodie-je-stoetter-ukraine-zelensky-emblem","status":"publish","type":"product","link":"https:\/\/healthyhead.dk\/sv\/produkt\/hoodie-je-stoetter-ukraine-zelensky-emblem\/","title":{"rendered":"Hoodie, Visa ditt st\u00f6d f\u00f6r Ukraina, Zelenskyj, Emblem"},"content":{"rendered":"","protected":false},"excerpt":{"rendered":"<p><img decoding=\"async\" class=\"alignnone wp-image-7520\" src=\"\/wp-content\/uploads\/2024\/08\/Forvasket.svg\" alt=\"F\u00f6rtv\u00e4ttad\" width=\"46\" height=\"45\">F\u00f6rtv\u00e4ttad f\u00f6r att minimera krympning<\/p>\n<p><img decoding=\"async\" class=\"alignnone wp-image-7519\" src=\"\/wp-content\/uploads\/2024\/08\/Oeko-tex.svg\" alt=\"OEKO-tex\" width=\"46\" height=\"45\">OEKO-tex-certifierad bomull och tryck, helt fria fr\u00e5n skadliga kemikalier<\/p>\n<p>&nbsp;<\/p>\n[cg_accordion title=\"Beskrivning\" open=\"open\"]<\/p>\n<div class=\"woocommerce-product-details__short-description\">\n<p>Visa din sympati f\u00f6r folket i Ukraina med denna OEKO-TEX-certifierade hoodie med en diskret Tryzub-symbol p\u00e5 br\u00f6stet. Tryzub \u00e4r Ukrainas urgamla statssymbol, med anor fr\u00e5n prins Volodimir den store, och representerar den ukrainska staten, friheten och den nationella identiteten.<\/p>\n<p>Idag har Tryzub blivit en kraftfull symbol f\u00f6r enighet och motst\u00e5nd och ses ofta b\u00e4ras av Ukrainas president Volodymyr Zelenskyj sj\u00e4lv. Luvtr\u00f6jan \u00e4r d\u00e4rf\u00f6r ett diskret men tydligt s\u00e4tt att visa sitt st\u00f6d f\u00f6r Ukraina &#8211; b\u00e5de i vardagen och vid speciella tillf\u00e4llen.<\/p>\n<p>Hoodien \u00e4r tillverkad av OEKO-TEX-certifierad kammad bomull och polyester och trycket \u00e4r ocks\u00e5 OEKO-TEX-certifierat. Detta garanterar h\u00f6g komfort, l\u00e5ng livsl\u00e4ngd och ett ansvarsfullt val utan skadliga kemikalier.\n<\/p><\/div>\n<p> &nbsp;<\/p>\n<ul>\n<li>Passform<b>:<\/b> Normal passform med 2 cm extra l\u00e4ngd f\u00f6r l\u00e4ngre h\u00e5llbarhet<\/li>\n<li><b>Material:<\/b> 70% OEKO-tex-certifierad kammad bomull, 30% polyester, 350 g\/m\u00b2<\/li>\n<li><b>Krympning:<\/b> Huvtr\u00f6jan \u00e4r &#8221;f\u00f6rtv\u00e4ttad&#8221; &#8211; krymper d\u00e4rf\u00f6r minimalt om tv\u00e4ttanvisningarna f\u00f6ljs<\/li>\n<li><b>Tryck:<\/b> Danskt OEKO-tex-certifierat kvalitetstryck utan riskabla kemikalier<\/li>\n<\/ul>\n<p>[\/cg_accordion]\n[cg_accordion title=\"Tv\u00e4ttr\u00e5d\"]<\/p>\n<p>Vi rekommenderar att du tv\u00e4ttar i 40 grader och undviker torktumling f\u00f6r att skydda milj\u00f6n och f\u00f6rl\u00e4nga huvtr\u00f6jans livsl\u00e4ngd.<\/p>\n<p><img decoding=\"async\" class=\"wp-image-7353 alignleft\" src=\"\/wp-content\/uploads\/2024\/08\/Vaskeanvisning-305-t-shirt.svg\" alt=\"Tv\u00e4ttinstruktioner-305 t-shirt\" width=\"270\" height=\"54\" srcset=\"https:\/\/healthyhead.dk\/wp-content\/uploads\/Vaskeanvisning-305-t-shirt.svg 150w, https:\/\/healthyhead.dk\/wp-content\/uploads\/Vaskeanvisning-305-t-shirt.svg 300w, https:\/\/healthyhead.dk\/wp-content\/uploads\/Vaskeanvisning-305-t-shirt.svg 768w, https:\/\/healthyhead.dk\/wp-content\/uploads\/Vaskeanvisning-305-t-shirt.svg 1024w, https:\/\/healthyhead.dk\/wp-content\/uploads\/Vaskeanvisning-305-t-shirt.svg 1230w\" sizes=\"(max-width: 270px) 100vw, 270px\" \/><\/p>\n<p>&nbsp;<\/p>\n<p>&nbsp;<\/p>\n<p>[\/cg_accordion]\n","protected":false},"featured_media":294572,"template":"","meta":{"_acf_changed":false},"product_brand":[],"product_cat":[717,705],"product_tag":[],"class_list":{"0":"post-273604","1":"product","2":"type-product","3":"status-publish","4":"has-post-thumbnail","6":"product_cat-ukraina-sweatshirts-hoodies","7":"product_cat-visa-ditt-stoed-foer-ukraina","8":"pa_size-4-6-aar-sv","9":"pa_size-8-10-aar-sv","10":"pa_size-12-14-aar-sv","11":"pa_size-x-small-sv","12":"pa_size-small-sv","13":"pa_size-medium-sv","14":"pa_size-large-sv","15":"pa_size-x-large-sv","16":"pa_size-xx-large-sv","17":"pa_size-3x-large-sv","19":"first","20":"instock","21":"taxable","22":"shipping-taxable","23":"purchasable","24":"product-type-variable"},"acf":[],"_links":{"self":[{"href":"https:\/\/healthyhead.dk\/sv\/wp-json\/wp\/v2\/product\/273604","targetHints":{"allow":["GET"]}}],"collection":[{"href":"https:\/\/healthyhead.dk\/sv\/wp-json\/wp\/v2\/product"}],"about":[{"href":"https:\/\/healthyhead.dk\/sv\/wp-json\/wp\/v2\/types\/product"}],"version-history":[{"count":2,"href":"https:\/\/healthyhead.dk\/sv\/wp-json\/wp\/v2\/product\/273604\/revisions"}],"predecessor-version":[{"id":295212,"href":"https:\/\/healthyhead.dk\/sv\/wp-json\/wp\/v2\/product\/273604\/revisions\/295212"}],"wp:featuredmedia":[{"embeddable":true,"href":"https:\/\/healthyhead.dk\/sv\/wp-json\/wp\/v2\/media\/294572"}],"wp:attachment":[{"href":"https:\/\/healthyhead.dk\/sv\/wp-json\/wp\/v2\/media?parent=273604"}],"wp:term":[{"taxonomy":"product_brand","embeddable":true,"href":"https:\/\/healthyhead.dk\/sv\/wp-json\/wp\/v2\/product_brand?post=273604"},{"taxonomy":"product_cat","embeddable":true,"href":"https:\/\/healthyhead.dk\/sv\/wp-json\/wp\/v2\/product_cat?post=273604"},{"taxonomy":"product_tag","embeddable":true,"href":"https:\/\/healthyhead.dk\/sv\/wp-json\/wp\/v2\/product_tag?post=273604"}],"curies":[{"name":"wp","href":"https:\/\/api.w.org\/{rel}","templated":true}]}}