{"id":273697,"date":"2025-05-15T07:37:57","date_gmt":"2025-05-15T07:37:57","guid":{"rendered":"https:\/\/new.healthyhead.dk\/vare\/sweatshirt-palaestina-palaestina-flag-hjerte\/"},"modified":"2025-09-27T14:21:33","modified_gmt":"2025-09-27T14:21:33","slug":"sweatshirt-palestina-palestina-flagga-hjarta","status":"publish","type":"product","link":"https:\/\/healthyhead.dk\/sv\/produkt\/sweatshirt-palestina-palestina-flagga-hjarta\/","title":{"rendered":"Sweatshirt, Palestina, Palestina flagga, hj\u00e4rta"},"content":{"rendered":"","protected":false},"excerpt":{"rendered":"<p><img decoding=\"async\" class=\"alignnone wp-image-7520\" src=\"\/wp-content\/uploads\/2024\/08\/Forvasket.svg\" alt=\"F\u00f6rtv\u00e4ttad\" width=\"46\" height=\"45\">F\u00f6rtv\u00e4ttad f\u00f6r att minimera krympning<\/p>\n<p><img decoding=\"async\" class=\"alignnone wp-image-7519\" src=\"\/wp-content\/uploads\/2024\/08\/Oeko-tex.svg\" alt=\"OEKO-tex\" width=\"46\" height=\"45\">OEKO-tex-certifierad bomull och tryck, helt fria fr\u00e5n skadliga kemikalier<\/p>\n<p>&nbsp;<\/p>\n[cg_accordion title=\"Beskrivning\" open=\"open\"]<\/p>\n<div class=\"woocommerce-product-details__short-description\">Visa din sympati f\u00f6r folket i Palestina med denna OEKO-tex-certifierade sweatshirt. Sweatshirten \u00e4r tillverkad av OEKO-tex-certifierad kammad bomull och polyester. Trycket \u00e4r ocks\u00e5 OEKO-tex-certifierat och d\u00e4rf\u00f6r helt fritt fr\u00e5n farliga kemikalier.  <\/p>\n<ul>\n<li>Passform<b>:<\/b> Normal passform med 2 cm extra l\u00e4ngd f\u00f6r l\u00e4ngre h\u00e5llbarhet<\/li>\n<li><b>Material:<\/b> 70% OEKO-tex-certifierad kammad bomull, 30% polyester, 350 g\/m\u00b2<\/li>\n<li><b>Krympning:<\/b> Sweatshirten \u00e4r &#8221;f\u00f6rtv\u00e4ttad&#8221; &#8211; krymper d\u00e4rf\u00f6r minimalt om tv\u00e4ttanvisningarna f\u00f6ljs<\/li>\n<li><b>Tryck:<\/b> Danskt OEKO-tex-certifierat kvalitetstryck utan riskabla kemikalier<\/li>\n<\/ul>\n<p>[\/cg_accordion]\n[cg_accordion title=\"Tv\u00e4ttr\u00e5d\"]<\/p>\n<p>Vi rekommenderar att du tv\u00e4ttar i 40 grader och undviker torktumling f\u00f6r att skydda milj\u00f6n och f\u00f6rl\u00e4nga livsl\u00e4ngden p\u00e5 tr\u00f6jan.<\/p>\n<p><img decoding=\"async\" class=\"wp-image-7353 alignleft\" src=\"\/wp-content\/uploads\/2024\/08\/Vaskeanvisning-305-t-shirt.svg\" alt=\"Tv\u00e4ttinstruktioner-305 t-shirt\" width=\"270\" height=\"54\" srcset=\"https:\/\/healthyhead.dk\/wp-content\/uploads\/Vaskeanvisning-305-t-shirt.svg 150w, https:\/\/healthyhead.dk\/wp-content\/uploads\/Vaskeanvisning-305-t-shirt.svg 300w, https:\/\/healthyhead.dk\/wp-content\/uploads\/Vaskeanvisning-305-t-shirt.svg 768w, https:\/\/healthyhead.dk\/wp-content\/uploads\/Vaskeanvisning-305-t-shirt.svg 1024w, https:\/\/healthyhead.dk\/wp-content\/uploads\/Vaskeanvisning-305-t-shirt.svg 1230w\" sizes=\"(max-width: 270px) 100vw, 270px\" \/><\/p>\n<p>&nbsp;<\/p>\n<p>&nbsp;<\/p>\n<p>[\/cg_accordion]\n","protected":false},"featured_media":261363,"template":"","meta":{"_acf_changed":false},"product_brand":[],"product_cat":[701],"product_tag":[],"class_list":{"0":"post-273697","1":"product","2":"type-product","3":"status-publish","4":"has-post-thumbnail","6":"product_cat-visa-ditt-stoed-foer-palestina","7":"pa_size-4-6-aar-sv","8":"pa_size-8-10-aar-sv","9":"pa_size-12-14-aar-sv","10":"pa_size-x-small-sv","11":"pa_size-small-sv","12":"pa_size-medium-sv","13":"pa_size-large-sv","14":"pa_size-x-large-sv","15":"pa_size-xx-large-sv","16":"pa_size-3x-large-sv","18":"first","19":"instock","20":"taxable","21":"shipping-taxable","22":"purchasable","23":"product-type-variable"},"acf":[],"_links":{"self":[{"href":"https:\/\/healthyhead.dk\/sv\/wp-json\/wp\/v2\/product\/273697","targetHints":{"allow":["GET"]}}],"collection":[{"href":"https:\/\/healthyhead.dk\/sv\/wp-json\/wp\/v2\/product"}],"about":[{"href":"https:\/\/healthyhead.dk\/sv\/wp-json\/wp\/v2\/types\/product"}],"version-history":[{"count":1,"href":"https:\/\/healthyhead.dk\/sv\/wp-json\/wp\/v2\/product\/273697\/revisions"}],"predecessor-version":[{"id":274443,"href":"https:\/\/healthyhead.dk\/sv\/wp-json\/wp\/v2\/product\/273697\/revisions\/274443"}],"wp:featuredmedia":[{"embeddable":true,"href":"https:\/\/healthyhead.dk\/sv\/wp-json\/wp\/v2\/media\/261363"}],"wp:attachment":[{"href":"https:\/\/healthyhead.dk\/sv\/wp-json\/wp\/v2\/media?parent=273697"}],"wp:term":[{"taxonomy":"product_brand","embeddable":true,"href":"https:\/\/healthyhead.dk\/sv\/wp-json\/wp\/v2\/product_brand?post=273697"},{"taxonomy":"product_cat","embeddable":true,"href":"https:\/\/healthyhead.dk\/sv\/wp-json\/wp\/v2\/product_cat?post=273697"},{"taxonomy":"product_tag","embeddable":true,"href":"https:\/\/healthyhead.dk\/sv\/wp-json\/wp\/v2\/product_tag?post=273697"}],"curies":[{"name":"wp","href":"https:\/\/api.w.org\/{rel}","templated":true}]}}