{"id":275232,"date":"2024-09-13T17:56:33","date_gmt":"2024-09-13T17:56:33","guid":{"rendered":"https:\/\/new.healthyhead.dk\/vare\/oekologisk-t-shirt-fitted-herre\/"},"modified":"2025-09-28T11:01:30","modified_gmt":"2025-09-28T11:01:30","slug":"ekologisk-t-shirt-slim-fit-muscle-tee-herr","status":"publish","type":"product","link":"https:\/\/healthyhead.dk\/sv\/produkt\/ekologisk-t-shirt-slim-fit-muscle-tee-herr\/","title":{"rendered":"Ekologisk T-shirt, Slim Fit, Muscle Tee, Herr"},"content":{"rendered":"","protected":false},"excerpt":{"rendered":"<p><img decoding=\"async\" class=\"alignnone wp-image-10433\" src=\"\/wp-content\/uploads\/2024\/09\/Fitted-t-shirt-icon.png\" alt=\"\" width=\"47\" height=\"46\">Utrustad<\/p>\n<p><img decoding=\"async\" class=\"alignnone wp-image-7520\" src=\"https:\/\/healthyhead.dk\/wp-content\/\/uploads\/2024\/08\/GOTS-.svg\" alt=\"Oeko-tex\" width=\"46\" height=\"45\">GOTS-certifierad ekologisk produktion<\/p>\n<p><img decoding=\"async\" class=\"alignnone wp-image-7533\" src=\"\/wp-content\/uploads\/2024\/08\/Forvasket.svg\" alt=\"F\u00f6rtv\u00e4ttad\" width=\"46\" height=\"45\">F\u00f6rtv\u00e4ttad f\u00f6r att minimera krympning<\/p>\n<p><img loading=\"lazy\" decoding=\"async\" class=\"alignnone wp-image-7533\" src=\"\/wp-content\/uploads\/2024\/08\/No-tags.svg\" alt=\"Inga taggar\" width=\"46\" height=\"45\">Utan m\u00e4rkeslappar<\/p>\n<p>&nbsp;<\/p>\n[cg_accordion title=\"Beskrivning\" open=\"open\"]Om du vill ha en lite mer figurn\u00e4ra t-shirt som framh\u00e4ver din figur \u00e4r v\u00e5r ekologiska Fitted Tee ett bra val. Den \u00e4r tillverkad av GOTS-certifierad bomull och inneh\u00e5ller 8% elastan, vilket ger t-shirten en \u00e5tsittande passform och g\u00f6r den mjuk att ta p\u00e5. T-shirten har inga m\u00e4rkesetiketter utan endast en storleks- och tv\u00e4ttm\u00e4rkning.  <\/p>\n<ul>\n<li>T-tr\u00f6ja med <b>\u00e5tsittande passform<\/b><\/li>\n<li><b>Material:<\/b> GOTS-certifierad <b>ekologisk bomull och 8% elastan<\/b><\/li>\n<li>T-shirten k\u00e4nns <b>mjuk<\/b>, \u00e4r <b>slitstark<\/b> och <b>beh\u00e5ller sin f\u00e4rg<\/b> tv\u00e4tt efter tv\u00e4tt<\/li>\n<li><b>Krympning:<\/b> T-shirten \u00e4r &#8221;f\u00f6rtv\u00e4ttad&#8221; &#8211; krymper d\u00e4rf\u00f6r minimalt om tv\u00e4ttanvisningarna f\u00f6ljs<\/li>\n<\/ul>\n<p>Modellen \u00e4r 185 cm l\u00e5ng och b\u00e4r storlek large.<br \/>\n[\/cg_accordion]\n[cg_accordion title=\"Tv\u00e4ttr\u00e5d\"]<\/p>\n<p>Vi rekommenderar att du tv\u00e4ttar i 30 grader och undviker torktumling f\u00f6r att skydda milj\u00f6n och f\u00f6rl\u00e4nga livsl\u00e4ngden p\u00e5 t-shirten.<\/p>\n<p>Tv\u00e4ttr\u00e5d:<\/p>\n<p><img loading=\"lazy\" decoding=\"async\" class=\"wp-image-7353 alignleft\" src=\"\/wp-content\/uploads\/2024\/08\/Vaskeanvisning-305-t-shirt.svg\" alt=\"Tv\u00e4ttinstruktioner-305 t-shirt\" width=\"270\" height=\"54\" srcset=\"https:\/\/healthyhead.dk\/wp-content\/uploads\/Vaskeanvisning-305-t-shirt.svg 150w, https:\/\/healthyhead.dk\/wp-content\/uploads\/Vaskeanvisning-305-t-shirt.svg 300w, https:\/\/healthyhead.dk\/wp-content\/uploads\/Vaskeanvisning-305-t-shirt.svg 768w, https:\/\/healthyhead.dk\/wp-content\/uploads\/Vaskeanvisning-305-t-shirt.svg 1024w, https:\/\/healthyhead.dk\/wp-content\/uploads\/Vaskeanvisning-305-t-shirt.svg 1230w\" sizes=\"(max-width: 270px) 100vw, 270px\" \/><\/p>\n<p>&nbsp;<\/p>\n<p>&nbsp;<\/p>\n<p>[\/cg_accordion]\n","protected":false},"featured_media":255407,"template":"","meta":{"_acf_changed":false},"product_brand":[],"product_cat":[553],"product_tag":[],"class_list":{"0":"post-275232","1":"product","2":"type-product","3":"status-publish","4":"has-post-thumbnail","6":"product_cat-slim-fit-t-shirts","7":"pa_size-x-small-sv","8":"pa_size-small-sv","9":"pa_size-medium-sv","10":"pa_size-large-sv","11":"pa_size-x-large-sv","12":"pa_size-xx-large-sv","13":"pa_size-3x-large-sv","15":"first","16":"instock","17":"taxable","18":"shipping-taxable","19":"purchasable","20":"product-type-variable","21":"has-default-attributes"},"acf":[],"_links":{"self":[{"href":"https:\/\/healthyhead.dk\/sv\/wp-json\/wp\/v2\/product\/275232","targetHints":{"allow":["GET"]}}],"collection":[{"href":"https:\/\/healthyhead.dk\/sv\/wp-json\/wp\/v2\/product"}],"about":[{"href":"https:\/\/healthyhead.dk\/sv\/wp-json\/wp\/v2\/types\/product"}],"version-history":[{"count":1,"href":"https:\/\/healthyhead.dk\/sv\/wp-json\/wp\/v2\/product\/275232\/revisions"}],"predecessor-version":[{"id":275336,"href":"https:\/\/healthyhead.dk\/sv\/wp-json\/wp\/v2\/product\/275232\/revisions\/275336"}],"wp:featuredmedia":[{"embeddable":true,"href":"https:\/\/healthyhead.dk\/sv\/wp-json\/wp\/v2\/media\/255407"}],"wp:attachment":[{"href":"https:\/\/healthyhead.dk\/sv\/wp-json\/wp\/v2\/media?parent=275232"}],"wp:term":[{"taxonomy":"product_brand","embeddable":true,"href":"https:\/\/healthyhead.dk\/sv\/wp-json\/wp\/v2\/product_brand?post=275232"},{"taxonomy":"product_cat","embeddable":true,"href":"https:\/\/healthyhead.dk\/sv\/wp-json\/wp\/v2\/product_cat?post=275232"},{"taxonomy":"product_tag","embeddable":true,"href":"https:\/\/healthyhead.dk\/sv\/wp-json\/wp\/v2\/product_tag?post=275232"}],"curies":[{"name":"wp","href":"https:\/\/api.w.org\/{rel}","templated":true}]}}