{"id":275300,"date":"2024-12-11T13:11:10","date_gmt":"2024-12-11T13:11:10","guid":{"rendered":"https:\/\/new.healthyhead.dk\/vare\/mundbind-i-3-lag-okologisk-genanvendelig-med-naeseklemme\/"},"modified":"2025-10-19T17:07:24","modified_gmt":"2025-10-19T17:07:24","slug":"mundbind-i-3-lag-okologisk-genanvendelig-med-naeseklemme","status":"publish","type":"product","link":"https:\/\/healthyhead.dk\/sv\/produkt\/mundbind-i-3-lag-okologisk-genanvendelig-med-naeseklemme\/","title":{"rendered":"Munskydd i 3 lager, Ekologiskt, \u00c5teranv\u00e4ndbart, med n\u00e4skl\u00e4mma"},"content":{"rendered":"","protected":false},"excerpt":{"rendered":"<p><img decoding=\"async\" class=\"alignnone wp-image-12794\" src=\"\/wp-content\/uploads\/2024\/12\/Denmark-USP.webp\" alt=\"\" width=\"47\" height=\"45\">Ytter- och innerlager av 100% ekologisk bomull<\/p>\n<p><img decoding=\"async\" class=\"alignnone wp-image-8762\" src=\"\/wp-content\/uploads\/2024\/08\/Forvasket.svg\" alt=\"\" width=\"46\" height=\"46\" srcset=\"https:\/\/healthyhead.dk\/wp-content\/uploads\/Forvasket.svg 150w, https:\/\/healthyhead.dk\/wp-content\/uploads\/Forvasket.svg 300w, https:\/\/healthyhead.dk\/wp-content\/uploads\/Forvasket.svg 768w, https:\/\/healthyhead.dk\/wp-content\/uploads\/Forvasket.svg 1024w, https:\/\/healthyhead.dk\/wp-content\/uploads\/Forvasket.svg 250w\" sizes=\"(max-width: 46px) 100vw, 46px\" \/>En tv\u00e4ttbar\/\u00e5teranv\u00e4ndbar produkt<\/p>\n<p>&nbsp;<\/p>\n[cg_accordion title=\"Beskrivning\" open=\"open\"]\n<div class=\"woocommerce-product-details__short-description\">\n<p>V\u00e5rt ekologiska 3-lagers tygmunskydd \u00e4r ett h\u00e5llbart alternativ till eng\u00e5ngsmunskydd. Munskyddet \u00e4r av h\u00f6g kvalitet och har ett ytter- och innerlager av ekologisk bomull och ett mellanlager av polypropenfilter. Munskyddet \u00e4r mjukt, har bekv\u00e4ma res\u00e5rband och en perfekt passform. Det har en justerbar n\u00e4skl\u00e4mma som g\u00f6r att det sitter t\u00e4tt vid n\u00e4sryggen och passar f\u00f6r glas\u00f6gonb\u00e4rare. Munskyddet \u00e4r \u00e5teranv\u00e4ndbart och kan tv\u00e4ttas, se tv\u00e4ttr\u00e5d l\u00e4ngst ner p\u00e5 sidan. V\u00e5rt munskydd \u00e4r ett community-munskydd som kan anv\u00e4ndas som ett komplement och inte som ers\u00e4ttning f\u00f6r h\u00e4lsomyndigheternas \u00f6vriga rekommendationer, s\u00e5som fysisk distansering och handtv\u00e4tt. Du hittar en l\u00e4nk till Folkh\u00e4lsomyndighetens rekommendationer f\u00f6r anv\u00e4ndning av tygmunskydd l\u00e4ngst ner p\u00e5 denna sida.      <\/p>\n<\/div>\n<ul>\n<li><b>Ytter- och innerlager av ekologisk bomull<\/b><\/li>\n<li><strong>Justerbar n\u00e4skl\u00e4mma<\/strong><\/li>\n<li><strong>\u00c5teranv\u00e4ndbart munskydd<\/strong><\/li>\n<\/ul>\n<p>&nbsp;<\/p>\n","protected":false},"featured_media":258191,"template":"","meta":{"_acf_changed":false},"product_brand":[],"product_cat":[541],"product_tag":[],"class_list":{"0":"post-275300","1":"product","2":"type-product","3":"status-publish","4":"has-post-thumbnail","6":"product_cat-munskydd","7":"pa_size-5-10-aar-sv","8":"pa_size-s-m-sv","9":"pa_size-l-xl-sv","11":"first","12":"instock","13":"taxable","14":"shipping-taxable","15":"purchasable","16":"product-type-variable"},"acf":[],"_links":{"self":[{"href":"https:\/\/healthyhead.dk\/sv\/wp-json\/wp\/v2\/product\/275300","targetHints":{"allow":["GET"]}}],"collection":[{"href":"https:\/\/healthyhead.dk\/sv\/wp-json\/wp\/v2\/product"}],"about":[{"href":"https:\/\/healthyhead.dk\/sv\/wp-json\/wp\/v2\/types\/product"}],"version-history":[{"count":0,"href":"https:\/\/healthyhead.dk\/sv\/wp-json\/wp\/v2\/product\/275300\/revisions"}],"wp:featuredmedia":[{"embeddable":true,"href":"https:\/\/healthyhead.dk\/sv\/wp-json\/wp\/v2\/media\/258191"}],"wp:attachment":[{"href":"https:\/\/healthyhead.dk\/sv\/wp-json\/wp\/v2\/media?parent=275300"}],"wp:term":[{"taxonomy":"product_brand","embeddable":true,"href":"https:\/\/healthyhead.dk\/sv\/wp-json\/wp\/v2\/product_brand?post=275300"},{"taxonomy":"product_cat","embeddable":true,"href":"https:\/\/healthyhead.dk\/sv\/wp-json\/wp\/v2\/product_cat?post=275300"},{"taxonomy":"product_tag","embeddable":true,"href":"https:\/\/healthyhead.dk\/sv\/wp-json\/wp\/v2\/product_tag?post=275300"}],"curies":[{"name":"wp","href":"https:\/\/api.w.org\/{rel}","templated":true}]}}