{"id":275337,"date":"2024-09-13T16:17:23","date_gmt":"2024-09-13T16:17:23","guid":{"rendered":"https:\/\/new.healthyhead.dk\/vare\/oekologisk-t-shirt-oversized-box-fit-herre\/"},"modified":"2025-09-28T11:22:53","modified_gmt":"2025-09-28T11:22:53","slug":"ekologisk-t-shirt-oversized-box-fit-bomull-herr","status":"publish","type":"product","link":"https:\/\/healthyhead.dk\/sv\/produkt\/ekologisk-t-shirt-oversized-box-fit-bomull-herr\/","title":{"rendered":"Ekologisk T-shirt, Oversized, Box Fit, Bomull, Herr"},"content":{"rendered":"","protected":false},"excerpt":{"rendered":"<p><img decoding=\"async\" class=\"alignnone wp-image-7519\" src=\"\/wp-content\/uploads\/2024\/08\/Klassisk-pasform.svg\" alt=\"Klassisk passform\" width=\"46\" height=\"45\">Boxpassning<\/p>\n<p><img decoding=\"async\" class=\"alignnone wp-image-7520\" src=\"\/wp-content\/\/uploads\/2024\/08\/GOTS-.svg\" alt=\"Oeko-tex\" width=\"46\" height=\"45\">GOTS-certifierad ekologisk produktion<\/p>\n<p><img decoding=\"async\" class=\"alignnone wp-image-7533\" src=\"\/wp-content\/uploads\/2024\/08\/Forvasket.svg\" alt=\"F\u00f6rtv\u00e4ttad\" width=\"46\" height=\"45\">F\u00f6rtv\u00e4ttad f\u00f6r att minimera krympning<\/p>\n<p><img loading=\"lazy\" decoding=\"async\" class=\"alignnone wp-image-7533\" src=\"\/wp-content\/uploads\/2024\/08\/No-tags.svg\" alt=\"Inga taggar\" width=\"46\" height=\"45\">Utan m\u00e4rkeslappar<\/p>\n<p>&nbsp;<\/p>\n[cg_accordion title=\"Beskrivning\" open=\"open\"]V\u00e5r Box Tee \u00e4r den perfekta oversized t-shirten tillverkad av mjuk 100% ekologisk bomull i heavyweight-kvalitet. T-shirten har \u00e4kta drop shoulders, vilket inneb\u00e4r att den har extra bredd f\u00f6r att ge den en snygg look. Bomullen \u00e4r av h\u00f6gsta kvalitet, vilket g\u00f6r att T-shirten k\u00e4nns mjuk, slitstark och beh\u00e5ller sin f\u00e4rg tv\u00e4tt efter tv\u00e4tt. V\u00e5r Box Tee \u00e4r helt m\u00e4rkesl\u00f6s och har endast en storleks- och tv\u00e4ttm\u00e4rkning.<br \/>\n&nbsp;<\/p>\n<ul>\n<li><b>Sann box fit<\/b> med nedhasade axlar<\/li>\n<li>Material: 100% <b>GOTS-certifierad ekologisk<\/b> bomull i kraftig kvalitet, 190 g\/m\u00b2<\/li>\n<li>T-shirten k\u00e4nns <b>mjuk<\/b>, \u00e4r <b>slitstark<\/b> och <b>beh\u00e5ller sin f\u00e4rg<\/b> tv\u00e4tt efter tv\u00e4tt<\/li>\n<li>Krympning: T-shirten \u00e4r &#8221;f\u00f6rtv\u00e4ttad&#8221; &#8211; krymper d\u00e4rf\u00f6r minimalt om tv\u00e4ttanvisningarna f\u00f6ljs<\/li>\n<\/ul>\n<p>[\/cg_accordion]\n[cg_accordion title=\"Tv\u00e4ttr\u00e5d\"]<\/p>\n<p>Vi rekommenderar att du tv\u00e4ttar i 30 grader och undviker torktumling f\u00f6r att skydda milj\u00f6n och f\u00f6rl\u00e4nga livsl\u00e4ngden p\u00e5 T-shirten.<\/p>\n<p><img loading=\"lazy\" decoding=\"async\" class=\"wp-image-7353 alignleft\" src=\"\/wp-content\/uploads\/2024\/08\/Vaskeanvisning-305-t-shirt.svg\" alt=\"Tv\u00e4ttinstruktioner-305 t-shirt\" width=\"270\" height=\"54\" srcset=\"https:\/\/healthyhead.dk\/wp-content\/uploads\/Vaskeanvisning-305-t-shirt.svg 150w, https:\/\/healthyhead.dk\/wp-content\/uploads\/Vaskeanvisning-305-t-shirt.svg 300w, https:\/\/healthyhead.dk\/wp-content\/uploads\/Vaskeanvisning-305-t-shirt.svg 768w, https:\/\/healthyhead.dk\/wp-content\/uploads\/Vaskeanvisning-305-t-shirt.svg 1024w, https:\/\/healthyhead.dk\/wp-content\/uploads\/Vaskeanvisning-305-t-shirt.svg 1230w\" sizes=\"(max-width: 270px) 100vw, 270px\" \/><\/p>\n<p>&nbsp;<\/p>\n<p>&nbsp;<\/p>\n<p>[\/cg_accordion]\n","protected":false},"featured_media":261387,"template":"","meta":{"_acf_changed":false},"product_brand":[],"product_cat":[557],"product_tag":[],"class_list":{"0":"post-275337","1":"product","2":"type-product","3":"status-publish","4":"has-post-thumbnail","6":"product_cat-oversize-box-fit-t-shirts","7":"pa_size-xx-small-sv","8":"pa_size-x-small-sv","9":"pa_size-small-sv","10":"pa_size-medium-sv","11":"pa_size-large-sv","12":"pa_size-x-large-sv","13":"pa_size-xx-large-sv","14":"pa_size-3x-large-sv","16":"first","17":"instock","18":"taxable","19":"shipping-taxable","20":"purchasable","21":"product-type-variable","22":"has-default-attributes"},"acf":[],"_links":{"self":[{"href":"https:\/\/healthyhead.dk\/sv\/wp-json\/wp\/v2\/product\/275337","targetHints":{"allow":["GET"]}}],"collection":[{"href":"https:\/\/healthyhead.dk\/sv\/wp-json\/wp\/v2\/product"}],"about":[{"href":"https:\/\/healthyhead.dk\/sv\/wp-json\/wp\/v2\/types\/product"}],"version-history":[{"count":2,"href":"https:\/\/healthyhead.dk\/sv\/wp-json\/wp\/v2\/product\/275337\/revisions"}],"predecessor-version":[{"id":275385,"href":"https:\/\/healthyhead.dk\/sv\/wp-json\/wp\/v2\/product\/275337\/revisions\/275385"}],"wp:featuredmedia":[{"embeddable":true,"href":"https:\/\/healthyhead.dk\/sv\/wp-json\/wp\/v2\/media\/261387"}],"wp:attachment":[{"href":"https:\/\/healthyhead.dk\/sv\/wp-json\/wp\/v2\/media?parent=275337"}],"wp:term":[{"taxonomy":"product_brand","embeddable":true,"href":"https:\/\/healthyhead.dk\/sv\/wp-json\/wp\/v2\/product_brand?post=275337"},{"taxonomy":"product_cat","embeddable":true,"href":"https:\/\/healthyhead.dk\/sv\/wp-json\/wp\/v2\/product_cat?post=275337"},{"taxonomy":"product_tag","embeddable":true,"href":"https:\/\/healthyhead.dk\/sv\/wp-json\/wp\/v2\/product_tag?post=275337"}],"curies":[{"name":"wp","href":"https:\/\/api.w.org\/{rel}","templated":true}]}}