{"id":276617,"date":"2024-12-19T11:01:48","date_gmt":"2024-12-19T11:01:48","guid":{"rendered":"https:\/\/new.healthyhead.dk\/vare\/hollands-landshold-landsholdstroeje-t-shirt-memphis-10\/"},"modified":"2025-10-02T11:23:18","modified_gmt":"2025-10-02T11:23:18","slug":"nederlandska-landslaget-landslaget-landslaget-jersey-t-shirt-memphis-10","status":"publish","type":"product","link":"https:\/\/healthyhead.dk\/sv\/produkt\/nederlandska-landslaget-landslaget-landslaget-jersey-t-shirt-memphis-10\/","title":{"rendered":"Nederl\u00e4ndernas landslag, Landslagstr\u00f6ja, T-shirt, Memphis 10"},"content":{"rendered":"","protected":false},"excerpt":{"rendered":"<p><img decoding=\"async\" class=\"alignnone wp-image-7519\" src=\"\/wp-content\/uploads\/2024\/08\/Klassisk-pasform.svg\" alt=\"Klassisk passform\" width=\"46\" height=\"45\">Klassisk passform<\/p>\n<p><img decoding=\"async\" class=\"alignnone wp-image-7520\" src=\"\/wp-content\/uploads\/2024\/08\/Oeko-tex.svg\" alt=\"Oeko-tex\" width=\"46\" height=\"45\">OEKO-tex-certifierad bomull och tryck utan skadliga kemikalier<\/p>\n<p><img decoding=\"async\" class=\"alignnone wp-image-7533\" src=\"\/wp-content\/uploads\/2024\/08\/Forvasket.svg\" alt=\"F\u00f6rtv\u00e4ttad\" width=\"46\" height=\"45\">F\u00f6rtv\u00e4ttad f\u00f6r att minimera krympning<\/p>\n<section class=\"elegant-tabs-container et-horizontal\">\n<div class=\"et-tabs et-horizontal justified-tabs et-tabs-style-iconbox tab-class-670d08084954b\" data-tab_style=\"iconbox\" data-active-bg=\"#00a54f\" data-active-text=\"#ffffff\">\n<nav> <\/nav>\n<\/div>\n<\/section>\n[cg_accordion title=\"Beskrivning\" open=\"open\"]<\/p>\n<div class=\"group\/conversation-turn relative flex w-full min-w-0 flex-col agent-turn\">\n<div class=\"flex-col gap-1 md:gap-3\">\n<div class=\"flex max-w-full flex-col flex-grow\">\n<div class=\"min-h-8 text-message flex w-full flex-col items-end gap-2 whitespace-normal break-words text-start [.text-message+&amp;]:mt-5\" dir=\"auto\" data-message-author-role=\"assistant\" data-message-id=\"831856d0-1ad9-4402-9e87-3e434416df22\" data-message-model-slug=\"gpt-4o\">\n<div class=\"flex w-full flex-col gap-1 empty:hidden first:pt-[3px]\">\n<div class=\"markdown prose w-full break-words dark:prose-invert light\">\n<p>Visa ditt st\u00f6d f\u00f6r det holl\u00e4ndska landslaget och den talangfulla holl\u00e4ndska anfallaren Memphis Depay med denna T-shirt. T-shirten \u00e4r tillverkad av 100% ekologisk GOTS-certifierad bomull och tryckt med OEKO-tex-certifierat kvalitetstryck. G\u00f6r dig redo att st\u00f6tta det holl\u00e4ndska laget med denna h\u00e5llbara T-shirt.  <\/p>\n<\/div>\n<\/div>\n<\/div>\n<\/div>\n<\/div>\n<\/div>\n<ul>\n<li><b>Tryck:<\/b> Danskt OEKO-tex-certifierat kvalitetstryck utan riskabla kemikalier<\/li>\n<li>Passform<b>:<\/b> Normal passform med 2 cm extra l\u00e4ngd f\u00f6r l\u00e4ngre h\u00e5llbarhet<\/li>\n<li><b>Material:<\/b> 100% OEKO-tex-certifierad bomull, 165 g\/m\u00b2<\/li>\n<li><b>Krympning:<\/b> T-shirten \u00e4r &#8221;f\u00f6rtv\u00e4ttad&#8221; &#8211; krymper d\u00e4rf\u00f6r minimalt om tv\u00e4ttanvisningarna f\u00f6ljs<\/li>\n<\/ul>\n<p>[\/cg_accordion]\n[cg_accordion title=\"Tv\u00e4ttr\u00e5d\"]<\/p>\n<p>Vi rekommenderar att du tv\u00e4ttar i 30 grader och undviker torktumling f\u00f6r att skydda milj\u00f6n och f\u00f6rl\u00e4nga livsl\u00e4ngden p\u00e5 T-shirten.<\/p>\n<p><img loading=\"lazy\" decoding=\"async\" class=\"wp-image-7353 alignleft\" src=\"\/wp-content\/uploads\/2024\/08\/Vaskeanvisning-305-t-shirt.svg\" alt=\"Tv\u00e4ttinstruktioner-305 t-shirt\" width=\"270\" height=\"54\" srcset=\"https:\/\/healthyhead.dk\/wp-content\/uploads\/Vaskeanvisning-305-t-shirt.svg 150w, https:\/\/healthyhead.dk\/wp-content\/uploads\/Vaskeanvisning-305-t-shirt.svg 300w, https:\/\/healthyhead.dk\/wp-content\/uploads\/Vaskeanvisning-305-t-shirt.svg 768w, https:\/\/healthyhead.dk\/wp-content\/uploads\/Vaskeanvisning-305-t-shirt.svg 1024w, https:\/\/healthyhead.dk\/wp-content\/uploads\/Vaskeanvisning-305-t-shirt.svg 1230w\" sizes=\"(max-width: 270px) 100vw, 270px\" \/><\/p>\n<p>&nbsp;<\/p>\n<p>&nbsp;<\/p>\n<p>[\/cg_accordion]\n","protected":false},"featured_media":258839,"template":"","meta":{"_acf_changed":false},"product_brand":[],"product_cat":[758],"product_tag":[],"class_list":{"0":"post-276617","1":"product","2":"type-product","3":"status-publish","4":"has-post-thumbnail","6":"product_cat-landslagsklaeder-nederlaenderna","7":"pa_size-2-aar-sv","8":"pa_size-4-6-aar-sv","9":"pa_size-8-10-aar-sv","10":"pa_size-12-14-aar-sv","11":"pa_size-x-small-sv","12":"pa_size-small-sv","13":"pa_size-medium-sv","14":"pa_size-large-sv","15":"pa_size-x-large-sv","16":"pa_size-xx-large-sv","17":"pa_size-3x-large-sv","18":"pa_size-4x-large-sv","19":"pa_size-5x-large-sv","20":"pa_size-6x-large-sv","22":"first","23":"instock","24":"taxable","25":"shipping-taxable","26":"purchasable","27":"product-type-variable","28":"has-default-attributes"},"acf":[],"_links":{"self":[{"href":"https:\/\/healthyhead.dk\/sv\/wp-json\/wp\/v2\/product\/276617","targetHints":{"allow":["GET"]}}],"collection":[{"href":"https:\/\/healthyhead.dk\/sv\/wp-json\/wp\/v2\/product"}],"about":[{"href":"https:\/\/healthyhead.dk\/sv\/wp-json\/wp\/v2\/types\/product"}],"version-history":[{"count":1,"href":"https:\/\/healthyhead.dk\/sv\/wp-json\/wp\/v2\/product\/276617\/revisions"}],"predecessor-version":[{"id":278003,"href":"https:\/\/healthyhead.dk\/sv\/wp-json\/wp\/v2\/product\/276617\/revisions\/278003"}],"wp:featuredmedia":[{"embeddable":true,"href":"https:\/\/healthyhead.dk\/sv\/wp-json\/wp\/v2\/media\/258839"}],"wp:attachment":[{"href":"https:\/\/healthyhead.dk\/sv\/wp-json\/wp\/v2\/media?parent=276617"}],"wp:term":[{"taxonomy":"product_brand","embeddable":true,"href":"https:\/\/healthyhead.dk\/sv\/wp-json\/wp\/v2\/product_brand?post=276617"},{"taxonomy":"product_cat","embeddable":true,"href":"https:\/\/healthyhead.dk\/sv\/wp-json\/wp\/v2\/product_cat?post=276617"},{"taxonomy":"product_tag","embeddable":true,"href":"https:\/\/healthyhead.dk\/sv\/wp-json\/wp\/v2\/product_tag?post=276617"}],"curies":[{"name":"wp","href":"https:\/\/api.w.org\/{rel}","templated":true}]}}