{"id":278104,"date":"2025-01-26T16:07:50","date_gmt":"2025-01-26T16:07:50","guid":{"rendered":"https:\/\/new.healthyhead.dk\/vare\/t-shirt-tour-de-france-rytter-med-fart\/"},"modified":"2025-10-02T11:23:59","modified_gmt":"2025-10-02T11:23:59","slug":"t-shirt-tour-de-france-ryttare-med-speed","status":"publish","type":"product","link":"https:\/\/healthyhead.dk\/sv\/produkt\/t-shirt-tour-de-france-ryttare-med-speed\/","title":{"rendered":"T-shirt, Tour de France, F\u00f6rare med fart"},"content":{"rendered":"","protected":false},"excerpt":{"rendered":"<p><img decoding=\"async\" class=\"alignnone wp-image-8768\" src=\"\/wp-content\/uploads\/2024\/08\/Klassisk-pasform.svg\" alt=\"\" width=\"47\" height=\"47\" srcset=\"https:\/\/healthyhead.dk\/wp-content\/uploads\/Klassisk-pasform.svg 150w, https:\/\/healthyhead.dk\/wp-content\/uploads\/Klassisk-pasform.svg 300w, https:\/\/healthyhead.dk\/wp-content\/uploads\/Klassisk-pasform.svg 768w, https:\/\/healthyhead.dk\/wp-content\/uploads\/Klassisk-pasform.svg 1024w, https:\/\/healthyhead.dk\/wp-content\/uploads\/Klassisk-pasform.svg 250w\" sizes=\"(max-width: 47px) 100vw, 47px\" \/>Klassisk passform<\/p>\n<p><img decoding=\"async\" class=\"alignnone wp-image-7533\" src=\"\/wp-content\/uploads\/2024\/08\/GOTS-.svg\" alt=\"GOTS\" width=\"46\" height=\"45\">Ekologisk GOTS-certifierad t-shirt<\/p>\n<p><img decoding=\"async\" class=\"alignnone wp-image-7520\" src=\"\/wp-content\/uploads\/2024\/08\/Forvasket.svg\" alt=\"F\u00f6rtv\u00e4ttad\" width=\"46\" height=\"45\">F\u00f6rtv\u00e4ttad f\u00f6r att minimera krympning<\/p>\n<p><img loading=\"lazy\" decoding=\"async\" class=\"alignnone wp-image-8763\" src=\"\/wp-content\/uploads\/2024\/08\/Oeko-tex.svg\" alt=\"\" width=\"47\" height=\"47\" srcset=\"https:\/\/healthyhead.dk\/wp-content\/uploads\/Oeko-tex.svg 150w, https:\/\/healthyhead.dk\/wp-content\/uploads\/Oeko-tex.svg 300w, https:\/\/healthyhead.dk\/wp-content\/uploads\/Oeko-tex.svg 768w, https:\/\/healthyhead.dk\/wp-content\/uploads\/Oeko-tex.svg 1024w, https:\/\/healthyhead.dk\/wp-content\/uploads\/Oeko-tex.svg 250w\" sizes=\"(max-width: 47px) 100vw, 47px\" \/>  OEKO-tex-certifierat tryck utan skadliga kemikalier<\/p>\n<p>&nbsp;<\/p>\n[cg_accordion title=\"Beskrivning\" open=\"open\"]<\/p>\n<div class=\"woocommerce-product-details__short-description\">T-shirt med ryttare och vingar p\u00e5 v\u00e4gen, med texten Tour De France i de franska f\u00e4rgerna. T-shirten \u00e4r tryckt i Danmark med OEKO-tex-certifierat kvalitetstryck som t\u00e5l tv\u00e4tt upp till 60 grader. Klassisk passform.  &nbsp;<br \/>\n&nbsp;\n<\/div>\n<ul>\n<li>Passform<b>:<\/b> Normal passform med 2 cm extra l\u00e4ngd f\u00f6r l\u00e4ngre h\u00e5llbarhet<\/li>\n<li><b>Material:<\/b> 100% GOTS-certifierad ekologisk bomull, 165 g\/m\u00b2<\/li>\n<li><b>Krympning:<\/b> T-shirten \u00e4r &#8221;f\u00f6rtv\u00e4ttad&#8221; &#8211; krymper d\u00e4rf\u00f6r minimalt om tv\u00e4ttanvisningarna f\u00f6ljs<\/li>\n<li><b>Tryck:<\/b> Danskt OEKO-tex-certifierat kvalitetstryck utan riskabla kemikalier<\/li>\n<\/ul>\n<p>[\/cg_accordion]\n[cg_accordion title=\"Tv\u00e4ttr\u00e5d\"]<\/p>\n<p>Vi rekommenderar att du tv\u00e4ttar i 40 grader och undviker torktumling f\u00f6r att skydda milj\u00f6n och f\u00f6rl\u00e4nga livsl\u00e4ngden p\u00e5 T-shirten.<\/p>\n<p><img loading=\"lazy\" decoding=\"async\" class=\"wp-image-7353 alignleft\" src=\"\/wp-content\/uploads\/2024\/08\/Vaskeanvisning-305-t-shirt.svg\" alt=\"Tv\u00e4ttinstruktioner-305 t-shirt\" width=\"270\" height=\"54\" srcset=\"https:\/\/healthyhead.dk\/wp-content\/uploads\/Vaskeanvisning-305-t-shirt.svg 150w, https:\/\/healthyhead.dk\/wp-content\/uploads\/Vaskeanvisning-305-t-shirt.svg 300w, https:\/\/healthyhead.dk\/wp-content\/uploads\/Vaskeanvisning-305-t-shirt.svg 768w, https:\/\/healthyhead.dk\/wp-content\/uploads\/Vaskeanvisning-305-t-shirt.svg 1024w, https:\/\/healthyhead.dk\/wp-content\/uploads\/Vaskeanvisning-305-t-shirt.svg 1230w\" sizes=\"(max-width: 270px) 100vw, 270px\" \/><\/p>\n<p>&nbsp;<\/p>\n<p>&nbsp;<\/p>\n<p>[\/cg_accordion]\n","protected":false},"featured_media":259599,"template":"","meta":{"_acf_changed":false},"product_brand":[],"product_cat":[765],"product_tag":[],"class_list":{"0":"post-278104","1":"product","2":"type-product","3":"status-publish","4":"has-post-thumbnail","6":"product_cat-tour-de-france","7":"pa_size-4-6-aar-sv","8":"pa_size-8-10-aar-sv","9":"pa_size-12-14-aar-sv","10":"pa_size-x-small-sv","11":"pa_size-small-sv","12":"pa_size-medium-sv","13":"pa_size-large-sv","14":"pa_size-x-large-sv","15":"pa_size-xx-large-sv","16":"pa_size-3x-large-sv","18":"first","19":"instock","20":"taxable","21":"shipping-taxable","22":"purchasable","23":"product-type-variable"},"acf":[],"_links":{"self":[{"href":"https:\/\/healthyhead.dk\/sv\/wp-json\/wp\/v2\/product\/278104","targetHints":{"allow":["GET"]}}],"collection":[{"href":"https:\/\/healthyhead.dk\/sv\/wp-json\/wp\/v2\/product"}],"about":[{"href":"https:\/\/healthyhead.dk\/sv\/wp-json\/wp\/v2\/types\/product"}],"version-history":[{"count":1,"href":"https:\/\/healthyhead.dk\/sv\/wp-json\/wp\/v2\/product\/278104\/revisions"}],"predecessor-version":[{"id":278310,"href":"https:\/\/healthyhead.dk\/sv\/wp-json\/wp\/v2\/product\/278104\/revisions\/278310"}],"wp:featuredmedia":[{"embeddable":true,"href":"https:\/\/healthyhead.dk\/sv\/wp-json\/wp\/v2\/media\/259599"}],"wp:attachment":[{"href":"https:\/\/healthyhead.dk\/sv\/wp-json\/wp\/v2\/media?parent=278104"}],"wp:term":[{"taxonomy":"product_brand","embeddable":true,"href":"https:\/\/healthyhead.dk\/sv\/wp-json\/wp\/v2\/product_brand?post=278104"},{"taxonomy":"product_cat","embeddable":true,"href":"https:\/\/healthyhead.dk\/sv\/wp-json\/wp\/v2\/product_cat?post=278104"},{"taxonomy":"product_tag","embeddable":true,"href":"https:\/\/healthyhead.dk\/sv\/wp-json\/wp\/v2\/product_tag?post=278104"}],"curies":[{"name":"wp","href":"https:\/\/api.w.org\/{rel}","templated":true}]}}