{"id":280350,"date":"2025-04-15T10:59:40","date_gmt":"2025-04-15T10:59:40","guid":{"rendered":"https:\/\/new.healthyhead.dk\/vare\/cap-kasket-groenland-greenland-is-not-for-sale-roed-onesize\/"},"modified":"2025-10-03T09:20:11","modified_gmt":"2025-10-03T09:20:11","slug":"keps-greenland-is-not-for-sale","status":"publish","type":"product","link":"https:\/\/healthyhead.dk\/sv\/produkt\/keps-greenland-is-not-for-sale\/","title":{"rendered":"Cap, Keps, Gr\u00f6nland, Greenland Is Not For Sale, R\u00f6d, One size"},"content":{"rendered":"","protected":false},"excerpt":{"rendered":"<p><img decoding=\"async\" class=\"alignnone wp-image-7519\" src=\"\/wp-content\/uploads\/2024\/08\/Oeko-tex.svg\" alt=\"OEKO-tex\" width=\"46\" height=\"45\">OEKO-tex-certifierat tryck utan skadliga kemikalier<\/p>\n<p>&nbsp;<\/p>\n[cg_accordion title=\"Beskrivning\" open=\"open\"]<\/p>\n<div class=\"woocommerce-product-details__short-description\">\n<p>En stilfull kasket med budskapet \u201cGreenland Is Not For Sale\u201d och den gr\u00f6nl\u00e4ndska flaggan diskret placerad p\u00e5 sidan. Ett statement som markerar motst\u00e5nd mot Trumps och MAGA-r\u00f6relsens f\u00f6rs\u00f6k att skapa splittring och polarisering i Gr\u00f6nland, samtidigt som den underst\u00f6djer Gr\u00f6nlands r\u00e4tt till sj\u00e4lvbest\u00e4mmande. Kasketten har justerbart sp\u00e4nne p\u00e5 baksidan, vilket s\u00e4kerst\u00e4ller att man f\u00e5r en perfekt passform varje g\u00e5ng.  <\/p>\n<ul>\n<li><b>Storlek:<\/b> Onesize<\/li>\n<li><strong>Passform:<\/strong> Justerbart sp\u00e4nne p\u00e5 baksidan<\/li>\n<li><b>Tryck:<\/b> Danskt OEKO-tex-certifierat kvalitetstryck utan riskabla kemikalier<\/li>\n<\/ul>\n<\/div>\n<p>[\/cg_accordion]\n","protected":false},"featured_media":298539,"template":"","meta":{"_acf_changed":false},"product_brand":[],"product_cat":[663],"product_tag":[],"class_list":{"0":"post-280350","1":"product","2":"type-product","3":"status-publish","4":"has-post-thumbnail","6":"product_cat-groenland","7":"pa_size-onesize-sv","9":"first","10":"instock","11":"taxable","12":"shipping-taxable","13":"purchasable","14":"product-type-simple"},"acf":[],"_links":{"self":[{"href":"https:\/\/healthyhead.dk\/sv\/wp-json\/wp\/v2\/product\/280350","targetHints":{"allow":["GET"]}}],"collection":[{"href":"https:\/\/healthyhead.dk\/sv\/wp-json\/wp\/v2\/product"}],"about":[{"href":"https:\/\/healthyhead.dk\/sv\/wp-json\/wp\/v2\/types\/product"}],"version-history":[{"count":0,"href":"https:\/\/healthyhead.dk\/sv\/wp-json\/wp\/v2\/product\/280350\/revisions"}],"wp:featuredmedia":[{"embeddable":true,"href":"https:\/\/healthyhead.dk\/sv\/wp-json\/wp\/v2\/media\/298539"}],"wp:attachment":[{"href":"https:\/\/healthyhead.dk\/sv\/wp-json\/wp\/v2\/media?parent=280350"}],"wp:term":[{"taxonomy":"product_brand","embeddable":true,"href":"https:\/\/healthyhead.dk\/sv\/wp-json\/wp\/v2\/product_brand?post=280350"},{"taxonomy":"product_cat","embeddable":true,"href":"https:\/\/healthyhead.dk\/sv\/wp-json\/wp\/v2\/product_cat?post=280350"},{"taxonomy":"product_tag","embeddable":true,"href":"https:\/\/healthyhead.dk\/sv\/wp-json\/wp\/v2\/product_tag?post=280350"}],"curies":[{"name":"wp","href":"https:\/\/api.w.org\/{rel}","templated":true}]}}