{"id":281342,"date":"2024-10-12T09:47:25","date_gmt":"2024-10-12T09:47:25","guid":{"rendered":"https:\/\/new.healthyhead.dk\/vare\/axel-marie-soester-t-shirt-design-selv\/"},"modified":"2024-10-12T09:47:25","modified_gmt":"2024-10-12T09:47:25","slug":"axel-marie-soester-t-shirt-design-selv","status":"publish","type":"product","link":"https:\/\/healthyhead.dk\/sv\/produkt\/axel-marie-soester-t-shirt-design-selv\/","title":{"rendered":"Axel &#038; Marie, T-shirt, Pige, Design Selv"},"content":{"rendered":"","protected":false},"excerpt":{"rendered":"<p><img decoding=\"async\" class=\"alignnone wp-image-7519\" src=\"\/wp-content\/uploads\/2024\/08\/Oeko-tex.svg\" alt=\"OEKO-tex\" width=\"46\" height=\"45\" \/>OEKO-tex certificeret tryk uden skadelig kemi<\/p>\n<p><img decoding=\"async\" class=\"alignnone wp-image-7520\" src=\"\/wp-content\/uploads\/2024\/08\/Forvasket.svg\" alt=\"Forvasket\" width=\"46\" height=\"45\" \/>Forvasket for at minimere krymp<\/p>\n<p><img decoding=\"async\" class=\"alignnone wp-image-7533\" src=\"\/wp-content\/uploads\/2024\/08\/GOTS-.svg\" alt=\"GOTS\" width=\"46\" height=\"45\" \/>\u00d8kologisk GOTS certificeret t-shirt<\/p>\n<p><img loading=\"lazy\" decoding=\"async\" class=\"alignnone wp-image-7533\" src=\"\/wp-content\/uploads\/2024\/08\/Lavet-i-dk-.svg\" alt=\"Dansk design ad Axel Eriksen\" width=\"46\" height=\"45\" \/>Dansk design af Axel Eriksen<\/p>\n<p>&nbsp;<\/p>\n[cg_accordion title=\"Beskrivelse\" open=\"open\"]<\/p>\n<p>Axel &#038; Marie t-shirt med valgfrit navn eller tekst. T-shirten har et s\u00f8dt motiv af en stores\u00f8ster og hendes lilles\u00f8ster\/bror- fantasidyr fra universet tegnet af den danske designer, Marie Dyekj\u00e6r Eriksens, farfar Axel Eriksen. Gaveid\u00e9 til din datter eller dit barnebarn, der allerede er eller er lige ved at blive s\u00f8ster.<\/p>\n<p>T-shirten er produceret i 100% \u00f8kologisk GOTS certificeret bomuld med OEKO-tex certificeret dansk kvalitetstryk.<\/p>\n<ul>\n<li><b>Fit:<\/b> Almindelig pasform med 2 cm ekstra l\u00e6ngde for l\u00e6ngere holdbarhed<\/li>\n<li><b>Materiale:<\/b> 100% GOTS certificeret \u00f8kologisk bomuld, 165 g\/m\u00b2<\/li>\n<li><b>Krymp:<\/b> T-shirten er &#8217;pre-washed&#8217; &#8211; krymper derfor minimalt hvis vaskeanvisninger f\u00f8lges<\/li>\n<li><b>Tryk:<\/b> Dansk OEKO-tex certificeret kvalitetstryk uden risikabel kemi<\/li>\n<\/ul>\n<p>[\/cg_accordion]\n[cg_accordion title=\"Vaskeanvisning\"]<\/p>\n<p>Vi anbefaler at vaske ved 30 grader og undg\u00e5 t\u00f8rretumbling for at sk\u00e5ne milj\u00f8et og forl\u00e6nge levetiden p\u00e5 t-shirten.<\/p>\n<p>Vaskeanvisninger:<\/p>\n<p><img loading=\"lazy\" decoding=\"async\" class=\"wp-image-7353 alignleft\" src=\"\/wp-content\/uploads\/2024\/08\/Vaskeanvisning-305-t-shirt.svg\" alt=\"Vaskeanvisning-305-t-shirt\" width=\"270\" height=\"54\" srcset=\"https:\/\/healthyhead.dk\/wp-content\/uploads\/Vaskeanvisning-305-t-shirt.svg 150w, https:\/\/healthyhead.dk\/wp-content\/uploads\/Vaskeanvisning-305-t-shirt.svg 300w, https:\/\/healthyhead.dk\/wp-content\/uploads\/Vaskeanvisning-305-t-shirt.svg 768w, https:\/\/healthyhead.dk\/wp-content\/uploads\/Vaskeanvisning-305-t-shirt.svg 1024w, https:\/\/healthyhead.dk\/wp-content\/uploads\/Vaskeanvisning-305-t-shirt.svg 1230w\" sizes=\"(max-width: 270px) 100vw, 270px\" \/><\/p>\n<p>&nbsp;<\/p>\n<p>&nbsp;<\/p>\n<p>[\/cg_accordion]\n","protected":false},"featured_media":0,"template":"","meta":{"_acf_changed":false},"product_brand":[],"product_cat":[513],"product_tag":[],"class_list":{"0":"post-281342","1":"product","2":"type-product","3":"status-publish","5":"product_cat-uncategorized-da","7":"first","8":"instock","9":"taxable","10":"shipping-taxable","11":"product-type-simple"},"acf":[],"_links":{"self":[{"href":"https:\/\/healthyhead.dk\/sv\/wp-json\/wp\/v2\/product\/281342","targetHints":{"allow":["GET"]}}],"collection":[{"href":"https:\/\/healthyhead.dk\/sv\/wp-json\/wp\/v2\/product"}],"about":[{"href":"https:\/\/healthyhead.dk\/sv\/wp-json\/wp\/v2\/types\/product"}],"version-history":[{"count":0,"href":"https:\/\/healthyhead.dk\/sv\/wp-json\/wp\/v2\/product\/281342\/revisions"}],"wp:attachment":[{"href":"https:\/\/healthyhead.dk\/sv\/wp-json\/wp\/v2\/media?parent=281342"}],"wp:term":[{"taxonomy":"product_brand","embeddable":true,"href":"https:\/\/healthyhead.dk\/sv\/wp-json\/wp\/v2\/product_brand?post=281342"},{"taxonomy":"product_cat","embeddable":true,"href":"https:\/\/healthyhead.dk\/sv\/wp-json\/wp\/v2\/product_cat?post=281342"},{"taxonomy":"product_tag","embeddable":true,"href":"https:\/\/healthyhead.dk\/sv\/wp-json\/wp\/v2\/product_tag?post=281342"}],"curies":[{"name":"wp","href":"https:\/\/api.w.org\/{rel}","templated":true}]}}