{"id":288622,"date":"2025-11-06T10:23:04","date_gmt":"2025-11-06T10:23:04","guid":{"rendered":"https:\/\/healthyhead.dk\/vare\/winter-folk-manicure-naturlig-neglelak-gaveaeske-jul-limited-ed\/"},"modified":"2025-11-11T17:54:38","modified_gmt":"2025-11-11T17:54:38","slug":"winter-folk-manikyr-naturligt-nagellack-presentask-jul-limited-ed","status":"publish","type":"product","link":"https:\/\/healthyhead.dk\/sv\/produkt\/winter-folk-manikyr-naturligt-nagellack-presentask-jul-limited-ed\/","title":{"rendered":"Winter Folk Manikyr Naturligt Nagellack, Presentask, Jul, Limited ed."},"content":{"rendered":"","protected":false},"excerpt":{"rendered":"<p><img decoding=\"async\" class=\"\" src=\"\/wp-content\/uploads\/2024\/08\/Ingen-kemi.svg\" alt=\"\" width=\"45\" height=\"45\">Inga hormonst\u00f6rande \u00e4mnen<\/p>\n<p><img decoding=\"async\" class=\"\" src=\"\/wp-content\/uploads\/2024\/08\/Ingen-allergifremkaldende.svg\" alt=\"\" width=\"46\" height=\"46\">Inga allergiframkallande \u00e4mnen<\/p>\n<p><img decoding=\"async\" class=\"\" src=\"\/wp-content\/uploads\/2024\/08\/Ingen-miljoebelastende.svg\" width=\"46\" height=\"46\">Inga milj\u00f6belastande \u00e4mnen<\/p>\n<p><img loading=\"lazy\" decoding=\"async\" class=\"\" src=\"\/wp-content\/uploads\/2024\/08\/Ingen-parfume.svg\" width=\"46\" height=\"46\">Ingen parfym<\/p>\n<p>&nbsp;<\/p>\n[cg_accordion title=\"Beskrivning\" open=\"open\"]<\/p>\n<p>&nbsp;<\/p>\n<p>Winter folk manikyr \u00e4r v\u00e5r nya presentask till jul med biobaserade och naturliga nagellack. Den inneh\u00e5ller tre nagellack i nya f\u00e4rger och en bas &amp; topplack, s\u00e5 att du kan m\u00f6ta julens fester med vackra naglar.  Nagellacken fr\u00e5n ZAO \u00e4r fria fr\u00e5n tio av de mest skadliga ingredienserna som ofta finns i konventionellt nagellack. Ge dina naglar en vacker f\u00e4rg utan att kompromissa med kvalitet, milj\u00f6 eller h\u00e4lsa. <\/p>\n<p>I asken hittar du: Khaki 683 \u2013 ett vackert khakigr\u00f6nt nagellack, Terracotta 685 \u2013 nagellack i en vacker brunr\u00f6d lerf\u00e4rg, Dor\u00e9 686 \u2013 ett snyggt guldp\u00e4rlemorsf\u00e4rgat nagellack, Bas &amp; topplack 636 \u2013 som st\u00e4rker dina naglar bl.a. med kisel fr\u00e5n bambu och f\u00e5r ditt nagellack att h\u00e5lla l\u00e4ngre.<\/p>\n<ul>\n<li>Presentask med nagellack och bas &amp; topplack <strong>utan kemikalier<\/strong><\/li>\n<li>Den inneh\u00e5ller: Khaki 683, Terracotta 685, Dor\u00e9 686, Bas &amp; topplack 636<\/li>\n<li>Torkar snabbt och har en <b>l\u00e5ng h\u00e5llbarhet<\/b><\/li>\n<li>Berikad med ekologisk kiseldioxid fr\u00e5n bambu som <b>st\u00e4rker dina naglar<\/b><\/li>\n<li>74-84% av ingredienserna \u00e4r naturliga (varierar beroende p\u00e5 f\u00e4rg). De <b>naturliga ingredienserna<\/b> \u00e4r baserade p\u00e5 majs, potatis, maniok och vete <\/li>\n<li>Fri fr\u00e5n skadliga ingredienser (inklusive ftalater)<\/li>\n<\/ul>\n<p>[\/cg_accordion]\n[cg_accordion title=\"Anv\u00e4ndningstips\"]<\/p>\n<ul>\n<li>\n<div class=\"flex-shrink-0 flex flex-col relative items-end\">\n<div>\n<div class=\"pt-0\">\n<div class=\"gizmo-bot-avatar flex h-8 w-8 items-center justify-center overflow-hidden rounded-full\">\n<div class=\"relative p-1 rounded-sm flex items-center justify-center bg-token-main-surface-primary text-token-text-primary h-8 w-8\">Applicera oljan p\u00e5 nageln och dess kontur och massera f\u00f6rsiktigt tills den \u00e4r helt absorberad.<\/div>\n<div class=\"relative p-1 rounded-sm flex items-center justify-center bg-token-main-surface-primary text-token-text-primary h-8 w-8\">TIPS: Om du vill g\u00f6ra din manikyr direkt efter\u00e5t, kom ih\u00e5g att avfetta\/reng\u00f6ra nageln.<\/div>\n<\/div>\n<\/div>\n<\/div>\n<\/div>\n<\/li>\n<\/ul>\n<p>[\/cg_accordion]\n[cg_accordion title=\"Ingredienser\"]<\/p>\n<p><span style=\"font-weight: 400;\">Berikad med<\/span><b> ekologisk s\u00f6tmandelolja och kukuiolja, <\/b><span style=\"font-weight: 400;\">som \u00e4r k\u00e4nda f\u00f6r sina n\u00e4rande och reparerande egenskaper<\/span><\/p>\n<p><b>INCI-lista:<\/b>Prunus Amygdalus Dulcis (Sweet Almond) Oil, Helianthus Annuus (Sunflower) Seed Oil, Adansonia Digitata Seed Oil, Passiflora Edulis Seed Oil, Aleurites Moluccanus Seed Oil, Cocos Nucifera (Coconut) Oil, Juglans Regia (Walnut) Seed Oil, Tocopheryl Acetate, Tocopherol, Bambusa Vulgaris Sap Extract, Parfum (Fragrance).<\/p>\n<p>[\/cg_accordion]\n<p>&nbsp;<\/p>\n","protected":false},"featured_media":288235,"template":"","meta":{"_acf_changed":false},"product_brand":[565],"product_cat":[870],"product_tag":[],"class_list":{"0":"post-288622","1":"product","2":"type-product","3":"status-publish","4":"has-post-thumbnail","6":"product_brand-zao","7":"product_cat-naglar","9":"first","10":"instock","11":"taxable","12":"shipping-taxable","13":"purchasable","14":"product-type-simple"},"acf":[],"_links":{"self":[{"href":"https:\/\/healthyhead.dk\/sv\/wp-json\/wp\/v2\/product\/288622","targetHints":{"allow":["GET"]}}],"collection":[{"href":"https:\/\/healthyhead.dk\/sv\/wp-json\/wp\/v2\/product"}],"about":[{"href":"https:\/\/healthyhead.dk\/sv\/wp-json\/wp\/v2\/types\/product"}],"version-history":[{"count":0,"href":"https:\/\/healthyhead.dk\/sv\/wp-json\/wp\/v2\/product\/288622\/revisions"}],"wp:featuredmedia":[{"embeddable":true,"href":"https:\/\/healthyhead.dk\/sv\/wp-json\/wp\/v2\/media\/288235"}],"wp:attachment":[{"href":"https:\/\/healthyhead.dk\/sv\/wp-json\/wp\/v2\/media?parent=288622"}],"wp:term":[{"taxonomy":"product_brand","embeddable":true,"href":"https:\/\/healthyhead.dk\/sv\/wp-json\/wp\/v2\/product_brand?post=288622"},{"taxonomy":"product_cat","embeddable":true,"href":"https:\/\/healthyhead.dk\/sv\/wp-json\/wp\/v2\/product_cat?post=288622"},{"taxonomy":"product_tag","embeddable":true,"href":"https:\/\/healthyhead.dk\/sv\/wp-json\/wp\/v2\/product_tag?post=288622"}],"curies":[{"name":"wp","href":"https:\/\/api.w.org\/{rel}","templated":true}]}}