{"id":289463,"date":"2025-11-16T14:11:23","date_gmt":"2025-11-16T14:11:23","guid":{"rendered":"https:\/\/healthyhead.dk\/vare\/zao-oekologisk-foundation-pro-fusion\/"},"modified":"2025-11-18T20:43:09","modified_gmt":"2025-11-18T20:43:09","slug":"zao-ekologisk-flytande-foundation-pro-fusion","status":"publish","type":"product","link":"https:\/\/healthyhead.dk\/sv\/produkt\/zao-ekologisk-flytande-foundation-pro-fusion\/","title":{"rendered":"ZAO, Ekologisk Flytande Foundation, Pro Fusion"},"content":{"rendered":"","protected":false},"excerpt":{"rendered":"<p><img decoding=\"async\" class=\"\" src=\"\/wp-content\/uploads\/2024\/08\/Ingen-kemi.svg\" alt=\"\" width=\"45\" height=\"45\">Inga hormonst\u00f6rande \u00e4mnen<\/p>\n<p><img decoding=\"async\" class=\"\" src=\"\/wp-content\/uploads\/2024\/08\/Ingen-allergifremkaldende.svg\" alt=\"\" width=\"46\" height=\"46\">Inga allergiframkallande \u00e4mnen<\/p>\n<p><img decoding=\"async\" class=\"\" src=\"\/wp-content\/uploads\/2024\/08\/Ingen-miljoebelastende.svg\" width=\"46\" height=\"46\">Inga milj\u00f6belastande \u00e4mnen<\/p>\n<p><img loading=\"lazy\" decoding=\"async\" class=\"\" src=\"\/wp-content\/uploads\/2024\/08\/indeholder-parfume.svg\" width=\"46\" height=\"46\">Inneh\u00e5ller en mycket liten m\u00e4ngd allergiv\u00e4nlig och 100 % naturlig doft<\/p>\n<p>&nbsp;<\/p>\n[cg_accordion title=\"Produktbeskrivning\" open=\"open\"]<\/p>\n<p>Pro&#8217;fusion \u00e4r ZAO:s nya ekologiska och veganska flytande foundation, skapad av 98,9 % naturliga ingredienser och utvecklad med fokus p\u00e5 b\u00e5de prestanda och hudv\u00e5rd.<\/p>\n<p>Pro&#8217;fusion \u00e4r en l\u00e4tt och str\u00e5lande foundation som ger en j\u00e4mn och naturlig finish. Den kr\u00e4miga, t\u00e4ckande texturen sm\u00e4lter in i huden och efterl\u00e4mnar ett enhetligt resultat som framh\u00e4ver hudens naturliga lyster.  Formulan \u00e4r berikad med bambuextrakt \u2013 en naturlig k\u00e4lla till organiskt kisel, k\u00e4nt f\u00f6r att f\u00f6rb\u00e4ttra hudens elasticitet, fuktbalans, cellf\u00f6rnyelse och f\u00f6r sina lugnande, antiinflammatoriska egenskaper.<\/p>\n<p>Denna foundation \u00e4r s\u00e4rskilt l\u00e4mplig f\u00f6r normal, kombinerad och fet hud.<\/p>\n<ul>\n<li>98,9 % naturliga ingredienser<\/li>\n<li>Certifierad ekologisk och vegansk<\/li>\n<li>L\u00e4tt, lysande och naturlig finish<\/li>\n<li>Berikad med bambuextrakt f\u00f6r v\u00e5rd och fukt<\/li>\n<li>Underst\u00f6djer elasticitet, cellf\u00f6rnyelse och hudens balans<\/li>\n<li>Idealisk f\u00f6r normal, kombinerad och fet hud<\/li>\n<\/ul>\n<p><img loading=\"lazy\" decoding=\"async\" class=\"alignnone size-full wp-image-8916\" src=\"\/wp-content\/uploads\/2024\/08\/zao-certificeringer.jpg\" alt=\"\" width=\"479\" height=\"93\" srcset=\"https:\/\/i0.wp.com\/healthyhead.dk\/wp-content\/uploads\/2024\/08\/zao-certificeringer.jpg?w=479&amp;ssl=1 479w, https:\/\/i0.wp.com\/healthyhead.dk\/wp-content\/uploads\/2024\/08\/zao-certificeringer.jpg?resize=300%2C58&amp;ssl=1 300w, https:\/\/i0.wp.com\/healthyhead.dk\/wp-content\/uploads\/2024\/08\/zao-certificeringer.jpg?resize=441%2C86&amp;ssl=1 441w, https:\/\/i0.wp.com\/healthyhead.dk\/wp-content\/uploads\/2024\/08\/zao-certificeringer.jpg?resize=150%2C29&amp;ssl=1 150w\" sizes=\"(max-width: 479px) 100vw, 479px\" \/><br \/>\n[\/cg_accordion]\n[cg_accordion title=\"Anv\u00e4ndningstips\"]<\/p>\n<ul>\n<li>Applicera f\u00f6rst en av ZAO:s Complexion Base (700, 750 eller 751) f\u00f6r att f\u00f6rbereda huden.<\/li>\n<li>L\u00e4gg en liten m\u00e4ngd Pro&#8217;fusion Foundation p\u00e5 handryggen och v\u00e4rm upp produkten med 714 Duo Fibre Foundation Brush.<\/li>\n<li>Applicera foundationen med cirkul\u00e4ra r\u00f6relser f\u00f6r en j\u00e4mn och enhetlig f\u00f6rdelning.<\/li>\n<li>F\u00f6r ett naturligt utseende: arbeta l\u00e4tt med de vita spetsarna p\u00e5 714 Duo Fibre Foundation Brush.<\/li>\n<li>F\u00f6r ett mer t\u00e4ckande och sofistikerat utseende: tryck h\u00e5rdare f\u00f6r att anv\u00e4nda de t\u00e4tare svarta borsth\u00e5ren eller anv\u00e4nd 711 Foundation Brush.<\/li>\n<\/ul>\n<p>[\/cg_accordion]\n[cg_accordion title=\"Ingredienser\"]<\/p>\n<p><b>Ekologiskt bambushydrolat<\/b><br \/>\nFramst\u00e4llt genom destillering av bambublad; det reng\u00f6r kombinerad och akneben\u00e4gen hud genom att mattifiera den. Fuktgivande och lugnande, det \u00e4r ocks\u00e5 bra f\u00f6r torr och k\u00e4nslig hud. Tack vare dess rikedom p\u00e5 kisel ger det huden en mjuk finish.<\/p>\n<p><b>Bambupulver<\/b><br \/>\nVitt \u00e4mne utvunnet fr\u00e5n bambuns ledknutar. Tack vare dess h\u00f6ga inneh\u00e5ll av kisel remineraliserar och fuktar det, och det bidrar till hudens regenerering, samtidigt som det minskar glans p\u00e5 kombinerad och fet hud.<\/p>\n<p><b>Ekologiskt kornstj\u00e4lksvatten<\/b><br \/>\nKornstj\u00e4lksvatten erh\u00e5lls genom att destillera v\u00e4xtcellerna fr\u00e5n unga kornskott. Det st\u00e4rker och regenererar huden och har antiinflammatoriska egenskaper.<\/p>\n<p><b>INCI-lista:<\/b> Aqua (Water), Hordeum Vulgare (Barley) Stem Water*, Glycerin**, Phyllostachys Nigra Extract*, Octyldodecyl Stearoyl Stearate, Squalane, Sucrose Palmitate, Cetearyl Alcohol, Glyceryl Stearate, Potassium Palmitoyl Hydrolyzed Wheat Protein, Glyceryl Caprylate, Magnesium Aluminum Silicate, Parfum (Fragrance), Xanthan Gum, Tocopherol, Bambusa Arundinacea (Bamboo) Stem Powder, Helianthus Annuus (Sunflower) Seed Oil*, Bambusa Arundinacea (Bamboo) Stem Extract*, Dehydroacetic Acid, Citric Acid, Benzyl Alcohol, Potassium Sorbate, Sodium Benzoate.<br \/>\nMay Contain (+\/-): CI 77891 (Titanium Dioxide), CI 77491 (Iron Oxides), CI 77492 (Iron Oxides), CI 77499 (Iron Oxides). *Ingredients from organic farming. **Made using organic ingredients.<\/p>\n<p>[\/cg_accordion]\n","protected":false},"featured_media":289242,"template":"","meta":{"_acf_changed":false},"product_brand":[565],"product_cat":[824],"product_tag":[],"class_list":{"0":"post-289463","1":"product","2":"type-product","3":"status-publish","4":"has-post-thumbnail","6":"product_brand-zao","7":"product_cat-foundation-bb-cream","9":"first","10":"instock","11":"taxable","12":"shipping-taxable","13":"purchasable","14":"product-type-variable"},"acf":[],"_links":{"self":[{"href":"https:\/\/healthyhead.dk\/sv\/wp-json\/wp\/v2\/product\/289463","targetHints":{"allow":["GET"]}}],"collection":[{"href":"https:\/\/healthyhead.dk\/sv\/wp-json\/wp\/v2\/product"}],"about":[{"href":"https:\/\/healthyhead.dk\/sv\/wp-json\/wp\/v2\/types\/product"}],"version-history":[{"count":2,"href":"https:\/\/healthyhead.dk\/sv\/wp-json\/wp\/v2\/product\/289463\/revisions"}],"predecessor-version":[{"id":289606,"href":"https:\/\/healthyhead.dk\/sv\/wp-json\/wp\/v2\/product\/289463\/revisions\/289606"}],"wp:featuredmedia":[{"embeddable":true,"href":"https:\/\/healthyhead.dk\/sv\/wp-json\/wp\/v2\/media\/289242"}],"wp:attachment":[{"href":"https:\/\/healthyhead.dk\/sv\/wp-json\/wp\/v2\/media?parent=289463"}],"wp:term":[{"taxonomy":"product_brand","embeddable":true,"href":"https:\/\/healthyhead.dk\/sv\/wp-json\/wp\/v2\/product_brand?post=289463"},{"taxonomy":"product_cat","embeddable":true,"href":"https:\/\/healthyhead.dk\/sv\/wp-json\/wp\/v2\/product_cat?post=289463"},{"taxonomy":"product_tag","embeddable":true,"href":"https:\/\/healthyhead.dk\/sv\/wp-json\/wp\/v2\/product_tag?post=289463"}],"curies":[{"name":"wp","href":"https:\/\/api.w.org\/{rel}","templated":true}]}}