{"id":289774,"date":"2025-11-18T12:26:38","date_gmt":"2025-11-18T12:26:38","guid":{"rendered":"https:\/\/healthyhead.dk\/vare\/zao-oekologisk-second-skin-tinted-serum-foundation\/"},"modified":"2025-11-19T13:50:01","modified_gmt":"2025-11-19T13:50:01","slug":"zao-ekologisk-second-skin-tinted-serum-foundation","status":"publish","type":"product","link":"https:\/\/healthyhead.dk\/sv\/produkt\/zao-ekologisk-second-skin-tinted-serum-foundation\/","title":{"rendered":"ZAO, Ekologisk Second Skin Tinted Serum Foundation"},"content":{"rendered":"","protected":false},"excerpt":{"rendered":"<p><img decoding=\"async\" class=\"\" src=\"\/wp-content\/uploads\/2024\/08\/Ingen-kemi.svg\" alt=\"\" width=\"45\" height=\"45\">Inga hormonst\u00f6rande \u00e4mnen<\/p>\n<p><img decoding=\"async\" class=\"\" src=\"\/wp-content\/uploads\/2024\/08\/Ingen-allergifremkaldende.svg\" alt=\"\" width=\"46\" height=\"46\">Inga allergiframkallande \u00e4mnen<\/p>\n<p><img decoding=\"async\" class=\"\" src=\"\/wp-content\/uploads\/2024\/08\/Ingen-miljoebelastende.svg\" width=\"46\" height=\"46\">Inga milj\u00f6belastande \u00e4mnen<\/p>\n<p><img loading=\"lazy\" decoding=\"async\" class=\"\" src=\"\/wp-content\/uploads\/2024\/08\/indeholder-parfume.svg\" width=\"46\" height=\"46\">Inneh\u00e5ller en mycket liten m\u00e4ngd allergiv\u00e4nlig och 100 % naturlig doft<\/p>\n<p>&nbsp;<\/p>\n[cg_accordion title=\"Produktbeskrivning\" open=\"open\"]<\/p>\n<p>Pro&#8217;fusion Tinted Serum finns i fem nyanser som \u00e4r skapade f\u00f6r att matcha ett brett urval av hudtoner. Det ger en l\u00e4tt och n\u00e4stan osynlig finish \u2013 perfekt f\u00f6r dig som vill ha ett f\u00f6rb\u00e4ttrat men \u00e4nd\u00e5 naturligt &#8221;bare skin&#8221;-utseende. Den l\u00e4tta, flytande konsistensen sm\u00e4lter enkelt in i huden utan tydliga \u00f6verg\u00e5ngar och l\u00e4mnar ett naturligt, str\u00e5lande resultat som kan byggas upp efter behov.<\/p>\n<p>Formeln best\u00e5r av 98,5 % naturliga, ekologiskt certifierade ingredienser och verkar b\u00e5de fuktgivande och lugnande. Det beror p\u00e5 kombinationen av ekologisk aloe vera-gel, som \u00e4r k\u00e4nd f\u00f6r sina fuktgivande och lindrande egenskaper, och ekologiskt kornstj\u00e4lkvatten med naturliga antioxidanter.<\/p>\n<p>Resultatet \u00e4r en mer j\u00e4mn hudton och en hud som k\u00e4nns bekv\u00e4mare dag f\u00f6r dag.<\/p>\n<p>S\u00e4rskilt l\u00e4mplig f\u00f6r kombinerad, torr och\/eller k\u00e4nslig hud.<\/p>\n<ul>\n<li>Finns i fem nyanser som matchar ett brett urval av hudtoner<\/li>\n<li>Ger en l\u00e4tt, naturlig och n\u00e4stan osynlig &#8221;bare skin&#8221;-finish<\/li>\n<li>Sm\u00e4lter enkelt in i huden utan synliga \u00f6verg\u00e5ngar<\/li>\n<li>98,5 % naturliga och ekologiskt certifierade ingredienser<\/li>\n<li>Fuktgivande och lugnande tack vare ekologisk aloe vera-gel<\/li>\n<li>Antioxidativt skydd fr\u00e5n ekologiskt kornvatten<\/li>\n<li>Ger en mer j\u00e4mn och bekv\u00e4m hud dag f\u00f6r dag<\/li>\n<li>L\u00e4mplig f\u00f6r kombinerad, torr och k\u00e4nslig hud<\/li>\n<\/ul>\n<p><img loading=\"lazy\" decoding=\"async\" class=\"alignnone size-full wp-image-8916\" src=\"\/wp-content\/uploads\/2024\/08\/zao-certificeringer.jpg\" alt=\"\" width=\"479\" height=\"93\" srcset=\"https:\/\/i0.wp.com\/healthyhead.dk\/wp-content\/uploads\/2024\/08\/zao-certificeringer.jpg?w=479&amp;ssl=1 479w, https:\/\/i0.wp.com\/healthyhead.dk\/wp-content\/uploads\/2024\/08\/zao-certificeringer.jpg?resize=300%2C58&amp;ssl=1 300w, https:\/\/i0.wp.com\/healthyhead.dk\/wp-content\/uploads\/2024\/08\/zao-certificeringer.jpg?resize=441%2C86&amp;ssl=1 441w, https:\/\/i0.wp.com\/healthyhead.dk\/wp-content\/uploads\/2024\/08\/zao-certificeringer.jpg?resize=150%2C29&amp;ssl=1 150w\" sizes=\"(max-width: 479px) 100vw, 479px\" \/><br \/>\n[\/cg_accordion]\n[cg_accordion title=\"Anv\u00e4ndningstips\"]<\/p>\n<ul>\n<li>Skaka f\u00f6re anv\u00e4ndning<\/li>\n<li>Applicera din fuktkr\u00e4m f\u00f6rst<\/li>\n<li>Ta n\u00e5gra droppar av det tonade serumet p\u00e5 ansikte och hals<\/li>\n<li>F\u00f6rdela produkten med en foundationborste<\/li>\n<li>Arbeta i cirkul\u00e4ra r\u00f6relser f\u00f6r ett j\u00e4mnt resultat<\/li>\n<\/ul>\n<p>[\/cg_accordion]\n[cg_accordion title=\"Ingredienser\"]<\/p>\n<p><b>Ekologisk aloe vera leaf juice:<\/b><\/p>\n<p>Utvunnet fr\u00e5n aloe vera-bladet; denna ingrediens har m\u00e5nga bra egenskaper. Den \u00e4r en utm\u00e4rkt talgregulator och en naturlig antioxidant som hj\u00e4lper till att minimera porer och skydda huden mot yttre p\u00e5verkan.<\/p>\n<p><b>Ekologiskt kornvatten:<\/b><\/p>\n<p>Detta vatten verkar som ett naturligt, antiinflammatoriskt medel f\u00f6r huden. Dess mjukg\u00f6rande egenskaper hj\u00e4lper ocks\u00e5 till att slappna av huden och \u00f6ka hudens elasticitet.<\/p>\n<p><b>INCI-lista:<\/b> INGREDIENSER AV NATURLIGT URSPRUNG: 98,5% INGREDIENSER FR\u00c5N EKOLOGISKT JORDBRUK: 21% INGREDIENTS LIST (F1): Aqua (Water), Hordeum Vulgare (Barley) Stem Water*, Caprylic\/Capric Triglyceride, Isoamyl Laurate, Propanediol, Aloe Barbadensis Leaf Juice*, Phyllostachys Nigra Extract*, Glyceryl Oleate Citrate, Benzyl Alcohol, Glyceryl Oleate, Magnesium Sulfate, Aluminum Hydroxide, Olea Europaea (Olive) Oil Unsaponifiables, Polyglyceryl-3 Polyricinoleate, Magnesium Stearate, Bambusa Arundinacea Stem Powder, Squalane, Helianthus Annuus (Sunflower) Seed Oil*, Dehydroacetic Acid, Citric Acid, Potassium Sorbate, Sodium Benzoate, Bambusa Arundinacea (Bamboo) Stem Extract*. May Contain (+\/-): CI 77891 (Titanium Dioxide), CI 77491 (Iron Oxides), CI 77492 (Iron Oxides), CI 77499 (Iron Oxides). *Ingredients from organic farming.<\/p>\n<p>[\/cg_accordion]\n","protected":false},"featured_media":289701,"template":"","meta":{"_acf_changed":false},"product_brand":[565],"product_cat":[824],"product_tag":[],"class_list":{"0":"post-289774","1":"product","2":"type-product","3":"status-publish","4":"has-post-thumbnail","6":"product_brand-zao","7":"product_cat-foundation-bb-cream","9":"first","10":"instock","11":"taxable","12":"shipping-taxable","13":"purchasable","14":"product-type-variable"},"acf":[],"_links":{"self":[{"href":"https:\/\/healthyhead.dk\/sv\/wp-json\/wp\/v2\/product\/289774","targetHints":{"allow":["GET"]}}],"collection":[{"href":"https:\/\/healthyhead.dk\/sv\/wp-json\/wp\/v2\/product"}],"about":[{"href":"https:\/\/healthyhead.dk\/sv\/wp-json\/wp\/v2\/types\/product"}],"version-history":[{"count":0,"href":"https:\/\/healthyhead.dk\/sv\/wp-json\/wp\/v2\/product\/289774\/revisions"}],"wp:featuredmedia":[{"embeddable":true,"href":"https:\/\/healthyhead.dk\/sv\/wp-json\/wp\/v2\/media\/289701"}],"wp:attachment":[{"href":"https:\/\/healthyhead.dk\/sv\/wp-json\/wp\/v2\/media?parent=289774"}],"wp:term":[{"taxonomy":"product_brand","embeddable":true,"href":"https:\/\/healthyhead.dk\/sv\/wp-json\/wp\/v2\/product_brand?post=289774"},{"taxonomy":"product_cat","embeddable":true,"href":"https:\/\/healthyhead.dk\/sv\/wp-json\/wp\/v2\/product_cat?post=289774"},{"taxonomy":"product_tag","embeddable":true,"href":"https:\/\/healthyhead.dk\/sv\/wp-json\/wp\/v2\/product_tag?post=289774"}],"curies":[{"name":"wp","href":"https:\/\/api.w.org\/{rel}","templated":true}]}}