{"id":291007,"date":"2025-11-24T08:46:44","date_gmt":"2025-11-24T08:46:44","guid":{"rendered":"https:\/\/healthyhead.dk\/?post_type=product&#038;p=291007"},"modified":"2025-11-25T12:26:36","modified_gmt":"2025-11-25T12:26:36","slug":"zenz-conditioner-pure-no-02-250-ml","status":"publish","type":"product","link":"https:\/\/healthyhead.dk\/sv\/produkt\/zenz-conditioner-pure-no-02-250-ml\/","title":{"rendered":"Zenz, Balsam Pure No. 02, 250 ml"},"content":{"rendered":"","protected":false},"excerpt":{"rendered":"<p><img decoding=\"async\" class=\"\" src=\"\/wp-content\/uploads\/2024\/08\/Ingen-kemi.svg\" alt=\"Inga hormonst\u00f6rande \u00e4mnen\" width=\"45\" height=\"45\">Inga hormonst\u00f6rande \u00e4mnen<\/p>\n<p><img decoding=\"async\" class=\"\" src=\"\/wp-content\/uploads\/2024\/08\/Ingen-allergifremkaldende.svg\" alt=\"Icke allergiframkallande\" width=\"46\" height=\"46\">Inga allergiframkallande \u00e4mnen<\/p>\n<p><img decoding=\"async\" class=\"\" src=\"\/wp-content\/uploads\/2024\/08\/Ingen-miljoebelastende.svg\" alt=\"Ingen milj\u00f6p\u00e5verkan\" width=\"46\" height=\"46\">Inga milj\u00f6belastande \u00e4mnen<\/p>\n<p><img loading=\"lazy\" decoding=\"async\" class=\"alignnone wp-image-8756\" src=\"\/wp-content\/uploads\/2024\/08\/Ingen-parfume.svg\" alt=\"\" width=\"45\" height=\"45\" srcset=\"https:\/\/healthyhead.dk\/wp-content\/uploads\/Ingen-parfume.svg 150w, https:\/\/healthyhead.dk\/wp-content\/uploads\/Ingen-parfume.svg 300w, https:\/\/healthyhead.dk\/wp-content\/uploads\/Ingen-parfume.svg 768w, https:\/\/healthyhead.dk\/wp-content\/uploads\/Ingen-parfume.svg 1024w, https:\/\/healthyhead.dk\/wp-content\/uploads\/Ingen-parfume.svg 250w\" sizes=\"(max-width: 45px) 100vw, 45px\" \/>Inga dofter<\/p>\n<p>&nbsp;<\/p>\n[cg_accordion title=\"Beskrivning\" open=\"open\"]Zenz Pure No.2 \u00e4r ett danskt Svanenm\u00e4rkt och astma-allergim\u00e4rkt parfymfritt balsam. Det inneh\u00e5ller ekologisk kallpressad avokadoolja och renad aloe vera som st\u00e4rker b\u00e5de h\u00e5r och h\u00e5rbotten och g\u00f6r det friskt, v\u00e4lm\u00e5ende och glansigt. L\u00e4mpligt f\u00f6r k\u00e4nsligt och \u00f6mt\u00e5ligt h\u00e5r och h\u00e5rbotten. Balsamet bildar en skyddande, osynlig film runt varje h\u00e5rstr\u00e5 och bevarar intensiteten i f\u00e4rgat h\u00e5r. H\u00e5ret l\u00e4mnas silkesmjukt, men fortfarande l\u00e4tt och luftigt. L\u00e4mplig f\u00f6r alla h\u00e5rtyper, b\u00e5de naturligt och kemiskt behandlat.     <\/p>\n<p>&nbsp;<\/p>\n<ul>\n<li><b>Svanenm\u00e4rkt och Astma-Allergim\u00e4rkt<\/b> balsam fr\u00e5n danska Zenz Organic.<\/li>\n<li><b>Doftfri<\/b> &#8211; perfekt f\u00f6r k\u00e4nslig hud och h\u00e5rbotten.<\/li>\n<li><b>Ekologisk, kallpressad avokadoolja och renad aloe vera<\/b> &#8211; naturliga ingredienser som st\u00e4rker och ger n\u00e4ring \u00e5t h\u00e5r och h\u00e5rbotten.<\/li>\n<li><b>Skyddande, osynlig film runt varje h\u00e5rstr\u00e5<\/b> &#8211; bevarar intensiteten i f\u00e4rgat h\u00e5r.<\/li>\n<li><b>Silkeslen utan att tynga ner<\/b> &#8211; f\u00f6r ett l\u00e4tt och luftigt resultat.<\/li>\n<li><b>L\u00e4mplig f\u00f6r k\u00e4nsligt h\u00e5r och h\u00e5rbotten<\/b> &#8211; mild och skonsam formulering.<\/li>\n<li><b>F\u00f6r alla h\u00e5rtyper, \u00e4ven kemiskt behandlade<\/b> &#8211; h\u00f6g flexibilitet vid anv\u00e4ndning.<\/li>\n<\/ul>\n<p><img loading=\"lazy\" decoding=\"async\" class=\"alignnone size-full wp-image-8764\" src=\"\/wp-content\/uploads\/2024\/08\/certificeringer_zenz.jpg\" alt=\"\" width=\"480\" height=\"91\" srcset=\"https:\/\/i0.wp.com\/healthyhead.dk\/wp-content\/uploads\/2024\/08\/certificeringer_zenz.jpg?w=480&amp;ssl=1 480w, https:\/\/i0.wp.com\/healthyhead.dk\/wp-content\/uploads\/2024\/08\/certificeringer_zenz.jpg?resize=300%2C57&amp;ssl=1 300w, https:\/\/i0.wp.com\/healthyhead.dk\/wp-content\/uploads\/2024\/08\/certificeringer_zenz.jpg?resize=441%2C84&amp;ssl=1 441w, https:\/\/i0.wp.com\/healthyhead.dk\/wp-content\/uploads\/2024\/08\/certificeringer_zenz.jpg?resize=150%2C28&amp;ssl=1 150w\" sizes=\"(max-width: 480px) 100vw, 480px\" \/><br \/>\n[\/cg_accordion]\n[cg_accordion title=\"Anv\u00e4ndningstips\"]<\/p>\n<ul>\n<li>F\u00f6rdela en liten m\u00e4ngd i h\u00e5ret efter tv\u00e4tt.<\/li>\n<li>Kan appliceras i h\u00e5rbotten.<\/li>\n<li>V\u00e4nta 2-3 minuter och sk\u00f6lj sedan noggrant. Anv\u00e4nd som utsk\u00f6ljning eller leave-in balsam. <\/li>\n<\/ul>\n<p>[\/cg_accordion]\n[cg_accordion title=\"Ingredienser\"]<\/p>\n<p>Balsam Pure No. 02 inneh\u00e5ller Ekologisk renad aloe vera, ekologiskt glycerin och ekologisk kallpressad avokadoolja.<\/p>\n<p><b>Ekologisk renad aloe vera.<\/b>  Aloe vera gel\u00e9 inneh\u00e5ller 75 viktiga vitaminer och mineraler och har utm\u00e4rkta hud- och h\u00e5rv\u00e5rdande egenskaper. Hj\u00e4lper till att \u00f6ka blodcirkulationen och bibeh\u00e5lla hudens fukt. Aloe vera lugnar rodnad och kl\u00e5da och har d\u00e4rf\u00f6r ocks\u00e5 en god effekt p\u00e5 h\u00e5rbotten.  <\/p>\n<p><b>Ekologiskt kokosvatten<\/b> \u00e4r rikt p\u00e5 vitaminer och viktiga mineraler och ger h\u00e5ret massor av fukt och n\u00e4ring.<\/p>\n<p><b>Ekologiskt glycerin<\/b> \u00e5terfuktar och mjukg\u00f6r. \u00c4r en naturlig best\u00e5ndsdel i fetter och oljor. Bibeh\u00e5ller hudens och h\u00e5rets naturliga fuktbalans och f\u00f6rb\u00e4ttrar elasticiteten.  <\/p>\n<p><b>Ekologisk kallpressad avokadoolja<\/b> inneh\u00e5ller en rad mineraler samt vitamin A, B1, B2, D och E. Den har utm\u00e4rkta fuktgivande och n\u00e4rande egenskaper och \u00e4r effektiv f\u00f6r torr och uttorkad hud samt bra f\u00f6r h\u00e5rbotten. G\u00f6r h\u00e5r och hud sl\u00e4tare och mjukare. <\/p>\n<p><b>INCI-lista<\/b> Aqua, Cetearyl Alcohol, Glycerin* (2 ,9%), Aloe Barbadensis Leaf Extract* (2 ,4%), Behenamidopropyl Dimethylamine, Persea Gratissima Oil* (0 ,4%), Lactic Acid , Phenoxyethanol, Benzoic Acid, Dehydroacetic Acid.<\/p>\n<p>*Ekologiskt ursprung. Certifierad ekologisk enligt EG 834\/2007. <\/p>\n<p>[\/cg_accordion]\n","protected":false},"featured_media":255023,"template":"","meta":{"_acf_changed":false},"product_brand":[573],"product_cat":[640],"product_tag":[],"class_list":{"0":"post-291007","1":"product","2":"type-product","3":"status-publish","4":"has-post-thumbnail","6":"product_brand-zenz","7":"product_cat-schampo","8":"pa_size-1000-ml-sv","9":"pa_size-250-ml-sv","11":"first","12":"instock","13":"taxable","14":"shipping-taxable","15":"product-type-simple"},"acf":[],"_links":{"self":[{"href":"https:\/\/healthyhead.dk\/sv\/wp-json\/wp\/v2\/product\/291007","targetHints":{"allow":["GET"]}}],"collection":[{"href":"https:\/\/healthyhead.dk\/sv\/wp-json\/wp\/v2\/product"}],"about":[{"href":"https:\/\/healthyhead.dk\/sv\/wp-json\/wp\/v2\/types\/product"}],"version-history":[{"count":0,"href":"https:\/\/healthyhead.dk\/sv\/wp-json\/wp\/v2\/product\/291007\/revisions"}],"wp:featuredmedia":[{"embeddable":true,"href":"https:\/\/healthyhead.dk\/sv\/wp-json\/wp\/v2\/media\/255023"}],"wp:attachment":[{"href":"https:\/\/healthyhead.dk\/sv\/wp-json\/wp\/v2\/media?parent=291007"}],"wp:term":[{"taxonomy":"product_brand","embeddable":true,"href":"https:\/\/healthyhead.dk\/sv\/wp-json\/wp\/v2\/product_brand?post=291007"},{"taxonomy":"product_cat","embeddable":true,"href":"https:\/\/healthyhead.dk\/sv\/wp-json\/wp\/v2\/product_cat?post=291007"},{"taxonomy":"product_tag","embeddable":true,"href":"https:\/\/healthyhead.dk\/sv\/wp-json\/wp\/v2\/product_tag?post=291007"}],"curies":[{"name":"wp","href":"https:\/\/api.w.org\/{rel}","templated":true}]}}