{"id":293801,"date":"2025-12-16T13:03:04","date_gmt":"2025-12-16T13:03:04","guid":{"rendered":"https:\/\/healthyhead.dk\/?post_type=product&#038;p=293801"},"modified":"2025-12-29T11:06:58","modified_gmt":"2025-12-29T11:06:58","slug":"zao-makeup-blender","status":"publish","type":"product","link":"https:\/\/healthyhead.dk\/sv\/produkt\/zao-makeup-blender\/","title":{"rendered":"ZAO, Makeup Blender"},"content":{"rendered":"","protected":false},"excerpt":{"rendered":"[cg_accordion title=\"Beskrivning\" open=\"open\"]<\/p>\n<p>Mjuk och flexibel beauty blender fr\u00e5n ZAO, utformad f\u00f6r smidig och naturlig applicering av flytande och kr\u00e4miga sminkprodukter. Svampen anpassar sig efter ansiktets form och g\u00f6r det enkelt att bygga upp t\u00e4ckningen utan r\u00e4nder eller kanter. Perfekt f\u00f6r foundation, concealer och BB-cream.<\/p>\n<ul>\n<li>Ger en j\u00e4mn och naturlig finish<\/li>\n<li>L\u00e4mplig f\u00f6r <strong>flytande och kr\u00e4miga sminkprodukter<\/strong><\/li>\n<li>Kan anv\u00e4ndas b\u00e5de torr och fuktig<\/li>\n<li>Vegansk och cruelty-free<\/li>\n<\/ul>\n<p>&nbsp;<\/p>\n<p>[\/cg_accordion]\n<p>&nbsp;<\/p>\n","protected":false},"featured_media":294327,"template":"","meta":{"_acf_changed":false},"product_brand":[],"product_cat":[866],"product_tag":[],"class_list":{"0":"post-293801","1":"product","2":"type-product","3":"status-publish","4":"has-post-thumbnail","6":"product_cat-makeupborstar","8":"first","9":"instock","10":"taxable","11":"shipping-taxable","12":"purchasable","13":"product-type-simple"},"acf":[],"_links":{"self":[{"href":"https:\/\/healthyhead.dk\/sv\/wp-json\/wp\/v2\/product\/293801","targetHints":{"allow":["GET"]}}],"collection":[{"href":"https:\/\/healthyhead.dk\/sv\/wp-json\/wp\/v2\/product"}],"about":[{"href":"https:\/\/healthyhead.dk\/sv\/wp-json\/wp\/v2\/types\/product"}],"version-history":[{"count":2,"href":"https:\/\/healthyhead.dk\/sv\/wp-json\/wp\/v2\/product\/293801\/revisions"}],"predecessor-version":[{"id":294350,"href":"https:\/\/healthyhead.dk\/sv\/wp-json\/wp\/v2\/product\/293801\/revisions\/294350"}],"wp:featuredmedia":[{"embeddable":true,"href":"https:\/\/healthyhead.dk\/sv\/wp-json\/wp\/v2\/media\/294327"}],"wp:attachment":[{"href":"https:\/\/healthyhead.dk\/sv\/wp-json\/wp\/v2\/media?parent=293801"}],"wp:term":[{"taxonomy":"product_brand","embeddable":true,"href":"https:\/\/healthyhead.dk\/sv\/wp-json\/wp\/v2\/product_brand?post=293801"},{"taxonomy":"product_cat","embeddable":true,"href":"https:\/\/healthyhead.dk\/sv\/wp-json\/wp\/v2\/product_cat?post=293801"},{"taxonomy":"product_tag","embeddable":true,"href":"https:\/\/healthyhead.dk\/sv\/wp-json\/wp\/v2\/product_tag?post=293801"}],"curies":[{"name":"wp","href":"https:\/\/api.w.org\/{rel}","templated":true}]}}