{"id":294279,"date":"2025-12-29T08:43:37","date_gmt":"2025-12-29T08:43:37","guid":{"rendered":"https:\/\/healthyhead.dk\/?post_type=product&#038;p=294279"},"modified":"2025-12-29T11:01:52","modified_gmt":"2025-12-29T11:01:52","slug":"zao-ekologiskt-skina-upp-highlighter-pulver-refill-9-g","status":"publish","type":"product","link":"https:\/\/healthyhead.dk\/sv\/produkt\/zao-ekologiskt-skina-upp-highlighter-pulver-refill-9-g\/","title":{"rendered":"ZAO, Ekologiskt Shine Up Highlighter-puder, Refill, 9 g"},"content":{"rendered":"","protected":false},"excerpt":{"rendered":"<p><img decoding=\"async\" class=\"\" src=\"\/wp-content\/uploads\/2024\/08\/Ingen-kemi.svg\" alt=\"\" width=\"45\" height=\"45\">Inga hormonst\u00f6rande \u00e4mnen<\/p>\n<p><img decoding=\"async\" class=\"\" src=\"\/wp-content\/uploads\/2024\/08\/Ingen-allergifremkaldende.svg\" alt=\"\" width=\"46\" height=\"46\">Inga allergiframkallande \u00e4mnen<\/p>\n<p><img decoding=\"async\" class=\"\" src=\"\/wp-content\/uploads\/2024\/08\/Ingen-miljoebelastende.svg\" width=\"46\" height=\"46\">Inga milj\u00f6belastande \u00e4mnen<\/p>\n<p><img loading=\"lazy\" decoding=\"async\" class=\"\" src=\"\/wp-content\/uploads\/2024\/08\/indeholder-parfume.svg\" width=\"46\" height=\"46\">Inneh\u00e5ller en mycket liten m\u00e4ngd allergiv\u00e4nlig och 100 % naturlig doft<\/p>\n<p>&nbsp;<\/p>\n[cg_accordion title=\"Produktbeskrivning\" open=\"open\"]<\/p>\n<p>Ekologiskt och veganskt shine up-puder fr\u00e5n franska ZAO. Det \u00e4r ett 2-i-1-puder eftersom det kan anv\u00e4ndas som b\u00e5de highlighter och \u00f6gonskugga. Det ger lyster till huden och lyster till \u00f6gon och ansikte. Den \u00e4r pudrad, vilket g\u00f6r den l\u00e4mplig f\u00f6r alla hudtyper. Highlightern inneh\u00e5ller v\u00e5rdande ingredienser som ekologisk linfr\u00f6olja, ekologiskt olivbladsextrakt och bambupulver som ger n\u00e4ring och h\u00e5ller huden \u00e5terfuktad.    <\/p>\n<ul>\n<li>Ekologisk highlighter med <b>100% naturliga ingredienser<\/b><\/li>\n<li><b>2-i-1-puder<\/b> &#8211; kan anv\u00e4ndas som b\u00e5de highlighter och \u00f6gonskugga<\/li>\n<li>L\u00e4mplig f\u00f6r<b> alla hudtyper<\/b><\/li>\n<li>Berikad med v\u00e5rdande och n\u00e4rande ingredienser som <b>ekologisk linfr\u00f6olja, ekologiskt olivbladsextrakt och bambupulver<\/b><\/li>\n<li>Kan fyllas p\u00e5 med <b>refill<\/b><\/li>\n<\/ul>\n<p><img loading=\"lazy\" decoding=\"async\" class=\"alignnone size-full wp-image-8916\" src=\"\/wp-content\/uploads\/2024\/08\/zao-certificeringer.jpg\" alt=\"\" width=\"479\" height=\"93\" srcset=\"https:\/\/i0.wp.com\/healthyhead.dk\/wp-content\/uploads\/2024\/08\/zao-certificeringer.jpg?w=479&amp;ssl=1 479w, https:\/\/i0.wp.com\/healthyhead.dk\/wp-content\/uploads\/2024\/08\/zao-certificeringer.jpg?resize=300%2C58&amp;ssl=1 300w, https:\/\/i0.wp.com\/healthyhead.dk\/wp-content\/uploads\/2024\/08\/zao-certificeringer.jpg?resize=441%2C86&amp;ssl=1 441w, https:\/\/i0.wp.com\/healthyhead.dk\/wp-content\/uploads\/2024\/08\/zao-certificeringer.jpg?resize=150%2C29&amp;ssl=1 150w\" sizes=\"(max-width: 479px) 100vw, 479px\" \/><br \/>\n[\/cg_accordion]\n[cg_accordion title=\"Anv\u00e4ndningstips\"]<\/p>\n<ul>\n<li>Anv\u00e4nd Shine-up-pudret som highlighter: Anv\u00e4nd fingrarna eller Blending Brush 707 och applicera i sm\u00e5 m\u00e4ngder (undvik T-zonen om det finns f\u00f6r mycket glans) p\u00e5 toppen av kindbenen, tinningarna, n\u00e4sryggen och runt l\u00e4ppkonturen (\u00e4ven kallad &#8221;Amors b\u00e5ge&#8221;) f\u00f6r ett vackert leende.<\/li>\n<li>Anv\u00e4nd Shine-up-puder som \u00f6gonskugga: under \u00f6gonbrynen f\u00f6r att minska effekten av &#8221;h\u00e4ngande \u00f6gonlock&#8221;, i inre \u00f6gonvr\u00e5n f\u00f6r att \u00f6ppna \u00f6gonen, n\u00e4ra de nedre \u00f6gonfransarna och \u00f6ver hela \u00f6gonlocket med Shading Brush 704 f\u00f6r en solig look.<\/li>\n<\/ul>\n<p>[\/cg_accordion]\n[cg_accordion title=\"Ingredienser\"]<\/p>\n<p><b>Ekologiskt rispulver<\/b><\/p>\n<p>Rispulver \u00e4r en av de \u00e4ldsta kosmetiska ingredienserna. Det har f\u00f6rm\u00e5gan att matta huden utan att t\u00e4ppa till porerna genom att justera uts\u00f6ndringen av talg. <\/p>\n<p><b>Bambupulver<\/b><\/p>\n<p>Vit substans som utvinns ur bambuns leder. Tack vare sin h\u00f6ga kiselinneh\u00e5ll remineraliserar, \u00e5terfuktar och bidrar till hudens f\u00f6rnyelse samtidigt som den minskar glans p\u00e5 kombinerad och fet hud. <\/p>\n<p><b>Ekologisk linfr\u00f6olja<\/b><\/p>\n<p>Denna olja \u00e4r rik p\u00e5 om\u00e4ttade fettsyror (omega 6, omega 3) och vitaminer (A, E, B, K) och \u00e4r mycket n\u00e4rande och regenererande. Tack vare de makromolekyler den inneh\u00e5ller hj\u00e4lper den till att bibeh\u00e5lla vatten i epidermis och f\u00f6rb\u00e4ttrar avsev\u00e4rt hudens \u00e5terfuktning och elasticitet. <\/p>\n<p><b>Olivbladsextrakt<\/b><\/p>\n<p>Olivblad inneh\u00e5ller m\u00e5nga fenoler, antioxidanter som neutraliserar effekterna av fria radikaler. Fria radikaler \u00e4r aktiva substanser som p\u00e5skyndar \u00e5ldrandet av v\u00e5ra celler. <\/p>\n<p><b>INCI-lista:<\/b> Glimmer, Squalane, Zea Mays (majs)st\u00e4rkelse*, Oryza Sativa (ris)pulver*, zinkstearat, olivoljedecylester**, parfym (doft), tokoferol, squalen, Bambusa Arundinacea stj\u00e4lkpulver, Linum Usitatissimum (linfr\u00f6)fr\u00f6olja*, Glycine Soja (sojab\u00f6nsolja)*, alfa-glukanoligosackarid, bisabolol, Aqua (vatten), Olea Europaea (oliv)bladextrakt, alkohol, Olea Europaea (oliv)fruktextrakt, Zingiber Officinale (ingef\u00e4ra)rotextrakt, Ci 77820 (silver). Kan inneh\u00e5lla +\/-: Ci 77891 (titandioxid), Ci 77491 (j\u00e4rnoxider), Ci 77492 (j\u00e4rnoxider), Ci 77499 (j\u00e4rnoxider), Ci 77742 (manganviolett). * Ingredienser fr\u00e5n ekologiskt jordbruk. ** Tillverkad med hj\u00e4lp av ekologiska ingredienser.<br \/>\n[\/cg_accordion]\n<p>&nbsp;<\/p>\n","protected":false},"featured_media":294301,"template":"","meta":{"_acf_changed":false},"product_brand":[565],"product_cat":[828],"product_tag":[],"class_list":{"0":"post-294279","1":"product","2":"type-product","3":"status-publish","4":"has-post-thumbnail","6":"product_brand-zao","7":"product_cat-highlighter","9":"first","10":"instock","11":"taxable","12":"shipping-taxable","13":"purchasable","14":"product-type-variable","15":"has-default-attributes"},"acf":[],"_links":{"self":[{"href":"https:\/\/healthyhead.dk\/sv\/wp-json\/wp\/v2\/product\/294279","targetHints":{"allow":["GET"]}}],"collection":[{"href":"https:\/\/healthyhead.dk\/sv\/wp-json\/wp\/v2\/product"}],"about":[{"href":"https:\/\/healthyhead.dk\/sv\/wp-json\/wp\/v2\/types\/product"}],"version-history":[{"count":3,"href":"https:\/\/healthyhead.dk\/sv\/wp-json\/wp\/v2\/product\/294279\/revisions"}],"predecessor-version":[{"id":294343,"href":"https:\/\/healthyhead.dk\/sv\/wp-json\/wp\/v2\/product\/294279\/revisions\/294343"}],"wp:featuredmedia":[{"embeddable":true,"href":"https:\/\/healthyhead.dk\/sv\/wp-json\/wp\/v2\/media\/294301"}],"wp:attachment":[{"href":"https:\/\/healthyhead.dk\/sv\/wp-json\/wp\/v2\/media?parent=294279"}],"wp:term":[{"taxonomy":"product_brand","embeddable":true,"href":"https:\/\/healthyhead.dk\/sv\/wp-json\/wp\/v2\/product_brand?post=294279"},{"taxonomy":"product_cat","embeddable":true,"href":"https:\/\/healthyhead.dk\/sv\/wp-json\/wp\/v2\/product_cat?post=294279"},{"taxonomy":"product_tag","embeddable":true,"href":"https:\/\/healthyhead.dk\/sv\/wp-json\/wp\/v2\/product_tag?post=294279"}],"curies":[{"name":"wp","href":"https:\/\/api.w.org\/{rel}","templated":true}]}}