{"id":296750,"date":"2024-12-28T12:53:24","date_gmt":"2024-12-28T12:53:24","guid":{"rendered":"https:\/\/healthyhead.dk\/vare\/i-bought-this-before-elon-went-crazy-klistermaerke-til-bil-bumper-sticker-tesla\/"},"modified":"2026-01-07T11:36:18","modified_gmt":"2026-01-07T11:36:18","slug":"bilklistermaerke-elon-went-crazy","status":"publish","type":"product","link":"https:\/\/healthyhead.dk\/sv\/produkt\/bilklistermaerke-elon-went-crazy\/","title":{"rendered":"I Bought This Before Elon Went Crazy, Bilklisterm\u00e4rke, Bumper Sticker, Tesla"},"content":{"rendered":"","protected":false},"excerpt":{"rendered":"<p><img decoding=\"async\" class=\"alignnone wp-image-12794\" src=\"\/wp-content\/uploads\/2024\/12\/Denmark-USP.webp\" alt=\"\" width=\"48\" height=\"46\">Dansk kvalitetstryckning<\/p>\n<p><img decoding=\"async\" class=\"alignnone wp-image-12793\" src=\"\/wp-content\/uploads\/2024\/12\/Bil-groen-Usp-cirkel-300x293.png\" alt=\"\" width=\"47\" height=\"46\" srcset=\"https:\/\/i0.wp.com\/healthyhead.dk\/wp-content\/uploads\/2024\/12\/Bil-groen-Usp-cirkel.png?resize=300%2C293&amp;ssl=1 300w, https:\/\/i0.wp.com\/healthyhead.dk\/wp-content\/uploads\/2024\/12\/Bil-groen-Usp-cirkel.png?resize=1024%2C1000&amp;ssl=1 1024w, https:\/\/i0.wp.com\/healthyhead.dk\/wp-content\/uploads\/2024\/12\/Bil-groen-Usp-cirkel.png?resize=150%2C146&amp;ssl=1 150w, https:\/\/i0.wp.com\/healthyhead.dk\/wp-content\/uploads\/2024\/12\/Bil-groen-Usp-cirkel.png?resize=768%2C750&amp;ssl=1 768w, https:\/\/i0.wp.com\/healthyhead.dk\/wp-content\/uploads\/2024\/12\/Bil-groen-Usp-cirkel.png?resize=1536%2C1500&amp;ssl=1 1536w, https:\/\/i0.wp.com\/healthyhead.dk\/wp-content\/uploads\/2024\/12\/Bil-groen-Usp-cirkel.png?resize=2048%2C1999&amp;ssl=1 2048w, https:\/\/i0.wp.com\/healthyhead.dk\/wp-content\/uploads\/2024\/12\/Bil-groen-Usp-cirkel.png?resize=990%2C967&amp;ssl=1 990w, https:\/\/i0.wp.com\/healthyhead.dk\/wp-content\/uploads\/2024\/12\/Bil-groen-Usp-cirkel.png?resize=441%2C431&amp;ssl=1 441w, https:\/\/i0.wp.com\/healthyhead.dk\/wp-content\/uploads\/2024\/12\/Bil-groen-Usp-cirkel.png?resize=100%2C100&amp;ssl=1 100w, https:\/\/i0.wp.com\/healthyhead.dk\/wp-content\/uploads\/2024\/12\/Bil-groen-Usp-cirkel.png?resize=800%2C781&amp;ssl=1 800w\" sizes=\"(max-width: 47px) 100vw, 47px\" \/>Folie avsedd f\u00f6r bilar<\/p>\n<p><img decoding=\"async\" class=\"alignnone wp-image-12795\" src=\"\/wp-content\/uploads\/2024\/12\/Sticker-groen-Usp-cirkel-300x293.png\" alt=\"\" width=\"47\" height=\"46\" srcset=\"https:\/\/i0.wp.com\/healthyhead.dk\/wp-content\/uploads\/2024\/12\/Sticker-groen-Usp-cirkel.png?resize=300%2C293&amp;ssl=1 300w, https:\/\/i0.wp.com\/healthyhead.dk\/wp-content\/uploads\/2024\/12\/Sticker-groen-Usp-cirkel.png?resize=1024%2C1000&amp;ssl=1 1024w, https:\/\/i0.wp.com\/healthyhead.dk\/wp-content\/uploads\/2024\/12\/Sticker-groen-Usp-cirkel.png?resize=150%2C146&amp;ssl=1 150w, https:\/\/i0.wp.com\/healthyhead.dk\/wp-content\/uploads\/2024\/12\/Sticker-groen-Usp-cirkel.png?resize=768%2C750&amp;ssl=1 768w, https:\/\/i0.wp.com\/healthyhead.dk\/wp-content\/uploads\/2024\/12\/Sticker-groen-Usp-cirkel.png?resize=1536%2C1500&amp;ssl=1 1536w, https:\/\/i0.wp.com\/healthyhead.dk\/wp-content\/uploads\/2024\/12\/Sticker-groen-Usp-cirkel.png?resize=2048%2C1999&amp;ssl=1 2048w, https:\/\/i0.wp.com\/healthyhead.dk\/wp-content\/uploads\/2024\/12\/Sticker-groen-Usp-cirkel.png?resize=990%2C967&amp;ssl=1 990w, https:\/\/i0.wp.com\/healthyhead.dk\/wp-content\/uploads\/2024\/12\/Sticker-groen-Usp-cirkel.png?resize=441%2C431&amp;ssl=1 441w, https:\/\/i0.wp.com\/healthyhead.dk\/wp-content\/uploads\/2024\/12\/Sticker-groen-Usp-cirkel.png?resize=100%2C100&amp;ssl=1 100w, https:\/\/i0.wp.com\/healthyhead.dk\/wp-content\/uploads\/2024\/12\/Sticker-groen-Usp-cirkel.png?resize=800%2C781&amp;ssl=1 800w\" sizes=\"(max-width: 47px) 100vw, 47px\" \/>H\u00e5ller i sn\u00f6 och slask utan att blekna<\/p>\n<p>&nbsp;<\/p>\n[cg_accordion title=\"Beskrivning\" open=\"open\"]<\/p>\n<div class=\"woocommerce-product-details__short-description\">\n<p>Om du k\u00f6r runt i en Tesla men vill markera att du inte st\u00f6djer Elon Musk politiskt kan du s\u00e4tta detta klisterm\u00e4rke med budskapet &#8221;I Bought This Before Elon Went Crazy&#8221; p\u00e5 din bil. Det trycks i Danmark p\u00e5 specialfolie f\u00f6r bilar. Bilfolien sitter kvar i b\u00e5de sn\u00f6 och slask utan att blekna. Om du vid ett senare tillf\u00e4lle inte l\u00e4ngre vill ha klisterm\u00e4rket p\u00e5 bilen \u00e4r det l\u00e4tt att ta bort.   <\/p>\n<ul>\n<li><b>Tryckt i Danmark p\u00e5 s<\/b><b>pecialfolie f\u00f6r bilar<\/b><\/li>\n<li><strong>H\u00e5llbarhet i alla v\u00e4der utan blekning<\/strong><\/li>\n<\/ul>\n<\/div>\n<p>[\/cg_accordion]\n","protected":false},"featured_media":258267,"template":"","meta":{"_acf_changed":false},"product_brand":[],"product_cat":[650],"product_tag":[],"class_list":{"0":"post-296750","1":"product","2":"type-product","3":"status-publish","4":"has-post-thumbnail","6":"product_cat-anti-elon-musk","7":"pa_size-15x21-cm-sv","8":"pa_size-6x8-cm-sv","10":"first","11":"instock","12":"taxable","13":"shipping-taxable","14":"purchasable","15":"product-type-variable"},"acf":[],"_links":{"self":[{"href":"https:\/\/healthyhead.dk\/sv\/wp-json\/wp\/v2\/product\/296750","targetHints":{"allow":["GET"]}}],"collection":[{"href":"https:\/\/healthyhead.dk\/sv\/wp-json\/wp\/v2\/product"}],"about":[{"href":"https:\/\/healthyhead.dk\/sv\/wp-json\/wp\/v2\/types\/product"}],"version-history":[{"count":1,"href":"https:\/\/healthyhead.dk\/sv\/wp-json\/wp\/v2\/product\/296750\/revisions"}],"predecessor-version":[{"id":296756,"href":"https:\/\/healthyhead.dk\/sv\/wp-json\/wp\/v2\/product\/296750\/revisions\/296756"}],"wp:featuredmedia":[{"embeddable":true,"href":"https:\/\/healthyhead.dk\/sv\/wp-json\/wp\/v2\/media\/258267"}],"wp:attachment":[{"href":"https:\/\/healthyhead.dk\/sv\/wp-json\/wp\/v2\/media?parent=296750"}],"wp:term":[{"taxonomy":"product_brand","embeddable":true,"href":"https:\/\/healthyhead.dk\/sv\/wp-json\/wp\/v2\/product_brand?post=296750"},{"taxonomy":"product_cat","embeddable":true,"href":"https:\/\/healthyhead.dk\/sv\/wp-json\/wp\/v2\/product_cat?post=296750"},{"taxonomy":"product_tag","embeddable":true,"href":"https:\/\/healthyhead.dk\/sv\/wp-json\/wp\/v2\/product_tag?post=296750"}],"curies":[{"name":"wp","href":"https:\/\/api.w.org\/{rel}","templated":true}]}}