{"id":297005,"date":"2024-12-11T09:41:11","date_gmt":"2024-12-11T09:41:11","guid":{"rendered":"https:\/\/healthyhead.dk\/vare\/stand-with-ukraine-flag-klistermaerke-til-bil-bumper-sticker\/"},"modified":"2026-01-07T14:18:00","modified_gmt":"2026-01-07T14:18:00","slug":"staa-med-ukrainska-flaggan-stickers-for-bil-stotfaangare-stickers","status":"publish","type":"product","link":"https:\/\/healthyhead.dk\/sv\/produkt\/staa-med-ukrainska-flaggan-stickers-for-bil-stotfaangare-stickers\/","title":{"rendered":"Ukrainas flagga och vapensk\u00f6ld, Bilklisterm\u00e4rke, Bumper Sticker"},"content":{"rendered":"","protected":false},"excerpt":{"rendered":"<p><img decoding=\"async\" class=\"alignnone wp-image-12794\" src=\"\/wp-content\/uploads\/2024\/12\/Denmark-USP.webp\" alt=\"\" width=\"48\" height=\"46\">Dansk kvalitetstryckning<\/p>\n<p><img decoding=\"async\" class=\"alignnone wp-image-12793\" src=\"\/wp-content\/uploads\/2024\/12\/Bil-groen-Usp-cirkel-300x293.png\" alt=\"\" width=\"47\" height=\"46\" srcset=\"https:\/\/i0.wp.com\/healthyhead.dk\/wp-content\/uploads\/2024\/12\/Bil-groen-Usp-cirkel.png?resize=300%2C293&amp;ssl=1 300w, https:\/\/i0.wp.com\/healthyhead.dk\/wp-content\/uploads\/2024\/12\/Bil-groen-Usp-cirkel.png?resize=1024%2C1000&amp;ssl=1 1024w, https:\/\/i0.wp.com\/healthyhead.dk\/wp-content\/uploads\/2024\/12\/Bil-groen-Usp-cirkel.png?resize=150%2C146&amp;ssl=1 150w, https:\/\/i0.wp.com\/healthyhead.dk\/wp-content\/uploads\/2024\/12\/Bil-groen-Usp-cirkel.png?resize=768%2C750&amp;ssl=1 768w, https:\/\/i0.wp.com\/healthyhead.dk\/wp-content\/uploads\/2024\/12\/Bil-groen-Usp-cirkel.png?resize=1536%2C1500&amp;ssl=1 1536w, https:\/\/i0.wp.com\/healthyhead.dk\/wp-content\/uploads\/2024\/12\/Bil-groen-Usp-cirkel.png?resize=2048%2C1999&amp;ssl=1 2048w, https:\/\/i0.wp.com\/healthyhead.dk\/wp-content\/uploads\/2024\/12\/Bil-groen-Usp-cirkel.png?resize=990%2C967&amp;ssl=1 990w, https:\/\/i0.wp.com\/healthyhead.dk\/wp-content\/uploads\/2024\/12\/Bil-groen-Usp-cirkel.png?resize=441%2C431&amp;ssl=1 441w, https:\/\/i0.wp.com\/healthyhead.dk\/wp-content\/uploads\/2024\/12\/Bil-groen-Usp-cirkel.png?resize=100%2C100&amp;ssl=1 100w, https:\/\/i0.wp.com\/healthyhead.dk\/wp-content\/uploads\/2024\/12\/Bil-groen-Usp-cirkel.png?resize=800%2C781&amp;ssl=1 800w\" sizes=\"(max-width: 47px) 100vw, 47px\" \/>Folie avsedd f\u00f6r bilar<\/p>\n<p><img decoding=\"async\" class=\"alignnone wp-image-12795\" src=\"\/wp-content\/uploads\/2024\/12\/Sticker-groen-Usp-cirkel-300x293.png\" alt=\"\" width=\"47\" height=\"46\" srcset=\"https:\/\/i0.wp.com\/healthyhead.dk\/wp-content\/uploads\/2024\/12\/Sticker-groen-Usp-cirkel.png?resize=300%2C293&amp;ssl=1 300w, https:\/\/i0.wp.com\/healthyhead.dk\/wp-content\/uploads\/2024\/12\/Sticker-groen-Usp-cirkel.png?resize=1024%2C1000&amp;ssl=1 1024w, https:\/\/i0.wp.com\/healthyhead.dk\/wp-content\/uploads\/2024\/12\/Sticker-groen-Usp-cirkel.png?resize=150%2C146&amp;ssl=1 150w, https:\/\/i0.wp.com\/healthyhead.dk\/wp-content\/uploads\/2024\/12\/Sticker-groen-Usp-cirkel.png?resize=768%2C750&amp;ssl=1 768w, https:\/\/i0.wp.com\/healthyhead.dk\/wp-content\/uploads\/2024\/12\/Sticker-groen-Usp-cirkel.png?resize=1536%2C1500&amp;ssl=1 1536w, https:\/\/i0.wp.com\/healthyhead.dk\/wp-content\/uploads\/2024\/12\/Sticker-groen-Usp-cirkel.png?resize=2048%2C1999&amp;ssl=1 2048w, https:\/\/i0.wp.com\/healthyhead.dk\/wp-content\/uploads\/2024\/12\/Sticker-groen-Usp-cirkel.png?resize=990%2C967&amp;ssl=1 990w, https:\/\/i0.wp.com\/healthyhead.dk\/wp-content\/uploads\/2024\/12\/Sticker-groen-Usp-cirkel.png?resize=441%2C431&amp;ssl=1 441w, https:\/\/i0.wp.com\/healthyhead.dk\/wp-content\/uploads\/2024\/12\/Sticker-groen-Usp-cirkel.png?resize=100%2C100&amp;ssl=1 100w, https:\/\/i0.wp.com\/healthyhead.dk\/wp-content\/uploads\/2024\/12\/Sticker-groen-Usp-cirkel.png?resize=800%2C781&amp;ssl=1 800w\" sizes=\"(max-width: 47px) 100vw, 47px\" \/>H\u00e5ller i sn\u00f6 och slask utan att blekna<\/p>\n<p>&nbsp;<\/p>\n[cg_accordion title=\"Beskrivning\" open=\"open\"]<\/p>\n<div class=\"woocommerce-product-details__short-description\">Visa ditt st\u00f6d f\u00f6r det ukrainska folket och deras kamp f\u00f6r frihet med den h\u00e4r dekalen till din bil. Den \u00e4r tryckt i Danmark p\u00e5 specialiserad bilfilm. Bilfilmen sitter kvar i sn\u00f6 och slask utan att blekna. Om du n\u00e5gon g\u00e5ng inte l\u00e4ngre vill ha klisterm\u00e4rket p\u00e5 din bil \u00e4r det enkelt att ta bort det igen.   <\/div>\n<ul>\n<li><b>Tryckt i Danmark p\u00e5 s<\/b><b>speciell folie f\u00f6r bilar<\/b><\/li>\n<li><strong>H\u00e5llbarhet i alla v\u00e4der utan blekning<\/strong><\/li>\n<\/ul>\n<p>[\/cg_accordion]\n","protected":false},"featured_media":258291,"template":"","meta":{"_acf_changed":false},"product_brand":[],"product_cat":[709],"product_tag":[],"class_list":{"0":"post-297005","1":"product","2":"type-product","3":"status-publish","4":"has-post-thumbnail","6":"product_cat-ukraina-bilklistermaerken","7":"pa_size-14x21-cm-sv","8":"pa_size-5x8-cm-sv","10":"first","11":"instock","12":"taxable","13":"shipping-taxable","14":"purchasable","15":"product-type-variable"},"acf":[],"_links":{"self":[{"href":"https:\/\/healthyhead.dk\/sv\/wp-json\/wp\/v2\/product\/297005","targetHints":{"allow":["GET"]}}],"collection":[{"href":"https:\/\/healthyhead.dk\/sv\/wp-json\/wp\/v2\/product"}],"about":[{"href":"https:\/\/healthyhead.dk\/sv\/wp-json\/wp\/v2\/types\/product"}],"version-history":[{"count":0,"href":"https:\/\/healthyhead.dk\/sv\/wp-json\/wp\/v2\/product\/297005\/revisions"}],"wp:featuredmedia":[{"embeddable":true,"href":"https:\/\/healthyhead.dk\/sv\/wp-json\/wp\/v2\/media\/258291"}],"wp:attachment":[{"href":"https:\/\/healthyhead.dk\/sv\/wp-json\/wp\/v2\/media?parent=297005"}],"wp:term":[{"taxonomy":"product_brand","embeddable":true,"href":"https:\/\/healthyhead.dk\/sv\/wp-json\/wp\/v2\/product_brand?post=297005"},{"taxonomy":"product_cat","embeddable":true,"href":"https:\/\/healthyhead.dk\/sv\/wp-json\/wp\/v2\/product_cat?post=297005"},{"taxonomy":"product_tag","embeddable":true,"href":"https:\/\/healthyhead.dk\/sv\/wp-json\/wp\/v2\/product_tag?post=297005"}],"curies":[{"name":"wp","href":"https:\/\/api.w.org\/{rel}","templated":true}]}}