{"id":298484,"date":"2026-01-13T20:00:54","date_gmt":"2026-01-13T20:00:54","guid":{"rendered":"https:\/\/healthyhead.dk\/vare\/cap-kasket-groenland-greenland-already-great-onesize\/"},"modified":"2026-01-13T20:42:43","modified_gmt":"2026-01-13T20:42:43","slug":"cap-keps-groenland-greenland-already-great-onesize","status":"publish","type":"product","link":"https:\/\/healthyhead.dk\/sv\/produkt\/cap-keps-groenland-greenland-already-great-onesize\/","title":{"rendered":"Cap, Keps, Gr\u00f6nland, Greenland Already Great, Onesize"},"content":{"rendered":"","protected":false},"excerpt":{"rendered":"<p><img decoding=\"async\" class=\"alignnone wp-image-7519\" src=\"\/wp-content\/uploads\/2024\/08\/Oeko-tex.svg\" alt=\"OEKO-tex\" width=\"46\" height=\"45\">OEKO-tex-certifierat tryck utan skadliga kemikalier<\/p>\n<p>&nbsp;<\/p>\n[cg_accordion title=\"Beskrivning\" open=\"open\"]<\/p>\n<div class=\"woocommerce-product-details__short-description\">\n<p>En snygg och klassisk keps med budskapet &#8221;Greenland Already Great&#8221; och den gr\u00f6nl\u00e4ndska flaggan placerad p\u00e5 sidan. Ett statement som markerar motst\u00e5nd mot Trumps och MAGA-r\u00f6relsens f\u00f6rs\u00f6k att skapa splittring och polarisering i Gr\u00f6nland, samtidigt som det st\u00f6djer Gr\u00f6nlands r\u00e4tt till sj\u00e4lvbest\u00e4mmande. Kepsen har ett justerbart sp\u00e4nne baktill som s\u00e4kerst\u00e4ller en perfekt passform varje g\u00e5ng.<\/p>\n<ul>\n<li><b>Storlek:<\/b> Onesize<\/li>\n<li><strong>Passform:<\/strong> Justerbart sp\u00e4nne p\u00e5 baksidan<\/li>\n<li><b>Tryck:<\/b> Danskt OEKO-tex-certifierat kvalitetstryck utan riskabla kemikalier<\/li>\n<\/ul>\n<\/div>\n<p>[\/cg_accordion]\n","protected":false},"featured_media":298431,"template":"","meta":{"_acf_changed":false},"product_brand":[],"product_cat":[663],"product_tag":[],"class_list":{"0":"post-298484","1":"product","2":"type-product","3":"status-publish","4":"has-post-thumbnail","6":"product_cat-groenland","7":"pa_size-onesize-sv","9":"first","10":"instock","11":"taxable","12":"shipping-taxable","13":"purchasable","14":"product-type-variable","15":"has-default-attributes"},"acf":[],"_links":{"self":[{"href":"https:\/\/healthyhead.dk\/sv\/wp-json\/wp\/v2\/product\/298484","targetHints":{"allow":["GET"]}}],"collection":[{"href":"https:\/\/healthyhead.dk\/sv\/wp-json\/wp\/v2\/product"}],"about":[{"href":"https:\/\/healthyhead.dk\/sv\/wp-json\/wp\/v2\/types\/product"}],"version-history":[{"count":1,"href":"https:\/\/healthyhead.dk\/sv\/wp-json\/wp\/v2\/product\/298484\/revisions"}],"predecessor-version":[{"id":298496,"href":"https:\/\/healthyhead.dk\/sv\/wp-json\/wp\/v2\/product\/298484\/revisions\/298496"}],"wp:featuredmedia":[{"embeddable":true,"href":"https:\/\/healthyhead.dk\/sv\/wp-json\/wp\/v2\/media\/298431"}],"wp:attachment":[{"href":"https:\/\/healthyhead.dk\/sv\/wp-json\/wp\/v2\/media?parent=298484"}],"wp:term":[{"taxonomy":"product_brand","embeddable":true,"href":"https:\/\/healthyhead.dk\/sv\/wp-json\/wp\/v2\/product_brand?post=298484"},{"taxonomy":"product_cat","embeddable":true,"href":"https:\/\/healthyhead.dk\/sv\/wp-json\/wp\/v2\/product_cat?post=298484"},{"taxonomy":"product_tag","embeddable":true,"href":"https:\/\/healthyhead.dk\/sv\/wp-json\/wp\/v2\/product_tag?post=298484"}],"curies":[{"name":"wp","href":"https:\/\/api.w.org\/{rel}","templated":true}]}}