{"id":299172,"date":"2026-01-15T17:55:38","date_gmt":"2026-01-15T17:55:38","guid":{"rendered":"https:\/\/healthyhead.dk\/?post_type=product&#038;p=299172"},"modified":"2026-01-16T08:43:10","modified_gmt":"2026-01-16T08:43:10","slug":"keps-kasket-kalaallit-nunaat-gronland-danmark-onesize","status":"publish","type":"product","link":"https:\/\/healthyhead.dk\/sv\/produkt\/keps-kasket-kalaallit-nunaat-gronland-danmark-onesize\/","title":{"rendered":"Cap, Keps, Kalaallit Nunaat, Gr\u00f6nland, Danmark, Onesize"},"content":{"rendered":"","protected":false},"excerpt":{"rendered":"<p><img decoding=\"async\" class=\"alignnone wp-image-7519\" src=\"\/wp-content\/uploads\/2024\/08\/Oeko-tex.svg\" alt=\"OEKO-tex\" width=\"46\" height=\"45\">OEKO-tex-certifierat tryck utan skadliga kemikalier<\/p>\n<p>&nbsp;<\/p>\n[cg_accordion title=\"Beskrivning\" open=\"open\"]<\/p>\n<div class=\"woocommerce-product-details__short-description\">\n<p>En snygg och klassisk keps med ett vackert tryckt emblem &#8221;Kalaallit Nunaat&#8221;, flankerat av b\u00e5de den gr\u00f6nl\u00e4ndska och den danska flaggan som en referens till den historiska och nuvarande relationen mellan Gr\u00f6nland och Danmark. Ett tydligt st\u00e4llningstagande mot Trumps och MAGA-r\u00f6relsens f\u00f6rs\u00f6k att skapa splittring och polarisering p\u00e5 Gr\u00f6nland, samtidigt som Gr\u00f6nlands r\u00e4tt till sj\u00e4lvbest\u00e4mmande st\u00f6ds. Kepsen har ett justerbart sp\u00e4nne p\u00e5 baksidan f\u00f6r att s\u00e4kerst\u00e4lla perfekt passform varje g\u00e5ng.<\/p>\n<ul>\n<li><b>Storlek:<\/b> Onesize<\/li>\n<li><strong>Passform:<\/strong> Justerbart sp\u00e4nne p\u00e5 baksidan<\/li>\n<li><b>Tryck:<\/b> Danskt OEKO-tex-certifierat kvalitetstryck utan riskabla kemikalier<\/li>\n<\/ul>\n<\/div>\n<p>[\/cg_accordion]\n","protected":false},"featured_media":299114,"template":"","meta":{"_acf_changed":false},"product_brand":[],"product_cat":[663],"product_tag":[],"class_list":{"0":"post-299172","1":"product","2":"type-product","3":"status-publish","4":"has-post-thumbnail","6":"product_cat-groenland","7":"pa_size-onesize-sv","9":"first","10":"instock","11":"taxable","12":"shipping-taxable","13":"purchasable","14":"product-type-variable","15":"has-default-attributes"},"acf":[],"_links":{"self":[{"href":"https:\/\/healthyhead.dk\/sv\/wp-json\/wp\/v2\/product\/299172","targetHints":{"allow":["GET"]}}],"collection":[{"href":"https:\/\/healthyhead.dk\/sv\/wp-json\/wp\/v2\/product"}],"about":[{"href":"https:\/\/healthyhead.dk\/sv\/wp-json\/wp\/v2\/types\/product"}],"version-history":[{"count":2,"href":"https:\/\/healthyhead.dk\/sv\/wp-json\/wp\/v2\/product\/299172\/revisions"}],"predecessor-version":[{"id":299275,"href":"https:\/\/healthyhead.dk\/sv\/wp-json\/wp\/v2\/product\/299172\/revisions\/299275"}],"wp:featuredmedia":[{"embeddable":true,"href":"https:\/\/healthyhead.dk\/sv\/wp-json\/wp\/v2\/media\/299114"}],"wp:attachment":[{"href":"https:\/\/healthyhead.dk\/sv\/wp-json\/wp\/v2\/media?parent=299172"}],"wp:term":[{"taxonomy":"product_brand","embeddable":true,"href":"https:\/\/healthyhead.dk\/sv\/wp-json\/wp\/v2\/product_brand?post=299172"},{"taxonomy":"product_cat","embeddable":true,"href":"https:\/\/healthyhead.dk\/sv\/wp-json\/wp\/v2\/product_cat?post=299172"},{"taxonomy":"product_tag","embeddable":true,"href":"https:\/\/healthyhead.dk\/sv\/wp-json\/wp\/v2\/product_tag?post=299172"}],"curies":[{"name":"wp","href":"https:\/\/api.w.org\/{rel}","templated":true}]}}