{"id":300015,"date":"2026-01-17T20:26:37","date_gmt":"2026-01-17T20:26:37","guid":{"rendered":"https:\/\/healthyhead.dk\/vare\/hue-kalaallit-nunaat-groenland-danmark-onesize\/"},"modified":"2026-01-19T16:58:02","modified_gmt":"2026-01-19T16:58:02","slug":"mossa-kalaallit-nunaat-gronland-danmark-onesize","status":"publish","type":"product","link":"https:\/\/healthyhead.dk\/sv\/produkt\/mossa-kalaallit-nunaat-gronland-danmark-onesize\/","title":{"rendered":"M\u00f6ssa, Kalaallit Nunaat, Gr\u00f6nland, Onesize"},"content":{"rendered":"","protected":false},"excerpt":{"rendered":"<p><img decoding=\"async\" class=\"alignnone wp-image-7519\" src=\"\/wp-content\/uploads\/2024\/08\/Oeko-tex.svg\" alt=\"OEKO-tex\" width=\"46\" height=\"45\">OEKO-tex-certifierat tryck utan skadliga kemikalier<\/p>\n<p>&nbsp;<\/p>\n[cg_accordion title=\"Beskrivning\" open=\"open\"]<\/p>\n<div class=\"woocommerce-product-details__short-description\">\n<p>En varm och snygg m\u00f6ssa med texten &#8221;Kalaallit Nunaat&#8221; och Gr\u00f6nlandskartan tryckt p\u00e5 lappen p\u00e5 framsidan. &#8221;Kalaallit Nunaat&#8221; betyder gr\u00f6nl\u00e4ndarnas land. Ett budskap som understryker stoltheten \u00f6ver att vara och komma fr\u00e5n Gr\u00f6nland. Samtidigt signalerar frasen motst\u00e5nd mot Trumps och MAGA-r\u00f6relsens f\u00f6rs\u00f6k att skapa splittring och polarisering p\u00e5 Gr\u00f6nland och st\u00f6der Gr\u00f6nlands r\u00e4tt till sj\u00e4lvbest\u00e4mmande. Hatten har en storlek som passar alla huvudformer.<\/p>\n<ul>\n<li><b>Storlek:<\/b> Onesize<\/li>\n<li><b>Tryck:<\/b> Danskt OEKO-tex-certifierat kvalitetstryck utan riskabla kemikalier<\/li>\n<\/ul>\n<\/div>\n<p>[\/cg_accordion]\n","protected":false},"featured_media":299751,"template":"","meta":{"_acf_changed":false},"product_brand":[],"product_cat":[663],"product_tag":[],"class_list":{"0":"post-300015","1":"product","2":"type-product","3":"status-publish","4":"has-post-thumbnail","6":"product_cat-groenland","7":"pa_size-onesize-sv","9":"first","10":"instock","11":"taxable","12":"shipping-taxable","13":"purchasable","14":"product-type-variable","15":"has-default-attributes"},"acf":[],"_links":{"self":[{"href":"https:\/\/healthyhead.dk\/sv\/wp-json\/wp\/v2\/product\/300015","targetHints":{"allow":["GET"]}}],"collection":[{"href":"https:\/\/healthyhead.dk\/sv\/wp-json\/wp\/v2\/product"}],"about":[{"href":"https:\/\/healthyhead.dk\/sv\/wp-json\/wp\/v2\/types\/product"}],"version-history":[{"count":3,"href":"https:\/\/healthyhead.dk\/sv\/wp-json\/wp\/v2\/product\/300015\/revisions"}],"predecessor-version":[{"id":300160,"href":"https:\/\/healthyhead.dk\/sv\/wp-json\/wp\/v2\/product\/300015\/revisions\/300160"}],"wp:featuredmedia":[{"embeddable":true,"href":"https:\/\/healthyhead.dk\/sv\/wp-json\/wp\/v2\/media\/299751"}],"wp:attachment":[{"href":"https:\/\/healthyhead.dk\/sv\/wp-json\/wp\/v2\/media?parent=300015"}],"wp:term":[{"taxonomy":"product_brand","embeddable":true,"href":"https:\/\/healthyhead.dk\/sv\/wp-json\/wp\/v2\/product_brand?post=300015"},{"taxonomy":"product_cat","embeddable":true,"href":"https:\/\/healthyhead.dk\/sv\/wp-json\/wp\/v2\/product_cat?post=300015"},{"taxonomy":"product_tag","embeddable":true,"href":"https:\/\/healthyhead.dk\/sv\/wp-json\/wp\/v2\/product_tag?post=300015"}],"curies":[{"name":"wp","href":"https:\/\/api.w.org\/{rel}","templated":true}]}}