{"id":300044,"date":"2026-01-06T12:38:48","date_gmt":"2026-01-06T12:38:48","guid":{"rendered":"https:\/\/healthyhead.dk\/vare\/groenland-klistermaerke-til-bil-bumper-sticker\/"},"modified":"2026-01-19T12:23:01","modified_gmt":"2026-01-19T12:23:01","slug":"gronland-stickers-for-bil-stotfaangare-stickers","status":"publish","type":"product","link":"https:\/\/healthyhead.dk\/sv\/produkt\/gronland-stickers-for-bil-stotfaangare-stickers\/","title":{"rendered":"Gr\u00f6nland, Kalaallit Nunaat, Bilklisterm\u00e4rke, Bumper Sticker"},"content":{"rendered":"","protected":false},"excerpt":{"rendered":"<p><img decoding=\"async\" class=\"alignnone wp-image-12794\" src=\"\/wp-content\/uploads\/2024\/12\/Denmark-USP.webp\" alt=\"\" width=\"48\" height=\"46\">Dansk kvalitetstryckning<\/p>\n<p><img decoding=\"async\" class=\"alignnone wp-image-12793\" src=\"\/wp-content\/uploads\/2024\/12\/Bil-groen-Usp-cirkel-300x293.png\" alt=\"\" width=\"47\" height=\"46\" srcset=\"https:\/\/i0.wp.com\/healthyhead.dk\/wp-content\/uploads\/2024\/12\/Bil-groen-Usp-cirkel.png?resize=300%2C293&amp;ssl=1 300w, https:\/\/i0.wp.com\/healthyhead.dk\/wp-content\/uploads\/2024\/12\/Bil-groen-Usp-cirkel.png?resize=1024%2C1000&amp;ssl=1 1024w, https:\/\/i0.wp.com\/healthyhead.dk\/wp-content\/uploads\/2024\/12\/Bil-groen-Usp-cirkel.png?resize=150%2C146&amp;ssl=1 150w, https:\/\/i0.wp.com\/healthyhead.dk\/wp-content\/uploads\/2024\/12\/Bil-groen-Usp-cirkel.png?resize=768%2C750&amp;ssl=1 768w, https:\/\/i0.wp.com\/healthyhead.dk\/wp-content\/uploads\/2024\/12\/Bil-groen-Usp-cirkel.png?resize=1536%2C1500&amp;ssl=1 1536w, https:\/\/i0.wp.com\/healthyhead.dk\/wp-content\/uploads\/2024\/12\/Bil-groen-Usp-cirkel.png?resize=2048%2C1999&amp;ssl=1 2048w, https:\/\/i0.wp.com\/healthyhead.dk\/wp-content\/uploads\/2024\/12\/Bil-groen-Usp-cirkel.png?resize=990%2C967&amp;ssl=1 990w, https:\/\/i0.wp.com\/healthyhead.dk\/wp-content\/uploads\/2024\/12\/Bil-groen-Usp-cirkel.png?resize=441%2C431&amp;ssl=1 441w, https:\/\/i0.wp.com\/healthyhead.dk\/wp-content\/uploads\/2024\/12\/Bil-groen-Usp-cirkel.png?resize=100%2C100&amp;ssl=1 100w, https:\/\/i0.wp.com\/healthyhead.dk\/wp-content\/uploads\/2024\/12\/Bil-groen-Usp-cirkel.png?resize=800%2C781&amp;ssl=1 800w\" sizes=\"(max-width: 47px) 100vw, 47px\" \/>Folie avsedd f\u00f6r bilar<\/p>\n<p><img decoding=\"async\" class=\"alignnone wp-image-12795\" src=\"\/wp-content\/uploads\/2024\/12\/Sticker-groen-Usp-cirkel-300x293.png\" alt=\"\" width=\"47\" height=\"46\" srcset=\"https:\/\/i0.wp.com\/healthyhead.dk\/wp-content\/uploads\/2024\/12\/Sticker-groen-Usp-cirkel.png?resize=300%2C293&amp;ssl=1 300w, https:\/\/i0.wp.com\/healthyhead.dk\/wp-content\/uploads\/2024\/12\/Sticker-groen-Usp-cirkel.png?resize=1024%2C1000&amp;ssl=1 1024w, https:\/\/i0.wp.com\/healthyhead.dk\/wp-content\/uploads\/2024\/12\/Sticker-groen-Usp-cirkel.png?resize=150%2C146&amp;ssl=1 150w, https:\/\/i0.wp.com\/healthyhead.dk\/wp-content\/uploads\/2024\/12\/Sticker-groen-Usp-cirkel.png?resize=768%2C750&amp;ssl=1 768w, https:\/\/i0.wp.com\/healthyhead.dk\/wp-content\/uploads\/2024\/12\/Sticker-groen-Usp-cirkel.png?resize=1536%2C1500&amp;ssl=1 1536w, https:\/\/i0.wp.com\/healthyhead.dk\/wp-content\/uploads\/2024\/12\/Sticker-groen-Usp-cirkel.png?resize=2048%2C1999&amp;ssl=1 2048w, https:\/\/i0.wp.com\/healthyhead.dk\/wp-content\/uploads\/2024\/12\/Sticker-groen-Usp-cirkel.png?resize=990%2C967&amp;ssl=1 990w, https:\/\/i0.wp.com\/healthyhead.dk\/wp-content\/uploads\/2024\/12\/Sticker-groen-Usp-cirkel.png?resize=441%2C431&amp;ssl=1 441w, https:\/\/i0.wp.com\/healthyhead.dk\/wp-content\/uploads\/2024\/12\/Sticker-groen-Usp-cirkel.png?resize=100%2C100&amp;ssl=1 100w, https:\/\/i0.wp.com\/healthyhead.dk\/wp-content\/uploads\/2024\/12\/Sticker-groen-Usp-cirkel.png?resize=800%2C781&amp;ssl=1 800w\" sizes=\"(max-width: 47px) 100vw, 47px\" \/>H\u00e5ller i sn\u00f6 och slask utan att blekna<\/p>\n<p>&nbsp;<\/p>\n[cg_accordion title=\"Beskrivning\" open=\"open\"]<\/p>\n<div class=\"woocommerce-product-details__short-description\">\n<p>Visa ditt st\u00f6d med det karakteristiska emblemet &#8221;Kalaallit Nunaat&#8221;, som betyder &#8221;Gr\u00f6nl\u00e4ndarnas land&#8221;, flankerat av b\u00e5de den gr\u00f6nl\u00e4ndska och den danska flaggan som en h\u00e4nvisning till den historiska och nuvarande relationen mellan Gr\u00f6nland och Danmark. Ett tydligt st\u00e4llningstagande mot Trumps och MAGA-r\u00f6relsens f\u00f6rs\u00f6k att skapa splittring och polarisering p\u00e5 Gr\u00f6nland, samtidigt som Gr\u00f6nlands r\u00e4tt till sj\u00e4lvbest\u00e4mmande st\u00f6ds.<\/p>\n<ul>\n<li>Tryckt i Danmark p\u00e5 speciell folie f\u00f6r bilar<\/li>\n<li><strong>H\u00e5llbarhet i alla v\u00e4der utan blekning<\/strong><\/li>\n<\/ul>\n<\/div>\n<p>[\/cg_accordion]\n","protected":false},"featured_media":295733,"template":"","meta":{"_acf_changed":false},"product_brand":[],"product_cat":[663],"product_tag":[],"class_list":{"0":"post-300044","1":"product","2":"type-product","3":"status-publish","4":"has-post-thumbnail","6":"product_cat-groenland","7":"pa_size-oe15-cm-sv","8":"pa_size-oe8-cm-sv","10":"first","11":"instock","12":"taxable","13":"shipping-taxable","14":"purchasable","15":"product-type-variable"},"acf":[],"_links":{"self":[{"href":"https:\/\/healthyhead.dk\/sv\/wp-json\/wp\/v2\/product\/300044","targetHints":{"allow":["GET"]}}],"collection":[{"href":"https:\/\/healthyhead.dk\/sv\/wp-json\/wp\/v2\/product"}],"about":[{"href":"https:\/\/healthyhead.dk\/sv\/wp-json\/wp\/v2\/types\/product"}],"version-history":[{"count":1,"href":"https:\/\/healthyhead.dk\/sv\/wp-json\/wp\/v2\/product\/300044\/revisions"}],"predecessor-version":[{"id":300122,"href":"https:\/\/healthyhead.dk\/sv\/wp-json\/wp\/v2\/product\/300044\/revisions\/300122"}],"wp:featuredmedia":[{"embeddable":true,"href":"https:\/\/healthyhead.dk\/sv\/wp-json\/wp\/v2\/media\/295733"}],"wp:attachment":[{"href":"https:\/\/healthyhead.dk\/sv\/wp-json\/wp\/v2\/media?parent=300044"}],"wp:term":[{"taxonomy":"product_brand","embeddable":true,"href":"https:\/\/healthyhead.dk\/sv\/wp-json\/wp\/v2\/product_brand?post=300044"},{"taxonomy":"product_cat","embeddable":true,"href":"https:\/\/healthyhead.dk\/sv\/wp-json\/wp\/v2\/product_cat?post=300044"},{"taxonomy":"product_tag","embeddable":true,"href":"https:\/\/healthyhead.dk\/sv\/wp-json\/wp\/v2\/product_tag?post=300044"}],"curies":[{"name":"wp","href":"https:\/\/api.w.org\/{rel}","templated":true}]}}