{"id":300086,"date":"2026-01-03T15:17:02","date_gmt":"2026-01-03T15:17:02","guid":{"rendered":"https:\/\/healthyhead.dk\/vare\/tyskland-landsholdssaet-boern-t-shirt-og-shorts-med-tryk-eget-navn-og-nummer\/"},"modified":"2026-04-15T17:03:27","modified_gmt":"2026-04-15T17:03:27","slug":"tyskland-landsholdssaet-boern-t-shirt-og-shorts-med-tryk-eget-navn-og-nummer","status":"publish","type":"product","link":"https:\/\/healthyhead.dk\/sv\/produkt\/tyskland-landsholdssaet-boern-t-shirt-og-shorts-med-tryk-eget-navn-og-nummer\/","title":{"rendered":"Tyskland, Landslagsset f\u00f6r barn, T-shirt och Shorts, Med Tryck, Eget Namn och Nummer"},"content":{"rendered":"","protected":false},"excerpt":{"rendered":"<p><img decoding=\"async\" class=\"alignnone wp-image-10433\" src=\"https:\/\/healthyhead.dk\/wp-content\/uploads\/2024\/09\/Fitted-t-shirt-icon.png\" alt=\"\" width=\"47\" height=\"46\">L\u00e4tt och andningsbar passform, perfekt f\u00f6r alla typer av sportaktiviteter<\/p>\n<p><img decoding=\"async\" class=\"alignnone wp-image-288013\" src=\"https:\/\/healthyhead.dk\/wp-content\/uploads\/2025\/11\/Drytech-ikon.jpg\" alt=\"\" width=\"47\" height=\"46\" srcset=\"https:\/\/i0.wp.com\/healthyhead.dk\/wp-content\/uploads\/2025\/11\/Drytech-ikon.jpg?w=2110&amp;ssl=1 2110w, https:\/\/i0.wp.com\/healthyhead.dk\/wp-content\/uploads\/2025\/11\/Drytech-ikon.jpg?resize=300%2C293&amp;ssl=1 300w, https:\/\/i0.wp.com\/healthyhead.dk\/wp-content\/uploads\/2025\/11\/Drytech-ikon.jpg?resize=1024%2C1000&amp;ssl=1 1024w, https:\/\/i0.wp.com\/healthyhead.dk\/wp-content\/uploads\/2025\/11\/Drytech-ikon.jpg?resize=150%2C146&amp;ssl=1 150w, https:\/\/i0.wp.com\/healthyhead.dk\/wp-content\/uploads\/2025\/11\/Drytech-ikon.jpg?resize=768%2C750&amp;ssl=1 768w, https:\/\/i0.wp.com\/healthyhead.dk\/wp-content\/uploads\/2025\/11\/Drytech-ikon.jpg?resize=1536%2C1500&amp;ssl=1 1536w, https:\/\/i0.wp.com\/healthyhead.dk\/wp-content\/uploads\/2025\/11\/Drytech-ikon.jpg?resize=2048%2C1999&amp;ssl=1 2048w, https:\/\/i0.wp.com\/healthyhead.dk\/wp-content\/uploads\/2025\/11\/Drytech-ikon.jpg?resize=990%2C967&amp;ssl=1 990w, https:\/\/i0.wp.com\/healthyhead.dk\/wp-content\/uploads\/2025\/11\/Drytech-ikon.jpg?resize=441%2C431&amp;ssl=1 441w, https:\/\/i0.wp.com\/healthyhead.dk\/wp-content\/uploads\/2025\/11\/Drytech-ikon.jpg?resize=100%2C100&amp;ssl=1 100w, https:\/\/i0.wp.com\/healthyhead.dk\/wp-content\/uploads\/2025\/11\/Drytech-ikon.jpg?resize=800%2C781&amp;ssl=1 800w\" sizes=\"(max-width: 47px) 100vw, 47px\" \/>Svettransporterande DRY-TECH polyestermaterial<\/p>\n<p><img decoding=\"async\" class=\"alignnone wp-image-7533\" src=\"\/wp-content\/uploads\/2024\/08\/Forvasket.svg\" alt=\"F\u00f6rtv\u00e4ttad\" width=\"46\" height=\"45\">Beh\u00e5ller formen och f\u00e4rgen tv\u00e4tt efter tv\u00e4tt<\/p>\n<p>&nbsp;<\/p>\n[cg_accordion title=\"Beskrivning\" open=\"open\"]<\/p>\n<p>V\u00e4lj ditt eget namn och nummer att s\u00e4tta p\u00e5 detta fotbollskit f\u00f6r barn. Det valda namnet \u00e4r tryckt p\u00e5 baksidan av tr\u00f6jan och det valda numret \u00e4r tryckt p\u00e5 b\u00e5de baksidan av landslagstr\u00f6jan och framsidan av shortsen. P\u00e5 framsidan av t-shirten och shortsen finns den igenk\u00e4nnliga tyska \u00f6rnen. Tryckt med danskt OEKO-tex-certifierat kvalitetstryck utan skadliga kemikalier. Leveranstiden \u00e4r cirka 2-3 arbetsdagar efter best\u00e4llning.<\/p>\n<ul>  Kitet \u00e4r tillverkat i kraftig 100% polyester (DRY-TECH), 150 g\/m\u00b2 och tryckt i Danmark med OEKO-TEX\u00ae-certifierat kvalitetstryck utan skadliga kemikalier.<\/p>\n<p>Setet \u00e4r designat f\u00f6r aktivitet och r\u00f6relse. Det andningsbara DRY-TECH-materialet h\u00e5ller kroppen torr, och den elastiska midjan med sn\u00f6re s\u00e4kerst\u00e4ller att shortsen sitter perfekt oavsett aktivitet. <\/p>\n<ul>\n<li>Individuell tysk landslagstr\u00f6ja: <b>v\u00e4lj namn och nummer<\/b><\/li>\n<li><b>Tryck:<\/b> Danskt OEKO-tex-certifierat kvalitetstryck utan riskabla kemikalier<\/li>\n<li><b>Passform:<\/b> L\u00e4tt och flexibel passform, t-shirt med raglan\u00e4rmar och dubbla sids\u00f6mmar. Shorts med elastisk midja och sn\u00f6re f\u00f6r optimal komfort <\/li>\n<li><b>Material:<\/b> 100 % teknisk DRY-TECH polyester, 150 g\/m\u00b2<\/li>\n<li><strong>Detaljer<\/strong>: Raglan\u00e4rmar, dubbla sids\u00f6mmar, elastisk midja, sn\u00f6re och sidslitsar<\/li>\n<li><strong data-start=\"284\" data-end=\"294\" data-is-only-node=\"\">Sk\u00f6tsel:<\/strong> Beh\u00e5ller formen och f\u00e4rgen tv\u00e4tt efter tv\u00e4tt \u2013 torkar snabbt och kr\u00e4ver ingen strykning<\/li>\n<\/ul>\n<p>[\/cg_accordion]\n[cg_accordion title=\"Tv\u00e4ttr\u00e5d\"]<\/p>\n<p>Vi rekommenderar att tv\u00e4tta vid 30\u201340 grader och undvika torktumlare f\u00f6r att bevara DRY-TECH-egenskaperna och f\u00f6rl\u00e4nga livsl\u00e4ngden.<\/p>\n<p><img loading=\"lazy\" decoding=\"async\" class=\"wp-image-7353 alignleft\" src=\"\/wp-content\/uploads\/2024\/08\/Vaskeanvisning-305-t-shirt.svg\" alt=\"Tv\u00e4ttinstruktioner-305 t-shirt\" width=\"270\" height=\"54\" srcset=\"https:\/\/healthyhead.dk\/wp-content\/uploads\/Vaskeanvisning-305-t-shirt.svg 150w, https:\/\/healthyhead.dk\/wp-content\/uploads\/Vaskeanvisning-305-t-shirt.svg 300w, https:\/\/healthyhead.dk\/wp-content\/uploads\/Vaskeanvisning-305-t-shirt.svg 768w, https:\/\/healthyhead.dk\/wp-content\/uploads\/Vaskeanvisning-305-t-shirt.svg 1024w, https:\/\/healthyhead.dk\/wp-content\/uploads\/Vaskeanvisning-305-t-shirt.svg 1230w\" sizes=\"(max-width: 270px) 100vw, 270px\" \/><\/p>\n<p>&nbsp;<\/p>\n<p>&nbsp;<\/p>\n<p>[\/cg_accordion]\n","protected":false},"featured_media":294847,"template":"","meta":{"_acf_changed":false},"product_brand":[],"product_cat":[761],"product_tag":[1101],"class_list":{"0":"post-300086","1":"product","2":"type-product","3":"status-publish","4":"has-post-thumbnail","6":"product_cat-landslagsklaeder-tyskland","7":"product_tag-designa-sjalv","8":"pa_size-5-6-aar-sv","9":"pa_size-7-8-aar-sv","10":"pa_size-9-10-aar-sv","11":"pa_size-11-12-aar-sv","13":"first","14":"instock","15":"taxable","16":"shipping-taxable","17":"purchasable","18":"product-type-variable"},"acf":[],"_links":{"self":[{"href":"https:\/\/healthyhead.dk\/sv\/wp-json\/wp\/v2\/product\/300086","targetHints":{"allow":["GET"]}}],"collection":[{"href":"https:\/\/healthyhead.dk\/sv\/wp-json\/wp\/v2\/product"}],"about":[{"href":"https:\/\/healthyhead.dk\/sv\/wp-json\/wp\/v2\/types\/product"}],"version-history":[{"count":3,"href":"https:\/\/healthyhead.dk\/sv\/wp-json\/wp\/v2\/product\/300086\/revisions"}],"predecessor-version":[{"id":316742,"href":"https:\/\/healthyhead.dk\/sv\/wp-json\/wp\/v2\/product\/300086\/revisions\/316742"}],"wp:featuredmedia":[{"embeddable":true,"href":"https:\/\/healthyhead.dk\/sv\/wp-json\/wp\/v2\/media\/294847"}],"wp:attachment":[{"href":"https:\/\/healthyhead.dk\/sv\/wp-json\/wp\/v2\/media?parent=300086"}],"wp:term":[{"taxonomy":"product_brand","embeddable":true,"href":"https:\/\/healthyhead.dk\/sv\/wp-json\/wp\/v2\/product_brand?post=300086"},{"taxonomy":"product_cat","embeddable":true,"href":"https:\/\/healthyhead.dk\/sv\/wp-json\/wp\/v2\/product_cat?post=300086"},{"taxonomy":"product_tag","embeddable":true,"href":"https:\/\/healthyhead.dk\/sv\/wp-json\/wp\/v2\/product_tag?post=300086"}],"curies":[{"name":"wp","href":"https:\/\/api.w.org\/{rel}","templated":true}]}}